{"id":325542,"date":"2025-11-28T14:25:22","date_gmt":"2025-11-28T13:25:22","guid":{"rendered":"https:\/\/freakuence.nl\/product\/audioquest-rocket-33-vollsortiment-ban-silber-300cm\/"},"modified":"2026-04-08T10:53:06","modified_gmt":"2026-04-08T08:53:06","slug":"audioquest-rocket-33-vollsortiment-ban-silber-300cm","status":"publish","type":"product","link":"https:\/\/dev.freakuence.nl\/de\/produkt\/audioquest-rocket-33-vollsortiment-ban-silber-300cm\/","title":{"rendered":"AudioQuest Rocket 33 Vollsortiment-Ban Silber 300cm"},"content":{"rendered":"<div class=\"product-specifications-list\">\n<div class=\"specification-item row-header\"><span class=\"spec-content\"><strong>Beschreibung Freakuence!<\/strong><\/span><\/div>\n<div class=\"specification-item row-even\"><span class=\"spec-content\">Diese Kabel kombinieren massive PSC- und LGC-Leiter mit einer doppelten Stern-Quad-Geometrie, was zu einem weichen, offenen Klang und einem beeindruckenden Dynamikbereich f\u00fchrt.<\/span><\/div>\n<div class=\"specification-item row-odd\"><span class=\"spec-content\">Ladenpreis: 769.00<\/span><\/div>\n<div class=\"specification-item row-header\"><span class=\"spec-content\"><strong>Details<\/strong><\/span><\/div>\n<div class=\"specification-item row-even\"><span class=\"spec-content\">Das ist Ihre Chance, endlich Demomaterial aus dem coolsten Laden des Universums zu bekommen. Ja! Aus diesem Grund eigentlich viel mehr wert als der Neupreis, aber wir werden uns zur\u00fcckhalten. Nur f\u00fcr H\u00f6rsessions mit unseren Besuchern verwendet, hatte also keinen privaten Besitzer. <\/span><\/div>\n<div class=\"specification-item row-odd\"><span class=\"spec-content\">Sie suchen ein anderes Modell aus der aktuellen Serie der Marke? Schicken Sie uns eine Nachricht!  Wir m\u00f6chten, dass es Spa\u00df macht.<\/span><\/div>\n<div class=\"specification-item row-even\"><span class=\"spec-content\">Mehrwertsteuer-Produkt. Unternehmer, Menschen au\u00dferhalb der EU, nutzen den Vorteil. <\/span><\/div>\n<div class=\"specification-item row-header\"><span class=\"spec-content\"><strong>Allgemeine Beschreibung<\/strong><\/span><\/div>\n<div class=\"specification-item row-even\"><span class=\"spec-content\">Das AudioQuest Rocket 33 ist ein Lautsprecherkabel, das f\u00fcr einen klaren und dynamischen Klang sorgt. Mit einer L\u00e4nge von 300 cm und silbernen Bananensteckern an beiden Enden bietet dieses Kabel Flexibilit\u00e4t bei verschiedenen Aufstellungen. Die Kombination aus Long-Grain Copper (LGC) und Perfect-Surface Copper (PSC) in den Leitern sorgt f\u00fcr eine reibungslose Signal\u00fcbertragung. Die duale Star-Quad-Geometrie reduziert die Induktivit\u00e4t und verbessert die Stromkoh\u00e4renz, was zu einem breiteren und stabileren Klangbild f\u00fchrt. Dar\u00fcber hinaus tr\u00e4gt das auf Kohlenstoff basierende Noise-Dissipation-System (NDS) zur Reduzierung von HF-Rauschen bei, was zu einem ruhigeren Hintergrund und einer verbesserten Klangqualit\u00e4t beitr\u00e4gt. Der Rocket 33 eignet sich sowohl f\u00fcr Full-Range- als auch f\u00fcr Bi-Wire-Konfigurationen und ist damit vielseitig in einer Vielzahl von Audiosystemen einsetzbar.     <\/span><\/div>\n<div class=\"specification-item row-header\"><span class=\"spec-content\"><strong>Hintergrundinformationen<\/strong><\/span><\/div>\n<div class=\"specification-item row-even\"><span class=\"spec-content\">Das AudioQuest Rocket 33 wurde nach der Philosophie der minimalen Verzerrung und der maximalen Signalintegrit\u00e4t entwickelt. Der Designer Bill Low und sein Team verwenden halbfeste konzentrische Leiter aus langlebigem sauerstoffarmen Kupfer (LGC und PSC) f\u00fcr bessere Leitf\u00e4higkeit und weniger Verzerrungen. Die asymmetrische Doppelgeometrie hilft bei der besseren Kontrolle von H\u00f6hen und Tiefen, und die versilberten Bananenstecker sorgen f\u00fcr eine optimale Verbindung. Das Kabel ist mit hoher Pr\u00e4zision konfektioniert, um eine nat\u00fcrliche Klangbalance zu gew\u00e4hrleisten.   <\/span><\/div>\n<div class=\"specification-item row-header\"><span class=\"spec-content\"><strong>Geschichte der Marke<\/strong><\/span><\/div>\n<div class=\"specification-item row-even\"><span class=\"spec-content\">AudioQuest wurde 1980 von William E. Low in Kalifornien, USA, gegr\u00fcndet. Die Marke begann mit der manuellen Konfektionierung von Kabeln nach speziellen Designmethoden, die auf der Minimierung von Verzerrungen basieren. Seitdem hat AudioQuest eine Produktlinie entwickelt, die Interlink-Kabel, Lautsprecherkabel, Digital- und Netzwerkkabel, Netzprodukte und tragbares Zubeh\u00f6r umfasst. Das Unternehmen hat von Anfang an auf die Verwendung von gerichteten Kabeln und massiven Leitern gesetzt. Im Jahr 2012 stellte AudioQuest den DragonFly vor, einen USB-DAC. Die Produktentwicklung findet in den Vereinigten Staaten statt, w\u00e4hrend die Produktion teilweise in China und anderswo erfolgt. AudioQuest verfolgt eine Philosophie, bei der Materialauswahl, Geometrie und Verarbeitung einen direkten Einfluss auf die Leistung der Kabel haben.      <\/span><\/div>\n<\/div>\n","protected":false},"excerpt":{"rendered":"<p>Beschreibung Freakuence! Diese Kabel kombinieren massive PSC- und LGC-Leiter mit einer doppelten Stern-Quad-Geometrie, was zu einem weichen, offenen Klang und einem beeindruckenden Dynamikbereich f\u00fchrt. Ladenpreis: 769.00 Details Das ist Ihre Chance, endlich Demomaterial aus dem coolsten Laden des Universums zu bekommen. Ja! Aus diesem Grund eigentlich viel mehr wert als der Neupreis, aber wir werden [&hellip;]<\/p>\n","protected":false},"featured_media":379211,"template":"","meta":{"_acf_changed":false,"inline_featured_image":false},"product_brand":[],"product_cat":[345],"product_tag":[571],"class_list":{"0":"post-325542","1":"product","2":"type-product","3":"status-publish","4":"has-post-thumbnail","6":"product_cat-speakers","7":"product_tag-freakdemo","8":"pa_kleur-schwarz","10":"first","11":"instock","12":"sold-individually","13":"taxable","14":"shipping-taxable","15":"purchasable","16":"product-type-simple"},"acf":{"website":true,"show_on_homepage":false,"brand_title":"AudioQuest","product_type":"Rocket 33 full range ban <> ban silver 300cm","color":"Schwarz","subcolor":"","reserved_status":"0"},"_links":{"self":[{"href":"https:\/\/dev.freakuence.nl\/de\/wp-json\/wp\/v2\/product\/325542","targetHints":{"allow":["GET"]}}],"collection":[{"href":"https:\/\/dev.freakuence.nl\/de\/wp-json\/wp\/v2\/product"}],"about":[{"href":"https:\/\/dev.freakuence.nl\/de\/wp-json\/wp\/v2\/types\/product"}],"wp:featuredmedia":[{"embeddable":true,"href":"https:\/\/dev.freakuence.nl\/de\/wp-json\/wp\/v2\/media\/379211"}],"wp:attachment":[{"href":"https:\/\/dev.freakuence.nl\/de\/wp-json\/wp\/v2\/media?parent=325542"}],"wp:term":[{"taxonomy":"product_brand","embeddable":true,"href":"https:\/\/dev.freakuence.nl\/de\/wp-json\/wp\/v2\/product_brand?post=325542"},{"taxonomy":"product_cat","embeddable":true,"href":"https:\/\/dev.freakuence.nl\/de\/wp-json\/wp\/v2\/product_cat?post=325542"},{"taxonomy":"product_tag","embeddable":true,"href":"https:\/\/dev.freakuence.nl\/de\/wp-json\/wp\/v2\/product_tag?post=325542"}],"curies":[{"name":"wp","href":"https:\/\/api.w.org\/{rel}","templated":true}]}}