{"id":325544,"date":"2025-11-28T14:26:40","date_gmt":"2025-11-28T13:26:40","guid":{"rendered":"https:\/\/freakuence.nl\/product\/audioquest-rocket-88-vollbereichs-banban-gold-250cm\/"},"modified":"2026-04-08T11:04:45","modified_gmt":"2026-04-08T09:04:45","slug":"audioquest-rocket-88-vollbereichs-banban-gold-250cm","status":"publish","type":"product","link":"https:\/\/dev.freakuence.nl\/de\/produkt\/audioquest-rocket-88-vollbereichs-banban-gold-250cm\/","title":{"rendered":"AudioQuest Rocket 88 Vollbereichs-Banban gold 250cm"},"content":{"rendered":"<div class=\"product-specifications-list\">\n<div class=\"specification-item row-header\"><span class=\"spec-content\"><strong>Beschreibung Freakuence!<\/strong><\/span><\/div>\n<div class=\"specification-item row-even\"><span class=\"spec-content\">Die Wiedergabe ist sanft und r\u00e4umlich, mit einem breiten Stereobild und einem klaren Mitteltonbereich. Die H\u00f6hen sind klar und ohne Sch\u00e4rfe, w\u00e4hrend die B\u00e4sse bescheiden bleiben. Nach der Wiedergabe verschwindet eine leichte Kante, was zu einem angenehmeren Charakter f\u00fchrt. Nuancen in Stimmen und Instrumenten kommen gut zur Geltung, mit einer weichen und runden Pr\u00e4sentation. Eine leichte Rauheit ist zu bemerken, aber das ist bei Systemen in derselben Preisklasse weniger auff\u00e4llig.    <\/span><\/div>\n<div class=\"specification-item row-odd\"><span class=\"spec-content\">Ladenpreis: 1349.00<\/span><\/div>\n<div class=\"specification-item row-header\"><span class=\"spec-content\"><strong>Details<\/strong><\/span><\/div>\n<div class=\"specification-item row-even\"><span class=\"spec-content\">Mehrwertsteuer-Produkt. Unternehmer, Menschen au\u00dferhalb der EU, nutzen den Vorteil. <\/span><\/div>\n<div class=\"specification-item row-odd\"><span class=\"spec-content\">Sie suchen ein anderes Modell aus der aktuellen Serie der Marke? Schicken Sie uns eine Nachricht!  Wir m\u00f6chten, dass es Spa\u00df macht.<\/span><\/div>\n<div class=\"specification-item row-header\"><span class=\"spec-content\"><strong>Allgemeine Beschreibung<\/strong><\/span><\/div>\n<div class=\"specification-item row-even\"><span class=\"spec-content\">Das AudioQuest Rocket 88 Full-Range 2,5 Meter Lautsprecherkabel mit goldenen Bananensteckern wurde entwickelt, um eine hochwertige Verbindung zwischen Verst\u00e4rker und Lautsprechern herzustellen. Dieses Kabel verwendet massive Perfect-Surface Copper+ (PSC+) Leiter, die zu einem klaren und nat\u00fcrlichen Klang beitragen. Die Double Star-Quad-Geometrie sorgt f\u00fcr eine ausgewogene Signal\u00fcbertragung und reduziert Verzerrungen. Dar\u00fcber hinaus ist das Kabel mit dem Dielectric-Bias System (DBS) ausgestattet, das Rauschen reduziert und die Klarheit verbessert. Die hochwertigen Gold-Bananenstecker sorgen f\u00fcr eine robuste und zuverl\u00e4ssige Verbindung. Mit einer L\u00e4nge von 2,5 Metern bietet dieses Kabel gen\u00fcgend Flexibilit\u00e4t f\u00fcr verschiedene Setups.     <\/span><\/div>\n<div class=\"specification-item row-header\"><span class=\"spec-content\"><strong>Hintergrundinformationen<\/strong><\/span><\/div>\n<div class=\"specification-item row-even\"><span class=\"spec-content\">Das AudioQuest Rocket 88 ist ein Fullrange-Lautsprecherkabel mit massiven Perfect-Surface Copper+ Leitern, die f\u00fcr minimale Verzerrungen und maximale Klarheit entwickelt wurden. Das Kabel verwendet das patentierte Dielectric-Bias System (DBS) von AudioQuest f\u00fcr verbesserte Transparenz. Die Geometrie ist f\u00fcr eine optimale Signal\u00fcbertragung sorgf\u00e4ltig ausbalanciert. Entwickelt unter der Leitung des Gr\u00fcnders und Chefdesigners Bill Low, mit besonderem Augenmerk auf hochwertige Materialien und Verarbeitung.   <\/span><\/div>\n<div class=\"specification-item row-header\"><span class=\"spec-content\"><strong>Geschichte der Marke<\/strong><\/span><\/div>\n<div class=\"specification-item row-even\"><span class=\"spec-content\">AudioQuest wurde 1980 von William E. Low in Kalifornien, USA, gegr\u00fcndet. Die Marke begann mit der manuellen Konfektionierung von Kabeln nach speziellen Designmethoden, die auf der Minimierung von Verzerrungen basieren. Seitdem hat AudioQuest eine Produktlinie entwickelt, die Interlink-Kabel, Lautsprecherkabel, Digital- und Netzwerkkabel, Netzprodukte und tragbares Zubeh\u00f6r umfasst. Das Unternehmen hat von Anfang an auf die Verwendung von gerichteten Kabeln und massiven Leitern gesetzt. Im Jahr 2012 stellte AudioQuest den DragonFly vor, einen USB-DAC. Die Produktentwicklung findet in den Vereinigten Staaten statt, w\u00e4hrend die Produktion teilweise in China und anderswo erfolgt. AudioQuest verfolgt eine Philosophie, bei der Materialauswahl, Geometrie und Verarbeitung einen direkten Einfluss auf die Leistung der Kabel haben.      <\/span><\/div>\n<\/div>\n","protected":false},"excerpt":{"rendered":"<p>Beschreibung Freakuence! Die Wiedergabe ist sanft und r\u00e4umlich, mit einem breiten Stereobild und einem klaren Mitteltonbereich. Die H\u00f6hen sind klar und ohne Sch\u00e4rfe, w\u00e4hrend die B\u00e4sse bescheiden bleiben. Nach der Wiedergabe verschwindet eine leichte Kante, was zu einem angenehmeren Charakter f\u00fchrt. Nuancen in Stimmen und Instrumenten kommen gut zur Geltung, mit einer weichen und runden [&hellip;]<\/p>\n","protected":false},"featured_media":379387,"template":"","meta":{"_acf_changed":false,"inline_featured_image":false},"product_brand":[],"product_cat":[345],"product_tag":[571],"class_list":{"0":"post-325544","1":"product","2":"type-product","3":"status-publish","4":"has-post-thumbnail","6":"product_cat-speakers","7":"product_tag-freakdemo","8":"pa_kleur-schwarz","10":"first","11":"instock","12":"sold-individually","13":"taxable","14":"shipping-taxable","15":"purchasable","16":"product-type-simple"},"acf":{"website":true,"show_on_homepage":false,"brand_title":"AudioQuest","product_type":"Rocket 88 Full-Range ban<>ban gold 250cm","color":"Schwarz","subcolor":"","reserved_status":"0"},"_links":{"self":[{"href":"https:\/\/dev.freakuence.nl\/de\/wp-json\/wp\/v2\/product\/325544","targetHints":{"allow":["GET"]}}],"collection":[{"href":"https:\/\/dev.freakuence.nl\/de\/wp-json\/wp\/v2\/product"}],"about":[{"href":"https:\/\/dev.freakuence.nl\/de\/wp-json\/wp\/v2\/types\/product"}],"wp:featuredmedia":[{"embeddable":true,"href":"https:\/\/dev.freakuence.nl\/de\/wp-json\/wp\/v2\/media\/379387"}],"wp:attachment":[{"href":"https:\/\/dev.freakuence.nl\/de\/wp-json\/wp\/v2\/media?parent=325544"}],"wp:term":[{"taxonomy":"product_brand","embeddable":true,"href":"https:\/\/dev.freakuence.nl\/de\/wp-json\/wp\/v2\/product_brand?post=325544"},{"taxonomy":"product_cat","embeddable":true,"href":"https:\/\/dev.freakuence.nl\/de\/wp-json\/wp\/v2\/product_cat?post=325544"},{"taxonomy":"product_tag","embeddable":true,"href":"https:\/\/dev.freakuence.nl\/de\/wp-json\/wp\/v2\/product_tag?post=325544"}],"curies":[{"name":"wp","href":"https:\/\/api.w.org\/{rel}","templated":true}]}}