{"id":325566,"date":"2025-11-28T14:28:21","date_gmt":"2025-11-28T13:28:21","guid":{"rendered":"https:\/\/freakuence.nl\/product\/audioquest-evergreen-rca-200cm\/"},"modified":"2026-04-08T20:09:26","modified_gmt":"2026-04-08T18:09:26","slug":"audioquest-evergreen-rca-200cm","status":"publish","type":"product","link":"https:\/\/dev.freakuence.nl\/de\/produkt\/audioquest-evergreen-rca-200cm\/","title":{"rendered":"AudioQuest Evergreen RCA 200cm"},"content":{"rendered":"<div class=\"product-specifications-list\">\n<div class=\"specification-item row-header\"><span class=\"spec-content\"><strong>Beschreibung Freakuence!<\/strong><\/span><\/div>\n<div class=\"specification-item row-even\"><span class=\"spec-content\">Der Klang ist klar und offen, mit einer nat\u00fcrlichen Wiedergabe der Mitten und subtilen Details in den H\u00f6hen. Die Dynamik ist lebendig, ohne zu analytisch zu werden. Die Instrumente sind gut voneinander getrennt und tragen zu einer weitr\u00e4umigen Klangb\u00fchne bei.  <\/span><\/div>\n<div class=\"specification-item row-odd\"><span class=\"spec-content\">Ladenpreis: 119.00<\/span><\/div>\n<div class=\"specification-item row-header\"><span class=\"spec-content\"><strong>Details<\/strong><\/span><\/div>\n<div class=\"specification-item row-even\"><span class=\"spec-content\">Sie suchen ein anderes Modell aus der aktuellen Serie der Marke? Schicken Sie uns eine Nachricht!  Wir m\u00f6chten, dass es Spa\u00df macht.<\/span><\/div>\n<div class=\"specification-item row-header\"><span class=\"spec-content\"><strong>Allgemeine Beschreibung<\/strong><\/span><\/div>\n<div class=\"specification-item row-even\"><span class=\"spec-content\">Das 200 cm lange Evergreen RCA-Kabel von AudioQuest wurde f\u00fcr den Anschluss von Audioger\u00e4ten entwickelt. Das Kabel besteht aus massiven LGC-Leitern (Long-Grain Copper), die zur Reduzierung von Verzerrungen beitragen. Die asymmetrische, doppelt symmetrische Geometrie sorgt f\u00fcr eine niedrigere Impedanz am Boden und tr\u00e4gt so zu einem reichhaltigeren und dynamischeren H\u00f6rerlebnis bei. Die kaltgeschwei\u00dften, vergoldeten Anschl\u00fcsse sorgen f\u00fcr eine solide Verbindung ohne die Verwendung von L\u00f6tzinn, das oft eine Quelle von Verzerrungen ist. Der gr\u00fcne Mantel mit schwarzen Akzenten verleiht dem Kabel ein dezentes Aussehen. Mit einer L\u00e4nge von 200 cm bietet dieses Kabel gen\u00fcgend Flexibilit\u00e4t f\u00fcr verschiedene Setups. Das AudioQuest Evergreen eignet sich f\u00fcr den Anschluss verschiedener Audioger\u00e4te, wie z.B. Verst\u00e4rker, CD-Player und Plattenspieler. Die Kombination aus hochwertigen Materialien und durchdachter Konstruktion macht dieses Kabel zu einer zuverl\u00e4ssigen Wahl f\u00fcr die \u00dcbertragung von Audiosignalen.       <\/span><\/div>\n<div class=\"specification-item row-header\"><span class=\"spec-content\"><strong>Hintergrundinformationen<\/strong><\/span><\/div>\n<div class=\"specification-item row-even\"><span class=\"spec-content\">Das AudioQuest Evergreen RCA 200cm geh\u00f6rt zur Bridges &amp; Falls Serie und wurde nach der Philosophie der minimalen Verzerrung entwickelt. Der Designer und Gr\u00fcnder William E. Low strebt nach maximaler Signalreinheit. Das Kabel verwendet massive, langk\u00f6rnige Kupferleiter (LGC) f\u00fcr besseren Klang und weniger Verzerrungen. Die luftgef\u00fcllte Polyethylen-Isolierung und das Metall-Noise-Dissipation-System verbessern die Leistung sp\u00fcrbar.   <\/span><\/div>\n<div class=\"specification-item row-header\"><span class=\"spec-content\"><strong>Geschichte der Marke<\/strong><\/span><\/div>\n<div class=\"specification-item row-even\"><span class=\"spec-content\">AudioQuest wurde 1980 von William E. Low in Kalifornien, USA, gegr\u00fcndet. Die Marke begann mit der manuellen Konfektionierung von Kabeln nach speziellen Designmethoden, die auf der Minimierung von Verzerrungen basieren. Seitdem hat AudioQuest eine Produktlinie entwickelt, die Interlink-Kabel, Lautsprecherkabel, Digital- und Netzwerkkabel, Netzprodukte und tragbares Zubeh\u00f6r umfasst. Das Unternehmen hat von Anfang an auf die Verwendung von gerichteten Kabeln und massiven Leitern gesetzt. Im Jahr 2012 stellte AudioQuest den DragonFly vor, einen USB-DAC. Die Produktentwicklung findet in den Vereinigten Staaten statt, w\u00e4hrend die Produktion teilweise in China und anderswo erfolgt. AudioQuest verfolgt eine Philosophie, bei der Materialauswahl, Geometrie und Verarbeitung einen direkten Einfluss auf die Leistung der Kabel haben.      <\/span><\/div>\n<\/div>\n","protected":false},"excerpt":{"rendered":"<p>Beschreibung Freakuence! Der Klang ist klar und offen, mit einer nat\u00fcrlichen Wiedergabe der Mitten und subtilen Details in den H\u00f6hen. Die Dynamik ist lebendig, ohne zu analytisch zu werden. Die Instrumente sind gut voneinander getrennt und tragen zu einer weitr\u00e4umigen Klangb\u00fchne bei. Ladenpreis: 119.00 Details Sie suchen ein anderes Modell aus der aktuellen Serie der [&hellip;]<\/p>\n","protected":false},"featured_media":385789,"template":"","meta":{"_acf_changed":false,"inline_featured_image":false},"product_brand":[],"product_cat":[345],"product_tag":[534],"class_list":{"0":"post-325566","1":"product","2":"type-product","3":"status-publish","4":"has-post-thumbnail","6":"product_cat-speakers","7":"product_tag-benutzt","8":"pa_kleur-grun","10":"first","11":"instock","12":"sold-individually","13":"purchasable","14":"product-type-simple"},"acf":{"website":true,"show_on_homepage":false,"brand_title":"AudioQuest","product_type":"Evergreen RCA 200cm","color":"Gr\u00fcn","subcolor":"","reserved_status":"0"},"_links":{"self":[{"href":"https:\/\/dev.freakuence.nl\/de\/wp-json\/wp\/v2\/product\/325566","targetHints":{"allow":["GET"]}}],"collection":[{"href":"https:\/\/dev.freakuence.nl\/de\/wp-json\/wp\/v2\/product"}],"about":[{"href":"https:\/\/dev.freakuence.nl\/de\/wp-json\/wp\/v2\/types\/product"}],"wp:featuredmedia":[{"embeddable":true,"href":"https:\/\/dev.freakuence.nl\/de\/wp-json\/wp\/v2\/media\/385789"}],"wp:attachment":[{"href":"https:\/\/dev.freakuence.nl\/de\/wp-json\/wp\/v2\/media?parent=325566"}],"wp:term":[{"taxonomy":"product_brand","embeddable":true,"href":"https:\/\/dev.freakuence.nl\/de\/wp-json\/wp\/v2\/product_brand?post=325566"},{"taxonomy":"product_cat","embeddable":true,"href":"https:\/\/dev.freakuence.nl\/de\/wp-json\/wp\/v2\/product_cat?post=325566"},{"taxonomy":"product_tag","embeddable":true,"href":"https:\/\/dev.freakuence.nl\/de\/wp-json\/wp\/v2\/product_tag?post=325566"}],"curies":[{"name":"wp","href":"https:\/\/api.w.org\/{rel}","templated":true}]}}