{"id":325616,"date":"2025-11-28T14:31:45","date_gmt":"2025-11-28T13:31:45","guid":{"rendered":"https:\/\/freakuence.nl\/product\/audioquest-rocket-22-vollbereichs-banban-silber-300cm\/"},"modified":"2026-04-08T11:20:10","modified_gmt":"2026-04-08T09:20:10","slug":"audioquest-rocket-22-vollbereichs-banban-silber-300cm","status":"publish","type":"product","link":"https:\/\/dev.freakuence.nl\/de\/produkt\/audioquest-rocket-22-vollbereichs-banban-silber-300cm\/","title":{"rendered":"AudioQuest Rocket 22 Vollbereichs-Banban silber 300cm"},"content":{"rendered":"<div class=\"product-specifications-list\">\n<div class=\"specification-item row-header\"><span class=\"spec-content\"><strong>Beschreibung Freakuence!<\/strong><\/span><\/div>\n<div class=\"specification-item row-even\"><span class=\"spec-content\">Diese Kabel bieten eine r\u00e4umliche und raffinierte Wiedergabe mit einer gr\u00f6\u00dferen Klangb\u00fchne als billigere Alternativen. Sie enth\u00fcllen subtile Details und pr\u00e4sentieren sie auf eine stabile und koh\u00e4rente Weise, ohne sie zu betonen. Das Ergebnis ist eine entspannte Ausgewogenheit, die f\u00fcr eine Vielzahl von Systemen geeignet ist. Trotz ihres zivilisierten Charakters bieten sie genug dynamischen Punch und rhythmischen Schwung, um die Energie und den Angriff von z.B. Nirvanas &#8222;Nevermind&#8220; angemessen zu vermitteln. Bei der Wiedergabe von Tschaikowskys &#8222;March\u00e9 Slave Op.31&#8220; helfen sie dem System, gro\u00df angelegte Dynamik und Autorit\u00e4t im Klang zu liefern.    <\/span><\/div>\n<div class=\"specification-item row-odd\"><span class=\"spec-content\">Ladenpreis: 599.00<\/span><\/div>\n<div class=\"specification-item row-header\"><span class=\"spec-content\"><strong>Details<\/strong><\/span><\/div>\n<div class=\"specification-item row-even\"><span class=\"spec-content\">Mehrwertsteuer-Produkt. Unternehmer, Menschen au\u00dferhalb der EU, nutzen den Vorteil. <\/span><\/div>\n<div class=\"specification-item row-odd\"><span class=\"spec-content\">Sie suchen ein anderes Modell aus der aktuellen Serie der Marke? Schicken Sie uns eine Nachricht!  Wir m\u00f6chten, dass es Spa\u00df macht.<\/span><\/div>\n<div class=\"specification-item row-even\"><span class=\"spec-content\">Das ist Ihre Chance, endlich Demomaterial aus dem coolsten Laden des Universums zu bekommen. Ja! Aus diesem Grund eigentlich viel mehr wert als der Neupreis, aber wir werden uns zur\u00fcckhalten. Nur f\u00fcr H\u00f6rsessions mit unseren Besuchern verwendet, hatte also keinen privaten Besitzer. <\/span><\/div>\n<div class=\"specification-item row-header\"><span class=\"spec-content\"><strong>Allgemeine Beschreibung<\/strong><\/span><\/div>\n<div class=\"specification-item row-even\"><span class=\"spec-content\">Das AudioQuest Rocket 22 Full-Range 3-Meter-Lautsprecherkabel wurde zur Optimierung der Audio\u00fcbertragung entwickelt. Mit einer Kombination aus Long-Grain Copper (LGC) und Perfect-Surface Copper (PSC) Leitern sorgt dieses Kabel f\u00fcr eine klare und pr\u00e4zise Klangwiedergabe. Die halbfeste konzentrische Konstruktion minimiert Verzerrungen, indem sie die Interaktion der Litzen reduziert. Die doppelte Spiralgeometrie senkt die Induktivit\u00e4t, was zu einer verbesserten Klarheit und einem erweiterten Frequenzbereich von den B\u00e4ssen bis zu den H\u00f6hen f\u00fchrt. Ausgestattet mit SureGrip 300 Silber-Bananensteckern, bietet das Rocket 22 eine zuverl\u00e4ssige und dauerhafte Verbindung zwischen Verst\u00e4rker und Lautsprechern. Dieses Kabel eignet sich sowohl f\u00fcr Full-Range- als auch f\u00fcr Single-Biwire-Konfigurationen, je nach den Anschlussm\u00f6glichkeiten der Lautsprecher. Mit einer L\u00e4nge von 3 Metern bietet das Rocket 22 Flexibilit\u00e4t beim Aufstellen von Audioger\u00e4ten. Der schwarze PVC-Mantel mit blauen Streifen sorgt f\u00fcr einen diskreten und professionellen Look. Das AudioQuest Rocket 22 ist eine solide Wahl f\u00fcr alle, die ein zuverl\u00e4ssiges Lautsprecherkabel suchen.        <\/span><\/div>\n<div class=\"specification-item row-header\"><span class=\"spec-content\"><strong>Hintergrundinformationen<\/strong><\/span><\/div>\n<div class=\"specification-item row-even\"><span class=\"spec-content\">Das AudioQuest Rocket 22 Full-Range wurde mit dem Fokus auf maximale Signalreinheit entwickelt. Das Kabel verwendet halbfeste konzentrische Leiter aus langk\u00f6rnigem Kupfer (LGC) f\u00fcr geringe Verzerrung und konsistente Signal\u00fcbertragung. Doppelt vergossene Bananenstecker sorgen f\u00fcr optimale Leitf\u00e4higkeit. Die physische Trennung von positiven und negativen Leitern verbessert die Richtungskontrolle und reduziert die gegenseitige Verschmutzung. Entwickelt nach der typischen AudioQuest-Philosophie: weniger Rauschen, mehr Musik.    <\/span><\/div>\n<div class=\"specification-item row-header\"><span class=\"spec-content\"><strong>Geschichte der Marke<\/strong><\/span><\/div>\n<div class=\"specification-item row-even\"><span class=\"spec-content\">AudioQuest wurde 1980 von William E. Low in Kalifornien, USA, gegr\u00fcndet. Die Marke begann mit der manuellen Konfektionierung von Kabeln nach speziellen Designmethoden, die auf der Minimierung von Verzerrungen basieren. Seitdem hat AudioQuest eine Produktlinie entwickelt, die Interlink-Kabel, Lautsprecherkabel, Digital- und Netzwerkkabel, Netzprodukte und tragbares Zubeh\u00f6r umfasst. Das Unternehmen hat von Anfang an auf die Verwendung von gerichteten Kabeln und massiven Leitern gesetzt. Im Jahr 2012 stellte AudioQuest den DragonFly vor, einen USB-DAC. Die Produktentwicklung findet in den Vereinigten Staaten statt, w\u00e4hrend die Produktion teilweise in China und anderswo erfolgt. AudioQuest verfolgt eine Philosophie, bei der Materialauswahl, Geometrie und Verarbeitung einen direkten Einfluss auf die Leistung der Kabel haben.      <\/span><\/div>\n<\/div>\n","protected":false},"excerpt":{"rendered":"<p>Beschreibung Freakuence! Diese Kabel bieten eine r\u00e4umliche und raffinierte Wiedergabe mit einer gr\u00f6\u00dferen Klangb\u00fchne als billigere Alternativen. Sie enth\u00fcllen subtile Details und pr\u00e4sentieren sie auf eine stabile und koh\u00e4rente Weise, ohne sie zu betonen. Das Ergebnis ist eine entspannte Ausgewogenheit, die f\u00fcr eine Vielzahl von Systemen geeignet ist. Trotz ihres zivilisierten Charakters bieten sie genug [&hellip;]<\/p>\n","protected":false},"featured_media":379926,"template":"","meta":{"_acf_changed":false,"inline_featured_image":false},"product_brand":[],"product_cat":[345],"product_tag":[571],"class_list":{"0":"post-325616","1":"product","2":"type-product","3":"status-publish","4":"has-post-thumbnail","6":"product_cat-speakers","7":"product_tag-freakdemo","8":"pa_kleur-schwarz","10":"first","11":"instock","12":"sold-individually","13":"taxable","14":"shipping-taxable","15":"purchasable","16":"product-type-simple"},"acf":{"website":true,"show_on_homepage":false,"brand_title":"AudioQuest","product_type":"Rocket 22 Full-Range ban<>ban silver 300cm","color":"Schwarz","subcolor":"","reserved_status":"0"},"yoast_head":"<!-- This site is optimized with the Yoast SEO plugin v25.9 - https:\/\/yoast.com\/wordpress\/plugins\/seo\/ -->\n<title>AudioQuest Rocket 22 Vollbereichs-Banban silber 300cm | Freakuence!<\/title>\n<meta name=\"robots\" content=\"noindex, follow, max-snippet:-1, max-image-preview:large, max-video-preview:-1\" \/>\n<meta property=\"og:locale\" content=\"de_DE\" \/>\n<meta property=\"og:type\" content=\"article\" \/>\n<meta property=\"og:title\" content=\"AudioQuest Rocket 22 Vollbereichs-Banban silber 300cm | Freakuence!\" \/>\n<meta property=\"og:description\" content=\"Beschreibung Freakuence! Diese Kabel bieten eine r\u00e4umliche und raffinierte Wiedergabe mit einer gr\u00f6\u00dferen Klangb\u00fchne als billigere Alternativen. Sie enth\u00fcllen subtile Details und pr\u00e4sentieren sie auf eine stabile und koh\u00e4rente Weise, ohne sie zu betonen. Das Ergebnis ist eine entspannte Ausgewogenheit, die f\u00fcr eine Vielzahl von Systemen geeignet ist. Trotz ihres zivilisierten Charakters bieten sie genug [&hellip;]\" \/>\n<meta property=\"og:url\" content=\"https:\/\/dev.freakuence.nl\/de\/produkt\/audioquest-rocket-22-vollbereichs-banban-silber-300cm\/\" \/>\n<meta property=\"og:site_name\" content=\"Freakuence!\" \/>\n<meta property=\"article:modified_time\" content=\"2026-04-08T09:20:10+00:00\" \/>\n<meta property=\"og:image\" content=\"https:\/\/dev.freakuence.nl\/wp-content\/uploads\/2026\/04\/17643366972490-14312-IMG6264.jpg\" \/>\n\t<meta property=\"og:image:width\" content=\"1800\" \/>\n\t<meta property=\"og:image:height\" content=\"1200\" \/>\n\t<meta property=\"og:image:type\" content=\"image\/jpeg\" \/>\n<meta name=\"twitter:card\" content=\"summary_large_image\" \/>\n<script type=\"application\/ld+json\" class=\"yoast-schema-graph\">{\"@context\":\"https:\/\/schema.org\",\"@graph\":[{\"@type\":\"WebPage\",\"@id\":\"https:\/\/dev.freakuence.nl\/de\/produkt\/audioquest-rocket-22-vollbereichs-banban-silber-300cm\/\",\"url\":\"https:\/\/dev.freakuence.nl\/de\/produkt\/audioquest-rocket-22-vollbereichs-banban-silber-300cm\/\",\"name\":\"AudioQuest Rocket 22 Vollbereichs-Banban silber 300cm | Freakuence!\",\"isPartOf\":{\"@id\":\"https:\/\/dev.freakuence.nl\/de\/#website\"},\"primaryImageOfPage\":{\"@id\":\"https:\/\/dev.freakuence.nl\/de\/produkt\/audioquest-rocket-22-vollbereichs-banban-silber-300cm\/#primaryimage\"},\"image\":{\"@id\":\"https:\/\/dev.freakuence.nl\/de\/produkt\/audioquest-rocket-22-vollbereichs-banban-silber-300cm\/#primaryimage\"},\"thumbnailUrl\":\"https:\/\/dev.freakuence.nl\/wp-content\/uploads\/2026\/04\/17643366972490-14312-IMG6264.jpg\",\"datePublished\":\"2025-11-28T13:31:45+00:00\",\"dateModified\":\"2026-04-08T09:20:10+00:00\",\"breadcrumb\":{\"@id\":\"https:\/\/dev.freakuence.nl\/de\/produkt\/audioquest-rocket-22-vollbereichs-banban-silber-300cm\/#breadcrumb\"},\"inLanguage\":\"de\",\"potentialAction\":[{\"@type\":\"ReadAction\",\"target\":[\"https:\/\/dev.freakuence.nl\/de\/produkt\/audioquest-rocket-22-vollbereichs-banban-silber-300cm\/\"]}]},{\"@type\":\"ImageObject\",\"inLanguage\":\"de\",\"@id\":\"https:\/\/dev.freakuence.nl\/de\/produkt\/audioquest-rocket-22-vollbereichs-banban-silber-300cm\/#primaryimage\",\"url\":\"https:\/\/dev.freakuence.nl\/wp-content\/uploads\/2026\/04\/17643366972490-14312-IMG6264.jpg\",\"contentUrl\":\"https:\/\/dev.freakuence.nl\/wp-content\/uploads\/2026\/04\/17643366972490-14312-IMG6264.jpg\",\"width\":1800,\"height\":1200},{\"@type\":\"BreadcrumbList\",\"@id\":\"https:\/\/dev.freakuence.nl\/de\/produkt\/audioquest-rocket-22-vollbereichs-banban-silber-300cm\/#breadcrumb\",\"itemListElement\":[{\"@type\":\"ListItem\",\"position\":1,\"name\":\"Startseite\",\"item\":\"https:\/\/dev.freakuence.nl\/de\/\"},{\"@type\":\"ListItem\",\"position\":2,\"name\":\"Produkte\",\"item\":\"https:\/\/dev.freakuence.nl\/de\/produkte\/\"},{\"@type\":\"ListItem\",\"position\":3,\"name\":\"AudioQuest Rocket 22 Vollbereichs-Banban silber 300cm\"}]},{\"@type\":\"WebSite\",\"@id\":\"https:\/\/dev.freakuence.nl\/de\/#website\",\"url\":\"https:\/\/dev.freakuence.nl\/de\/\",\"name\":\"Freakuence!\",\"description\":\"Freakuence!\",\"publisher\":{\"@id\":\"https:\/\/dev.freakuence.nl\/de\/#organization\"},\"alternateName\":\"Freakuence\",\"potentialAction\":[{\"@type\":\"SearchAction\",\"target\":{\"@type\":\"EntryPoint\",\"urlTemplate\":\"https:\/\/dev.freakuence.nl\/de\/?s={search_term_string}\"},\"query-input\":{\"@type\":\"PropertyValueSpecification\",\"valueRequired\":true,\"valueName\":\"search_term_string\"}}],\"inLanguage\":\"de\"},{\"@type\":\"Organization\",\"@id\":\"https:\/\/dev.freakuence.nl\/de\/#organization\",\"name\":\"Freakuence!\",\"url\":\"https:\/\/dev.freakuence.nl\/de\/\",\"logo\":{\"@type\":\"ImageObject\",\"inLanguage\":\"de\",\"@id\":\"https:\/\/dev.freakuence.nl\/de\/#\/schema\/logo\/image\/\",\"url\":\"https:\/\/dev.freakuence.nl\/wp-content\/uploads\/2022\/05\/Brown_3_RGB_Freakuence-1.png\",\"contentUrl\":\"https:\/\/dev.freakuence.nl\/wp-content\/uploads\/2022\/05\/Brown_3_RGB_Freakuence-1.png\",\"width\":2560,\"height\":684,\"caption\":\"Freakuence!\"},\"image\":{\"@id\":\"https:\/\/dev.freakuence.nl\/de\/#\/schema\/logo\/image\/\"},\"sameAs\":[\"https:\/\/www.instagram.com\/freakuence_notorious_audio\/\"]}]}<\/script>\n<!-- \/ Yoast SEO plugin. -->","yoast_head_json":{"title":"AudioQuest Rocket 22 Vollbereichs-Banban silber 300cm | Freakuence!","robots":{"index":"noindex","follow":"follow","max-snippet":"max-snippet:-1","max-image-preview":"max-image-preview:large","max-video-preview":"max-video-preview:-1"},"og_locale":"de_DE","og_type":"article","og_title":"AudioQuest Rocket 22 Vollbereichs-Banban silber 300cm | Freakuence!","og_description":"Beschreibung Freakuence! Diese Kabel bieten eine r\u00e4umliche und raffinierte Wiedergabe mit einer gr\u00f6\u00dferen Klangb\u00fchne als billigere Alternativen. Sie enth\u00fcllen subtile Details und pr\u00e4sentieren sie auf eine stabile und koh\u00e4rente Weise, ohne sie zu betonen. Das Ergebnis ist eine entspannte Ausgewogenheit, die f\u00fcr eine Vielzahl von Systemen geeignet ist. Trotz ihres zivilisierten Charakters bieten sie genug [&hellip;]","og_url":"https:\/\/dev.freakuence.nl\/de\/produkt\/audioquest-rocket-22-vollbereichs-banban-silber-300cm\/","og_site_name":"Freakuence!","article_modified_time":"2026-04-08T09:20:10+00:00","og_image":[{"width":1800,"height":1200,"url":"https:\/\/dev.freakuence.nl\/wp-content\/uploads\/2026\/04\/17643366972490-14312-IMG6264.jpg","type":"image\/jpeg"}],"twitter_card":"summary_large_image","schema":{"@context":"https:\/\/schema.org","@graph":[{"@type":"WebPage","@id":"https:\/\/dev.freakuence.nl\/de\/produkt\/audioquest-rocket-22-vollbereichs-banban-silber-300cm\/","url":"https:\/\/dev.freakuence.nl\/de\/produkt\/audioquest-rocket-22-vollbereichs-banban-silber-300cm\/","name":"AudioQuest Rocket 22 Vollbereichs-Banban silber 300cm | Freakuence!","isPartOf":{"@id":"https:\/\/dev.freakuence.nl\/de\/#website"},"primaryImageOfPage":{"@id":"https:\/\/dev.freakuence.nl\/de\/produkt\/audioquest-rocket-22-vollbereichs-banban-silber-300cm\/#primaryimage"},"image":{"@id":"https:\/\/dev.freakuence.nl\/de\/produkt\/audioquest-rocket-22-vollbereichs-banban-silber-300cm\/#primaryimage"},"thumbnailUrl":"https:\/\/dev.freakuence.nl\/wp-content\/uploads\/2026\/04\/17643366972490-14312-IMG6264.jpg","datePublished":"2025-11-28T13:31:45+00:00","dateModified":"2026-04-08T09:20:10+00:00","breadcrumb":{"@id":"https:\/\/dev.freakuence.nl\/de\/produkt\/audioquest-rocket-22-vollbereichs-banban-silber-300cm\/#breadcrumb"},"inLanguage":"de","potentialAction":[{"@type":"ReadAction","target":["https:\/\/dev.freakuence.nl\/de\/produkt\/audioquest-rocket-22-vollbereichs-banban-silber-300cm\/"]}]},{"@type":"ImageObject","inLanguage":"de","@id":"https:\/\/dev.freakuence.nl\/de\/produkt\/audioquest-rocket-22-vollbereichs-banban-silber-300cm\/#primaryimage","url":"https:\/\/dev.freakuence.nl\/wp-content\/uploads\/2026\/04\/17643366972490-14312-IMG6264.jpg","contentUrl":"https:\/\/dev.freakuence.nl\/wp-content\/uploads\/2026\/04\/17643366972490-14312-IMG6264.jpg","width":1800,"height":1200},{"@type":"BreadcrumbList","@id":"https:\/\/dev.freakuence.nl\/de\/produkt\/audioquest-rocket-22-vollbereichs-banban-silber-300cm\/#breadcrumb","itemListElement":[{"@type":"ListItem","position":1,"name":"Startseite","item":"https:\/\/dev.freakuence.nl\/de\/"},{"@type":"ListItem","position":2,"name":"Produkte","item":"https:\/\/dev.freakuence.nl\/de\/produkte\/"},{"@type":"ListItem","position":3,"name":"AudioQuest Rocket 22 Vollbereichs-Banban silber 300cm"}]},{"@type":"WebSite","@id":"https:\/\/dev.freakuence.nl\/de\/#website","url":"https:\/\/dev.freakuence.nl\/de\/","name":"Freakuence!","description":"Freakuence!","publisher":{"@id":"https:\/\/dev.freakuence.nl\/de\/#organization"},"alternateName":"Freakuence","potentialAction":[{"@type":"SearchAction","target":{"@type":"EntryPoint","urlTemplate":"https:\/\/dev.freakuence.nl\/de\/?s={search_term_string}"},"query-input":{"@type":"PropertyValueSpecification","valueRequired":true,"valueName":"search_term_string"}}],"inLanguage":"de"},{"@type":"Organization","@id":"https:\/\/dev.freakuence.nl\/de\/#organization","name":"Freakuence!","url":"https:\/\/dev.freakuence.nl\/de\/","logo":{"@type":"ImageObject","inLanguage":"de","@id":"https:\/\/dev.freakuence.nl\/de\/#\/schema\/logo\/image\/","url":"https:\/\/dev.freakuence.nl\/wp-content\/uploads\/2022\/05\/Brown_3_RGB_Freakuence-1.png","contentUrl":"https:\/\/dev.freakuence.nl\/wp-content\/uploads\/2022\/05\/Brown_3_RGB_Freakuence-1.png","width":2560,"height":684,"caption":"Freakuence!"},"image":{"@id":"https:\/\/dev.freakuence.nl\/de\/#\/schema\/logo\/image\/"},"sameAs":["https:\/\/www.instagram.com\/freakuence_notorious_audio\/"]}]}},"_links":{"self":[{"href":"https:\/\/dev.freakuence.nl\/de\/wp-json\/wp\/v2\/product\/325616","targetHints":{"allow":["GET"]}}],"collection":[{"href":"https:\/\/dev.freakuence.nl\/de\/wp-json\/wp\/v2\/product"}],"about":[{"href":"https:\/\/dev.freakuence.nl\/de\/wp-json\/wp\/v2\/types\/product"}],"wp:featuredmedia":[{"embeddable":true,"href":"https:\/\/dev.freakuence.nl\/de\/wp-json\/wp\/v2\/media\/379926"}],"wp:attachment":[{"href":"https:\/\/dev.freakuence.nl\/de\/wp-json\/wp\/v2\/media?parent=325616"}],"wp:term":[{"taxonomy":"product_brand","embeddable":true,"href":"https:\/\/dev.freakuence.nl\/de\/wp-json\/wp\/v2\/product_brand?post=325616"},{"taxonomy":"product_cat","embeddable":true,"href":"https:\/\/dev.freakuence.nl\/de\/wp-json\/wp\/v2\/product_cat?post=325616"},{"taxonomy":"product_tag","embeddable":true,"href":"https:\/\/dev.freakuence.nl\/de\/wp-json\/wp\/v2\/product_tag?post=325616"}],"curies":[{"name":"wp","href":"https:\/\/api.w.org\/{rel}","templated":true}]}}