{"id":325638,"date":"2025-12-03T12:13:55","date_gmt":"2025-12-03T11:13:55","guid":{"rendered":"https:\/\/freakuence.nl\/product\/conrad-johnson-ct5\/"},"modified":"2026-04-08T20:10:08","modified_gmt":"2026-04-08T18:10:08","slug":"conrad-johnson-ct5","status":"publish","type":"product","link":"https:\/\/dev.freakuence.nl\/de\/produkt\/conrad-johnson-ct5\/","title":{"rendered":"Conrad Johnson CT5"},"content":{"rendered":"<div class=\"product-specifications-list\">\n<div class=\"specification-item row-header\"><span class=\"spec-content\"><strong>Beschreibung Freakuence!<\/strong><\/span><\/div>\n<div class=\"specification-item row-even\"><span class=\"spec-content\">Dickes Ding. Die R\u00f6hren sind h\u00fcbsch in einem horizontalen Gew\u00f6lbe angeordnet. Sehr eindringliche Wiedergabe ohne die Sch\u00e4rfe mancher Solid-State-Verst\u00e4rker.  <\/span><\/div>\n<div class=\"specification-item row-header\"><span class=\"spec-content\"><strong>Allgemeine Beschreibung<\/strong><\/span><\/div>\n<div class=\"specification-item row-even\"><span class=\"spec-content\">Der Conrad-Johnson CT5 ist ein Line-Vorverst\u00e4rker, der f\u00fcr seine musikalische Ehrlichkeit und sein H\u00f6rvergn\u00fcgen bekannt ist. Sein Design ist darauf ausgerichtet, eine reichhaltige und solide Klangwiedergabe zu liefern und dabei die Energie und Pr\u00e4senz von Musikinstrumenten und Stimmen zu ber\u00fccksichtigen.   <\/p>\n<p>Das Ger\u00e4t verwendet eine Composite-Triode-Schaltung, eine Technik, bei der mehrere Ger\u00e4te parallel geschaltet werden, um eine optimale Leistung zu erzielen. Dies tr\u00e4gt zur ausgewogenen und musikalischen Koh\u00e4renz des CT5 bei und erm\u00f6glicht es ihm, die Farbe und Textur einer Darbietung genau wiederzugeben.   <\/p>\n<p>Der CT5 ist mit einer relaisgesteuerten, diskreten Lautst\u00e4rkeregelung ausgestattet, \u00e4hnlich wie sie in den Modellen GAT und ACT2 von Conrad-Johnson zu finden ist. Dies gew\u00e4hrleistet eine genaue und konsistente Lautst\u00e4rkeregelung und tr\u00e4gt damit zur Gesamtklangqualit\u00e4t bei. <\/p>\n<p>Mit seinem soliden und zielgerichteten Design strahlt der CT5 Vertrauen aus. Es ist ein Ger\u00e4t, das sich der langfristigen Zufriedenheit und dem H\u00f6rvergn\u00fcgen verschrieben hat, ohne sich von Trends oder Modeerscheinungen beeinflussen zu lassen. <\/span><\/div>\n<div class=\"specification-item row-header\"><span class=\"spec-content\"><strong>Hintergrundinformationen<\/strong><\/span><\/div>\n<div class=\"specification-item row-even\"><span class=\"spec-content\">Der Conrad-Johnson CT5 wurde von Bill Conrad und Lew Johnson mit einer Philosophie entwickelt, die musikalische Genauigkeit \u00fcber technische Perfektion stellt. Der Vorverst\u00e4rker verwendet hochwertige, sorgf\u00e4ltig ausgew\u00e4hlte Komponenten wie Teflonkondensatoren und diskrete Widerst\u00e4nde. Die interne Verdrahtung wird von Hand vorgenommen, um eine optimale Signal\u00fcbertragung zu gew\u00e4hrleisten. Das Geh\u00e4use ist einfach, aber robust und wurde entwickelt, um Mikrofonie zu bek\u00e4mpfen und elektrische Interferenzen zu minimieren. Alles wird in den USA von Hand zusammengebaut.    <\/span><\/div>\n<div class=\"specification-item row-header\"><span class=\"spec-content\"><strong>Geschichte der Marke<\/strong><\/span><\/div>\n<div class=\"specification-item row-even\"><span class=\"spec-content\">Gegr\u00fcndet Mitte der 1970er Jahre in den USA von zwei Freunden mit einem alles andere als musikalischen Hintergrund. Denn Dr. William Conrad und Dr. Lewis Johnson waren von Beruf Wirtschaftswissenschaftler&#8230; aber mit einer sehr gro\u00dfen audiophilen Leidenschaft.  Die Produkte von Conrad-Johnson werden mit einfachen Schaltungen realisiert, aber mit hochwertigen, ma\u00dfgeschneiderten Komponenten gebaut.<\/span><\/div>\n<\/div>\n","protected":false},"excerpt":{"rendered":"<p>Beschreibung Freakuence! Dickes Ding. Die R\u00f6hren sind h\u00fcbsch in einem horizontalen Gew\u00f6lbe angeordnet. Sehr eindringliche Wiedergabe ohne die Sch\u00e4rfe mancher Solid-State-Verst\u00e4rker. Allgemeine Beschreibung Der Conrad-Johnson CT5 ist ein Line-Vorverst\u00e4rker, der f\u00fcr seine musikalische Ehrlichkeit und sein H\u00f6rvergn\u00fcgen bekannt ist. Sein Design ist darauf ausgerichtet, eine reichhaltige und solide Klangwiedergabe zu liefern und dabei die Energie [&hellip;]<\/p>\n","protected":false},"featured_media":385797,"template":"","meta":{"_acf_changed":false,"inline_featured_image":false},"product_brand":[],"product_cat":[557,744,532],"product_tag":[534],"class_list":{"0":"post-325638","1":"product","2":"type-product","3":"status-publish","4":"has-post-thumbnail","6":"product_cat-rohrenverstarker","7":"product_cat-stereo-verstarker","8":"product_cat-verstarker","9":"product_tag-benutzt","10":"pa_kleur-gold","12":"first","13":"instock","14":"sold-individually","15":"purchasable","16":"product-type-simple"},"acf":{"website":true,"show_on_homepage":false,"brand_title":"Conrad Johnson","product_type":"CT5","color":"Gold","subcolor":"","reserved_status":"0"},"_links":{"self":[{"href":"https:\/\/dev.freakuence.nl\/de\/wp-json\/wp\/v2\/product\/325638","targetHints":{"allow":["GET"]}}],"collection":[{"href":"https:\/\/dev.freakuence.nl\/de\/wp-json\/wp\/v2\/product"}],"about":[{"href":"https:\/\/dev.freakuence.nl\/de\/wp-json\/wp\/v2\/types\/product"}],"wp:featuredmedia":[{"embeddable":true,"href":"https:\/\/dev.freakuence.nl\/de\/wp-json\/wp\/v2\/media\/385797"}],"wp:attachment":[{"href":"https:\/\/dev.freakuence.nl\/de\/wp-json\/wp\/v2\/media?parent=325638"}],"wp:term":[{"taxonomy":"product_brand","embeddable":true,"href":"https:\/\/dev.freakuence.nl\/de\/wp-json\/wp\/v2\/product_brand?post=325638"},{"taxonomy":"product_cat","embeddable":true,"href":"https:\/\/dev.freakuence.nl\/de\/wp-json\/wp\/v2\/product_cat?post=325638"},{"taxonomy":"product_tag","embeddable":true,"href":"https:\/\/dev.freakuence.nl\/de\/wp-json\/wp\/v2\/product_tag?post=325638"}],"curies":[{"name":"wp","href":"https:\/\/api.w.org\/{rel}","templated":true}]}}