{"id":325727,"date":"2025-12-10T15:14:35","date_gmt":"2025-12-10T14:14:35","guid":{"rendered":"https:\/\/freakuence.nl\/product\/harbeth-30-1\/"},"modified":"2026-03-10T06:09:29","modified_gmt":"2026-03-10T05:09:29","slug":"harbeth-30-1","status":"publish","type":"product","link":"https:\/\/dev.freakuence.nl\/de\/produkt\/harbeth-30-1\/","title":{"rendered":"Harbeth 30.1"},"content":{"rendered":"<div class=\"product-specifications-list\">\n<div class=\"specification-item row-header\"><span class=\"spec-content\"><strong>Beschreibung Freakuence!<\/strong><\/span><\/div>\n<div class=\"specification-item row-even\"><span class=\"spec-content\">Wundersch\u00f6ne, helle Harbeth. Monitore mit einem warmen, aber nat\u00fcrlichen Mitteltonbereich. Sehr angenehm.  <\/span><\/div>\n<div class=\"specification-item row-header\"><span class=\"spec-content\"><strong>Details<\/strong><\/span><\/div>\n<div class=\"specification-item row-even\"><span class=\"spec-content\">Mit ma\u00dfgefertigten St\u00e4ndern<\/span><\/div>\n<div class=\"specification-item row-odd\"><span class=\"spec-content\">Sie suchen ein anderes Modell aus der aktuellen Serie der Marke? Schicken Sie uns eine Nachricht!  Wir m\u00f6chten, dass es Spa\u00df macht.<\/span><\/div>\n<div class=\"specification-item row-header\"><span class=\"spec-content\"><strong>Allgemeine Beschreibung<\/strong><\/span><\/div>\n<div class=\"specification-item row-even\"><span class=\"spec-content\">Der Harbeth Monitor 30.1 ist ein kompakter Zwei-Wege-Lautsprecher, der f\u00fcr seine nat\u00fcrliche und ausgewogene Klangwiedergabe bekannt ist. Mit dem Schwerpunkt auf einem klaren und detaillierten Mitteltonbereich bietet dieser Lautsprecher ein immersives H\u00f6rerlebnis, das sich f\u00fcr eine Vielzahl von Musikgenres eignet. Das Geh\u00e4use besteht aus relativ d\u00fcnnen W\u00e4nden aus furniertem MDF, wobei die Vorder- und R\u00fcckwand miteinander verschraubt sind. Diese Konstruktion, die von BBC-Designs \u00fcbernommen wurde, hilft, Resonanzen zu kontrollieren und tr\u00e4gt zum unverwechselbaren Klang des Lautsprechers bei. Der Monitor 30.1 verf\u00fcgt \u00fcber einen 25-mm-Weichkalotten-Hocht\u00f6ner und einen 8-Zoll-Mittel-\/Tieft\u00f6ner aus der von Harbeth entwickelten RADIAL-Mischung. Diese Kombination gew\u00e4hrleistet eine sanfte und kontrollierte Wiedergabe \u00fcber den gesamten Frequenzbereich. Obwohl der Bass nicht der tiefste ist, ist er straff und gut definiert und tr\u00e4gt zu einer koh\u00e4renten und musikalischen Pr\u00e4sentation bei. Der Lautsprecher funktioniert optimal, wenn er auf St\u00e4ndern aufgestellt wird, vorzugsweise in Ohrh\u00f6he und in einiger Entfernung von den W\u00e4nden, um die r\u00e4umliche Wiedergabe zu maximieren. Mit seinem zeitlosen Design und der hochwertigen Verarbeitung f\u00fcgt sich der Harbeth Monitor 30.1 m\u00fchelos in verschiedene Interieurs ein und bietet dem anspruchsvollen Musikliebhaber lang anhaltenden H\u00f6rgenuss.        <\/span><\/div>\n<div class=\"specification-item row-header\"><span class=\"spec-content\"><strong>Hintergrundinformationen<\/strong><\/span><\/div>\n<div class=\"specification-item row-even\"><span class=\"spec-content\">Der Harbeth M30.1 ist ein Lautsprecher, der aus der Forschung der BBC hervorgegangen ist und von Alan Shaw weiterentwickelt wurde. Er verwendet den propriet\u00e4ren RADIAL2\u2122-Mittel-\/Tieft\u00f6ner, der im eigenen Haus entwickelt wurde und f\u00fcr beispiellose Klarheit sorgt. Das Geh\u00e4use ist d\u00fcnnwandig und locker ged\u00e4mpft, was zu einem nat\u00fcrlichen Klang beitr\u00e4gt. Komponenten wie die interne Verkabelung und Frequenzweichenfilter werden sorgf\u00e4ltig ausgew\u00e4hlt. Alles wird in England handgefertigt.    <\/span><\/div>\n<div class=\"specification-item row-header\"><span class=\"spec-content\"><strong>Geschichte der Marke<\/strong><\/span><\/div>\n<div class=\"specification-item row-even\"><span class=\"spec-content\">Harbeth wurde 1977 von Dudley Harwood, einem ehemaligen Ingenieur der BBC, gegr\u00fcndet und ist f\u00fcr seine hochwertigen Lautsprecher bekannt. Der Name der Marke ist eine Verschmelzung von Harwood und dem Namen seiner Frau Elizabeth. Harwood f\u00fchrte die Polypropylenmembran ein, eine Innovation, die die Lautsprecherindustrie ver\u00e4nderte, da sie einen besseren Frequenzgang und weniger Verzerrungen als herk\u00f6mmliche Papiermembranen bietet.  <\/p>\n<p>Im Jahr 1986 \u00fcbernahm Alan Shaw das Unternehmen, was zu einer weiteren Expansion und Verfeinerung der Produktpalette f\u00fchrte. Shaw blieb der Philosophie der nat\u00fcrlichen Klangwiedergabe treu, die Harbeth zu einem Favoriten unter Audiophilen machte. Die Partnerschaft mit der BBC st\u00e4rkte den Ruf des Unternehmens, und Modelle wie der Monitor 40 wurden in professionellen Umgebungen eingesetzt.  <\/p>\n<p>Eine wichtige Entwicklung war die Einf\u00fchrung der RADIAL\u2122-Technologie in den 1990er Jahren, ein propriet\u00e4res Kunststoffmaterial, das die Leistung der Lautsprecher erheblich verbesserte. Harbeth stellt weiterhin Lautsprecher in Handarbeit in England her und legt dabei gro\u00dfen Wert auf Qualit\u00e4t und Details. Heute wird die Marke weltweit f\u00fcr ihre originalgetreue Klangwiedergabe respektiert. Dabei bleibt sie ihren Wurzeln treu und stellt mit kleinen Produktionskapazit\u00e4ten hohe Qualit\u00e4tsstandards sicher.  <\/span><\/div>\n<\/div>\n","protected":false},"excerpt":{"rendered":"<p>Beschreibung Freakuence! Wundersch\u00f6ne, helle Harbeth. Monitore mit einem warmen, aber nat\u00fcrlichen Mitteltonbereich. Sehr angenehm. Details Mit ma\u00dfgefertigten St\u00e4ndern Sie suchen ein anderes Modell aus der aktuellen Serie der Marke? Schicken Sie uns eine Nachricht! Wir m\u00f6chten, dass es Spa\u00df macht. Allgemeine Beschreibung Der Harbeth Monitor 30.1 ist ein kompakter Zwei-Wege-Lautsprecher, der f\u00fcr seine nat\u00fcrliche und [&hellip;]<\/p>\n","protected":false},"featured_media":373126,"template":"","meta":{"_acf_changed":false,"inline_featured_image":false},"product_brand":[],"product_cat":[542],"product_tag":[534],"class_list":{"0":"post-325727","1":"product","2":"type-product","3":"status-publish","4":"has-post-thumbnail","6":"product_cat-redner","7":"product_tag-benutzt","8":"pa_kleur-schwarz","10":"first","11":"instock","12":"sold-individually","13":"purchasable","14":"product-type-simple"},"acf":{"website":true,"show_on_homepage":false,"brand_title":"Harbeth","product_type":"30.1","color":"Schwarz","subcolor":"","reserved_status":"0"},"_links":{"self":[{"href":"https:\/\/dev.freakuence.nl\/de\/wp-json\/wp\/v2\/product\/325727","targetHints":{"allow":["GET"]}}],"collection":[{"href":"https:\/\/dev.freakuence.nl\/de\/wp-json\/wp\/v2\/product"}],"about":[{"href":"https:\/\/dev.freakuence.nl\/de\/wp-json\/wp\/v2\/types\/product"}],"wp:featuredmedia":[{"embeddable":true,"href":"https:\/\/dev.freakuence.nl\/de\/wp-json\/wp\/v2\/media\/373126"}],"wp:attachment":[{"href":"https:\/\/dev.freakuence.nl\/de\/wp-json\/wp\/v2\/media?parent=325727"}],"wp:term":[{"taxonomy":"product_brand","embeddable":true,"href":"https:\/\/dev.freakuence.nl\/de\/wp-json\/wp\/v2\/product_brand?post=325727"},{"taxonomy":"product_cat","embeddable":true,"href":"https:\/\/dev.freakuence.nl\/de\/wp-json\/wp\/v2\/product_cat?post=325727"},{"taxonomy":"product_tag","embeddable":true,"href":"https:\/\/dev.freakuence.nl\/de\/wp-json\/wp\/v2\/product_tag?post=325727"}],"curies":[{"name":"wp","href":"https:\/\/api.w.org\/{rel}","templated":true}]}}