{"id":325792,"date":"2025-12-10T15:57:08","date_gmt":"2025-12-10T14:57:08","guid":{"rendered":"https:\/\/freakuence.nl\/product\/gato-audio-fm50\/"},"modified":"2026-02-25T18:48:52","modified_gmt":"2026-02-25T17:48:52","slug":"gato-audio-fm50","status":"publish","type":"product","link":"https:\/\/dev.freakuence.nl\/de\/produkt\/gato-audio-fm50\/","title":{"rendered":"Gato Audio FM50"},"content":{"rendered":"<div class=\"product-specifications-list\">\n<div class=\"specification-item row-header\"><span class=\"spec-content\"><strong>Beschreibung Freakuence!<\/strong><\/span><\/div>\n<div class=\"specification-item row-even\"><span class=\"spec-content\">Diese Lautsprecher erwecken Titel mit einer Klarheit und Detailtreue zum Leben, die man nicht oft sieht. Die H\u00f6hen sind funkelnd und die Mitten sind voll und satt. Selbst bei h\u00f6heren Lautst\u00e4rken bleibt alles straff und kontrolliert. Ein Genuss f\u00fcr das Ohr!   <\/span><\/div>\n<div class=\"specification-item row-odd\"><span class=\"spec-content\">Ladenpreis: 6.995,00<\/span><\/div>\n<div class=\"specification-item row-header\"><span class=\"spec-content\"><strong>Allgemeine Beschreibung<\/strong><\/span><\/div>\n<div class=\"specification-item row-even\"><span class=\"spec-content\">Der Gato Audio FM50 ist ein Drei-Wege-Standlautsprecher, der f\u00fcr seine beeindruckende Dynamik und pr\u00e4zise Klangwiedergabe bekannt ist. Mit zwei 6-Zoll-Tieft\u00f6nern und einem 50-Liter-Geh\u00e4usevolumen bietet dieser Lautsprecher eine straffe Basswiedergabe, einen detaillierten und dynamischen Mitteltonbereich und einen klaren, resonanzfreien Hochtonbereich.  <\/p>\n<p>Das Design des FM50 zielt darauf ab, einen &#8218;Klangbildprojektor&#8216; zu schaffen, der den H\u00f6rer in die Atmosph\u00e4re und Energie der Originalaufnahme versetzt. Der Lautsprecher verf\u00fcgt \u00fcber ma\u00dfgeschneiderte Treiber, die in Zusammenarbeit mit f\u00fchrenden d\u00e4nischen Schallwandler-Ingenieuren entwickelt wurden und f\u00fcr eine koh\u00e4rente und pr\u00e4zise Klangwiedergabe sorgen.  <\/p>\n<p>Das Geh\u00e4use verwendet die FusedMASS-Technologie, bei der verschiedene Materialien in Schichten laminiert werden, um die interne D\u00e4mpfung zu erh\u00f6hen und Resonanzen zu minimieren. Die PurePHASE-Frequenzweichentechnologie gew\u00e4hrleistet eine pr\u00e4zise Phasenkontrolle und eine breite, lineare Klangabstrahlung.  <\/p>\n<p>Ein bemerkenswertes Merkmal des FM50 ist die M\u00f6glichkeit, die Klangausgabe an pers\u00f6nliche Vorlieben und den H\u00f6rraum anzupassen. So kann der H\u00f6rer den Lautsprecher an seinen Geschmack und seine Umgebung anpassen, ohne dass der Klang an Detailreichtum verliert. <\/span><\/div>\n<div class=\"specification-item row-header\"><span class=\"spec-content\"><strong>Hintergrundinformationen<\/strong><\/span><\/div>\n<div class=\"specification-item row-even\"><span class=\"spec-content\">Der Gato Audio FM50 ist ein High-End-Standlautsprecher, der in D\u00e4nemark entwickelt und hergestellt wird. Die Designer Frederik Johansen und Otto Hejne arbeiteten nach einer Philosophie der akustischen Perfektion und \u00c4sthetik. Das Geh\u00e4use ist handgefertigt und besteht aus mehreren Schichten MDF mit gebogenen Formen, um interne Reflexionen zu minimieren. Die interne Verkabelung ist von hoher Qualit\u00e4t, und alle verwendeten Komponenten &#8211; wie die SEAS-Treiber &#8211; wurden sorgf\u00e4ltig ausgew\u00e4hlt. Jeder Lautsprecher wird in D\u00e4nemark zusammengebaut, wobei der Schwerpunkt auf Pr\u00e4zision und Langlebigkeit liegt.    <\/span><\/div>\n<div class=\"specification-item row-header\"><span class=\"spec-content\"><strong>Geschichte der Marke<\/strong><\/span><\/div>\n<div class=\"specification-item row-even\"><span class=\"spec-content\">Gato Audio wurde in D\u00e4nemark gegr\u00fcndet und konzentriert sich auf die Entwicklung und Herstellung hochwertiger Audioger\u00e4te. Die Marke ist bekannt f\u00fcr den Einsatz speziell entwickelter Technologien, darunter die TwinFET-Technologie in ihren Verst\u00e4rkern, die Rauschen und Verzerrungen bei der Signal\u00fcbertragung reduziert. Dies tr\u00e4gt zur pr\u00e4zisen Wiedergabe der Klangqualit\u00e4t in ihren Ger\u00e4ten bei. Alle Produkte werden in D\u00e4nemark entworfen und hergestellt, was der Marke eine sorgf\u00e4ltige Auswahl der Materialien und Oberfl\u00e4chen erm\u00f6glicht.    Die Verst\u00e4rker und Lautsprecher sind aus Materialien wie laminiertem Holz und speziell entwickelten Treibern gefertigt, die \u00c4sthetik und Leistung f\u00fcr ein kompaktes und dennoch kraftvolles Klangerlebnis vereinen.  <\/p>\n<p>Die in verschiedenen Konfigurationen erh\u00e4ltlichen Produkte sind auf spezifische Audioanwendungen zugeschnitten, die von der Heimeinrichtung bis hin zu professionellen Anwendungen reichen.<\/span><\/div>\n<\/div>\n","protected":false},"excerpt":{"rendered":"<p>Beschreibung Freakuence! Diese Lautsprecher erwecken Titel mit einer Klarheit und Detailtreue zum Leben, die man nicht oft sieht. Die H\u00f6hen sind funkelnd und die Mitten sind voll und satt. Selbst bei h\u00f6heren Lautst\u00e4rken bleibt alles straff und kontrolliert. Ein Genuss f\u00fcr das Ohr! Ladenpreis: 6.995,00 Allgemeine Beschreibung Der Gato Audio FM50 ist ein Drei-Wege-Standlautsprecher, der [&hellip;]<\/p>\n","protected":false},"featured_media":357185,"template":"","meta":{"_acf_changed":false,"inline_featured_image":false},"product_brand":[],"product_cat":[542],"product_tag":[534],"class_list":{"0":"post-325792","1":"product","2":"type-product","3":"status-publish","4":"has-post-thumbnail","6":"product_cat-redner","7":"product_tag-benutzt","8":"pa_kleur-braun","10":"first","11":"outofstock","12":"sold-individually","13":"purchasable","14":"product-type-simple"},"acf":{"website":true,"show_on_homepage":false,"brand_title":"Gato Audio","product_type":"FM50","color":"Braun","subcolor":"","reserved_status":"1"},"_links":{"self":[{"href":"https:\/\/dev.freakuence.nl\/de\/wp-json\/wp\/v2\/product\/325792","targetHints":{"allow":["GET"]}}],"collection":[{"href":"https:\/\/dev.freakuence.nl\/de\/wp-json\/wp\/v2\/product"}],"about":[{"href":"https:\/\/dev.freakuence.nl\/de\/wp-json\/wp\/v2\/types\/product"}],"wp:featuredmedia":[{"embeddable":true,"href":"https:\/\/dev.freakuence.nl\/de\/wp-json\/wp\/v2\/media\/357185"}],"wp:attachment":[{"href":"https:\/\/dev.freakuence.nl\/de\/wp-json\/wp\/v2\/media?parent=325792"}],"wp:term":[{"taxonomy":"product_brand","embeddable":true,"href":"https:\/\/dev.freakuence.nl\/de\/wp-json\/wp\/v2\/product_brand?post=325792"},{"taxonomy":"product_cat","embeddable":true,"href":"https:\/\/dev.freakuence.nl\/de\/wp-json\/wp\/v2\/product_cat?post=325792"},{"taxonomy":"product_tag","embeddable":true,"href":"https:\/\/dev.freakuence.nl\/de\/wp-json\/wp\/v2\/product_tag?post=325792"}],"curies":[{"name":"wp","href":"https:\/\/api.w.org\/{rel}","templated":true}]}}