{"id":325795,"date":"2025-12-10T16:06:26","date_gmt":"2025-12-10T15:06:26","guid":{"rendered":"https:\/\/freakuence.nl\/product\/q-akustik-q-aktiv-200\/"},"modified":"2026-04-08T20:13:45","modified_gmt":"2026-04-08T18:13:45","slug":"q-akustik-q-aktiv-200","status":"publish","type":"product","link":"https:\/\/dev.freakuence.nl\/de\/produkt\/q-akustik-q-aktiv-200\/","title":{"rendered":"Q Akustik Q Aktiv 200"},"content":{"rendered":"<div class=\"product-specifications-list\">\n<div class=\"specification-item row-header\"><span class=\"spec-content\"><strong>Beschreibung Freakuence!<\/strong><\/span><\/div>\n<div class=\"specification-item row-even\"><span class=\"spec-content\">Das sieht cool aus, Leute! Ein leistungsstarkes Set. Sie k\u00f6nnen es gut an die Wand h\u00e4ngen, aber wenn Sie es frei h\u00e4ngen lassen, werden die mittleren Frequenzen sehr frei h\u00e4ngen. Coole Sache!   <\/span><\/div>\n<div class=\"specification-item row-odd\"><span class=\"spec-content\">Ladenpreis: 1999.00<\/span><\/div>\n<div class=\"specification-item row-header\"><span class=\"spec-content\"><strong>Details<\/strong><\/span><\/div>\n<div class=\"specification-item row-even\"><span class=\"spec-content\">Auf den optionalen St\u00e4ndern. Mit HUB! <\/span><\/div>\n<div class=\"specification-item row-header\"><span class=\"spec-content\"><strong>Allgemeine Beschreibung<\/strong><\/span><\/div>\n<div class=\"specification-item row-even\"><span class=\"spec-content\">Der Q Acoustics Q Active 200 ist ein aktiver Lautsprecher, der Flexibilit\u00e4t und Benutzerfreundlichkeit vereint. Ein kabelloser Control Hub erm\u00f6glicht den Anschluss verschiedener Quellen, wie Bluetooth, Apple AirPlay 2, Roon und Spotify Connect. F\u00fcr kabelgebundene Verbindungen bietet der Hub HDMI ARC, optische und analoge Eing\u00e4nge sowie einen integrierten Phono-Vorverst\u00e4rker f\u00fcr Plattenspieler.  <\/span><\/div>\n<div class=\"specification-item row-odd\"><span class=\"spec-content\">Die Lautsprecher sind mit Balanced Mode Radiator (BMR)-Treibern in einer versetzten Konfiguration ausgestattet, die eine breite Klangabstrahlung und einen gro\u00dfen H\u00f6rbereich gew\u00e4hrleisten. Unabh\u00e4ngig von Ihrer Position im Raum werden Sie einen satten und detaillierten Klang erleben. <\/span><\/div>\n<div class=\"specification-item row-even\"><span class=\"spec-content\">Das Design des Q Active 200 ist sowohl funktional als auch \u00e4sthetisch. Die optionalen Tensegrity-St\u00e4nder minimieren unerw\u00fcnschte Vibrationen und tragen zu einem reineren Klang bei. <\/span><\/div>\n<div class=\"specification-item row-odd\"><span class=\"spec-content\">Mit dem Q Active 200 erhalten Sie einen vielseitigen Lautsprecher, der sich f\u00fcr eine Vielzahl von H\u00f6rumgebungen und Musikgeschm\u00e4ckern eignet.<\/span><\/div>\n<div class=\"specification-item row-header\"><span class=\"spec-content\"><strong>Hintergrundinformationen<\/strong><\/span><\/div>\n<div class=\"specification-item row-even\"><span class=\"spec-content\">Der Q Active 200 wurde von dem Team hinter Q Acoustics entworfen, das f\u00fcr seine akustische Leistung und sein innovatives Design bekannt ist. Diese Aktivlautsprecher wurden vollst\u00e4ndig im eigenen Haus entwickelt, wobei der Schwerpunkt auf Neutralit\u00e4t, Detailtreue und einer breiten Klangb\u00fchne liegt. Sie verwenden BMR-Treiber f\u00fcr eine gleichm\u00e4\u00dfige Abstrahlung und einen leistungsstarken Subwoofer in einem ausgekl\u00fcgelten Geh\u00e4use. Die Materialien wurden sorgf\u00e4ltig ausgew\u00e4hlt: massive MDF-Geh\u00e4use und akustisch d\u00e4mpfendes Material im Inneren.   <\/span><\/div>\n<div class=\"specification-item row-header\"><span class=\"spec-content\"><strong>Geschichte der Marke<\/strong><\/span><\/div>\n<div class=\"specification-item row-even\"><span class=\"spec-content\">Q Acoustics wurde 2006 in Gro\u00dfbritannien gegr\u00fcndet. Die Marke stellte ihre erste Lautsprecherserie, die 1000er Serie, im Jahr der Gr\u00fcndung vor. Die 2000er Serie folgte 2009 und 2011 brachte die Marke ihren Nachfolger, die 2000i Serie, heraus. Im Jahr 2015 stellte Q Acoustics die Concept 40 Standlautsprecher und die Concept Sub-Linie vor. Im Jahr 2017 folgte das Flaggschiffmodell dieser Serie: das Concept 500. 2019 brachte Q Acoustics die 3000i Serie als Erweiterung der 2015 eingef\u00fchrten 3000er Serie heraus. Im Jahr 2021 deb\u00fctierte die M20 HD, eine Reihe von kabellosen Lautsprechern. Im Jahr 2022 kam der Standlautsprecher Concept 50 auf den Markt, zusammen mit anderen Modellen der Concept-Serie. Q Acoustics vertreibt seine Produkte unter anderem in Europa, Nordamerika und Asien.        <\/span><\/div>\n<\/div>\n","protected":false},"excerpt":{"rendered":"<p>Beschreibung Freakuence! Das sieht cool aus, Leute! Ein leistungsstarkes Set. Sie k\u00f6nnen es gut an die Wand h\u00e4ngen, aber wenn Sie es frei h\u00e4ngen lassen, werden die mittleren Frequenzen sehr frei h\u00e4ngen. Coole Sache! Ladenpreis: 1999.00 Details Auf den optionalen St\u00e4ndern. Mit HUB! Allgemeine Beschreibung Der Q Acoustics Q Active 200 ist ein aktiver Lautsprecher, [&hellip;]<\/p>\n","protected":false},"featured_media":385929,"template":"","meta":{"_acf_changed":false,"inline_featured_image":false},"product_brand":[],"product_cat":[734,542],"product_tag":[534],"class_list":{"0":"post-325795","1":"product","2":"type-product","3":"status-publish","4":"has-post-thumbnail","6":"product_cat-aktive-lautsprecher","7":"product_cat-redner","8":"product_tag-benutzt","9":"pa_kleur-schwarz","11":"first","12":"instock","13":"sold-individually","14":"purchasable","15":"product-type-simple"},"acf":{"website":true,"show_on_homepage":false,"brand_title":"Q Acoustics ","product_type":"Q Active 200","color":"Schwarz","subcolor":"","reserved_status":"0"},"_links":{"self":[{"href":"https:\/\/dev.freakuence.nl\/de\/wp-json\/wp\/v2\/product\/325795","targetHints":{"allow":["GET"]}}],"collection":[{"href":"https:\/\/dev.freakuence.nl\/de\/wp-json\/wp\/v2\/product"}],"about":[{"href":"https:\/\/dev.freakuence.nl\/de\/wp-json\/wp\/v2\/types\/product"}],"wp:featuredmedia":[{"embeddable":true,"href":"https:\/\/dev.freakuence.nl\/de\/wp-json\/wp\/v2\/media\/385929"}],"wp:attachment":[{"href":"https:\/\/dev.freakuence.nl\/de\/wp-json\/wp\/v2\/media?parent=325795"}],"wp:term":[{"taxonomy":"product_brand","embeddable":true,"href":"https:\/\/dev.freakuence.nl\/de\/wp-json\/wp\/v2\/product_brand?post=325795"},{"taxonomy":"product_cat","embeddable":true,"href":"https:\/\/dev.freakuence.nl\/de\/wp-json\/wp\/v2\/product_cat?post=325795"},{"taxonomy":"product_tag","embeddable":true,"href":"https:\/\/dev.freakuence.nl\/de\/wp-json\/wp\/v2\/product_tag?post=325795"}],"curies":[{"name":"wp","href":"https:\/\/api.w.org\/{rel}","templated":true}]}}