{"id":325817,"date":"2025-12-05T11:43:23","date_gmt":"2025-12-05T10:43:23","guid":{"rendered":"https:\/\/freakuence.nl\/product\/audioquest-golden-holes-3-5mm3-5mm-miniklinke-150cm-2\/"},"modified":"2026-04-08T19:55:15","modified_gmt":"2026-04-08T17:55:15","slug":"audioquest-golden-holes-3-5mm3-5mm-miniklinke-150cm-2","status":"publish","type":"product","link":"https:\/\/dev.freakuence.nl\/de\/produkt\/audioquest-golden-holes-3-5mm3-5mm-miniklinke-150cm-2\/","title":{"rendered":"AudioQuest Golden Holes 3.5mm3.5mm Miniklinke 150cm"},"content":{"rendered":"<div class=\"product-specifications-list\">\n<div class=\"specification-item row-header\"><span class=\"spec-content\"><strong>Beschreibung Freakuence!<\/strong><\/span><\/div>\n<div class=\"specification-item row-even\"><span class=\"spec-content\">Das Kabel verwendet &#8218;Perfect-Surface Copper&#8216;-Leiter (PSC), die f\u00fcr einen klaren und polierten Klang sorgen. Die asymmetrische, doppelt symmetrische Konstruktion tr\u00e4gt zu einer offenen und transparenten Wiedergabe bei. Die kaltgeschwei\u00dften, vergoldeten RCA-Stecker sorgen f\u00fcr eine zuverl\u00e4ssige Verbindung.  <\/span><\/div>\n<div class=\"specification-item row-odd\"><span class=\"spec-content\">Ladenpreis: 139.00<\/span><\/div>\n<div class=\"specification-item row-header\"><span class=\"spec-content\"><strong>Allgemeine Beschreibung<\/strong><\/span><\/div>\n<div class=\"specification-item row-even\"><span class=\"spec-content\">Das AudioQuest Golden Gate 3,5-mm-Miniklinkenkabel mit einer L\u00e4nge von 150 cm ist f\u00fcr alle gedacht, die Wert auf eine klare und dynamische Klangwiedergabe legen. Mit seiner flexiblen Konstruktion und der hochwertigen Verarbeitung eignet sich dieses Kabel sowohl f\u00fcr den Heimgebrauch als auch f\u00fcr unterwegs. <\/span><\/div>\n<div class=\"specification-item row-header\"><span class=\"spec-content\"><strong>Hintergrundinformationen<\/strong><\/span><\/div>\n<div class=\"specification-item row-even\"><span class=\"spec-content\">Das AudioQuest Golden Gate 3,5-mm-auf-3,5-mm-Miniklinkenkabel ist Teil der Bridges &amp; Falls-Serie und wurde nach der Philosophie der minimalen Signalverzerrung entwickelt. Der Designer Joe Harley w\u00e4hlte PSC+ (Perfect-Surface Copper Plus) Leiter f\u00fcr eine optimale Signal\u00fcbertragung. Das Kabel hat eine dreifach symmetrische Geometrie und verf\u00fcgt \u00fcber kaltgeschwei\u00dfte, vergoldete Stecker. Die Isolierung besteht aus Polyethylenschaum, der Verzerrungen und Signalverluste verhindert.   <\/span><\/div>\n<div class=\"specification-item row-header\"><span class=\"spec-content\"><strong>Geschichte der Marke<\/strong><\/span><\/div>\n<div class=\"specification-item row-even\"><span class=\"spec-content\">AudioQuest wurde 1980 von William E. Low in Kalifornien, USA, gegr\u00fcndet. Die Marke begann mit der manuellen Konfektionierung von Kabeln nach speziellen Designmethoden, die auf der Minimierung von Verzerrungen basieren. Seitdem hat AudioQuest eine Produktlinie entwickelt, die Interlink-Kabel, Lautsprecherkabel, Digital- und Netzwerkkabel, Netzprodukte und tragbares Zubeh\u00f6r umfasst. Das Unternehmen hat von Anfang an auf die Verwendung von gerichteten Kabeln und massiven Leitern gesetzt. Im Jahr 2012 stellte AudioQuest den DragonFly vor, einen USB-DAC. Die Produktentwicklung findet in den Vereinigten Staaten statt, w\u00e4hrend die Produktion teilweise in China und anderswo erfolgt. AudioQuest verfolgt eine Philosophie, bei der Materialauswahl, Geometrie und Verarbeitung einen direkten Einfluss auf die Leistung der Kabel haben.      <\/span><\/div>\n<\/div>\n","protected":false},"excerpt":{"rendered":"<p>Beschreibung Freakuence! Das Kabel verwendet &#8218;Perfect-Surface Copper&#8216;-Leiter (PSC), die f\u00fcr einen klaren und polierten Klang sorgen. Die asymmetrische, doppelt symmetrische Konstruktion tr\u00e4gt zu einer offenen und transparenten Wiedergabe bei. Die kaltgeschwei\u00dften, vergoldeten RCA-Stecker sorgen f\u00fcr eine zuverl\u00e4ssige Verbindung. Ladenpreis: 139.00 Allgemeine Beschreibung Das AudioQuest Golden Gate 3,5-mm-Miniklinkenkabel mit einer L\u00e4nge von 150 cm ist f\u00fcr [&hellip;]<\/p>\n","protected":false},"featured_media":385440,"template":"","meta":{"_acf_changed":false,"inline_featured_image":false},"product_brand":[],"product_cat":[345],"product_tag":[534],"class_list":{"0":"post-325817","1":"product","2":"type-product","3":"status-publish","4":"has-post-thumbnail","6":"product_cat-speakers","7":"product_tag-benutzt","9":"first","10":"instock","11":"sold-individually","12":"purchasable","13":"product-type-simple"},"acf":{"website":true,"show_on_homepage":false,"brand_title":"AudioQuest","product_type":"Golden Gaten 3.5mm<>3.5mm mini-jack 150cm","color":"","subcolor":"","reserved_status":"0"},"yoast_head":"<!-- This site is optimized with the Yoast SEO plugin v25.9 - https:\/\/yoast.com\/wordpress\/plugins\/seo\/ -->\n<title>AudioQuest Golden Holes 3.5mm3.5mm Miniklinke 150cm | Freakuence!<\/title>\n<meta name=\"description\" content=\"AudioQuest Golden Gate 3,5mm Miniklinkenkabel 150cm mit Perfect Surface Kupferleitern f\u00fcr klaren und r\u00e4umlichen Klang. \u2713 Neue &amp; gebrauchte HiFi-Ger\u00e4te \u2713 Kundenbewertung: 4.9 von 5 \u2713 Inzahlungnahme \u2713 H\u00f6rprobe\" \/>\n<meta name=\"robots\" content=\"noindex, follow, max-snippet:-1, max-image-preview:large, max-video-preview:-1\" \/>\n<meta property=\"og:locale\" content=\"de_DE\" \/>\n<meta property=\"og:type\" content=\"article\" \/>\n<meta property=\"og:title\" content=\"AudioQuest Golden Holes 3.5mm3.5mm Miniklinke 150cm | Freakuence!\" \/>\n<meta property=\"og:description\" content=\"AudioQuest Golden Gate 3,5mm Miniklinkenkabel 150cm mit Perfect Surface Kupferleitern f\u00fcr klaren und r\u00e4umlichen Klang. \u2713 Neue &amp; gebrauchte HiFi-Ger\u00e4te \u2713 Kundenbewertung: 4.9 von 5 \u2713 Inzahlungnahme \u2713 H\u00f6rprobe\" \/>\n<meta property=\"og:url\" content=\"https:\/\/dev.freakuence.nl\/de\/produkt\/audioquest-golden-holes-3-5mm3-5mm-miniklinke-150cm-2\/\" \/>\n<meta property=\"og:site_name\" content=\"Freakuence!\" \/>\n<meta property=\"article:modified_time\" content=\"2026-04-08T17:55:15+00:00\" \/>\n<meta property=\"og:image\" content=\"https:\/\/dev.freakuence.nl\/wp-content\/uploads\/2026\/04\/17649313972674-18465-IMG6916.jpg\" \/>\n\t<meta property=\"og:image:width\" content=\"1800\" \/>\n\t<meta property=\"og:image:height\" content=\"1200\" \/>\n\t<meta property=\"og:image:type\" content=\"image\/jpeg\" \/>\n<meta name=\"twitter:card\" content=\"summary_large_image\" \/>\n<script type=\"application\/ld+json\" class=\"yoast-schema-graph\">{\"@context\":\"https:\/\/schema.org\",\"@graph\":[{\"@type\":\"WebPage\",\"@id\":\"https:\/\/dev.freakuence.nl\/de\/produkt\/audioquest-golden-holes-3-5mm3-5mm-miniklinke-150cm-2\/\",\"url\":\"https:\/\/dev.freakuence.nl\/de\/produkt\/audioquest-golden-holes-3-5mm3-5mm-miniklinke-150cm-2\/\",\"name\":\"AudioQuest Golden Holes 3.5mm3.5mm Miniklinke 150cm | Freakuence!\",\"isPartOf\":{\"@id\":\"https:\/\/dev.freakuence.nl\/de\/#website\"},\"primaryImageOfPage\":{\"@id\":\"https:\/\/dev.freakuence.nl\/de\/produkt\/audioquest-golden-holes-3-5mm3-5mm-miniklinke-150cm-2\/#primaryimage\"},\"image\":{\"@id\":\"https:\/\/dev.freakuence.nl\/de\/produkt\/audioquest-golden-holes-3-5mm3-5mm-miniklinke-150cm-2\/#primaryimage\"},\"thumbnailUrl\":\"https:\/\/dev.freakuence.nl\/wp-content\/uploads\/2026\/04\/17649313972674-18465-IMG6916.jpg\",\"datePublished\":\"2025-12-05T10:43:23+00:00\",\"dateModified\":\"2026-04-08T17:55:15+00:00\",\"description\":\"AudioQuest Golden Gate 3,5mm Miniklinkenkabel 150cm mit Perfect Surface Kupferleitern f\u00fcr klaren und r\u00e4umlichen Klang. \u2713 Neue & gebrauchte HiFi-Ger\u00e4te \u2713 Kundenbewertung: 4.9 von 5 \u2713 Inzahlungnahme \u2713 H\u00f6rprobe\",\"breadcrumb\":{\"@id\":\"https:\/\/dev.freakuence.nl\/de\/produkt\/audioquest-golden-holes-3-5mm3-5mm-miniklinke-150cm-2\/#breadcrumb\"},\"inLanguage\":\"de\",\"potentialAction\":[{\"@type\":\"ReadAction\",\"target\":[\"https:\/\/dev.freakuence.nl\/de\/produkt\/audioquest-golden-holes-3-5mm3-5mm-miniklinke-150cm-2\/\"]}]},{\"@type\":\"ImageObject\",\"inLanguage\":\"de\",\"@id\":\"https:\/\/dev.freakuence.nl\/de\/produkt\/audioquest-golden-holes-3-5mm3-5mm-miniklinke-150cm-2\/#primaryimage\",\"url\":\"https:\/\/dev.freakuence.nl\/wp-content\/uploads\/2026\/04\/17649313972674-18465-IMG6916.jpg\",\"contentUrl\":\"https:\/\/dev.freakuence.nl\/wp-content\/uploads\/2026\/04\/17649313972674-18465-IMG6916.jpg\",\"width\":1800,\"height\":1200},{\"@type\":\"BreadcrumbList\",\"@id\":\"https:\/\/dev.freakuence.nl\/de\/produkt\/audioquest-golden-holes-3-5mm3-5mm-miniklinke-150cm-2\/#breadcrumb\",\"itemListElement\":[{\"@type\":\"ListItem\",\"position\":1,\"name\":\"Startseite\",\"item\":\"https:\/\/dev.freakuence.nl\/de\/\"},{\"@type\":\"ListItem\",\"position\":2,\"name\":\"Produkte\",\"item\":\"https:\/\/dev.freakuence.nl\/de\/produkte\/\"},{\"@type\":\"ListItem\",\"position\":3,\"name\":\"AudioQuest Golden Gaten 3.5mm&lt;&gt;3.5mm mini-jack 150cm\"}]},{\"@type\":\"WebSite\",\"@id\":\"https:\/\/dev.freakuence.nl\/de\/#website\",\"url\":\"https:\/\/dev.freakuence.nl\/de\/\",\"name\":\"Freakuence!\",\"description\":\"Freakuence!\",\"publisher\":{\"@id\":\"https:\/\/dev.freakuence.nl\/de\/#organization\"},\"alternateName\":\"Freakuence\",\"potentialAction\":[{\"@type\":\"SearchAction\",\"target\":{\"@type\":\"EntryPoint\",\"urlTemplate\":\"https:\/\/dev.freakuence.nl\/de\/?s={search_term_string}\"},\"query-input\":{\"@type\":\"PropertyValueSpecification\",\"valueRequired\":true,\"valueName\":\"search_term_string\"}}],\"inLanguage\":\"de\"},{\"@type\":\"Organization\",\"@id\":\"https:\/\/dev.freakuence.nl\/de\/#organization\",\"name\":\"Freakuence!\",\"url\":\"https:\/\/dev.freakuence.nl\/de\/\",\"logo\":{\"@type\":\"ImageObject\",\"inLanguage\":\"de\",\"@id\":\"https:\/\/dev.freakuence.nl\/de\/#\/schema\/logo\/image\/\",\"url\":\"https:\/\/dev.freakuence.nl\/wp-content\/uploads\/2022\/05\/Brown_3_RGB_Freakuence-1.png\",\"contentUrl\":\"https:\/\/dev.freakuence.nl\/wp-content\/uploads\/2022\/05\/Brown_3_RGB_Freakuence-1.png\",\"width\":2560,\"height\":684,\"caption\":\"Freakuence!\"},\"image\":{\"@id\":\"https:\/\/dev.freakuence.nl\/de\/#\/schema\/logo\/image\/\"},\"sameAs\":[\"https:\/\/www.instagram.com\/freakuence_notorious_audio\/\"]}]}<\/script>\n<!-- \/ Yoast SEO plugin. -->","yoast_head_json":{"title":"AudioQuest Golden Holes 3.5mm3.5mm Miniklinke 150cm | Freakuence!","description":"AudioQuest Golden Gate 3,5mm Miniklinkenkabel 150cm mit Perfect Surface Kupferleitern f\u00fcr klaren und r\u00e4umlichen Klang. \u2713 Neue & gebrauchte HiFi-Ger\u00e4te \u2713 Kundenbewertung: 4.9 von 5 \u2713 Inzahlungnahme \u2713 H\u00f6rprobe","robots":{"index":"noindex","follow":"follow","max-snippet":"max-snippet:-1","max-image-preview":"max-image-preview:large","max-video-preview":"max-video-preview:-1"},"og_locale":"de_DE","og_type":"article","og_title":"AudioQuest Golden Holes 3.5mm3.5mm Miniklinke 150cm | Freakuence!","og_description":"AudioQuest Golden Gate 3,5mm Miniklinkenkabel 150cm mit Perfect Surface Kupferleitern f\u00fcr klaren und r\u00e4umlichen Klang. \u2713 Neue & gebrauchte HiFi-Ger\u00e4te \u2713 Kundenbewertung: 4.9 von 5 \u2713 Inzahlungnahme \u2713 H\u00f6rprobe","og_url":"https:\/\/dev.freakuence.nl\/de\/produkt\/audioquest-golden-holes-3-5mm3-5mm-miniklinke-150cm-2\/","og_site_name":"Freakuence!","article_modified_time":"2026-04-08T17:55:15+00:00","og_image":[{"width":1800,"height":1200,"url":"https:\/\/dev.freakuence.nl\/wp-content\/uploads\/2026\/04\/17649313972674-18465-IMG6916.jpg","type":"image\/jpeg"}],"twitter_card":"summary_large_image","schema":{"@context":"https:\/\/schema.org","@graph":[{"@type":"WebPage","@id":"https:\/\/dev.freakuence.nl\/de\/produkt\/audioquest-golden-holes-3-5mm3-5mm-miniklinke-150cm-2\/","url":"https:\/\/dev.freakuence.nl\/de\/produkt\/audioquest-golden-holes-3-5mm3-5mm-miniklinke-150cm-2\/","name":"AudioQuest Golden Holes 3.5mm3.5mm Miniklinke 150cm | Freakuence!","isPartOf":{"@id":"https:\/\/dev.freakuence.nl\/de\/#website"},"primaryImageOfPage":{"@id":"https:\/\/dev.freakuence.nl\/de\/produkt\/audioquest-golden-holes-3-5mm3-5mm-miniklinke-150cm-2\/#primaryimage"},"image":{"@id":"https:\/\/dev.freakuence.nl\/de\/produkt\/audioquest-golden-holes-3-5mm3-5mm-miniklinke-150cm-2\/#primaryimage"},"thumbnailUrl":"https:\/\/dev.freakuence.nl\/wp-content\/uploads\/2026\/04\/17649313972674-18465-IMG6916.jpg","datePublished":"2025-12-05T10:43:23+00:00","dateModified":"2026-04-08T17:55:15+00:00","description":"AudioQuest Golden Gate 3,5mm Miniklinkenkabel 150cm mit Perfect Surface Kupferleitern f\u00fcr klaren und r\u00e4umlichen Klang. \u2713 Neue & gebrauchte HiFi-Ger\u00e4te \u2713 Kundenbewertung: 4.9 von 5 \u2713 Inzahlungnahme \u2713 H\u00f6rprobe","breadcrumb":{"@id":"https:\/\/dev.freakuence.nl\/de\/produkt\/audioquest-golden-holes-3-5mm3-5mm-miniklinke-150cm-2\/#breadcrumb"},"inLanguage":"de","potentialAction":[{"@type":"ReadAction","target":["https:\/\/dev.freakuence.nl\/de\/produkt\/audioquest-golden-holes-3-5mm3-5mm-miniklinke-150cm-2\/"]}]},{"@type":"ImageObject","inLanguage":"de","@id":"https:\/\/dev.freakuence.nl\/de\/produkt\/audioquest-golden-holes-3-5mm3-5mm-miniklinke-150cm-2\/#primaryimage","url":"https:\/\/dev.freakuence.nl\/wp-content\/uploads\/2026\/04\/17649313972674-18465-IMG6916.jpg","contentUrl":"https:\/\/dev.freakuence.nl\/wp-content\/uploads\/2026\/04\/17649313972674-18465-IMG6916.jpg","width":1800,"height":1200},{"@type":"BreadcrumbList","@id":"https:\/\/dev.freakuence.nl\/de\/produkt\/audioquest-golden-holes-3-5mm3-5mm-miniklinke-150cm-2\/#breadcrumb","itemListElement":[{"@type":"ListItem","position":1,"name":"Startseite","item":"https:\/\/dev.freakuence.nl\/de\/"},{"@type":"ListItem","position":2,"name":"Produkte","item":"https:\/\/dev.freakuence.nl\/de\/produkte\/"},{"@type":"ListItem","position":3,"name":"AudioQuest Golden Gaten 3.5mm&lt;&gt;3.5mm mini-jack 150cm"}]},{"@type":"WebSite","@id":"https:\/\/dev.freakuence.nl\/de\/#website","url":"https:\/\/dev.freakuence.nl\/de\/","name":"Freakuence!","description":"Freakuence!","publisher":{"@id":"https:\/\/dev.freakuence.nl\/de\/#organization"},"alternateName":"Freakuence","potentialAction":[{"@type":"SearchAction","target":{"@type":"EntryPoint","urlTemplate":"https:\/\/dev.freakuence.nl\/de\/?s={search_term_string}"},"query-input":{"@type":"PropertyValueSpecification","valueRequired":true,"valueName":"search_term_string"}}],"inLanguage":"de"},{"@type":"Organization","@id":"https:\/\/dev.freakuence.nl\/de\/#organization","name":"Freakuence!","url":"https:\/\/dev.freakuence.nl\/de\/","logo":{"@type":"ImageObject","inLanguage":"de","@id":"https:\/\/dev.freakuence.nl\/de\/#\/schema\/logo\/image\/","url":"https:\/\/dev.freakuence.nl\/wp-content\/uploads\/2022\/05\/Brown_3_RGB_Freakuence-1.png","contentUrl":"https:\/\/dev.freakuence.nl\/wp-content\/uploads\/2022\/05\/Brown_3_RGB_Freakuence-1.png","width":2560,"height":684,"caption":"Freakuence!"},"image":{"@id":"https:\/\/dev.freakuence.nl\/de\/#\/schema\/logo\/image\/"},"sameAs":["https:\/\/www.instagram.com\/freakuence_notorious_audio\/"]}]}},"_links":{"self":[{"href":"https:\/\/dev.freakuence.nl\/de\/wp-json\/wp\/v2\/product\/325817","targetHints":{"allow":["GET"]}}],"collection":[{"href":"https:\/\/dev.freakuence.nl\/de\/wp-json\/wp\/v2\/product"}],"about":[{"href":"https:\/\/dev.freakuence.nl\/de\/wp-json\/wp\/v2\/types\/product"}],"wp:featuredmedia":[{"embeddable":true,"href":"https:\/\/dev.freakuence.nl\/de\/wp-json\/wp\/v2\/media\/385440"}],"wp:attachment":[{"href":"https:\/\/dev.freakuence.nl\/de\/wp-json\/wp\/v2\/media?parent=325817"}],"wp:term":[{"taxonomy":"product_brand","embeddable":true,"href":"https:\/\/dev.freakuence.nl\/de\/wp-json\/wp\/v2\/product_brand?post=325817"},{"taxonomy":"product_cat","embeddable":true,"href":"https:\/\/dev.freakuence.nl\/de\/wp-json\/wp\/v2\/product_cat?post=325817"},{"taxonomy":"product_tag","embeddable":true,"href":"https:\/\/dev.freakuence.nl\/de\/wp-json\/wp\/v2\/product_tag?post=325817"}],"curies":[{"name":"wp","href":"https:\/\/api.w.org\/{rel}","templated":true}]}}