{"id":325941,"date":"2025-11-17T14:41:48","date_gmt":"2025-11-17T13:41:48","guid":{"rendered":"https:\/\/freakuence.nl\/product\/aurender-x100s\/"},"modified":"2026-04-08T19:59:57","modified_gmt":"2026-04-08T17:59:57","slug":"aurender-x100s","status":"publish","type":"product","link":"https:\/\/dev.freakuence.nl\/de\/produkt\/aurender-x100s\/","title":{"rendered":"Aurender X100S"},"content":{"rendered":"<div class=\"product-specifications-list\">\n<div class=\"specification-item row-header\"><span class=\"spec-content\"><strong>Beschreibung Freakuence!<\/strong><\/span><\/div>\n<div class=\"specification-item row-even\"><span class=\"spec-content\">Top Musikserver. Mit hoher Aufl\u00f6sung und pr\u00e4gnanter Beredsamkeit. Was will man mehr!  <\/span><\/div>\n<div class=\"specification-item row-odd\"><span class=\"spec-content\">Ladenpreis: 3290.00<\/span><\/div>\n<div class=\"specification-item row-header\"><span class=\"spec-content\"><strong>Allgemeine Beschreibung<\/strong><\/span><\/div>\n<div class=\"specification-item row-even\"><span class=\"spec-content\">Der Aurender X100S ist ein Musikserver und Netzwerkplayer f\u00fcr die einfache Verwaltung und Wiedergabe digitaler Musiksammlungen. Mit der Unterst\u00fctzung verschiedener Audioformate, darunter DSD, WAV, FLAC und ALAC, bietet das Ger\u00e4t Flexibilit\u00e4t f\u00fcr unterschiedliche H\u00f6rvorlieben.   <\/p>\n<p>Die Steuerung erfolgt \u00fcber die Aurender Conductor App, die f\u00fcr iPad und iPad Mini erh\u00e4ltlich ist. Diese App erm\u00f6glicht eine einfache Navigation durch Musiksammlungen und die Verwaltung von Wiedergabelisten. Der X100S wurde f\u00fcr die Zusammenarbeit mit USB-kompatiblen DACs entwickelt und gew\u00e4hrleistet eine hochwertige Klangwiedergabe.  <\/span><\/div>\n<div class=\"specification-item row-header\"><span class=\"spec-content\"><strong>Hintergrundinformationen<\/strong><\/span><\/div>\n<div class=\"specification-item row-even\"><span class=\"spec-content\">Der Aurender X100S wurde von dem s\u00fcdkoreanischen Team von Aurender mit Blick auf Klangqualit\u00e4t und Benutzerfreundlichkeit entwickelt. Das Geh\u00e4use besteht aus massivem Aluminium f\u00fcr optimale Abschirmung und Vibrationsd\u00e4mpfung. Die interne Konstruktion wurde sorgf\u00e4ltig ausgef\u00fchrt: lineare Stromversorgung, speziell ausgew\u00e4hlte Komponenten und ein speziell angefertigter rauscharmer USB-Audioausgang. Die Speicherung erfolgt \u00fcber eine eingebaute Festplatte und einen SSD-Cache f\u00fcr minimales Rauschen.   <\/span><\/div>\n<div class=\"specification-item row-header\"><span class=\"spec-content\"><strong>Geschichte der Marke<\/strong><\/span><\/div>\n<div class=\"specification-item row-even\"><span class=\"spec-content\">Aurender ist ein s\u00fcdkoreanisches Unternehmen, das seit 2010 in der Entwicklung und Produktion von digitalen Quellkomponenten t\u00e4tig ist. Das Unternehmen entwickelt sowohl die Hardware als auch die Software seiner Produkte im eigenen Haus, was zu einem integrierten \u00d6kosystem f\u00fchrt. Aurender bietet eine Reihe von Modellen an, die sich in Preis, Design und Funktionalit\u00e4t unterscheiden und darauf abzielen, die Bed\u00fcrfnisse der verschiedenen Musikliebhaber zu erf\u00fcllen.  <\/span><\/div>\n<\/div>\n","protected":false},"excerpt":{"rendered":"<p>Beschreibung Freakuence! Top Musikserver. Mit hoher Aufl\u00f6sung und pr\u00e4gnanter Beredsamkeit. Was will man mehr! Ladenpreis: 3290.00 Allgemeine Beschreibung Der Aurender X100S ist ein Musikserver und Netzwerkplayer f\u00fcr die einfache Verwaltung und Wiedergabe digitaler Musiksammlungen. Mit der Unterst\u00fctzung verschiedener Audioformate, darunter DSD, WAV, FLAC und ALAC, bietet das Ger\u00e4t Flexibilit\u00e4t f\u00fcr unterschiedliche H\u00f6rvorlieben. Die Steuerung erfolgt [&hellip;]<\/p>\n","protected":false},"featured_media":385548,"template":"","meta":{"_acf_changed":false,"inline_featured_image":false},"product_brand":[],"product_cat":[717,690],"product_tag":[534],"class_list":{"0":"post-325941","1":"product","2":"type-product","3":"status-publish","4":"has-post-thumbnail","6":"product_cat-dacs","7":"product_cat-quellen","8":"product_tag-benutzt","9":"pa_kleur-silber","11":"first","12":"instock","13":"sold-individually","14":"purchasable","15":"product-type-simple"},"acf":{"website":true,"show_on_homepage":false,"brand_title":"Aurender","product_type":"X100S","color":"Silber","subcolor":"","reserved_status":"0"},"_links":{"self":[{"href":"https:\/\/dev.freakuence.nl\/de\/wp-json\/wp\/v2\/product\/325941","targetHints":{"allow":["GET"]}}],"collection":[{"href":"https:\/\/dev.freakuence.nl\/de\/wp-json\/wp\/v2\/product"}],"about":[{"href":"https:\/\/dev.freakuence.nl\/de\/wp-json\/wp\/v2\/types\/product"}],"wp:featuredmedia":[{"embeddable":true,"href":"https:\/\/dev.freakuence.nl\/de\/wp-json\/wp\/v2\/media\/385548"}],"wp:attachment":[{"href":"https:\/\/dev.freakuence.nl\/de\/wp-json\/wp\/v2\/media?parent=325941"}],"wp:term":[{"taxonomy":"product_brand","embeddable":true,"href":"https:\/\/dev.freakuence.nl\/de\/wp-json\/wp\/v2\/product_brand?post=325941"},{"taxonomy":"product_cat","embeddable":true,"href":"https:\/\/dev.freakuence.nl\/de\/wp-json\/wp\/v2\/product_cat?post=325941"},{"taxonomy":"product_tag","embeddable":true,"href":"https:\/\/dev.freakuence.nl\/de\/wp-json\/wp\/v2\/product_tag?post=325941"}],"curies":[{"name":"wp","href":"https:\/\/api.w.org\/{rel}","templated":true}]}}