{"id":327719,"date":"2025-09-26T12:23:58","date_gmt":"2025-09-26T10:23:58","guid":{"rendered":"https:\/\/freakuence.nl\/product\/nuforce-dac-9\/"},"modified":"2026-03-10T04:40:10","modified_gmt":"2026-03-10T03:40:10","slug":"nuforce-dac-9","status":"publish","type":"product","link":"https:\/\/dev.freakuence.nl\/de\/produkt\/nuforce-dac-9\/","title":{"rendered":"NuForce DAC-9"},"content":{"rendered":"<div class=\"product-specifications-list\">\n<div class=\"specification-item row-even\"><span class=\"spec-content\"><strong>Beschreibung Freakuence!<\/strong><\/span><\/div>\n<div class=\"specification-item row-odd\"><span class=\"spec-content\"><\/p>\n<p>Der Klang ist im Allgemeinen neutral, mit einer leichten Betonung der oberen Mittelt\u00f6ne. Das Timing ist ausgezeichnet und die Dynamik ist gut. Der Kopfh\u00f6rerausgang ist besonders aufschlussreich und wird vielen Kopfh\u00f6rern gerecht.  <\/p>\n<p><\/span><\/div>\n<div class=\"specification-item row-even\"><span class=\"spec-content\"><strong>Details<\/strong><\/span><\/div>\n<div class=\"specification-item row-odd\"><span class=\"spec-content\">Ladenpreis: 849.00<\/span><\/div>\n<div class=\"specification-item row-even\"><span class=\"spec-content\"><strong>Allgemeine Beschreibung<\/strong><\/span><\/div>\n<div class=\"specification-item row-odd\"><span class=\"spec-content\"><\/p>\n<p>Er verf\u00fcgt \u00fcber einen 32-Bit-Digital-Analog-Wandler mit einer Abtastrate von bis zu 192 kHz. Er hat mehrere digitale Eing\u00e4nge, darunter USB, optisch und koaxial, und einen analogen Eingang. Die Vorverst\u00e4rkersektion bietet sowohl symmetrische als auch unsymmetrische Ausg\u00e4nge. Ein Kopfh\u00f6rerverst\u00e4rker ist integriert. Die Lautst\u00e4rkeregelung ist digital und eine Fernbedienung ist im Lieferumfang enthalten. Ein Phono-Eingang ist optional f\u00fcr den Anschluss eines Plattenspielers erh\u00e4ltlich. Das Design konzentriert sich auf eine pr\u00e4zise Signalverarbeitung und minimale Verzerrung.      <\/p>\n<p><\/span><\/div>\n<div class=\"specification-item row-even\"><span class=\"spec-content\"><strong>Geschichte der Marke<\/strong><\/span><\/div>\n<div class=\"specification-item row-odd\"><span class=\"spec-content\"><\/p>\n<p>NuForce wurde 2005 in Milpitas, Kalifornien, gegr\u00fcndet. Die Marke entwickelte urspr\u00fcnglich digitale Audioprodukte, darunter digitale Verst\u00e4rker und DACs. Von Anfang an konzentrierte sich NuForce auf die Entwicklung von Produkten f\u00fcr Verbraucher und Profis. Im Jahr 2014 wurde NuForce von Optoma \u00fcbernommen, woraufhin die Marke begann, sich auf die Herstellung kompakter Audiol\u00f6sungen zu konzentrieren, insbesondere in der Kategorie Kopfh\u00f6rer und drahtlose Ohrh\u00f6rer. Nach der \u00dcbernahme wurden bestimmte Produktlinien von NuForce in das breitere Unterhaltungselektroniksortiment von Optoma integriert. Zu den bekanntesten Produktserien unter dem Markennamen NuForce geh\u00f6ren die drahtlosen Ohrh\u00f6rer der BE-Serie. Die Entwicklung, das Marketing und der Vertrieb der NuForce-Produkte liegen seitdem in der Verantwortung von Optoma.      <\/p>\n<p><\/span><\/div>\n<\/div>\n","protected":false},"excerpt":{"rendered":"<p>Beschreibung Freakuence! Der Klang ist im Allgemeinen neutral, mit einer leichten Betonung der oberen Mittelt\u00f6ne. Das Timing ist ausgezeichnet und die Dynamik ist gut. Der Kopfh\u00f6rerausgang ist besonders aufschlussreich und wird vielen Kopfh\u00f6rern gerecht. Details Ladenpreis: 849.00 Allgemeine Beschreibung Er verf\u00fcgt \u00fcber einen 32-Bit-Digital-Analog-Wandler mit einer Abtastrate von bis zu 192 kHz. Er hat mehrere [&hellip;]<\/p>\n","protected":false},"featured_media":327725,"template":"","meta":{"_acf_changed":false,"inline_featured_image":false},"product_brand":[],"product_cat":[549],"product_tag":[534],"class_list":{"0":"post-327719","1":"product","2":"type-product","3":"status-publish","4":"has-post-thumbnail","6":"product_cat-dac-streamer","7":"product_tag-benutzt","8":"pa_kleur-schwarz","10":"first","11":"instock","12":"purchasable","13":"product-type-simple"},"acf":{"website":true,"show_on_homepage":false,"brand_title":"NuForce","product_type":"DAC-9","color":"Schwarz","subcolor":"","reserved_status":"0"},"_links":{"self":[{"href":"https:\/\/dev.freakuence.nl\/de\/wp-json\/wp\/v2\/product\/327719","targetHints":{"allow":["GET"]}}],"collection":[{"href":"https:\/\/dev.freakuence.nl\/de\/wp-json\/wp\/v2\/product"}],"about":[{"href":"https:\/\/dev.freakuence.nl\/de\/wp-json\/wp\/v2\/types\/product"}],"wp:featuredmedia":[{"embeddable":true,"href":"https:\/\/dev.freakuence.nl\/de\/wp-json\/wp\/v2\/media\/327725"}],"wp:attachment":[{"href":"https:\/\/dev.freakuence.nl\/de\/wp-json\/wp\/v2\/media?parent=327719"}],"wp:term":[{"taxonomy":"product_brand","embeddable":true,"href":"https:\/\/dev.freakuence.nl\/de\/wp-json\/wp\/v2\/product_brand?post=327719"},{"taxonomy":"product_cat","embeddable":true,"href":"https:\/\/dev.freakuence.nl\/de\/wp-json\/wp\/v2\/product_cat?post=327719"},{"taxonomy":"product_tag","embeddable":true,"href":"https:\/\/dev.freakuence.nl\/de\/wp-json\/wp\/v2\/product_tag?post=327719"}],"curies":[{"name":"wp","href":"https:\/\/api.w.org\/{rel}","templated":true}]}}