{"id":328374,"date":"2025-12-19T16:02:43","date_gmt":"2025-12-19T15:02:43","guid":{"rendered":"https:\/\/freakuence.nl\/product\/dali-epicon-vokal\/"},"modified":"2026-04-08T20:15:22","modified_gmt":"2026-04-08T18:15:22","slug":"dali-epicon-vokal","status":"publish","type":"product","link":"https:\/\/dev.freakuence.nl\/de\/produkt\/dali-epicon-vokal\/","title":{"rendered":"Dali Epicon Vokal"},"content":{"rendered":"<div class=\"product-specifications-list\">\n<div class=\"specification-item row-header\"><span class=\"spec-content\"><strong>Beschreibung Freakuence!<\/strong><\/span><\/div>\n<div class=\"specification-item row-even\"><span class=\"spec-content\">Mit seinen zwei 6,5-Zoll-Tieft\u00f6nern und dem Hybrid-Hochtonmodul, das \u00fcbrigens eine 29-mm-Softdome und ein 10 x 55-mm-B\u00e4ndchen kombiniert, erhalten Sie eine Wiedergabe, die Ihre Ohren umschmeichelt. Und das SMC-Magnetsystem? Das sorgt daf\u00fcr, dass Verzerrungen auf ein Minimum reduziert werden. Das Geh\u00e4usedesign mit seinen 10 Lackschichten ist nicht nur eine Augenweide, sondern tr\u00e4gt auch zur akustischen Leistung bei. Empfohlen f\u00fcr den High-End-Kinofan, der Platz f\u00fcr einen Giganten wie diesen hat.    <\/span><\/div>\n<div class=\"specification-item row-odd\"><span class=\"spec-content\">Ladenpreis: 4999.00<\/span><\/div>\n<div class=\"specification-item row-header\"><span class=\"spec-content\"><strong>Allgemeine Beschreibung<\/strong><\/span><\/div>\n<div class=\"specification-item row-even\"><span class=\"spec-content\">Der DALI EPICON VOKAL ist ein Center-Lautsprecher, der Stimmen und Soundeffekte in Filmen klar und pr\u00e4zise wiedergibt. Mit zwei 6\u00bd-Zoll-Tieft\u00f6nern und einem Hybrid-Hochtonmodul liefert dieser Lautsprecher ein realistisches H\u00f6rerlebnis.   <\/p>\n<p>Das von DALI entwickelte Linear Drive Magnetsystem minimiert Verzerrungen und sorgt f\u00fcr eine reine Klangwiedergabe. Das Hybrid-Hochtonmodul kombiniert einen Soft-Dome-Hocht\u00f6ner mit einem B\u00e4ndchenhocht\u00f6ner, was zu einer breiten und detaillierten Hochtonwiedergabe f\u00fchrt.   <\/p>\n<p>Das Geh\u00e4use des EPICON VOKAL ist mit Echtholzfurnier und mehreren Lackschichten versehen, was nicht nur zu seiner \u00c4sthetik, sondern auch zu seiner akustischen Leistung beitr\u00e4gt.  <\/p>\n<p>Mit diesen Eigenschaften ist der EPICON VOKAL die richtige Wahl f\u00fcr Mehrkanal-Audio-Enthusiasten, die einen Center-Lautsprecher mit klarer und pr\u00e4ziser Klangwiedergabe suchen.<\/span><\/div>\n<div class=\"specification-item row-header\"><span class=\"spec-content\"><strong>Hintergrundinformationen<\/strong><\/span><\/div>\n<div class=\"specification-item row-even\"><span class=\"spec-content\">Der DALI Epicon Vokal ist der High-End-Center-Kanal von DALI, der in D\u00e4nemark von einem Team unter der Leitung des Designers Lars Worre entwickelt wurde. Er ist auf die Epicon-Linie abgestimmt und verf\u00fcgt \u00fcber Technologien wie das SMC-Magnetsystem (Soft Magnetic Compound), das Verzerrungen reduziert. Das Geh\u00e4use ist handgefertigt und besteht aus mehreren Schichten MDF, die im Inneren gegen Resonanzen optimiert sind. Die Treiber sind eine Eigenentwicklung mit Holzfasermembranen und B\u00e4ndchenhocht\u00f6ner.   <\/span><\/div>\n<div class=\"specification-item row-header\"><span class=\"spec-content\"><strong>Geschichte der Marke<\/strong><\/span><\/div>\n<div class=\"specification-item row-even\"><span class=\"spec-content\">DALI steht f\u00fcr Danish Audiophile Loudspeaker Industries, einen d\u00e4nischen Hersteller von High-End-Lautsprechern. Das Unternehmen wurde 1983 von Peter Lyngdorf gegr\u00fcndet, um den st\u00e4ndig steigenden Anforderungen der HiFi-Gemeinde an die Audioqualit\u00e4t gerecht zu werden. <\/span><\/div>\n<\/div>\n","protected":false},"excerpt":{"rendered":"<p>Beschreibung Freakuence! Mit seinen zwei 6,5-Zoll-Tieft\u00f6nern und dem Hybrid-Hochtonmodul, das \u00fcbrigens eine 29-mm-Softdome und ein 10 x 55-mm-B\u00e4ndchen kombiniert, erhalten Sie eine Wiedergabe, die Ihre Ohren umschmeichelt. Und das SMC-Magnetsystem? Das sorgt daf\u00fcr, dass Verzerrungen auf ein Minimum reduziert werden. Das Geh\u00e4usedesign mit seinen 10 Lackschichten ist nicht nur eine Augenweide, sondern tr\u00e4gt auch zur [&hellip;]<\/p>\n","protected":false},"featured_media":386035,"template":"","meta":{"_acf_changed":false,"inline_featured_image":false},"product_brand":[],"product_cat":[542],"product_tag":[534],"class_list":{"0":"post-328374","1":"product","2":"type-product","3":"status-publish","4":"has-post-thumbnail","6":"product_cat-redner","7":"product_tag-benutzt","8":"pa_kleur-schwarz","10":"first","11":"instock","12":"sold-individually","13":"purchasable","14":"product-type-simple"},"acf":{"website":true,"show_on_homepage":false,"brand_title":"Dali ","product_type":"Epicon Vokal","color":"Schwarz","subcolor":"Schwarzer Satin","reserved_status":"0"},"_links":{"self":[{"href":"https:\/\/dev.freakuence.nl\/de\/wp-json\/wp\/v2\/product\/328374","targetHints":{"allow":["GET"]}}],"collection":[{"href":"https:\/\/dev.freakuence.nl\/de\/wp-json\/wp\/v2\/product"}],"about":[{"href":"https:\/\/dev.freakuence.nl\/de\/wp-json\/wp\/v2\/types\/product"}],"wp:featuredmedia":[{"embeddable":true,"href":"https:\/\/dev.freakuence.nl\/de\/wp-json\/wp\/v2\/media\/386035"}],"wp:attachment":[{"href":"https:\/\/dev.freakuence.nl\/de\/wp-json\/wp\/v2\/media?parent=328374"}],"wp:term":[{"taxonomy":"product_brand","embeddable":true,"href":"https:\/\/dev.freakuence.nl\/de\/wp-json\/wp\/v2\/product_brand?post=328374"},{"taxonomy":"product_cat","embeddable":true,"href":"https:\/\/dev.freakuence.nl\/de\/wp-json\/wp\/v2\/product_cat?post=328374"},{"taxonomy":"product_tag","embeddable":true,"href":"https:\/\/dev.freakuence.nl\/de\/wp-json\/wp\/v2\/product_tag?post=328374"}],"curies":[{"name":"wp","href":"https:\/\/api.w.org\/{rel}","templated":true}]}}