{"id":328400,"date":"2025-12-19T16:29:06","date_gmt":"2025-12-19T15:29:06","guid":{"rendered":"https:\/\/freakuence.nl\/product\/kef-reference-1-meta\/"},"modified":"2026-03-10T06:07:52","modified_gmt":"2026-03-10T05:07:52","slug":"kef-reference-1-meta","status":"publish","type":"product","link":"https:\/\/dev.freakuence.nl\/de\/produkt\/kef-reference-1-meta\/","title":{"rendered":"KEF Reference 1 Meta"},"content":{"rendered":"<div class=\"product-specifications-list\">\n<div class=\"specification-item row-header\"><span class=\"spec-content\"><strong>Beschreibung Freakuence!<\/strong><\/span><\/div>\n<div class=\"specification-item row-even\"><span class=\"spec-content\">Special \u00fcberwacht die aktuelle Toplinie. Direkt und unverbl\u00fcmt, ohne zu schreien. Ein solides Low End, das ernst genommen werden kann. Der Klang kann als ruhig bezeichnet werden.   <\/span><\/div>\n<div class=\"specification-item row-odd\"><span class=\"spec-content\">Einzelhandelspreis: 10000.00<\/span><\/div>\n<div class=\"specification-item row-header\"><span class=\"spec-content\"><strong>Details<\/strong><\/span><\/div>\n<div class=\"specification-item row-even\"><span class=\"spec-content\">Wir haben zwei Demo-Sets, daher kann eines davon den Laden verlassen. (Schwarz und Walnuss) <\/span><\/div>\n<div class=\"specification-item row-odd\"><span class=\"spec-content\">Das ist Ihre Chance, endlich Demomaterial aus dem coolsten Laden des Universums zu bekommen. Ja! Aus diesem Grund eigentlich viel mehr wert als der Neupreis, aber wir werden uns zur\u00fcckhalten. Nur f\u00fcr H\u00f6rsessions mit unseren Besuchern verwendet, hatte also keinen privaten Besitzer. <\/span><\/div>\n<div class=\"specification-item row-even\"><span class=\"spec-content\">Sie suchen ein anderes Modell aus der aktuellen Serie der Marke oder eine andere Farbe dieses Modells? Schicken Sie uns eine Nachricht mit Ihrem m\u00f6glichen Inzahlungnahme-Wunsch! Wir w\u00fcrden gerne etwas Sch\u00f6nes daraus machen.  <\/span><\/div>\n<div class=\"specification-item row-header\"><span class=\"spec-content\"><strong>Allgemeine Beschreibung<\/strong><\/span><\/div>\n<div class=\"specification-item row-even\"><span class=\"spec-content\">Die KEF Reference 1 Meta ist ein Drei-Wege-Regallautsprecher, der einen beeindruckenden Klang liefert. Dank des Uni-Q-Treibers der 12. Generation mit MAT\u2122-Technologie wird ein klares und pr\u00e4zises Klangbild erzeugt. Dank seiner kompakten Gr\u00f6\u00dfe eignet sich dieser Lautsprecher f\u00fcr eine Vielzahl von R\u00e4umen, ohne Kompromisse bei der Leistung einzugehen.   Die Reference 1 Meta wurde in Maidstone, Kent, Gro\u00dfbritannien, entworfen, entwickelt und handgefertigt.<\/span><\/div>\n<div class=\"specification-item row-header\"><span class=\"spec-content\"><strong>Hintergrundinformationen<\/strong><\/span><\/div>\n<div class=\"specification-item row-even\"><span class=\"spec-content\">Die KEF Reference 1 Meta wurde vom Akustik-Engineering-Team von KEF unter der Leitung von Jack Oclee-Brown entwickelt. Der Lautsprecher verwendet KEFs Uni-Q-Treiber der 12. Generation mit MAT (Metamaterial Absorption Technology), der unerw\u00fcnschte Schallreflexionen d\u00e4mpft. Das Geh\u00e4use wird in Kent, Gro\u00dfbritannien, pr\u00e4zisionsgefr\u00e4st und ist im Inneren stark verst\u00e4rkt. Die Verkabelung ist von hoher Qualit\u00e4t, die Komponenten wurden sorgf\u00e4ltig f\u00fcr eine optimale Akustik ausgew\u00e4hlt.   <\/span><\/div>\n<div class=\"specification-item row-header\"><span class=\"spec-content\"><strong>Geschichte der Marke<\/strong><\/span><\/div>\n<div class=\"specification-item row-even\"><span class=\"spec-content\">KEF wurde 1961 von Raymond Cooke in Maidstone, Kent, Gro\u00dfbritannien, gegr\u00fcndet. Der Name leitet sich von Kent Engineering &amp; Foundry ab, wo sich die urspr\u00fcngliche Werkstatt auf dem Gel\u00e4nde des Stahlbauwerks von Kent Engineering befand. Raymond Cooke war ein ehemaliger Tontechniker der BBC.   Von Anfang an verwendete das Unternehmen synthetische Materialien und f\u00fchrte Messungen unter kontrollierten Bedingungen durch. Im Jahr 1973 wurde ein spezielles Akustiklabor f\u00fcr technische Entwicklungen er\u00f6ffnet. 1988 entwickelte KEF den Uni-Q-Treiber, bei dem die Hoch- und Mittelt\u00f6ner gemeinsam in einer Achse angeordnet sind. Seit 2005 befindet sich der Hauptsitz des Unternehmens in East Sussex, Gro\u00dfbritannien. Im Laufe der Jahre hat sich die Marke auf den Bau von Lautsprechern konzentriert, darunter Stand-, Regal- und Einbaulautsprecher, sowie auf tragbare Abspielger\u00e4te.    <\/span><\/div>\n<\/div>\n","protected":false},"excerpt":{"rendered":"<p>Beschreibung Freakuence! Special \u00fcberwacht die aktuelle Toplinie. Direkt und unverbl\u00fcmt, ohne zu schreien. Ein solides Low End, das ernst genommen werden kann. Der Klang kann als ruhig bezeichnet werden. Einzelhandelspreis: 10000.00 Details Wir haben zwei Demo-Sets, daher kann eines davon den Laden verlassen. (Schwarz und Walnuss) Das ist Ihre Chance, endlich Demomaterial aus dem coolsten [&hellip;]<\/p>\n","protected":false},"featured_media":337311,"template":"","meta":{"_acf_changed":false,"inline_featured_image":false},"product_brand":[],"product_cat":[542],"product_tag":[571],"class_list":{"0":"post-328400","1":"product","2":"type-product","3":"status-publish","4":"has-post-thumbnail","6":"product_cat-redner","7":"product_tag-freakdemo","8":"pa_kleur-schwarz","10":"first","11":"instock","12":"purchasable","13":"product-type-simple"},"acf":{"website":true,"show_on_homepage":false,"brand_title":"KEF","product_type":"Reference 1 Meta","color":"Schwarz","subcolor":"SCHWARZ\/KUPFER","reserved_status":"0"},"_links":{"self":[{"href":"https:\/\/dev.freakuence.nl\/de\/wp-json\/wp\/v2\/product\/328400","targetHints":{"allow":["GET"]}}],"collection":[{"href":"https:\/\/dev.freakuence.nl\/de\/wp-json\/wp\/v2\/product"}],"about":[{"href":"https:\/\/dev.freakuence.nl\/de\/wp-json\/wp\/v2\/types\/product"}],"wp:featuredmedia":[{"embeddable":true,"href":"https:\/\/dev.freakuence.nl\/de\/wp-json\/wp\/v2\/media\/337311"}],"wp:attachment":[{"href":"https:\/\/dev.freakuence.nl\/de\/wp-json\/wp\/v2\/media?parent=328400"}],"wp:term":[{"taxonomy":"product_brand","embeddable":true,"href":"https:\/\/dev.freakuence.nl\/de\/wp-json\/wp\/v2\/product_brand?post=328400"},{"taxonomy":"product_cat","embeddable":true,"href":"https:\/\/dev.freakuence.nl\/de\/wp-json\/wp\/v2\/product_cat?post=328400"},{"taxonomy":"product_tag","embeddable":true,"href":"https:\/\/dev.freakuence.nl\/de\/wp-json\/wp\/v2\/product_tag?post=328400"}],"curies":[{"name":"wp","href":"https:\/\/api.w.org\/{rel}","templated":true}]}}