{"id":328404,"date":"2025-12-19T16:32:15","date_gmt":"2025-12-19T15:32:15","guid":{"rendered":"https:\/\/freakuence.nl\/product\/kef-reference-1-meta-2\/"},"modified":"2026-03-10T06:16:56","modified_gmt":"2026-03-10T05:16:56","slug":"kef-reference-1-meta-2","status":"publish","type":"product","link":"https:\/\/dev.freakuence.nl\/de\/produkt\/kef-reference-1-meta-2\/","title":{"rendered":"KEF Reference 1 Meta"},"content":{"rendered":"<p><strong>Beschreibung Freakuence!<\/strong><\/p>\n<p>Special \u00fcberwacht die aktuelle Toplinie. Direkt und unverbl\u00fcmt, ohne zu schreien. Ein solides Low End, das ernst genommen werden kann. Der Klang kann als ruhig bezeichnet werden.   <\/p>\n<p><strong>Einzelhandelspreis:<\/strong> 10.000,00<\/p>\n<p><strong>Details<\/strong><\/p>\n<p>Wir haben zwei Demosets, daher kann eines davon den Laden verlassen. (Schwarz und Walnuss)Dies ist Ihre Chance, endlich Demomaterial aus dem coolsten Laden des Universums zu bekommen.  Ja! Aus diesem Grund eigentlich viel mehr wert als der Neupreis, aber wir werden uns zur\u00fcckhalten. Nur f\u00fcr H\u00f6rsessions mit unseren Besuchern verwendet, kein privater Besitzer hatte so.Suchen Sie einen anderen Typ aus der aktuellen Serie der Marke oder eine andere Farbe dieses Modells?  Senden Sie uns eine Nachricht mit Ihrer m\u00f6glichen Inzahlungnahmeanfrage! Wir m\u00f6chten, dass es Spa\u00df macht.<\/p>\n<p><strong>Allgemeine Beschreibung<\/strong><\/p>\n<p>Die KEF Reference 1 Meta ist ein Drei-Wege-Regallautsprecher, der einen beeindruckenden Klang liefert. Dank des Uni-Q-Treibers der 12. Generation mit MAT\u2122-Technologie wird ein klares und pr\u00e4zises Klangbild erzeugt. Dank seiner kompakten Gr\u00f6\u00dfe eignet sich dieser Lautsprecher f\u00fcr eine Vielzahl von R\u00e4umen, ohne Kompromisse bei der Leistung einzugehen.   Die Reference 1 Meta wurde in Maidstone, Kent, Gro\u00dfbritannien, entworfen, entwickelt und handgefertigt.  <\/p>\n<p><strong>Allgemeine Beschreibung<\/strong><\/p>\n<p>Wir sind ein offizieller H\u00e4ndler und k\u00f6nnen alle anderen Produkte und Versionen liefern. Wir k\u00f6nnen auch oft Produkte von anderen Herstellern in den Laden bringen.  Fragen Sie einfach nach! Wir handeln mit neuen und gebrauchten Fahrzeugen. <\/p>\n<p>Sie k\u00f6nnen einen Monitorlautsprecher (Regalmodell) fantastisch klingen lassen. Oft wird der Einfluss des Verst\u00e4rkers untersch\u00e4tzt. Ein Monitor wird nicht wie eine S\u00e4ule klingen&#8230; aber es l\u00e4sst sich eine enorme Gr\u00f6\u00dfe aus ihm herausholen. Es ist nicht nur die Gr\u00f6\u00dfe, die Enthusiasten dazu bringt, sich f\u00fcr einen Monitor zu entscheiden, auch das Timing eines Zwei-Wege-Systems sorgt daf\u00fcr, dass es Horden von Fanatikern gibt, die nicht an eine Drei-Wege-S\u00e4ule denken sollten. Geschmack! Schauen Sie also unbedingt f\u00fcr einen Vergleich vorbei.     <\/p>\n<p><strong>Hintergrundinformationen<\/strong><\/p>\n<p>Die KEF Reference 1 Meta wurde vom Akustik-Engineering-Team von KEF unter der Leitung von Jack Oclee-Brown entwickelt. Der Lautsprecher verwendet KEFs Uni-Q-Treiber der 12. Generation mit MAT (Metamaterial Absorption Technology), der unerw\u00fcnschte Schallreflexionen d\u00e4mpft. Das Geh\u00e4use wird in Kent, Gro\u00dfbritannien, pr\u00e4zisionsgefr\u00e4st und ist im Inneren stark verst\u00e4rkt. Die Verkabelung ist von hoher Qualit\u00e4t, die Komponenten wurden sorgf\u00e4ltig f\u00fcr eine optimale Akustik ausgew\u00e4hlt.   <\/p>\n","protected":false},"excerpt":{"rendered":"<p>Beschreibung Freakuence! Special \u00fcberwacht die aktuelle Toplinie. Direkt und unverbl\u00fcmt, ohne zu schreien. Ein solides Low End, das ernst genommen werden kann. Der Klang kann als ruhig bezeichnet werden. Einzelhandelspreis: 10.000,00 Details Wir haben zwei Demosets, daher kann eines davon den Laden verlassen. (Schwarz und Walnuss)Dies ist Ihre Chance, endlich Demomaterial aus dem coolsten Laden [&hellip;]<\/p>\n","protected":false},"featured_media":328406,"template":"","meta":{"_acf_changed":false,"inline_featured_image":false},"product_brand":[],"product_cat":[542],"product_tag":[571],"class_list":{"0":"post-328404","1":"product","2":"type-product","3":"status-publish","4":"has-post-thumbnail","6":"product_cat-redner","7":"product_tag-freakdemo","8":"pa_kleur-silber","10":"first","11":"instock","12":"sold-individually","13":"purchasable","14":"product-type-simple"},"acf":{"website":true,"show_on_homepage":false,"brand_title":"KEF","product_type":"Reference 1 Meta","color":"Silber","subcolor":"SATINIERTE WALNUSS\/SILBER","reserved_status":"0"},"_links":{"self":[{"href":"https:\/\/dev.freakuence.nl\/de\/wp-json\/wp\/v2\/product\/328404","targetHints":{"allow":["GET"]}}],"collection":[{"href":"https:\/\/dev.freakuence.nl\/de\/wp-json\/wp\/v2\/product"}],"about":[{"href":"https:\/\/dev.freakuence.nl\/de\/wp-json\/wp\/v2\/types\/product"}],"wp:featuredmedia":[{"embeddable":true,"href":"https:\/\/dev.freakuence.nl\/de\/wp-json\/wp\/v2\/media\/328406"}],"wp:attachment":[{"href":"https:\/\/dev.freakuence.nl\/de\/wp-json\/wp\/v2\/media?parent=328404"}],"wp:term":[{"taxonomy":"product_brand","embeddable":true,"href":"https:\/\/dev.freakuence.nl\/de\/wp-json\/wp\/v2\/product_brand?post=328404"},{"taxonomy":"product_cat","embeddable":true,"href":"https:\/\/dev.freakuence.nl\/de\/wp-json\/wp\/v2\/product_cat?post=328404"},{"taxonomy":"product_tag","embeddable":true,"href":"https:\/\/dev.freakuence.nl\/de\/wp-json\/wp\/v2\/product_tag?post=328404"}],"curies":[{"name":"wp","href":"https:\/\/api.w.org\/{rel}","templated":true}]}}