{"id":328717,"date":"2025-12-24T13:41:21","date_gmt":"2025-12-24T12:41:21","guid":{"rendered":"https:\/\/freakuence.nl\/product\/thivanlabs-lion-805a\/"},"modified":"2026-04-16T15:27:32","modified_gmt":"2026-04-16T13:27:32","slug":"thivanlabs-lion-805a","status":"publish","type":"product","link":"https:\/\/dev.freakuence.nl\/de\/produkt\/thivanlabs-lion-805a\/","title":{"rendered":"Thivanlabs Lion 805a"},"content":{"rendered":"<div class=\"product-specifications-list\">\n<div class=\"specification-item row-header\"><span class=\"spec-content\"><strong>Beschreibung Freakuence!<\/strong><\/span><\/div>\n<div class=\"specification-item row-even\"><span class=\"spec-content\">Kraft! Sehr mitrei\u00dfend, mit viel Auge f\u00fcr das Schlagzeug, wo andere R\u00f6hrenverst\u00e4rker dies oft auslassen. Die Mitten sehr robust und angenehm. Die R\u00f6hre, in ihrer vollen Pracht. Feiner Verst\u00e4rker.    <\/span><\/div>\n<div class=\"specification-item row-odd\"><span class=\"spec-content\">Ladenpreis: 6500.00<\/span><\/div>\n<div class=\"specification-item row-header\"><span class=\"spec-content\"><strong>Details<\/strong><\/span><\/div>\n<div class=\"specification-item row-even\"><span class=\"spec-content\">Machen Sie sich keine Sorgen! Wir bieten eine sehr gute 12-monatige Garantie auf gebrauchte Produkte. <\/span><\/div>\n<div class=\"specification-item row-odd\"><span class=\"spec-content\">Die R\u00f6hren sind vermessen und in perfektem Zustand.<\/span><\/div>\n<div class=\"specification-item row-header\"><span class=\"spec-content\"><strong>Allgemeine Beschreibung<\/strong><\/span><\/div>\n<div class=\"specification-item row-even\"><span class=\"spec-content\">Der ThivanLabs Lion 805A ist ein integrierter R\u00f6hrenverst\u00e4rker, der f\u00fcr seine F\u00e4higkeit bekannt ist, Musik mit Kraft und Finesse zu reproduzieren. Mit einem Single-Ended-Trioden-Design und Class-A-Verst\u00e4rkung liefert dieser Verst\u00e4rker ein reichhaltiges und dynamisches H\u00f6rerlebnis.   <\/p>\n<p>Das Design des Lion 805A wurde sorgf\u00e4ltig durchdacht, mit einer soliden Konstruktion und hochwertigen Komponenten. Die Kombination aus 805A-Leistungsr\u00f6hren und einem gut durchdachten Netzteil sorgt f\u00fcr einen stabilen und zuverl\u00e4ssigen Betrieb.   <\/p>\n<p>Mit seiner beeindruckenden Leistung und Verarbeitungsqualit\u00e4t ist der ThivanLabs Lion 805A eine wertvolle Erg\u00e4nzung f\u00fcr jede audiophile Einrichtung.<\/span><\/div>\n<div class=\"specification-item row-header\"><span class=\"spec-content\"><strong>Hintergrundinformationen<\/strong><\/span><\/div>\n<div class=\"specification-item row-even\"><span class=\"spec-content\">Der Thivanlabs Lion 805a wurde nach einer vollst\u00e4ndigen Class A Single-Ended Triode (SET) Topologie mit der legend\u00e4ren 805 Leistungsr\u00f6hre entwickelt. Der leitende Ingenieur Herr Thivan selbst ist das Herzst\u00fcck des Designs. Der Verst\u00e4rker wird in Handarbeit mit hochwertigen japanischen Transformatoren, interner Verkabelung aus reinem Kupfer und ausgew\u00e4hlten Komponenten wie deutschen Kondensatoren gebaut. Das Holzgeh\u00e4use wird in unserer eigenen Werkstatt gefertigt und mit Natur\u00f6l behandelt.    <\/span><\/div>\n<div class=\"specification-item row-header\"><span class=\"spec-content\"><strong>Geschichte der Marke<\/strong><\/span><\/div>\n<div class=\"specification-item row-even\"><span class=\"spec-content\">ThivanLabs ist ein vietnamesischer Hersteller von High-End-Audioger\u00e4ten, der sich auf R\u00f6hrenverst\u00e4rker und hochempfindliche Lautsprecher spezialisiert hat. Das Unternehmen blickt auf mehr als 20 Jahre Forschung und Entwicklung zur\u00fcck, in denen es sich von einer lokalen Spezialanfertigung zu einer internationalen Marke entwickelt hat. <\/span><\/div>\n<div class=\"specification-item row-odd\"><span class=\"spec-content\">Wichtige historische Meilensteine<\/span><\/div>\n<div class=\"specification-item row-even\"><span class=\"spec-content\">Anfang der 2000er Jahre: Die Gr\u00fcnder, Herr Thi Hoang Nguyen und Frau Joe Nguyen, begannen w\u00e4hrend ihres Studiums mit ersten Forschungen und Experimenten mit R\u00f6hrenschaltungen und Lautsprecherkonstruktionen.2008: Herr Thi startete sein erstes kommerzielles Unternehmen unter dem Markennamen AirPower.2010: Die Marke ThivanLabs wurde offiziell gegr\u00fcndet.2012-2013: Nach der R\u00fcckkehr von Frau Joe Nguyen aus Gro\u00dfbritannien verfeinerte das Unternehmen sein Logo durch den Zusatz &#8222;Labs&#8220;, der die Verpflichtung zu einem strukturierten Forschungs- und Entwicklungsprozess signalisiert. In diese Zeit f\u00e4llt auch der Beginn der &#8222;True Live&#8220;-Soundphilosophie.2015-2016: Einf\u00fchrung der wichtigsten Lautsprecherlinien, darunter das erste kommerzielle Modell, der Fullrange 10 (2015), und der erste Lautsprecher mit offener Schallwand, der Grand Open (2016).2019-heute: Die Marke erweitert ihre internationale Pr\u00e4senz, insbesondere in europ\u00e4ischen M\u00e4rkten wie Deutschland.  Ende 2025 stellte das Unternehmen die Eros-9X vor, um das 10-j\u00e4hrige Bestehen der Eros-Hornlautsprecherserie zu feiern, deren internationale Premiere f\u00fcr 2026 geplant ist.<\/span><\/div>\n<div class=\"specification-item row-odd\"><span class=\"spec-content\">Entwicklung des Kernprodukts<\/span><\/div>\n<div class=\"specification-item row-even\"><span class=\"spec-content\">Das Unternehmen unterh\u00e4lt ein vielf\u00e4ltiges \u00d6kosystem von Audioger\u00e4ten:<\/span><\/div>\n<div class=\"specification-item row-odd\"><span class=\"spec-content\">Verst\u00e4rkung: Bekannt f\u00fcr leistungsstarke Single-Ended (SE) R\u00f6hrenverst\u00e4rker mit R\u00f6hren wie der 811, 833 und 211. Ihre aktuellen Standards legen den Schwerpunkt auf r\u00fcckkopplungsfreie Designs, um die nat\u00fcrliche Klangqualit\u00e4t zu erhalten.Lautsprecher: Die Entwicklung konzentriert sich auf hochempfindliche Designs, darunter Hornlautsprecher (Eros-Serie) und Open-Baffle-Systeme (Anteros- und Grand-Open-Serie).Digital &amp; Hybrid: Expansion in digitale Quellen mit R\u00f6hren-DACs und -Streamern sowie Hybrid-Verst\u00e4rkung durch das Schwesterunternehmen Mavis Lab. <\/span><\/div>\n<\/div>\n","protected":false},"excerpt":{"rendered":"<p>Beschreibung Freakuence! Kraft! Sehr mitrei\u00dfend, mit viel Auge f\u00fcr das Schlagzeug, wo andere R\u00f6hrenverst\u00e4rker dies oft auslassen. Die Mitten sehr robust und angenehm. Die R\u00f6hre, in ihrer vollen Pracht. Feiner Verst\u00e4rker. Ladenpreis: 6500.00 Details Machen Sie sich keine Sorgen! Wir bieten eine sehr gute 12-monatige Garantie auf gebrauchte Produkte. Die R\u00f6hren sind vermessen und in [&hellip;]<\/p>\n","protected":false},"featured_media":402920,"template":"","meta":{"_acf_changed":false,"inline_featured_image":false},"product_brand":[],"product_cat":[557,744,532],"product_tag":[534],"class_list":{"0":"post-328717","1":"product","2":"type-product","3":"status-publish","4":"has-post-thumbnail","6":"product_cat-rohrenverstarker","7":"product_cat-stereo-verstarker","8":"product_cat-verstarker","9":"product_tag-benutzt","10":"pa_kleur-braun","12":"first","13":"instock","14":"sold-individually","15":"purchasable","16":"product-type-simple"},"acf":{"website":true,"show_on_homepage":false,"brand_title":"Thivanlabs","product_type":"Lion 805a","color":"Braun","subcolor":"","reserved_status":"0"},"_links":{"self":[{"href":"https:\/\/dev.freakuence.nl\/de\/wp-json\/wp\/v2\/product\/328717","targetHints":{"allow":["GET"]}}],"collection":[{"href":"https:\/\/dev.freakuence.nl\/de\/wp-json\/wp\/v2\/product"}],"about":[{"href":"https:\/\/dev.freakuence.nl\/de\/wp-json\/wp\/v2\/types\/product"}],"wp:featuredmedia":[{"embeddable":true,"href":"https:\/\/dev.freakuence.nl\/de\/wp-json\/wp\/v2\/media\/402920"}],"wp:attachment":[{"href":"https:\/\/dev.freakuence.nl\/de\/wp-json\/wp\/v2\/media?parent=328717"}],"wp:term":[{"taxonomy":"product_brand","embeddable":true,"href":"https:\/\/dev.freakuence.nl\/de\/wp-json\/wp\/v2\/product_brand?post=328717"},{"taxonomy":"product_cat","embeddable":true,"href":"https:\/\/dev.freakuence.nl\/de\/wp-json\/wp\/v2\/product_cat?post=328717"},{"taxonomy":"product_tag","embeddable":true,"href":"https:\/\/dev.freakuence.nl\/de\/wp-json\/wp\/v2\/product_tag?post=328717"}],"curies":[{"name":"wp","href":"https:\/\/api.w.org\/{rel}","templated":true}]}}