{"id":330456,"date":"2026-01-14T15:58:56","date_gmt":"2026-01-14T14:58:56","guid":{"rendered":"https:\/\/freakuence.nl\/product\/mark-levinson-nr-5101\/"},"modified":"2026-04-08T20:14:49","modified_gmt":"2026-04-08T18:14:49","slug":"mark-levinson-nr-5101","status":"publish","type":"product","link":"https:\/\/dev.freakuence.nl\/de\/produkt\/mark-levinson-nr-5101\/","title":{"rendered":"Mark Levinson Nr. 5101"},"content":{"rendered":"<div class=\"product-specifications-list\">\n<div class=\"specification-item row-header\"><span class=\"spec-content\"><strong>Beschreibung Freakuence!<\/strong><\/span><\/div>\n<div class=\"specification-item row-even\"><span class=\"spec-content\">Leistungsstarker Player von Mark Levinson. Loopwork, DAC, Netzwerkspieler&#8230; ein Allrounder auf hohem Niveau. Dynamisch, detailreich&#8230; aber rund, wie Levinson es immer ist.  <\/span><\/div>\n<div class=\"specification-item row-odd\"><span class=\"spec-content\">Ladenpreis: 7190.00<\/span><\/div>\n<div class=\"specification-item row-header\"><span class=\"spec-content\"><strong>Details<\/strong><\/span><\/div>\n<div class=\"specification-item row-even\"><span class=\"spec-content\">Dieser Player wurde mit einem neuen Laufwerk ausgestattet, das wieder unz\u00e4hlige Runden erm\u00f6glicht. Freakfact! zum Spa\u00df: eine volle CD dreht etwa 25000 Runden, um bis zum Ende des letzten Titels zu gelangen. <\/span><\/div>\n<div class=\"specification-item row-odd\"><span class=\"spec-content\">Mehrwertsteuer-Produkt. Unternehmer, Menschen au\u00dferhalb der EU, nutzen den Vorteil. <\/span><\/div>\n<div class=\"specification-item row-header\"><span class=\"spec-content\"><strong>Allgemeine Beschreibung<\/strong><\/span><\/div>\n<div class=\"specification-item row-even\"><span class=\"spec-content\">Dieses System kombiniert einen SACD-Player, einen Netzwerk-Streamer und einen Digital-Analog-Wandler in einem Ger\u00e4t. Es spielt SACD, CD-A, CD-R und CD-RW und unterst\u00fctzt FLAC, WAV, AIFF, OGG, MP3, AAC und WMA-Dateien. Hochaufl\u00f6sende Streams k\u00f6nnen \u00fcber Ethernet oder Wi-Fi abgespielt werden. Die analoge Ausgangsstufe verwendet eine vollst\u00e4ndig diskrete, direkt gekoppelte Dual-Mono-Line-Level-Ausgangsschaltung. Zu den optionalen digitalen Eing\u00e4ngen geh\u00f6ren koaxiale und optische Eing\u00e4nge sowie ein USB-A-Anschluss f\u00fcr die Wiedergabe von Dateien von USB-Laufwerken. Das System wurde in den USA entwickelt und pr\u00e4zise gefertigt.     <\/span><\/div>\n<div class=\"specification-item row-header\"><span class=\"spec-content\"><strong>Hintergrundinformationen<\/strong><\/span><\/div>\n<div class=\"specification-item row-even\"><span class=\"spec-content\">Der Mark Levinson No 39 ist als integrierter CD-Player mit hochwertigen DAC- und Vorverst\u00e4rkerfunktionen konzipiert. Entwickelt vom Team der Madrigal Audio Labs, das von Ingenieuren wie Tom Colangelo geleitet wird, verwendet der No 39 ausschlie\u00dflich audiophile diskrete Komponenten und ein vollst\u00e4ndig symmetrisches Schaltungsdesign. Das Geh\u00e4use ist aus massivem Aluminium gefr\u00e4st, um maximale Vibrationsd\u00e4mpfung zu gew\u00e4hrleisten. Die interne Verkabelung und die Stromversorgung wurden im eigenen Haus mit minimalen Signalwegen f\u00fcr optimale Reinheit entwickelt.   <\/span><\/div>\n<div class=\"specification-item row-header\"><span class=\"spec-content\"><strong>Geschichte der Marke<\/strong><\/span><\/div>\n<div class=\"specification-item row-even\"><span class=\"spec-content\">Mark Levinson wurde 1972 in den Vereinigten Staaten gegr\u00fcndet. Die Marke wurde nach ihrem Gr\u00fcnder, Mark Levinson, benannt, der als Musiker und Toningenieur t\u00e4tig war. Die erste kommerzielle Einf\u00fchrung war der Vorverst\u00e4rker LNP-2, der f\u00fcr professionelle Anwendungen entwickelt wurde. Sp\u00e4ter folgten weitere Ger\u00e4te, darunter Verst\u00e4rker und Prozessoren. Im Jahr 1980 wurde die Marke von Madrigal Audio Laboratories \u00fcbernommen, woraufhin die Produktentwicklung weiterging. Seit 1999 ist Mark Levinson Teil von Harman International Industries. Die Marke f\u00fchrte 2001 in Zusammenarbeit mit Lexus erstmals ein Audiosystem f\u00fcr den Einsatz in einem Fahrzeug ein. Bei der Entwicklung aller Produkte liegt der Schwerpunkt auf den technischen Spezifikationen und der Verarbeitung. Die Produktion erfolgt in den Vereinigten Staaten unter Verwendung ausgew\u00e4hlter Komponenten. Mark Levinson-Ger\u00e4te werden \u00fcber ein ausgew\u00e4hltes Netzwerk von Distributoren und H\u00e4ndlern an Kunden in aller Welt geliefert.         <\/span><\/div>\n<\/div>\n","protected":false},"excerpt":{"rendered":"<p>Beschreibung Freakuence! Leistungsstarker Player von Mark Levinson. Loopwork, DAC, Netzwerkspieler&#8230; ein Allrounder auf hohem Niveau. Dynamisch, detailreich&#8230; aber rund, wie Levinson es immer ist. Ladenpreis: 7190.00 Details Dieser Player wurde mit einem neuen Laufwerk ausgestattet, das wieder unz\u00e4hlige Runden erm\u00f6glicht. Freakfact! zum Spa\u00df: eine volle CD dreht etwa 25000 Runden, um bis zum Ende des [&hellip;]<\/p>\n","protected":false},"featured_media":385995,"template":"","meta":{"_acf_changed":false,"inline_featured_image":false},"product_brand":[],"product_cat":[554,717,741,690],"product_tag":[534],"class_list":{"0":"post-330456","1":"product","2":"type-product","3":"status-publish","4":"has-post-thumbnail","6":"product_cat-cd-spieler","7":"product_cat-dacs","8":"product_cat-luftschlangen","9":"product_cat-quellen","10":"product_tag-benutzt","11":"pa_kleur-schwarz","13":"first","14":"instock","15":"sold-individually","16":"taxable","17":"shipping-taxable","18":"purchasable","19":"product-type-simple"},"acf":{"website":true,"show_on_homepage":false,"brand_title":"Mark Levinson","product_type":"No 5101","color":"Schwarz","subcolor":"","reserved_status":"0"},"yoast_head":"<!-- This site is optimized with the Yoast SEO plugin v25.9 - https:\/\/yoast.com\/wordpress\/plugins\/seo\/ -->\n<title>Mark Levinson Nr. 5101 | Freakuence!<\/title>\n<meta name=\"description\" content=\"Mark Levinson Nr. 5101: 3-in-1 SACD-Player, Netzwerk-Streamer und DAC mit PrecisionLink II DAC und PurePath Analogausgang. \u2713 Neue &amp; gebrauchte HiFi-Ger\u00e4te \u2713 Kundenbewertung: 4.9 von 5 \u2713 Inzahlungnahme \u2713 H\u00f6rprobe\" \/>\n<meta name=\"robots\" content=\"noindex, follow, max-snippet:-1, max-image-preview:large, max-video-preview:-1\" \/>\n<meta property=\"og:locale\" content=\"de_DE\" \/>\n<meta property=\"og:type\" content=\"article\" \/>\n<meta property=\"og:title\" content=\"Mark Levinson Nr. 5101 | Freakuence!\" \/>\n<meta property=\"og:description\" content=\"Mark Levinson Nr. 5101: 3-in-1 SACD-Player, Netzwerk-Streamer und DAC mit PrecisionLink II DAC und PurePath Analogausgang. \u2713 Neue &amp; gebrauchte HiFi-Ger\u00e4te \u2713 Kundenbewertung: 4.9 von 5 \u2713 Inzahlungnahme \u2713 H\u00f6rprobe\" \/>\n<meta property=\"og:url\" content=\"https:\/\/dev.freakuence.nl\/de\/produkt\/mark-levinson-nr-5101\/\" \/>\n<meta property=\"og:site_name\" content=\"Freakuence!\" \/>\n<meta property=\"article:modified_time\" content=\"2026-04-08T18:14:49+00:00\" \/>\n<meta property=\"og:image\" content=\"https:\/\/dev.freakuence.nl\/wp-content\/uploads\/2026\/04\/17684027230420-18573-IMG8224.jpg\" \/>\n\t<meta property=\"og:image:width\" content=\"1800\" \/>\n\t<meta property=\"og:image:height\" content=\"1200\" \/>\n\t<meta property=\"og:image:type\" content=\"image\/jpeg\" \/>\n<meta name=\"twitter:card\" content=\"summary_large_image\" \/>\n<script type=\"application\/ld+json\" class=\"yoast-schema-graph\">{\"@context\":\"https:\/\/schema.org\",\"@graph\":[{\"@type\":\"WebPage\",\"@id\":\"https:\/\/dev.freakuence.nl\/de\/produkt\/mark-levinson-nr-5101\/\",\"url\":\"https:\/\/dev.freakuence.nl\/de\/produkt\/mark-levinson-nr-5101\/\",\"name\":\"Mark Levinson Nr. 5101 | Freakuence!\",\"isPartOf\":{\"@id\":\"https:\/\/dev.freakuence.nl\/de\/#website\"},\"primaryImageOfPage\":{\"@id\":\"https:\/\/dev.freakuence.nl\/de\/produkt\/mark-levinson-nr-5101\/#primaryimage\"},\"image\":{\"@id\":\"https:\/\/dev.freakuence.nl\/de\/produkt\/mark-levinson-nr-5101\/#primaryimage\"},\"thumbnailUrl\":\"https:\/\/dev.freakuence.nl\/wp-content\/uploads\/2026\/04\/17684027230420-18573-IMG8224.jpg\",\"datePublished\":\"2026-01-14T14:58:56+00:00\",\"dateModified\":\"2026-04-08T18:14:49+00:00\",\"description\":\"Mark Levinson Nr. 5101: 3-in-1 SACD-Player, Netzwerk-Streamer und DAC mit PrecisionLink II DAC und PurePath Analogausgang. \u2713 Neue & gebrauchte HiFi-Ger\u00e4te \u2713 Kundenbewertung: 4.9 von 5 \u2713 Inzahlungnahme \u2713 H\u00f6rprobe\",\"breadcrumb\":{\"@id\":\"https:\/\/dev.freakuence.nl\/de\/produkt\/mark-levinson-nr-5101\/#breadcrumb\"},\"inLanguage\":\"de\",\"potentialAction\":[{\"@type\":\"ReadAction\",\"target\":[\"https:\/\/dev.freakuence.nl\/de\/produkt\/mark-levinson-nr-5101\/\"]}]},{\"@type\":\"ImageObject\",\"inLanguage\":\"de\",\"@id\":\"https:\/\/dev.freakuence.nl\/de\/produkt\/mark-levinson-nr-5101\/#primaryimage\",\"url\":\"https:\/\/dev.freakuence.nl\/wp-content\/uploads\/2026\/04\/17684027230420-18573-IMG8224.jpg\",\"contentUrl\":\"https:\/\/dev.freakuence.nl\/wp-content\/uploads\/2026\/04\/17684027230420-18573-IMG8224.jpg\",\"width\":1800,\"height\":1200},{\"@type\":\"BreadcrumbList\",\"@id\":\"https:\/\/dev.freakuence.nl\/de\/produkt\/mark-levinson-nr-5101\/#breadcrumb\",\"itemListElement\":[{\"@type\":\"ListItem\",\"position\":1,\"name\":\"Startseite\",\"item\":\"https:\/\/dev.freakuence.nl\/de\/\"},{\"@type\":\"ListItem\",\"position\":2,\"name\":\"Produkte\",\"item\":\"https:\/\/dev.freakuence.nl\/de\/produkte\/\"},{\"@type\":\"ListItem\",\"position\":3,\"name\":\"Mark Levinson Nr. 5101\"}]},{\"@type\":\"WebSite\",\"@id\":\"https:\/\/dev.freakuence.nl\/de\/#website\",\"url\":\"https:\/\/dev.freakuence.nl\/de\/\",\"name\":\"Freakuence!\",\"description\":\"Freakuence!\",\"publisher\":{\"@id\":\"https:\/\/dev.freakuence.nl\/de\/#organization\"},\"alternateName\":\"Freakuence\",\"potentialAction\":[{\"@type\":\"SearchAction\",\"target\":{\"@type\":\"EntryPoint\",\"urlTemplate\":\"https:\/\/dev.freakuence.nl\/de\/?s={search_term_string}\"},\"query-input\":{\"@type\":\"PropertyValueSpecification\",\"valueRequired\":true,\"valueName\":\"search_term_string\"}}],\"inLanguage\":\"de\"},{\"@type\":\"Organization\",\"@id\":\"https:\/\/dev.freakuence.nl\/de\/#organization\",\"name\":\"Freakuence!\",\"url\":\"https:\/\/dev.freakuence.nl\/de\/\",\"logo\":{\"@type\":\"ImageObject\",\"inLanguage\":\"de\",\"@id\":\"https:\/\/dev.freakuence.nl\/de\/#\/schema\/logo\/image\/\",\"url\":\"https:\/\/dev.freakuence.nl\/wp-content\/uploads\/2022\/05\/Brown_3_RGB_Freakuence-1.png\",\"contentUrl\":\"https:\/\/dev.freakuence.nl\/wp-content\/uploads\/2022\/05\/Brown_3_RGB_Freakuence-1.png\",\"width\":2560,\"height\":684,\"caption\":\"Freakuence!\"},\"image\":{\"@id\":\"https:\/\/dev.freakuence.nl\/de\/#\/schema\/logo\/image\/\"},\"sameAs\":[\"https:\/\/www.instagram.com\/freakuence_notorious_audio\/\"]}]}<\/script>\n<!-- \/ Yoast SEO plugin. -->","yoast_head_json":{"title":"Mark Levinson Nr. 5101 | Freakuence!","description":"Mark Levinson Nr. 5101: 3-in-1 SACD-Player, Netzwerk-Streamer und DAC mit PrecisionLink II DAC und PurePath Analogausgang. \u2713 Neue & gebrauchte HiFi-Ger\u00e4te \u2713 Kundenbewertung: 4.9 von 5 \u2713 Inzahlungnahme \u2713 H\u00f6rprobe","robots":{"index":"noindex","follow":"follow","max-snippet":"max-snippet:-1","max-image-preview":"max-image-preview:large","max-video-preview":"max-video-preview:-1"},"og_locale":"de_DE","og_type":"article","og_title":"Mark Levinson Nr. 5101 | Freakuence!","og_description":"Mark Levinson Nr. 5101: 3-in-1 SACD-Player, Netzwerk-Streamer und DAC mit PrecisionLink II DAC und PurePath Analogausgang. \u2713 Neue & gebrauchte HiFi-Ger\u00e4te \u2713 Kundenbewertung: 4.9 von 5 \u2713 Inzahlungnahme \u2713 H\u00f6rprobe","og_url":"https:\/\/dev.freakuence.nl\/de\/produkt\/mark-levinson-nr-5101\/","og_site_name":"Freakuence!","article_modified_time":"2026-04-08T18:14:49+00:00","og_image":[{"width":1800,"height":1200,"url":"https:\/\/dev.freakuence.nl\/wp-content\/uploads\/2026\/04\/17684027230420-18573-IMG8224.jpg","type":"image\/jpeg"}],"twitter_card":"summary_large_image","schema":{"@context":"https:\/\/schema.org","@graph":[{"@type":"WebPage","@id":"https:\/\/dev.freakuence.nl\/de\/produkt\/mark-levinson-nr-5101\/","url":"https:\/\/dev.freakuence.nl\/de\/produkt\/mark-levinson-nr-5101\/","name":"Mark Levinson Nr. 5101 | Freakuence!","isPartOf":{"@id":"https:\/\/dev.freakuence.nl\/de\/#website"},"primaryImageOfPage":{"@id":"https:\/\/dev.freakuence.nl\/de\/produkt\/mark-levinson-nr-5101\/#primaryimage"},"image":{"@id":"https:\/\/dev.freakuence.nl\/de\/produkt\/mark-levinson-nr-5101\/#primaryimage"},"thumbnailUrl":"https:\/\/dev.freakuence.nl\/wp-content\/uploads\/2026\/04\/17684027230420-18573-IMG8224.jpg","datePublished":"2026-01-14T14:58:56+00:00","dateModified":"2026-04-08T18:14:49+00:00","description":"Mark Levinson Nr. 5101: 3-in-1 SACD-Player, Netzwerk-Streamer und DAC mit PrecisionLink II DAC und PurePath Analogausgang. \u2713 Neue & gebrauchte HiFi-Ger\u00e4te \u2713 Kundenbewertung: 4.9 von 5 \u2713 Inzahlungnahme \u2713 H\u00f6rprobe","breadcrumb":{"@id":"https:\/\/dev.freakuence.nl\/de\/produkt\/mark-levinson-nr-5101\/#breadcrumb"},"inLanguage":"de","potentialAction":[{"@type":"ReadAction","target":["https:\/\/dev.freakuence.nl\/de\/produkt\/mark-levinson-nr-5101\/"]}]},{"@type":"ImageObject","inLanguage":"de","@id":"https:\/\/dev.freakuence.nl\/de\/produkt\/mark-levinson-nr-5101\/#primaryimage","url":"https:\/\/dev.freakuence.nl\/wp-content\/uploads\/2026\/04\/17684027230420-18573-IMG8224.jpg","contentUrl":"https:\/\/dev.freakuence.nl\/wp-content\/uploads\/2026\/04\/17684027230420-18573-IMG8224.jpg","width":1800,"height":1200},{"@type":"BreadcrumbList","@id":"https:\/\/dev.freakuence.nl\/de\/produkt\/mark-levinson-nr-5101\/#breadcrumb","itemListElement":[{"@type":"ListItem","position":1,"name":"Startseite","item":"https:\/\/dev.freakuence.nl\/de\/"},{"@type":"ListItem","position":2,"name":"Produkte","item":"https:\/\/dev.freakuence.nl\/de\/produkte\/"},{"@type":"ListItem","position":3,"name":"Mark Levinson Nr. 5101"}]},{"@type":"WebSite","@id":"https:\/\/dev.freakuence.nl\/de\/#website","url":"https:\/\/dev.freakuence.nl\/de\/","name":"Freakuence!","description":"Freakuence!","publisher":{"@id":"https:\/\/dev.freakuence.nl\/de\/#organization"},"alternateName":"Freakuence","potentialAction":[{"@type":"SearchAction","target":{"@type":"EntryPoint","urlTemplate":"https:\/\/dev.freakuence.nl\/de\/?s={search_term_string}"},"query-input":{"@type":"PropertyValueSpecification","valueRequired":true,"valueName":"search_term_string"}}],"inLanguage":"de"},{"@type":"Organization","@id":"https:\/\/dev.freakuence.nl\/de\/#organization","name":"Freakuence!","url":"https:\/\/dev.freakuence.nl\/de\/","logo":{"@type":"ImageObject","inLanguage":"de","@id":"https:\/\/dev.freakuence.nl\/de\/#\/schema\/logo\/image\/","url":"https:\/\/dev.freakuence.nl\/wp-content\/uploads\/2022\/05\/Brown_3_RGB_Freakuence-1.png","contentUrl":"https:\/\/dev.freakuence.nl\/wp-content\/uploads\/2022\/05\/Brown_3_RGB_Freakuence-1.png","width":2560,"height":684,"caption":"Freakuence!"},"image":{"@id":"https:\/\/dev.freakuence.nl\/de\/#\/schema\/logo\/image\/"},"sameAs":["https:\/\/www.instagram.com\/freakuence_notorious_audio\/"]}]}},"_links":{"self":[{"href":"https:\/\/dev.freakuence.nl\/de\/wp-json\/wp\/v2\/product\/330456","targetHints":{"allow":["GET"]}}],"collection":[{"href":"https:\/\/dev.freakuence.nl\/de\/wp-json\/wp\/v2\/product"}],"about":[{"href":"https:\/\/dev.freakuence.nl\/de\/wp-json\/wp\/v2\/types\/product"}],"wp:featuredmedia":[{"embeddable":true,"href":"https:\/\/dev.freakuence.nl\/de\/wp-json\/wp\/v2\/media\/385995"}],"wp:attachment":[{"href":"https:\/\/dev.freakuence.nl\/de\/wp-json\/wp\/v2\/media?parent=330456"}],"wp:term":[{"taxonomy":"product_brand","embeddable":true,"href":"https:\/\/dev.freakuence.nl\/de\/wp-json\/wp\/v2\/product_brand?post=330456"},{"taxonomy":"product_cat","embeddable":true,"href":"https:\/\/dev.freakuence.nl\/de\/wp-json\/wp\/v2\/product_cat?post=330456"},{"taxonomy":"product_tag","embeddable":true,"href":"https:\/\/dev.freakuence.nl\/de\/wp-json\/wp\/v2\/product_tag?post=330456"}],"curies":[{"name":"wp","href":"https:\/\/api.w.org\/{rel}","templated":true}]}}