{"id":330471,"date":"2026-01-14T16:03:53","date_gmt":"2026-01-14T15:03:53","guid":{"rendered":"https:\/\/freakuence.nl\/product\/hegel-h600\/"},"modified":"2026-04-08T20:22:06","modified_gmt":"2026-04-08T18:22:06","slug":"hegel-h600","status":"publish","type":"product","link":"https:\/\/dev.freakuence.nl\/de\/produkt\/hegel-h600\/","title":{"rendered":"Hegel H600"},"content":{"rendered":"<div class=\"product-specifications-list\">\n<div class=\"specification-item row-header\"><span class=\"spec-content\"><strong>Beschreibung Freakuence!<\/strong><\/span><\/div>\n<div class=\"specification-item row-even\"><span class=\"spec-content\">Kraft, Kontrolle, Transparenz, unverzerrt! Steuert fast alles, wirklich fast alles. Mit einer breiten und tiefen Klangb\u00fchne, einem dynamischen Bereich und einer bizarren Kontrolle \u00fcber die tiefen Frequenzen. Ist das Ihr Geschmack? Kommen Sie vorbei und wir lassen Sie es h\u00f6ren.    <\/span><\/div>\n<div class=\"specification-item row-odd\"><span class=\"spec-content\">Ladenpreis: 11495.00<\/span><\/div>\n<div class=\"specification-item row-header\"><span class=\"spec-content\"><strong>Details<\/strong><\/span><\/div>\n<div class=\"specification-item row-even\"><span class=\"spec-content\">Ausstellungsdemo vom Importeur. Ausstellungsmodelle haben kaum oder gar keine Betriebsstunden (auf einem Messestand k\u00f6nnen nicht alle Produkte gleichzeitig eingeschaltet sein), werden aus der Verpackung genommen, ausgestellt und dann oft direkt an unseren Shop geschickt. Mit der vollen offiziellen Herstellergarantie!  <\/span><\/div>\n<div class=\"specification-item row-odd\"><span class=\"spec-content\">Mehrwertsteuer-Produkt. Unternehmer, Menschen au\u00dferhalb der EU, nutzen den Vorteil. <\/span><\/div>\n<div class=\"specification-item row-even\"><span class=\"spec-content\">Sie suchen ein anderes Modell aus der aktuellen Serie der Marke? Schicken Sie uns eine Nachricht!  Wir m\u00f6chten, dass es Spa\u00df macht.<\/span><\/div>\n<div class=\"specification-item row-header\"><span class=\"spec-content\"><strong>Allgemeine Beschreibung<\/strong><\/span><\/div>\n<div class=\"specification-item row-even\"><span class=\"spec-content\">Dieses integrierte Verst\u00e4rkersystem liefert 2 x 303 W an 8 Ohm und ist in einer Dual-Mono-Konfiguration konzipiert. Es verf\u00fcgt \u00fcber zwei symmetrische XLR-Eing\u00e4nge und zwei unsymmetrische RCA-Eing\u00e4nge. Zu den digitalen Anschl\u00fcssen geh\u00f6ren ein LAN-Netzwerkanschluss, ein USB 32\/384-Eingang (der DSD256\/DoP unterst\u00fctzt), drei optische Eing\u00e4nge, ein koaxialer Eingang und ein BNC 75-Ohm-Eingang. Die analogen Ausg\u00e4nge bestehen aus einem Paar fester RCA-Ausg\u00e4nge und einem Paar variabler RCA-Ausg\u00e4nge. Das System unterst\u00fctzt Streaming \u00fcber UPnP, Spotify Connect, AirPlay, Tidal Connect und ist Roon Ready. Das Geh\u00e4use ist aus Aluminium gefertigt und verf\u00fcgt \u00fcber gro\u00dfe Aluminiumf\u00fc\u00dfe mit einem Anti-Kratz-Design f\u00fcr Stabilit\u00e4t und Vibrationsreduzierung. Gro\u00dfe Steuertasten mit Touch Control sorgen f\u00fcr eine intuitive Bedienung. Das System ist mit einem bit-perfekten D\/A-Wandler ausgestattet und verwendet die SoundEngine2-Korrekturtechnologie. Optionale Firmware-Updates k\u00f6nnen automatisch installiert werden, um die Funktionalit\u00e4t auf dem neuesten Stand zu halten.        <\/span><\/div>\n<div class=\"specification-item row-header\"><span class=\"spec-content\"><strong>Hintergrundinformationen<\/strong><\/span><\/div>\n<div class=\"specification-item row-even\"><span class=\"spec-content\">Der Hegel H600 wurde von dem norwegischen Team um Chefdesigner Bent Holter entworfen. Der Vollverst\u00e4rker kombiniert 303 W pro Kanal mit einem vollst\u00e4ndig symmetrischen Design und der SoundEngine2-Technologie zur Minimierung von Verzerrungen. Das Geh\u00e4use ist f\u00fcr optimale Abschirmung und Steifigkeit aus Aluminium CNC-gefr\u00e4st. Alle kritischen Komponenten wurden im Hinblick auf geringe Toleranzen und Klangqualit\u00e4t ausgew\u00e4hlt. Die interne Verkabelung ist kurz, direkt und sorgf\u00e4ltig platziert, um die Signalverschmutzung zu minimieren. Hegel fertigt und montiert im eigenen Haus in Norwegen.     <\/span><\/div>\n<div class=\"specification-item row-header\"><span class=\"spec-content\"><strong>Geschichte der Marke<\/strong><\/span><\/div>\n<div class=\"specification-item row-even\"><span class=\"spec-content\">Hegel wurde in den sp\u00e4ten 1980er Jahren von Bent Holter in Norwegen gegr\u00fcndet. Im Rahmen seiner Abschlussarbeit an der Technischen Universit\u00e4t Trondheim entwickelte er eine L\u00f6sung zur Reduzierung von Verzerrungen in Transistorverst\u00e4rkern. Dies f\u00fchrte zu der Technologie, die sp\u00e4ter als SoundEngine bekannt wurde. Im Jahr 1988 wurde der Name Hegel erstmals f\u00fcr einen Verst\u00e4rker verwendet. In den 1990er Jahren brachte das Unternehmen mehrere CD-Player und Verst\u00e4rker heraus. Im Jahr 1996 wurde der erste vollsymmetrische Verst\u00e4rker vorgestellt. Um 2004 begann die Marke mit der Entwicklung von DA-Wandlern. Sp\u00e4ter wurden die Produkte mit Netzwerkfunktionen ausgestattet, um die digitale Musikwiedergabe zu unterst\u00fctzen. Hegel vermarktet ausschlie\u00dflich seine eigene Elektronik und entwickelt sowohl das Schaltungsdesign als auch die notwendige Software selbst. Das Unternehmen betreibt den internationalen Vertrieb seiner Produkte von Norwegen aus.         <\/span><\/div>\n<\/div>\n","protected":false},"excerpt":{"rendered":"<p>Beschreibung Freakuence! Kraft, Kontrolle, Transparenz, unverzerrt! Steuert fast alles, wirklich fast alles. Mit einer breiten und tiefen Klangb\u00fchne, einem dynamischen Bereich und einer bizarren Kontrolle \u00fcber die tiefen Frequenzen. Ist das Ihr Geschmack? Kommen Sie vorbei und wir lassen Sie es h\u00f6ren. Ladenpreis: 11495.00 Details Ausstellungsdemo vom Importeur. Ausstellungsmodelle haben kaum oder gar keine Betriebsstunden [&hellip;]<\/p>\n","protected":false},"featured_media":386722,"template":"","meta":{"_acf_changed":false,"inline_featured_image":false},"product_brand":[],"product_cat":[774,744,532],"product_tag":[555],"class_list":{"0":"post-330471","1":"product","2":"type-product","3":"status-publish","4":"has-post-thumbnail","6":"product_cat-klasse-a-a-b-stereo-verstarker","7":"product_cat-stereo-verstarker","8":"product_cat-verstarker","9":"product_tag-demo","10":"pa_kleur-schwarz","12":"first","13":"instock","14":"sold-individually","15":"purchasable","16":"product-type-simple"},"acf":{"website":true,"show_on_homepage":false,"brand_title":"Hegel","product_type":"H600","color":"Schwarz","subcolor":"","reserved_status":"1"},"yoast_head":"<!-- This site is optimized with the Yoast SEO plugin v25.9 - https:\/\/yoast.com\/wordpress\/plugins\/seo\/ -->\n<title>Hegel H600 | Freakuence!<\/title>\n<meta name=\"description\" content=\"Hegel H600 Vollverst\u00e4rker: 303W pro Kanal, \u00fcberragender DAC und Streaming. \u2713 Neue &amp; gebrauchte HiFi-Ger\u00e4te \u2713 Kundenbewertung: 4.9 von 5 \u2713 Inzahlungnahme \u2713 H\u00f6rprobe\" \/>\n<meta name=\"robots\" content=\"noindex, follow, max-snippet:-1, max-image-preview:large, max-video-preview:-1\" \/>\n<meta property=\"og:locale\" content=\"de_DE\" \/>\n<meta property=\"og:type\" content=\"article\" \/>\n<meta property=\"og:title\" content=\"Hegel H600 | Freakuence!\" \/>\n<meta property=\"og:description\" content=\"Hegel H600 Vollverst\u00e4rker: 303W pro Kanal, \u00fcberragender DAC und Streaming. \u2713 Neue &amp; gebrauchte HiFi-Ger\u00e4te \u2713 Kundenbewertung: 4.9 von 5 \u2713 Inzahlungnahme \u2713 H\u00f6rprobe\" \/>\n<meta property=\"og:url\" content=\"https:\/\/dev.freakuence.nl\/de\/produkt\/hegel-h600\/\" \/>\n<meta property=\"og:site_name\" content=\"Freakuence!\" \/>\n<meta property=\"article:modified_time\" content=\"2026-04-08T18:22:06+00:00\" \/>\n<meta property=\"og:image\" content=\"https:\/\/dev.freakuence.nl\/wp-content\/uploads\/2026\/04\/17684030179752-18762-IMG8252.jpg\" \/>\n\t<meta property=\"og:image:width\" content=\"1800\" \/>\n\t<meta property=\"og:image:height\" content=\"1200\" \/>\n\t<meta property=\"og:image:type\" content=\"image\/jpeg\" \/>\n<meta name=\"twitter:card\" content=\"summary_large_image\" \/>\n<script type=\"application\/ld+json\" class=\"yoast-schema-graph\">{\"@context\":\"https:\/\/schema.org\",\"@graph\":[{\"@type\":\"WebPage\",\"@id\":\"https:\/\/dev.freakuence.nl\/de\/produkt\/hegel-h600\/\",\"url\":\"https:\/\/dev.freakuence.nl\/de\/produkt\/hegel-h600\/\",\"name\":\"Hegel H600 | Freakuence!\",\"isPartOf\":{\"@id\":\"https:\/\/dev.freakuence.nl\/de\/#website\"},\"primaryImageOfPage\":{\"@id\":\"https:\/\/dev.freakuence.nl\/de\/produkt\/hegel-h600\/#primaryimage\"},\"image\":{\"@id\":\"https:\/\/dev.freakuence.nl\/de\/produkt\/hegel-h600\/#primaryimage\"},\"thumbnailUrl\":\"https:\/\/dev.freakuence.nl\/wp-content\/uploads\/2026\/04\/17684030179752-18762-IMG8252.jpg\",\"datePublished\":\"2026-01-14T15:03:53+00:00\",\"dateModified\":\"2026-04-08T18:22:06+00:00\",\"description\":\"Hegel H600 Vollverst\u00e4rker: 303W pro Kanal, \u00fcberragender DAC und Streaming. \u2713 Neue & gebrauchte HiFi-Ger\u00e4te \u2713 Kundenbewertung: 4.9 von 5 \u2713 Inzahlungnahme \u2713 H\u00f6rprobe\",\"breadcrumb\":{\"@id\":\"https:\/\/dev.freakuence.nl\/de\/produkt\/hegel-h600\/#breadcrumb\"},\"inLanguage\":\"de\",\"potentialAction\":[{\"@type\":\"ReadAction\",\"target\":[\"https:\/\/dev.freakuence.nl\/de\/produkt\/hegel-h600\/\"]}]},{\"@type\":\"ImageObject\",\"inLanguage\":\"de\",\"@id\":\"https:\/\/dev.freakuence.nl\/de\/produkt\/hegel-h600\/#primaryimage\",\"url\":\"https:\/\/dev.freakuence.nl\/wp-content\/uploads\/2026\/04\/17684030179752-18762-IMG8252.jpg\",\"contentUrl\":\"https:\/\/dev.freakuence.nl\/wp-content\/uploads\/2026\/04\/17684030179752-18762-IMG8252.jpg\",\"width\":1800,\"height\":1200},{\"@type\":\"BreadcrumbList\",\"@id\":\"https:\/\/dev.freakuence.nl\/de\/produkt\/hegel-h600\/#breadcrumb\",\"itemListElement\":[{\"@type\":\"ListItem\",\"position\":1,\"name\":\"Startseite\",\"item\":\"https:\/\/dev.freakuence.nl\/de\/\"},{\"@type\":\"ListItem\",\"position\":2,\"name\":\"Produkte\",\"item\":\"https:\/\/dev.freakuence.nl\/de\/produkte\/\"},{\"@type\":\"ListItem\",\"position\":3,\"name\":\"Hegel H600\"}]},{\"@type\":\"WebSite\",\"@id\":\"https:\/\/dev.freakuence.nl\/de\/#website\",\"url\":\"https:\/\/dev.freakuence.nl\/de\/\",\"name\":\"Freakuence!\",\"description\":\"Freakuence!\",\"publisher\":{\"@id\":\"https:\/\/dev.freakuence.nl\/de\/#organization\"},\"alternateName\":\"Freakuence\",\"potentialAction\":[{\"@type\":\"SearchAction\",\"target\":{\"@type\":\"EntryPoint\",\"urlTemplate\":\"https:\/\/dev.freakuence.nl\/de\/?s={search_term_string}\"},\"query-input\":{\"@type\":\"PropertyValueSpecification\",\"valueRequired\":true,\"valueName\":\"search_term_string\"}}],\"inLanguage\":\"de\"},{\"@type\":\"Organization\",\"@id\":\"https:\/\/dev.freakuence.nl\/de\/#organization\",\"name\":\"Freakuence!\",\"url\":\"https:\/\/dev.freakuence.nl\/de\/\",\"logo\":{\"@type\":\"ImageObject\",\"inLanguage\":\"de\",\"@id\":\"https:\/\/dev.freakuence.nl\/de\/#\/schema\/logo\/image\/\",\"url\":\"https:\/\/dev.freakuence.nl\/wp-content\/uploads\/2022\/05\/Brown_3_RGB_Freakuence-1.png\",\"contentUrl\":\"https:\/\/dev.freakuence.nl\/wp-content\/uploads\/2022\/05\/Brown_3_RGB_Freakuence-1.png\",\"width\":2560,\"height\":684,\"caption\":\"Freakuence!\"},\"image\":{\"@id\":\"https:\/\/dev.freakuence.nl\/de\/#\/schema\/logo\/image\/\"},\"sameAs\":[\"https:\/\/www.instagram.com\/freakuence_notorious_audio\/\"]}]}<\/script>\n<!-- \/ Yoast SEO plugin. -->","yoast_head_json":{"title":"Hegel H600 | Freakuence!","description":"Hegel H600 Vollverst\u00e4rker: 303W pro Kanal, \u00fcberragender DAC und Streaming. \u2713 Neue & gebrauchte HiFi-Ger\u00e4te \u2713 Kundenbewertung: 4.9 von 5 \u2713 Inzahlungnahme \u2713 H\u00f6rprobe","robots":{"index":"noindex","follow":"follow","max-snippet":"max-snippet:-1","max-image-preview":"max-image-preview:large","max-video-preview":"max-video-preview:-1"},"og_locale":"de_DE","og_type":"article","og_title":"Hegel H600 | Freakuence!","og_description":"Hegel H600 Vollverst\u00e4rker: 303W pro Kanal, \u00fcberragender DAC und Streaming. \u2713 Neue & gebrauchte HiFi-Ger\u00e4te \u2713 Kundenbewertung: 4.9 von 5 \u2713 Inzahlungnahme \u2713 H\u00f6rprobe","og_url":"https:\/\/dev.freakuence.nl\/de\/produkt\/hegel-h600\/","og_site_name":"Freakuence!","article_modified_time":"2026-04-08T18:22:06+00:00","og_image":[{"width":1800,"height":1200,"url":"https:\/\/dev.freakuence.nl\/wp-content\/uploads\/2026\/04\/17684030179752-18762-IMG8252.jpg","type":"image\/jpeg"}],"twitter_card":"summary_large_image","schema":{"@context":"https:\/\/schema.org","@graph":[{"@type":"WebPage","@id":"https:\/\/dev.freakuence.nl\/de\/produkt\/hegel-h600\/","url":"https:\/\/dev.freakuence.nl\/de\/produkt\/hegel-h600\/","name":"Hegel H600 | Freakuence!","isPartOf":{"@id":"https:\/\/dev.freakuence.nl\/de\/#website"},"primaryImageOfPage":{"@id":"https:\/\/dev.freakuence.nl\/de\/produkt\/hegel-h600\/#primaryimage"},"image":{"@id":"https:\/\/dev.freakuence.nl\/de\/produkt\/hegel-h600\/#primaryimage"},"thumbnailUrl":"https:\/\/dev.freakuence.nl\/wp-content\/uploads\/2026\/04\/17684030179752-18762-IMG8252.jpg","datePublished":"2026-01-14T15:03:53+00:00","dateModified":"2026-04-08T18:22:06+00:00","description":"Hegel H600 Vollverst\u00e4rker: 303W pro Kanal, \u00fcberragender DAC und Streaming. \u2713 Neue & gebrauchte HiFi-Ger\u00e4te \u2713 Kundenbewertung: 4.9 von 5 \u2713 Inzahlungnahme \u2713 H\u00f6rprobe","breadcrumb":{"@id":"https:\/\/dev.freakuence.nl\/de\/produkt\/hegel-h600\/#breadcrumb"},"inLanguage":"de","potentialAction":[{"@type":"ReadAction","target":["https:\/\/dev.freakuence.nl\/de\/produkt\/hegel-h600\/"]}]},{"@type":"ImageObject","inLanguage":"de","@id":"https:\/\/dev.freakuence.nl\/de\/produkt\/hegel-h600\/#primaryimage","url":"https:\/\/dev.freakuence.nl\/wp-content\/uploads\/2026\/04\/17684030179752-18762-IMG8252.jpg","contentUrl":"https:\/\/dev.freakuence.nl\/wp-content\/uploads\/2026\/04\/17684030179752-18762-IMG8252.jpg","width":1800,"height":1200},{"@type":"BreadcrumbList","@id":"https:\/\/dev.freakuence.nl\/de\/produkt\/hegel-h600\/#breadcrumb","itemListElement":[{"@type":"ListItem","position":1,"name":"Startseite","item":"https:\/\/dev.freakuence.nl\/de\/"},{"@type":"ListItem","position":2,"name":"Produkte","item":"https:\/\/dev.freakuence.nl\/de\/produkte\/"},{"@type":"ListItem","position":3,"name":"Hegel H600"}]},{"@type":"WebSite","@id":"https:\/\/dev.freakuence.nl\/de\/#website","url":"https:\/\/dev.freakuence.nl\/de\/","name":"Freakuence!","description":"Freakuence!","publisher":{"@id":"https:\/\/dev.freakuence.nl\/de\/#organization"},"alternateName":"Freakuence","potentialAction":[{"@type":"SearchAction","target":{"@type":"EntryPoint","urlTemplate":"https:\/\/dev.freakuence.nl\/de\/?s={search_term_string}"},"query-input":{"@type":"PropertyValueSpecification","valueRequired":true,"valueName":"search_term_string"}}],"inLanguage":"de"},{"@type":"Organization","@id":"https:\/\/dev.freakuence.nl\/de\/#organization","name":"Freakuence!","url":"https:\/\/dev.freakuence.nl\/de\/","logo":{"@type":"ImageObject","inLanguage":"de","@id":"https:\/\/dev.freakuence.nl\/de\/#\/schema\/logo\/image\/","url":"https:\/\/dev.freakuence.nl\/wp-content\/uploads\/2022\/05\/Brown_3_RGB_Freakuence-1.png","contentUrl":"https:\/\/dev.freakuence.nl\/wp-content\/uploads\/2022\/05\/Brown_3_RGB_Freakuence-1.png","width":2560,"height":684,"caption":"Freakuence!"},"image":{"@id":"https:\/\/dev.freakuence.nl\/de\/#\/schema\/logo\/image\/"},"sameAs":["https:\/\/www.instagram.com\/freakuence_notorious_audio\/"]}]}},"_links":{"self":[{"href":"https:\/\/dev.freakuence.nl\/de\/wp-json\/wp\/v2\/product\/330471","targetHints":{"allow":["GET"]}}],"collection":[{"href":"https:\/\/dev.freakuence.nl\/de\/wp-json\/wp\/v2\/product"}],"about":[{"href":"https:\/\/dev.freakuence.nl\/de\/wp-json\/wp\/v2\/types\/product"}],"wp:featuredmedia":[{"embeddable":true,"href":"https:\/\/dev.freakuence.nl\/de\/wp-json\/wp\/v2\/media\/386722"}],"wp:attachment":[{"href":"https:\/\/dev.freakuence.nl\/de\/wp-json\/wp\/v2\/media?parent=330471"}],"wp:term":[{"taxonomy":"product_brand","embeddable":true,"href":"https:\/\/dev.freakuence.nl\/de\/wp-json\/wp\/v2\/product_brand?post=330471"},{"taxonomy":"product_cat","embeddable":true,"href":"https:\/\/dev.freakuence.nl\/de\/wp-json\/wp\/v2\/product_cat?post=330471"},{"taxonomy":"product_tag","embeddable":true,"href":"https:\/\/dev.freakuence.nl\/de\/wp-json\/wp\/v2\/product_tag?post=330471"}],"curies":[{"name":"wp","href":"https:\/\/api.w.org\/{rel}","templated":true}]}}