{"id":330607,"date":"2026-01-14T16:41:52","date_gmt":"2026-01-14T15:41:52","guid":{"rendered":"https:\/\/freakuence.nl\/product\/brocksieper-arabeske\/"},"modified":"2026-03-10T06:16:29","modified_gmt":"2026-03-10T05:16:29","slug":"brocksieper-arabeske","status":"publish","type":"product","link":"https:\/\/dev.freakuence.nl\/de\/produkt\/brocksieper-arabeske\/","title":{"rendered":"Brocksieper Arabeske"},"content":{"rendered":"<div class=\"product-specifications-list\">\n<div class=\"specification-item row-even\"><span class=\"spec-content\"><strong>Beschreibung Freakuence!<\/strong><\/span><\/div>\n<div class=\"specification-item row-odd\"><span class=\"spec-content\">Auch hier gibt es viel zu sagen. Was alles. Mit einem 32 cm Chitin-Tieft\u00f6ner, einem 17 cm Chitin-Mittelt\u00f6ner und einem Thiel-Keramik-Hocht\u00f6ner. Dies ist ein Lautsprecher der Spitzenklasse. Sauber, mit einem superben Fundament im unteren Bereich. Eine sehr tiefe B\u00fchne.     <\/span><\/div>\n<div class=\"specification-item row-even\"><span class=\"spec-content\"><strong>Allgemeine Beschreibung<\/strong><\/span><\/div>\n<div class=\"specification-item row-odd\"><span class=\"spec-content\"><\/p>\n<p>Die Brocksieper Arabeske ist ein Lautsprecher, der Handwerkskunst und hochwertige Komponenten vereint. Mit einem 32 cm Chitin-Bass, einem 17 cm Chitin-Mittelt\u00f6ner und einem Thiel-Keramik-Hocht\u00f6ner liefert dieser Lautsprecher eine pr\u00e4zise und dynamische Klangwiedergabe. Ein speziell entwickelter Superhocht\u00f6ner sorgt f\u00fcr einen erweiterten Frequenzgang, der besonders bei SACD-Material zum Tragen kommt. Das Design konzentriert sich auf ein realistisches Zeitverhalten, das Impulse originalgetreu wiedergibt. Die Arabeske ist standardm\u00e4\u00dfig ein passiver Lautsprecher, kann aber mit einem r\u00f6hrenaktiven Filter f\u00fcr aktive Verst\u00e4rkung aufger\u00fcstet werden. Das schlanke Design wird durch die seitliche Platzierung des Subwoofers beibehalten. Mit einer Empfindlichkeit von 91 dB und einem Frequenzbereich von 29 Hz bis 30 kHz bietet die Arabeske ein beeindruckendes H\u00f6rerlebnis.      <\/p>\n<p><\/span><\/div>\n<div class=\"specification-item row-even\"><span class=\"spec-content\"><strong>Geschichte der Marke<\/strong><\/span><\/div>\n<div class=\"specification-item row-odd\"><span class=\"spec-content\"><\/p>\n<p>Brocksieper entwickelt und produziert seit 2001 elektronische Ger\u00e4te mit Schwerpunkt auf R\u00f6hrentechnologie. Ihr Gr\u00fcnder, Michael Brocksieper, ist seit 1985 in der Verst\u00e4rkerentwicklung t\u00e4tig. Die Produktion findet vollst\u00e4ndig in der eigenen Werkstatt in Deutschland statt, wobei alle Komponenten von Hand montiert und getestet werden. Die Geh\u00e4use und Komponenten werden in Zusammenarbeit mit lokalen Zulieferern entwickelt und hergestellt. F\u00fcr die Produktion werden hochwertige Materialien ausgew\u00e4hlt, darunter Aluminium und Edelstahl. Seit 2002 verwendet das Unternehmen ein modulares Konzept, bei dem die Ger\u00e4te austauschbare Module enthalten. Brocksieper verwendet ausschlie\u00dflich diskrete Komponenten und vermeidet den Einsatz von Operationsverst\u00e4rkern. Jedes Ger\u00e4t wird erst nach umfangreichen Qualit\u00e4tskontrollen und individuellen Messungen ausgeliefert. Zu den T\u00e4tigkeiten geh\u00f6ren die Entwicklung von Schaltkreisen sowie das Design und die Fertigstellung von Geh\u00e4usen.        <\/p>\n<p><\/span><\/div>\n<\/div>\n","protected":false},"excerpt":{"rendered":"<p>Beschreibung Freakuence! Auch hier gibt es viel zu sagen. Was alles. Mit einem 32 cm Chitin-Tieft\u00f6ner, einem 17 cm Chitin-Mittelt\u00f6ner und einem Thiel-Keramik-Hocht\u00f6ner. Dies ist ein Lautsprecher der Spitzenklasse. Sauber, mit einem superben Fundament im unteren Bereich. Eine sehr tiefe B\u00fchne. Allgemeine Beschreibung Die Brocksieper Arabeske ist ein Lautsprecher, der Handwerkskunst und hochwertige Komponenten vereint. [&hellip;]<\/p>\n","protected":false},"featured_media":331371,"template":"","meta":{"_acf_changed":false,"inline_featured_image":false},"product_brand":[],"product_cat":[542],"product_tag":[534],"class_list":{"0":"post-330607","1":"product","2":"type-product","3":"status-publish","4":"has-post-thumbnail","6":"product_cat-redner","7":"product_tag-benutzt","8":"pa_kleur-schwarz","10":"first","11":"instock","12":"purchasable","13":"product-type-simple"},"acf":{"website":true,"show_on_homepage":false,"brand_title":"Brocksieper","product_type":"Arabeske","color":"Schwarz","subcolor":"","reserved_status":"0"},"_links":{"self":[{"href":"https:\/\/dev.freakuence.nl\/de\/wp-json\/wp\/v2\/product\/330607","targetHints":{"allow":["GET"]}}],"collection":[{"href":"https:\/\/dev.freakuence.nl\/de\/wp-json\/wp\/v2\/product"}],"about":[{"href":"https:\/\/dev.freakuence.nl\/de\/wp-json\/wp\/v2\/types\/product"}],"wp:featuredmedia":[{"embeddable":true,"href":"https:\/\/dev.freakuence.nl\/de\/wp-json\/wp\/v2\/media\/331371"}],"wp:attachment":[{"href":"https:\/\/dev.freakuence.nl\/de\/wp-json\/wp\/v2\/media?parent=330607"}],"wp:term":[{"taxonomy":"product_brand","embeddable":true,"href":"https:\/\/dev.freakuence.nl\/de\/wp-json\/wp\/v2\/product_brand?post=330607"},{"taxonomy":"product_cat","embeddable":true,"href":"https:\/\/dev.freakuence.nl\/de\/wp-json\/wp\/v2\/product_cat?post=330607"},{"taxonomy":"product_tag","embeddable":true,"href":"https:\/\/dev.freakuence.nl\/de\/wp-json\/wp\/v2\/product_tag?post=330607"}],"curies":[{"name":"wp","href":"https:\/\/api.w.org\/{rel}","templated":true}]}}