{"id":331728,"date":"2026-01-19T15:47:57","date_gmt":"2026-01-19T14:47:57","guid":{"rendered":"https:\/\/freakuence.nl\/product\/wadia-a315-2\/"},"modified":"2026-04-10T09:10:58","modified_gmt":"2026-04-10T07:10:58","slug":"wadia-a315-2","status":"publish","type":"product","link":"https:\/\/dev.freakuence.nl\/de\/produkt\/wadia-a315-2\/","title":{"rendered":"Wadia A315"},"content":{"rendered":"<div class=\"product-specifications-list\">\n<div class=\"specification-item row-header\"><span class=\"spec-content\"><strong>Beschreibung Freakuence!<\/strong><\/span><\/div>\n<div class=\"specification-item row-even\"><span class=\"spec-content\">Ein sehr leistungsstarker und detailreicher Verst\u00e4rker aus den Vereinigten Staaten, genauer gesagt, aus Amerika. Liefert ein breites und klangliches Spektrum. Sch\u00f6nes solides Fundament f\u00fcr die tiefen Frequenzen und ein sanfter Mitteltonbereich.  <\/span><\/div>\n<div class=\"specification-item row-header\"><span class=\"spec-content\"><strong>Allgemeine Beschreibung<\/strong><\/span><\/div>\n<div class=\"specification-item row-even\"><span class=\"spec-content\">Dieses System liefert 150 Watt pro Kanal an 8 Ohm und 250 Watt pro Kanal an 4 Ohm. Es verf\u00fcgt sowohl \u00fcber symmetrische als auch unsymmetrische Eing\u00e4nge und speziell entwickelte 5-Wege-Lautsprecherklemmen. Die Frequency Switching Transmission\u2122 Technologie passt sich an, um Verzerrungen \u00fcber das gesamte Audiospektrum zu reduzieren. Signal Surveyor\u2122 \u00fcberwacht das Ausgangssignal und stoppt die Verst\u00e4rkung bei unsicheren Gleichspannungspegeln. Ein Trigger-Eingang und -Ausgang erm\u00f6glichen eine einfache Systemintegration. Das kompakte Design mit einer H\u00f6he von weniger als 9 cm erleichtert die Platzierung. Das optionale Werkzeug f\u00fcr die Lautsprecheranschl\u00fcsse sorgt f\u00fcr besonders robuste Verbindungen.      <\/span><\/div>\n<div class=\"specification-item row-header\"><span class=\"spec-content\"><strong>Hintergrundinformationen<\/strong><\/span><\/div>\n<div class=\"specification-item row-even\"><span class=\"spec-content\">Der Wadia A315 wurde mit dem Schwerpunkt auf High-End-Musikwiedergabe entwickelt und von Wadias Ingenieurteam um Chefdesigner John Schaffer konzipiert. Die Verst\u00e4rkerschaltung verwendet diskrete Komponenten in audiophiler Qualit\u00e4t, und die interne Verkabelung wurde sorgf\u00e4ltig f\u00fcr eine optimale Signal\u00fcbertragung ausgew\u00e4hlt. Das Geh\u00e4use ist aus massivem Aluminium CNC-gefr\u00e4st, um Stabilit\u00e4t und W\u00e4rmeableitung zu gew\u00e4hrleisten. Wadia ist in den USA f\u00fcr seine Pr\u00e4zisionsmontage bekannt.   <\/span><\/div>\n<div class=\"specification-item row-header\"><span class=\"spec-content\"><strong>Geschichte der Marke<\/strong><\/span><\/div>\n<div class=\"specification-item row-even\"><span class=\"spec-content\">Wadia Digital wurde 1988 in den Vereinigten Staaten gegr\u00fcndet. Von Anfang an spezialisierte sich die Marke auf digitale Audiotechnik, mit einem starken Fokus auf pr\u00e4ziser digitaler Signalverarbeitung. Wadia verwendete Techniken wie DigiMaster, einen Algorithmus zur digitalen Filterung, und diskrete Komponenten anstelle von integrierten Schaltungen f\u00fcr die Digital-Analog-Wandlung. In den Anfangsjahren brachte Wadia Produkte wie den Wadia 2000 auf den Markt, ein digitales Audioprodukt, das auf eigener Forschung im Bereich der digitalen High-End-Verarbeitung basierte. Ein Merkmal der Wadia-Produkte war die Verwendung sogenannter &#8218;glasoptischer&#8216; und anderer digitaler Verbindungen f\u00fcr eine pr\u00e4zise Daten\u00fcbertragung. In sp\u00e4teren Jahren wurden die Produkte und Technologien von Wadia in die Produktpalette von Audio Research integriert und in die McIntosh Group integriert. Der Ansatz der digitalen Signalverarbeitung blieb technisch konstant, wobei der Schwerpunkt auf bitgenauer Rekonstruktion und technischen Spezifikationen lag.      <\/span><\/div>\n<\/div>\n","protected":false},"excerpt":{"rendered":"<p>Beschreibung Freakuence! Ein sehr leistungsstarker und detailreicher Verst\u00e4rker aus den Vereinigten Staaten, genauer gesagt, aus Amerika. Liefert ein breites und klangliches Spektrum. Sch\u00f6nes solides Fundament f\u00fcr die tiefen Frequenzen und ein sanfter Mitteltonbereich. Allgemeine Beschreibung Dieses System liefert 150 Watt pro Kanal an 8 Ohm und 250 Watt pro Kanal an 4 Ohm. Es verf\u00fcgt [&hellip;]<\/p>\n","protected":false},"featured_media":387429,"template":"","meta":{"_acf_changed":false,"inline_featured_image":false},"product_brand":[],"product_cat":[751,750,532],"product_tag":[534],"class_list":{"0":"post-331728","1":"product","2":"type-product","3":"status-publish","4":"has-post-thumbnail","6":"product_cat-klasse-d-verstarker","7":"product_cat-leistungsverstarker","8":"product_cat-verstarker","9":"product_tag-benutzt","10":"pa_kleur-silber","12":"first","13":"instock","14":"sold-individually","15":"purchasable","16":"product-type-simple"},"acf":{"website":true,"show_on_homepage":false,"brand_title":"Wadia","product_type":"A315","color":"Silber","subcolor":"","reserved_status":"0"},"_links":{"self":[{"href":"https:\/\/dev.freakuence.nl\/de\/wp-json\/wp\/v2\/product\/331728","targetHints":{"allow":["GET"]}}],"collection":[{"href":"https:\/\/dev.freakuence.nl\/de\/wp-json\/wp\/v2\/product"}],"about":[{"href":"https:\/\/dev.freakuence.nl\/de\/wp-json\/wp\/v2\/types\/product"}],"wp:featuredmedia":[{"embeddable":true,"href":"https:\/\/dev.freakuence.nl\/de\/wp-json\/wp\/v2\/media\/387429"}],"wp:attachment":[{"href":"https:\/\/dev.freakuence.nl\/de\/wp-json\/wp\/v2\/media?parent=331728"}],"wp:term":[{"taxonomy":"product_brand","embeddable":true,"href":"https:\/\/dev.freakuence.nl\/de\/wp-json\/wp\/v2\/product_brand?post=331728"},{"taxonomy":"product_cat","embeddable":true,"href":"https:\/\/dev.freakuence.nl\/de\/wp-json\/wp\/v2\/product_cat?post=331728"},{"taxonomy":"product_tag","embeddable":true,"href":"https:\/\/dev.freakuence.nl\/de\/wp-json\/wp\/v2\/product_tag?post=331728"}],"curies":[{"name":"wp","href":"https:\/\/api.w.org\/{rel}","templated":true}]}}