{"id":333237,"date":"2026-01-21T11:39:30","date_gmt":"2026-01-21T10:39:30","guid":{"rendered":"https:\/\/freakuence.nl\/product\/hegel-h4-se\/"},"modified":"2026-04-08T20:20:34","modified_gmt":"2026-04-08T18:20:34","slug":"hegel-h4-se","status":"publish","type":"product","link":"https:\/\/dev.freakuence.nl\/de\/produkt\/hegel-h4-se\/","title":{"rendered":"Hegel H4 se"},"content":{"rendered":"<div class=\"product-specifications-list\">\n<div class=\"specification-item row-header\"><span class=\"spec-content\"><strong>Beschreibung Freakuence!<\/strong><\/span><\/div>\n<div class=\"specification-item row-even\"><span class=\"spec-content\">Mit einer Leistung von 2x300W an 8 Ohm und einem D\u00e4mpfungsfaktor von \u00fcber 1000 liefert diese Endstufe Kraft, echten Grip. Sauber und transparent. <\/span><\/div>\n<div class=\"specification-item row-odd\"><span class=\"spec-content\">Ladenpreis: 7795.00<\/span><\/div>\n<div class=\"specification-item row-header\"><span class=\"spec-content\"><strong>Details<\/strong><\/span><\/div>\n<div class=\"specification-item row-even\"><span class=\"spec-content\">Sie suchen ein anderes Modell aus der aktuellen Serie der Marke? Schicken Sie uns eine Nachricht!  Wir m\u00f6chten, dass es Spa\u00df macht.<\/span><\/div>\n<div class=\"specification-item row-header\"><span class=\"spec-content\"><strong>Allgemeine Beschreibung<\/strong><\/span><\/div>\n<div class=\"specification-item row-even\"><span class=\"spec-content\">Der Hegel H4SE ist ein leistungsstarker Stereo-Endverst\u00e4rker, der f\u00fcr seine Kraft und Klangqualit\u00e4t bekannt ist. Mit seinem Dual-Mono-Design liefert er eine beeindruckende Dynamik und eine breite Klangb\u00fchne. Der Verst\u00e4rker ist sowohl mit symmetrischen XLR- als auch mit unsymmetrischen Cinch-Eing\u00e4ngen ausgestattet, was ihn flexibel f\u00fcr den Einsatz in verschiedenen Audiosystemen macht. Die Lautsprecherausg\u00e4nge verf\u00fcgen \u00fcber zwei Paar robuste, vergoldete Anschl\u00fcsse pro Kanal, die eine zuverl\u00e4ssige Verbindung zu den Lautsprechern gew\u00e4hrleisten. Dank fortschrittlicher Technologien in den Verst\u00e4rkerstufen bietet der H4SE eine sanfte und transparente Klangwiedergabe ohne Detailverluste.    <\/span><\/div>\n<div class=\"specification-item row-header\"><span class=\"spec-content\"><strong>Hintergrundinformationen<\/strong><\/span><\/div>\n<div class=\"specification-item row-even\"><span class=\"spec-content\">Der Hegel H4 SE ist ein leistungsstarker Stereoverst\u00e4rker mit einem Dual-Mono-Design und der patentierten SoundEngine-Technologie. Der von Bent Holter entworfene Verst\u00e4rker ist auf minimale Verzerrung und maximale Lautsprecherkontrolle ausgerichtet. Die internen Komponenten sind sorgf\u00e4ltig ausgew\u00e4hlt, mit High-End-Transistoren und diskreten Schaltungen. Das Geh\u00e4use ist robust und resonanzarm und hat ein minimalistisches skandinavisches Design. Die Produktion findet gr\u00f6\u00dftenteils in Norwegen statt, mit Qualit\u00e4tskontrolle auf jeder Ebene.    <\/span><\/div>\n<div class=\"specification-item row-header\"><span class=\"spec-content\"><strong>Geschichte der Marke<\/strong><\/span><\/div>\n<div class=\"specification-item row-even\"><span class=\"spec-content\">Hegel wurde in den sp\u00e4ten 1980er Jahren von Bent Holter in Norwegen gegr\u00fcndet. Im Rahmen seiner Abschlussarbeit an der Technischen Universit\u00e4t Trondheim entwickelte er eine L\u00f6sung zur Reduzierung von Verzerrungen in Transistorverst\u00e4rkern. Dies f\u00fchrte zu der Technologie, die sp\u00e4ter als SoundEngine bekannt wurde. Im Jahr 1988 wurde der Name Hegel erstmals f\u00fcr einen Verst\u00e4rker verwendet. In den 1990er Jahren brachte das Unternehmen mehrere CD-Player und Verst\u00e4rker heraus. Im Jahr 1996 wurde der erste vollsymmetrische Verst\u00e4rker vorgestellt. Um 2004 begann die Marke mit der Entwicklung von DA-Wandlern. Sp\u00e4ter wurden die Produkte mit Netzwerkfunktionen ausgestattet, um die digitale Musikwiedergabe zu unterst\u00fctzen. Hegel vermarktet ausschlie\u00dflich seine eigene Elektronik und entwickelt sowohl das Schaltungsdesign als auch die notwendige Software selbst. Das Unternehmen betreibt den internationalen Vertrieb seiner Produkte von Norwegen aus.         <\/span><\/div>\n<\/div>\n","protected":false},"excerpt":{"rendered":"<p>Beschreibung Freakuence! Mit einer Leistung von 2x300W an 8 Ohm und einem D\u00e4mpfungsfaktor von \u00fcber 1000 liefert diese Endstufe Kraft, echten Grip. Sauber und transparent. Ladenpreis: 7795.00 Details Sie suchen ein anderes Modell aus der aktuellen Serie der Marke? Schicken Sie uns eine Nachricht! Wir m\u00f6chten, dass es Spa\u00df macht. Allgemeine Beschreibung Der Hegel H4SE [&hellip;]<\/p>\n","protected":false},"featured_media":386599,"template":"","meta":{"_acf_changed":false,"inline_featured_image":false},"product_brand":[],"product_cat":[769,750,532],"product_tag":[534],"class_list":{"0":"post-333237","1":"product","2":"type-product","3":"status-publish","4":"has-post-thumbnail","6":"product_cat-klasse-a-klasse-a-b","7":"product_cat-leistungsverstarker","8":"product_cat-verstarker","9":"product_tag-benutzt","10":"pa_kleur-silber","12":"first","13":"instock","14":"sold-individually","15":"purchasable","16":"product-type-simple"},"acf":{"website":true,"show_on_homepage":false,"brand_title":"Hegel","product_type":"H4 se","color":"Silber","subcolor":"","reserved_status":"0"},"_links":{"self":[{"href":"https:\/\/dev.freakuence.nl\/de\/wp-json\/wp\/v2\/product\/333237","targetHints":{"allow":["GET"]}}],"collection":[{"href":"https:\/\/dev.freakuence.nl\/de\/wp-json\/wp\/v2\/product"}],"about":[{"href":"https:\/\/dev.freakuence.nl\/de\/wp-json\/wp\/v2\/types\/product"}],"wp:featuredmedia":[{"embeddable":true,"href":"https:\/\/dev.freakuence.nl\/de\/wp-json\/wp\/v2\/media\/386599"}],"wp:attachment":[{"href":"https:\/\/dev.freakuence.nl\/de\/wp-json\/wp\/v2\/media?parent=333237"}],"wp:term":[{"taxonomy":"product_brand","embeddable":true,"href":"https:\/\/dev.freakuence.nl\/de\/wp-json\/wp\/v2\/product_brand?post=333237"},{"taxonomy":"product_cat","embeddable":true,"href":"https:\/\/dev.freakuence.nl\/de\/wp-json\/wp\/v2\/product_cat?post=333237"},{"taxonomy":"product_tag","embeddable":true,"href":"https:\/\/dev.freakuence.nl\/de\/wp-json\/wp\/v2\/product_tag?post=333237"}],"curies":[{"name":"wp","href":"https:\/\/api.w.org\/{rel}","templated":true}]}}