{"id":341473,"date":"2026-01-21T11:24:09","date_gmt":"2026-01-21T10:24:09","guid":{"rendered":"https:\/\/freakuence.nl\/product\/dynaudio-erbe\/"},"modified":"2026-03-10T06:15:46","modified_gmt":"2026-03-10T05:15:46","slug":"dynaudio-erbe","status":"publish","type":"product","link":"https:\/\/dev.freakuence.nl\/de\/produkt\/dynaudio-erbe\/","title":{"rendered":"Dynaudio Erbe"},"content":{"rendered":"<div class=\"product-specifications-list\">\n<div class=\"specification-item row-header\"><span class=\"spec-content\"><strong>Beschreibung Freakuence!<\/strong><\/span><\/div>\n<div class=\"specification-item row-even\"><span class=\"spec-content\">Viel Tiefe und Ruhe, das ist es, was Ihnen diese Boxen bieten. Viel Tiefbass, der den Mitteltonbereich gro\u00df herauskommen l\u00e4sst. Die Mitten sind alles andere als aufdringlich, es gibt viel Tiefe. Die H\u00f6hen sind samtig abgerundet.   <\/span><\/div>\n<div class=\"specification-item row-odd\"><span class=\"spec-content\">Einzelhandelspreis: 6.000,00<\/span><\/div>\n<div class=\"specification-item row-header\"><span class=\"spec-content\"><strong>Details<\/strong><\/span><\/div>\n<div class=\"specification-item row-even\"><span class=\"spec-content\">Sie befinden sich am Dynaudio Stand 20.<\/span><\/div>\n<div class=\"specification-item row-header\"><span class=\"spec-content\"><strong>Allgemeine Beschreibung<\/strong><\/span><\/div>\n<div class=\"specification-item row-even\"><span class=\"spec-content\">Die Dynaudio Heritage Special ist eine Hommage an klassische Lautsprecherdesigns, mit einem Retro-Look und moderner Technologie.  <\/p>\n<p>Mit einem 19 mm dicken MDF-Geh\u00e4use, das mit strapazierf\u00e4higem amerikanischem Walnussfurnier versehen ist, bietet dieser Lautsprecher eine solide Konstruktion.  <\/p>\n<p>Der Heritage Special ist mit dem Esotar 3 Hocht\u00f6ner von Dynaudio und einem 18 cm MSP-Tieft\u00f6ner ausgestattet, die f\u00fcr ein ausgewogenes und detailliertes Klangbild sorgen.  <\/p>\n<p>Mit nur 2.500 produzierten Paaren weltweit ist die Heritage Special eine exklusive Wahl f\u00fcr Liebhaber von hochwertigem Audio.<\/span><\/div>\n<div class=\"specification-item row-header\"><span class=\"spec-content\"><strong>Hintergrundinformationen<\/strong><\/span><\/div>\n<div class=\"specification-item row-even\"><span class=\"spec-content\">Das Dynaudio Heritage Special wird in Skanderborg, D\u00e4nemark, in limitierter Auflage handgefertigt. Entwickelt von erfahrenen Dynaudio Ingenieuren wie Daniel Emonts, verbindet sie klassisches Aussehen mit High-End-Technik. Er verwendet Esotar 3 Hocht\u00f6ner, MSP-Mitteltieft\u00f6ner und Mundorf-Kondensatoren mit einer internen Verkabelung von van den Hul. Das Geh\u00e4use besteht aus echtem amerikanischem Walnussfurnier und wurde sorgf\u00e4ltig furniert und bearbeitet.   <\/span><\/div>\n<div class=\"specification-item row-header\"><span class=\"spec-content\"><strong>Geschichte der Marke<\/strong><\/span><\/div>\n<div class=\"specification-item row-even\"><span class=\"spec-content\">Diese Marke wurde 1977 in Skanderborg, D\u00e4nemark, von einer Gruppe von Ingenieuren gegr\u00fcndet und ist bekannt f\u00fcr ihre Hingabe an Pr\u00e4zision und Klangqualit\u00e4t. Einer der Gr\u00fcnder, Wilfried Ehrenholz, spielte eine entscheidende Rolle bei der technischen Entwicklung der Produkte. Von Anfang an konzentrierte sich das Unternehmen auf die Entwicklung und Herstellung von Lautsprechern, die sich durch Pr\u00e4zision und Detailgenauigkeit auszeichnen &#8211; eine Philosophie, die tief in der Forschung im Bereich Akustik und technische Innovation verwurzelt ist.  <\/p>\n<p>Das Besondere an dieser Marke ist, dass sich ihre Kompetenz nicht nur auf ihre eigenen Produkte beschr\u00e4nkt. Ihre Lautsprecherkomponenten, wie z.B. Treiber und Hocht\u00f6ner, werden von vielen anderen Marken weltweit verwendet, was ein Beweis f\u00fcr ihre Zuverl\u00e4ssigkeit und ihren hohen Standard ist. Diese Komponenten werden f\u00fcr ihre technische Leistung und den Beitrag, den sie zum Klang verschiedener Audioprodukte leisten, gesch\u00e4tzt.  <\/p>\n<p>Das Team hinter der Marke besteht aus leidenschaftlichen Ingenieuren und Technikern, die die Liebe zur Musik und zur Technologie teilen. Diese Leidenschaft treibt ihr st\u00e4ndiges Streben nach Perfektion im Klang an. Ihre Arbeit hat nicht nur ihre eigene Produktlinie beeinflusst, sondern auch die breitere Audiowelt, in der ihre Komponenten ein integraler Bestandteil vieler renommierter Lautsprechersysteme sind.  <\/span><\/div>\n<\/div>\n","protected":false},"excerpt":{"rendered":"<p>Beschreibung Freakuence! Viel Tiefe und Ruhe, das ist es, was Ihnen diese Boxen bieten. Viel Tiefbass, der den Mitteltonbereich gro\u00df herauskommen l\u00e4sst. Die Mitten sind alles andere als aufdringlich, es gibt viel Tiefe. Die H\u00f6hen sind samtig abgerundet. Einzelhandelspreis: 6.000,00 Details Sie befinden sich am Dynaudio Stand 20. Allgemeine Beschreibung Die Dynaudio Heritage Special ist [&hellip;]<\/p>\n","protected":false},"featured_media":341474,"template":"","meta":{"_acf_changed":false,"inline_featured_image":false},"product_brand":[],"product_cat":[917],"product_tag":[534],"class_list":{"0":"post-341473","1":"product","2":"type-product","3":"status-publish","4":"has-post-thumbnail","6":"product_cat-alle-producten","7":"product_tag-benutzt","8":"pa_kleur-braun","10":"first","11":"outofstock","12":"sold-individually","13":"purchasable","14":"product-type-simple"},"acf":{"website":true,"show_on_homepage":false,"brand_title":"Dynaudio","product_type":"Heritage","color":"Braun","subcolor":"","reserved_status":"1"},"_links":{"self":[{"href":"https:\/\/dev.freakuence.nl\/de\/wp-json\/wp\/v2\/product\/341473","targetHints":{"allow":["GET"]}}],"collection":[{"href":"https:\/\/dev.freakuence.nl\/de\/wp-json\/wp\/v2\/product"}],"about":[{"href":"https:\/\/dev.freakuence.nl\/de\/wp-json\/wp\/v2\/types\/product"}],"wp:featuredmedia":[{"embeddable":true,"href":"https:\/\/dev.freakuence.nl\/de\/wp-json\/wp\/v2\/media\/341474"}],"wp:attachment":[{"href":"https:\/\/dev.freakuence.nl\/de\/wp-json\/wp\/v2\/media?parent=341473"}],"wp:term":[{"taxonomy":"product_brand","embeddable":true,"href":"https:\/\/dev.freakuence.nl\/de\/wp-json\/wp\/v2\/product_brand?post=341473"},{"taxonomy":"product_cat","embeddable":true,"href":"https:\/\/dev.freakuence.nl\/de\/wp-json\/wp\/v2\/product_cat?post=341473"},{"taxonomy":"product_tag","embeddable":true,"href":"https:\/\/dev.freakuence.nl\/de\/wp-json\/wp\/v2\/product_tag?post=341473"}],"curies":[{"name":"wp","href":"https:\/\/api.w.org\/{rel}","templated":true}]}}