{"id":341648,"date":"2026-01-28T11:41:30","date_gmt":"2026-01-28T10:41:30","guid":{"rendered":"https:\/\/freakuence.nl\/product\/atma-sphaere-klasse-d\/"},"modified":"2026-04-08T20:22:42","modified_gmt":"2026-04-08T18:22:42","slug":"atma-sphaere-klasse-d","status":"publish","type":"product","link":"https:\/\/dev.freakuence.nl\/de\/produkt\/atma-sphaere-klasse-d\/","title":{"rendered":"Atma-Sph\u00e4re Klasse D"},"content":{"rendered":"<div class=\"product-specifications-list\">\n<div class=\"specification-item row-header\"><span class=\"spec-content\"><strong>Beschreibung Freakuence!<\/strong><\/span><\/div>\n<div class=\"specification-item row-even\"><span class=\"spec-content\">Mit einem transparenten und dynamischen Display bringt dieses Set Sie in Bewegung. Sie k\u00f6nnen gerne tanzen, aber es ist auch gut, ruhig zu bleiben, w\u00e4hrend Ihr Fu\u00df sich bewegt. Der Bass ist straff und kontrolliert, w\u00e4hrend die Mitten und H\u00f6hen raffiniert klingen. Ein feines Class D-Kraftpaket mit Einf\u00fchlungsverm\u00f6gen.   <\/span><\/div>\n<div class=\"specification-item row-header\"><span class=\"spec-content\"><strong>Allgemeine Beschreibung<\/strong><\/span><\/div>\n<div class=\"specification-item row-even\"><span class=\"spec-content\">Die Atma-Sphere Class D Monobl\u00f6cke kombinieren die musikalischen Qualit\u00e4ten von R\u00f6hrenverst\u00e4rkern mit der Effizienz und Pr\u00e4zision der Halbleitertechnologie. Dank des Einsatzes von GaNFET-Ausgangstransistoren liefern diese Verst\u00e4rker eine sanfte und detaillierte Wiedergabe mit niedrigen Verzerrungswerten und hoher Energieeffizienz.   <\/p>\n<p>Das Design wurde vollst\u00e4ndig im eigenen Haus entwickelt, ohne Verwendung externer Module, was eine einzigartige Signatur gew\u00e4hrleistet. Die Verst\u00e4rker sind sowohl mit unsymmetrischen als auch mit symmetrischen Eing\u00e4ngen ausgestattet, was sie flexibel f\u00fcr den Einsatz in verschiedenen Audiosystemen macht.   <\/p>\n<p>Mit einem robusten Chassis und einem klassischen Wrinkletex\u2122-Finish sind die Monobl\u00f6cke nicht nur funktional, sondern auch \u00e4sthetisch ansprechend. Sie sind auf Stabilit\u00e4t unter verschiedenen Last- und Eingangsbedingungen ausgelegt und verf\u00fcgen \u00fcber einen \u00dcberstromschutz, der sowohl den Verst\u00e4rker als auch die Lautsprecher sch\u00fctzt.   <\/p>\n<p>Die Atma-Sphere Class-D-Verst\u00e4rker eignen sich f\u00fcr eine breite Palette von Lautsprechern und bieten eine Kombination aus traditionellen und modernen Technologien f\u00fcr ein hochwertiges H\u00f6rerlebnis.<\/span><\/div>\n<div class=\"specification-item row-header\"><span class=\"spec-content\"><strong>Hintergrundinformationen<\/strong><\/span><\/div>\n<div class=\"specification-item row-even\"><span class=\"spec-content\">Die von Ralph Karsten entworfenen Atma-Sphere Class D Monobl\u00f6cke kombinieren die Effizienz von Class D mit der klanglichen Raffinesse traditioneller R\u00f6hrendesigns. Der Verst\u00e4rker verwendet GaNFET-Technologie f\u00fcr ultraschnelles Schalten und geringe Verzerrung. Alles wird im eigenen Haus in den USA gebaut, mit sorgf\u00e4ltig ausgew\u00e4hlten Komponenten, hochwertigen Platinen und interner Verkabelung f\u00fcr optimale Signalintegrit\u00e4t.  <\/span><\/div>\n<div class=\"specification-item row-header\"><span class=\"spec-content\"><strong>Geschichte der Marke<\/strong><\/span><\/div>\n<div class=\"specification-item row-even\"><span class=\"spec-content\">Atma-Sphere wurde 1976 von Ralph Karsten gegr\u00fcndet. Im Jahr 1989 entwickelte das Unternehmen den ersten vollsymmetrischen OTL-Verst\u00e4rker (Output Transformerless), den MA-1. Sp\u00e4tere Modelle wie der MA-2 und der M-60 wurden ebenfalls eingef\u00fchrt. Atma-Sphere verwendet r\u00fcckkopplungsfreie Schaltungen und wendet symmetrische Topologien an. Der erste Vorverst\u00e4rker der Marke, der MP-1, wurde 1989 eingef\u00fchrt und war als Teil eines vollst\u00e4ndig symmetrischen Systems konzipiert. Die Entw\u00fcrfe basieren auf den Prinzipien aus Karstens Originalver\u00f6ffentlichung von 1975 \u00fcber symmetrische Verst\u00e4rkung. Das Unternehmen stellt Produkte her, die haupts\u00e4chlich auf R\u00f6hrentechnik basieren und mit handverdrahteten Komponenten arbeiten. Die Produkte werden in den Vereinigten Staaten hergestellt.       <\/span><\/div>\n<\/div>\n","protected":false},"excerpt":{"rendered":"<p>Beschreibung Freakuence! Mit einem transparenten und dynamischen Display bringt dieses Set Sie in Bewegung. Sie k\u00f6nnen gerne tanzen, aber es ist auch gut, ruhig zu bleiben, w\u00e4hrend Ihr Fu\u00df sich bewegt. Der Bass ist straff und kontrolliert, w\u00e4hrend die Mitten und H\u00f6hen raffiniert klingen. Ein feines Class D-Kraftpaket mit Einf\u00fchlungsverm\u00f6gen. Allgemeine Beschreibung Die Atma-Sphere Class [&hellip;]<\/p>\n","protected":false},"featured_media":403469,"template":"","meta":{"_acf_changed":false,"inline_featured_image":false},"product_brand":[],"product_cat":[751,750,532],"product_tag":[534],"class_list":{"0":"post-341648","1":"product","2":"type-product","3":"status-publish","4":"has-post-thumbnail","6":"product_cat-klasse-d-verstarker","7":"product_cat-leistungsverstarker","8":"product_cat-verstarker","9":"product_tag-benutzt","10":"pa_kleur-silber","12":"first","13":"instock","14":"sold-individually","15":"purchasable","16":"product-type-simple"},"acf":{"website":true,"show_on_homepage":false,"brand_title":"Atma-Sphere","product_type":"Class D","color":"Silber","subcolor":"","reserved_status":"0"},"yoast_head":"<!-- This site is optimized with the Yoast SEO plugin v25.9 - https:\/\/yoast.com\/wordpress\/plugins\/seo\/ -->\n<title>Atma-Sph\u00e4re Klasse D | Freakuence!<\/title>\n<meta name=\"description\" content=\"Entdecken Sie die Atma-Sphere Class D Monobl\u00f6cke: 100 W pro Kanal, GaNFET-Technologie und sowohl unsymmetrische als auch symmetrische Eing\u00e4nge. Erleben Sie die ultimative Klangqualit\u00e4t. Buchen Sie eine H\u00f6rsitzung!\" \/>\n<meta name=\"robots\" content=\"noindex, follow, max-snippet:-1, max-image-preview:large, max-video-preview:-1\" \/>\n<meta property=\"og:locale\" content=\"de_DE\" \/>\n<meta property=\"og:type\" content=\"article\" \/>\n<meta property=\"og:title\" content=\"Atma-Sph\u00e4re Klasse D | Freakuence!\" \/>\n<meta property=\"og:description\" content=\"Entdecken Sie die Atma-Sphere Class D Monobl\u00f6cke: 100 W pro Kanal, GaNFET-Technologie und sowohl unsymmetrische als auch symmetrische Eing\u00e4nge. Erleben Sie die ultimative Klangqualit\u00e4t. Buchen Sie eine H\u00f6rsitzung!\" \/>\n<meta property=\"og:url\" content=\"https:\/\/dev.freakuence.nl\/de\/produkt\/atma-sphaere-klasse-d\/\" \/>\n<meta property=\"og:site_name\" content=\"Freakuence!\" \/>\n<meta property=\"article:modified_time\" content=\"2026-04-08T18:22:42+00:00\" \/>\n<meta property=\"og:image\" content=\"https:\/\/dev.freakuence.nl\/wp-content\/uploads\/2026\/04\/17695968741014-18782-IMG8995-4.jpg\" \/>\n\t<meta property=\"og:image:width\" content=\"1800\" \/>\n\t<meta property=\"og:image:height\" content=\"1200\" \/>\n\t<meta property=\"og:image:type\" content=\"image\/jpeg\" \/>\n<meta name=\"twitter:card\" content=\"summary_large_image\" \/>\n<script type=\"application\/ld+json\" class=\"yoast-schema-graph\">{\"@context\":\"https:\/\/schema.org\",\"@graph\":[{\"@type\":\"WebPage\",\"@id\":\"https:\/\/dev.freakuence.nl\/de\/produkt\/atma-sphaere-klasse-d\/\",\"url\":\"https:\/\/dev.freakuence.nl\/de\/produkt\/atma-sphaere-klasse-d\/\",\"name\":\"Atma-Sph\u00e4re Klasse D | Freakuence!\",\"isPartOf\":{\"@id\":\"https:\/\/dev.freakuence.nl\/de\/#website\"},\"primaryImageOfPage\":{\"@id\":\"https:\/\/dev.freakuence.nl\/de\/produkt\/atma-sphaere-klasse-d\/#primaryimage\"},\"image\":{\"@id\":\"https:\/\/dev.freakuence.nl\/de\/produkt\/atma-sphaere-klasse-d\/#primaryimage\"},\"thumbnailUrl\":\"https:\/\/dev.freakuence.nl\/wp-content\/uploads\/2026\/04\/17695968741014-18782-IMG8995-4.jpg\",\"datePublished\":\"2026-01-28T10:41:30+00:00\",\"dateModified\":\"2026-04-08T18:22:42+00:00\",\"description\":\"Entdecken Sie die Atma-Sphere Class D Monobl\u00f6cke: 100 W pro Kanal, GaNFET-Technologie und sowohl unsymmetrische als auch symmetrische Eing\u00e4nge. Erleben Sie die ultimative Klangqualit\u00e4t. Buchen Sie eine H\u00f6rsitzung!\",\"breadcrumb\":{\"@id\":\"https:\/\/dev.freakuence.nl\/de\/produkt\/atma-sphaere-klasse-d\/#breadcrumb\"},\"inLanguage\":\"de\",\"potentialAction\":[{\"@type\":\"ReadAction\",\"target\":[\"https:\/\/dev.freakuence.nl\/de\/produkt\/atma-sphaere-klasse-d\/\"]}]},{\"@type\":\"ImageObject\",\"inLanguage\":\"de\",\"@id\":\"https:\/\/dev.freakuence.nl\/de\/produkt\/atma-sphaere-klasse-d\/#primaryimage\",\"url\":\"https:\/\/dev.freakuence.nl\/wp-content\/uploads\/2026\/04\/17695968741014-18782-IMG8995-4.jpg\",\"contentUrl\":\"https:\/\/dev.freakuence.nl\/wp-content\/uploads\/2026\/04\/17695968741014-18782-IMG8995-4.jpg\",\"width\":1800,\"height\":1200},{\"@type\":\"BreadcrumbList\",\"@id\":\"https:\/\/dev.freakuence.nl\/de\/produkt\/atma-sphaere-klasse-d\/#breadcrumb\",\"itemListElement\":[{\"@type\":\"ListItem\",\"position\":1,\"name\":\"Startseite\",\"item\":\"https:\/\/dev.freakuence.nl\/de\/\"},{\"@type\":\"ListItem\",\"position\":2,\"name\":\"Produkte\",\"item\":\"https:\/\/dev.freakuence.nl\/de\/produkte\/\"},{\"@type\":\"ListItem\",\"position\":3,\"name\":\"Atma-Sph\u00e4re Klasse D\"}]},{\"@type\":\"WebSite\",\"@id\":\"https:\/\/dev.freakuence.nl\/de\/#website\",\"url\":\"https:\/\/dev.freakuence.nl\/de\/\",\"name\":\"Freakuence!\",\"description\":\"Freakuence!\",\"publisher\":{\"@id\":\"https:\/\/dev.freakuence.nl\/de\/#organization\"},\"alternateName\":\"Freakuence\",\"potentialAction\":[{\"@type\":\"SearchAction\",\"target\":{\"@type\":\"EntryPoint\",\"urlTemplate\":\"https:\/\/dev.freakuence.nl\/de\/?s={search_term_string}\"},\"query-input\":{\"@type\":\"PropertyValueSpecification\",\"valueRequired\":true,\"valueName\":\"search_term_string\"}}],\"inLanguage\":\"de\"},{\"@type\":\"Organization\",\"@id\":\"https:\/\/dev.freakuence.nl\/de\/#organization\",\"name\":\"Freakuence!\",\"url\":\"https:\/\/dev.freakuence.nl\/de\/\",\"logo\":{\"@type\":\"ImageObject\",\"inLanguage\":\"de\",\"@id\":\"https:\/\/dev.freakuence.nl\/de\/#\/schema\/logo\/image\/\",\"url\":\"https:\/\/dev.freakuence.nl\/wp-content\/uploads\/2022\/05\/Brown_3_RGB_Freakuence-1.png\",\"contentUrl\":\"https:\/\/dev.freakuence.nl\/wp-content\/uploads\/2022\/05\/Brown_3_RGB_Freakuence-1.png\",\"width\":2560,\"height\":684,\"caption\":\"Freakuence!\"},\"image\":{\"@id\":\"https:\/\/dev.freakuence.nl\/de\/#\/schema\/logo\/image\/\"},\"sameAs\":[\"https:\/\/www.instagram.com\/freakuence_notorious_audio\/\"]}]}<\/script>\n<!-- \/ Yoast SEO plugin. -->","yoast_head_json":{"title":"Atma-Sph\u00e4re Klasse D | Freakuence!","description":"Entdecken Sie die Atma-Sphere Class D Monobl\u00f6cke: 100 W pro Kanal, GaNFET-Technologie und sowohl unsymmetrische als auch symmetrische Eing\u00e4nge. Erleben Sie die ultimative Klangqualit\u00e4t. Buchen Sie eine H\u00f6rsitzung!","robots":{"index":"noindex","follow":"follow","max-snippet":"max-snippet:-1","max-image-preview":"max-image-preview:large","max-video-preview":"max-video-preview:-1"},"og_locale":"de_DE","og_type":"article","og_title":"Atma-Sph\u00e4re Klasse D | Freakuence!","og_description":"Entdecken Sie die Atma-Sphere Class D Monobl\u00f6cke: 100 W pro Kanal, GaNFET-Technologie und sowohl unsymmetrische als auch symmetrische Eing\u00e4nge. Erleben Sie die ultimative Klangqualit\u00e4t. Buchen Sie eine H\u00f6rsitzung!","og_url":"https:\/\/dev.freakuence.nl\/de\/produkt\/atma-sphaere-klasse-d\/","og_site_name":"Freakuence!","article_modified_time":"2026-04-08T18:22:42+00:00","og_image":[{"width":1800,"height":1200,"url":"https:\/\/dev.freakuence.nl\/wp-content\/uploads\/2026\/04\/17695968741014-18782-IMG8995-4.jpg","type":"image\/jpeg"}],"twitter_card":"summary_large_image","schema":{"@context":"https:\/\/schema.org","@graph":[{"@type":"WebPage","@id":"https:\/\/dev.freakuence.nl\/de\/produkt\/atma-sphaere-klasse-d\/","url":"https:\/\/dev.freakuence.nl\/de\/produkt\/atma-sphaere-klasse-d\/","name":"Atma-Sph\u00e4re Klasse D | Freakuence!","isPartOf":{"@id":"https:\/\/dev.freakuence.nl\/de\/#website"},"primaryImageOfPage":{"@id":"https:\/\/dev.freakuence.nl\/de\/produkt\/atma-sphaere-klasse-d\/#primaryimage"},"image":{"@id":"https:\/\/dev.freakuence.nl\/de\/produkt\/atma-sphaere-klasse-d\/#primaryimage"},"thumbnailUrl":"https:\/\/dev.freakuence.nl\/wp-content\/uploads\/2026\/04\/17695968741014-18782-IMG8995-4.jpg","datePublished":"2026-01-28T10:41:30+00:00","dateModified":"2026-04-08T18:22:42+00:00","description":"Entdecken Sie die Atma-Sphere Class D Monobl\u00f6cke: 100 W pro Kanal, GaNFET-Technologie und sowohl unsymmetrische als auch symmetrische Eing\u00e4nge. Erleben Sie die ultimative Klangqualit\u00e4t. Buchen Sie eine H\u00f6rsitzung!","breadcrumb":{"@id":"https:\/\/dev.freakuence.nl\/de\/produkt\/atma-sphaere-klasse-d\/#breadcrumb"},"inLanguage":"de","potentialAction":[{"@type":"ReadAction","target":["https:\/\/dev.freakuence.nl\/de\/produkt\/atma-sphaere-klasse-d\/"]}]},{"@type":"ImageObject","inLanguage":"de","@id":"https:\/\/dev.freakuence.nl\/de\/produkt\/atma-sphaere-klasse-d\/#primaryimage","url":"https:\/\/dev.freakuence.nl\/wp-content\/uploads\/2026\/04\/17695968741014-18782-IMG8995-4.jpg","contentUrl":"https:\/\/dev.freakuence.nl\/wp-content\/uploads\/2026\/04\/17695968741014-18782-IMG8995-4.jpg","width":1800,"height":1200},{"@type":"BreadcrumbList","@id":"https:\/\/dev.freakuence.nl\/de\/produkt\/atma-sphaere-klasse-d\/#breadcrumb","itemListElement":[{"@type":"ListItem","position":1,"name":"Startseite","item":"https:\/\/dev.freakuence.nl\/de\/"},{"@type":"ListItem","position":2,"name":"Produkte","item":"https:\/\/dev.freakuence.nl\/de\/produkte\/"},{"@type":"ListItem","position":3,"name":"Atma-Sph\u00e4re Klasse D"}]},{"@type":"WebSite","@id":"https:\/\/dev.freakuence.nl\/de\/#website","url":"https:\/\/dev.freakuence.nl\/de\/","name":"Freakuence!","description":"Freakuence!","publisher":{"@id":"https:\/\/dev.freakuence.nl\/de\/#organization"},"alternateName":"Freakuence","potentialAction":[{"@type":"SearchAction","target":{"@type":"EntryPoint","urlTemplate":"https:\/\/dev.freakuence.nl\/de\/?s={search_term_string}"},"query-input":{"@type":"PropertyValueSpecification","valueRequired":true,"valueName":"search_term_string"}}],"inLanguage":"de"},{"@type":"Organization","@id":"https:\/\/dev.freakuence.nl\/de\/#organization","name":"Freakuence!","url":"https:\/\/dev.freakuence.nl\/de\/","logo":{"@type":"ImageObject","inLanguage":"de","@id":"https:\/\/dev.freakuence.nl\/de\/#\/schema\/logo\/image\/","url":"https:\/\/dev.freakuence.nl\/wp-content\/uploads\/2022\/05\/Brown_3_RGB_Freakuence-1.png","contentUrl":"https:\/\/dev.freakuence.nl\/wp-content\/uploads\/2022\/05\/Brown_3_RGB_Freakuence-1.png","width":2560,"height":684,"caption":"Freakuence!"},"image":{"@id":"https:\/\/dev.freakuence.nl\/de\/#\/schema\/logo\/image\/"},"sameAs":["https:\/\/www.instagram.com\/freakuence_notorious_audio\/"]}]}},"_links":{"self":[{"href":"https:\/\/dev.freakuence.nl\/de\/wp-json\/wp\/v2\/product\/341648","targetHints":{"allow":["GET"]}}],"collection":[{"href":"https:\/\/dev.freakuence.nl\/de\/wp-json\/wp\/v2\/product"}],"about":[{"href":"https:\/\/dev.freakuence.nl\/de\/wp-json\/wp\/v2\/types\/product"}],"wp:featuredmedia":[{"embeddable":true,"href":"https:\/\/dev.freakuence.nl\/de\/wp-json\/wp\/v2\/media\/403469"}],"wp:attachment":[{"href":"https:\/\/dev.freakuence.nl\/de\/wp-json\/wp\/v2\/media?parent=341648"}],"wp:term":[{"taxonomy":"product_brand","embeddable":true,"href":"https:\/\/dev.freakuence.nl\/de\/wp-json\/wp\/v2\/product_brand?post=341648"},{"taxonomy":"product_cat","embeddable":true,"href":"https:\/\/dev.freakuence.nl\/de\/wp-json\/wp\/v2\/product_cat?post=341648"},{"taxonomy":"product_tag","embeddable":true,"href":"https:\/\/dev.freakuence.nl\/de\/wp-json\/wp\/v2\/product_tag?post=341648"}],"curies":[{"name":"wp","href":"https:\/\/api.w.org\/{rel}","templated":true}]}}