{"id":341714,"date":"2026-01-28T12:04:19","date_gmt":"2026-01-28T11:04:19","guid":{"rendered":"https:\/\/freakuence.nl\/product\/lumin-t2\/"},"modified":"2026-04-10T09:07:15","modified_gmt":"2026-04-10T07:07:15","slug":"lumin-t2","status":"publish","type":"product","link":"https:\/\/dev.freakuence.nl\/de\/produkt\/lumin-t2\/","title":{"rendered":"LUMIN T2"},"content":{"rendered":"<div class=\"product-specifications-list\">\n<div class=\"specification-item row-header\"><span class=\"spec-content\"><strong>Beschreibung Freakuence!<\/strong><\/span><\/div>\n<div class=\"specification-item row-even\"><span class=\"spec-content\">\u00c4u\u00dferst detailreicher Streamer-DAC von Lumin. Spielt reichhaltig, ohne die digitalen R\u00e4nder, die bei vielen einfachen Dacs \u00fcblich sind. Stellt die Stimmen in den Vordergrund und will, dass alles zu h\u00f6ren ist. Nicht aufdringlich, aber sehr klar.   <\/span><\/div>\n<div class=\"specification-item row-odd\"><span class=\"spec-content\">Ladenpreis: 4499.00<\/span><\/div>\n<div class=\"specification-item row-header\"><span class=\"spec-content\"><strong>Details<\/strong><\/span><\/div>\n<div class=\"specification-item row-even\"><span class=\"spec-content\">Mit Farad Super 3 Upgrade-Netzteil mit Level 2-Kabel. Ja, das macht einen sehr gro\u00dfen Unterschied. <\/span><\/div>\n<div class=\"specification-item row-header\"><span class=\"spec-content\"><strong>Allgemeine Beschreibung<\/strong><\/span><\/div>\n<div class=\"specification-item row-even\"><span class=\"spec-content\">Dieses Musiksystem unterst\u00fctzt natives DSD bis zu DSD512 (22,6 MHz) und PCM bis zu 384 kHz, 16-32-bit Stereo. Es verf\u00fcgt \u00fcber ein Dual-Mono-Design mit zwei ESS SABRE32 ES9028PRO DAC-Chips und einer vollst\u00e4ndig symmetrischen analogen Ausgangsstufe. Die analogen Ausg\u00e4nge umfassen sowohl symmetrische XLR- (6Vrms) als auch unsymmetrische RCA-Anschl\u00fcsse (3Vrms). Digitale Ausg\u00e4nge sind ebenfalls vorhanden: ein USB-Audioausgang, der natives DSD512 und PCM bis zu 384 kHz unterst\u00fctzt, und ein BNC SPDIF-Ausgang f\u00fcr PCM bis zu 192 kHz und DSD (DoP) bis zu 2,8 MHz. Das System bietet native Unterst\u00fctzung f\u00fcr Streaming-Dienste wie TIDAL, MQA, Qobuz und TuneIn Radio. Das Geh\u00e4use besteht aus pr\u00e4zisionsgefertigtem CNC-gefr\u00e4stem Aluminium und verf\u00fcgt \u00fcber ein internes, abgeschirmtes Netzteil, das automatisch zwischen 100-240V AC umschaltet.     <\/span><\/div>\n<div class=\"specification-item row-header\"><span class=\"spec-content\"><strong>Hintergrundinformationen<\/strong><\/span><\/div>\n<div class=\"specification-item row-even\"><span class=\"spec-content\">Der LUMIN T2 wurde nach einem kompromisslosen Audiokonzept entwickelt und verf\u00fcgt \u00fcber zwei ES9028Pro DACs f\u00fcr eine pr\u00e4zise Wandlung und eine vollst\u00e4ndig ausgewogene Architektur. Das Geh\u00e4use ist aus massivem Aluminium CNC-gefr\u00e4st, was Resonanzen d\u00e4mpft und thermische Stabilit\u00e4t gew\u00e4hrleistet. Die internen Komponenten wurden sorgf\u00e4ltig ausgew\u00e4hlt, um maximale Transparenz zu gew\u00e4hrleisten. Entwicklung und Produktion finden in Hongkong statt.   <\/span><\/div>\n<div class=\"specification-item row-header\"><span class=\"spec-content\"><strong>Geschichte der Marke<\/strong><\/span><\/div>\n<div class=\"specification-item row-even\"><span class=\"spec-content\">Im Jahr 2012 stellte LUMIN den weltweit ersten Netzwerkplayer vor, der DSD-Dateien abspielen kann. Nach zwei Jahren Entwicklungszeit und Hunderten von Stunden kritischen H\u00f6rens wurde dieses Produkt mit einem einzigen Forenbeitrag auf den Markt gebracht. Seitdem hat LUMIN sein Angebot auf neun Modelle in verschiedenen Preisklassen erweitert. Allen Produkten gemeinsam ist der Fokus auf nat\u00fcrliche Musikwiedergabe, kontinuierliche Softwareentwicklung und ein nahtloses Streaming-Erlebnis. In den letzten Jahren hat LUMIN die Unterst\u00fctzung f\u00fcr Dienste wie Roon, MQA und Spotify hinzugef\u00fcgt. Dar\u00fcber hinaus hat das Unternehmen Funktionen wie Leedh Processing, eine digitale Lautst\u00e4rkeregelungstechnologie, eingef\u00fchrt. LUMIN entwickelt Hardware, Firmware und Software intern, was eine schnelle Implementierung neuer Funktionen erm\u00f6glicht.      <\/span><\/div>\n<\/div>\n","protected":false},"excerpt":{"rendered":"<p>Beschreibung Freakuence! \u00c4u\u00dferst detailreicher Streamer-DAC von Lumin. Spielt reichhaltig, ohne die digitalen R\u00e4nder, die bei vielen einfachen Dacs \u00fcblich sind. Stellt die Stimmen in den Vordergrund und will, dass alles zu h\u00f6ren ist. Nicht aufdringlich, aber sehr klar. Ladenpreis: 4499.00 Details Mit Farad Super 3 Upgrade-Netzteil mit Level 2-Kabel. Ja, das macht einen sehr gro\u00dfen [&hellip;]<\/p>\n","protected":false},"featured_media":387305,"template":"","meta":{"_acf_changed":false,"inline_featured_image":false},"product_brand":[],"product_cat":[741,690],"product_tag":[534],"class_list":{"0":"post-341714","1":"product","2":"type-product","3":"status-publish","4":"has-post-thumbnail","6":"product_cat-luftschlangen","7":"product_cat-quellen","8":"product_tag-benutzt","9":"pa_kleur-schwarz","11":"first","12":"instock","13":"sold-individually","14":"purchasable","15":"product-type-simple"},"acf":{"website":true,"show_on_homepage":false,"brand_title":"LUMIN","product_type":"T2","color":"Schwarz","subcolor":"","reserved_status":"0"},"_links":{"self":[{"href":"https:\/\/dev.freakuence.nl\/de\/wp-json\/wp\/v2\/product\/341714","targetHints":{"allow":["GET"]}}],"collection":[{"href":"https:\/\/dev.freakuence.nl\/de\/wp-json\/wp\/v2\/product"}],"about":[{"href":"https:\/\/dev.freakuence.nl\/de\/wp-json\/wp\/v2\/types\/product"}],"wp:featuredmedia":[{"embeddable":true,"href":"https:\/\/dev.freakuence.nl\/de\/wp-json\/wp\/v2\/media\/387305"}],"wp:attachment":[{"href":"https:\/\/dev.freakuence.nl\/de\/wp-json\/wp\/v2\/media?parent=341714"}],"wp:term":[{"taxonomy":"product_brand","embeddable":true,"href":"https:\/\/dev.freakuence.nl\/de\/wp-json\/wp\/v2\/product_brand?post=341714"},{"taxonomy":"product_cat","embeddable":true,"href":"https:\/\/dev.freakuence.nl\/de\/wp-json\/wp\/v2\/product_cat?post=341714"},{"taxonomy":"product_tag","embeddable":true,"href":"https:\/\/dev.freakuence.nl\/de\/wp-json\/wp\/v2\/product_tag?post=341714"}],"curies":[{"name":"wp","href":"https:\/\/api.w.org\/{rel}","templated":true}]}}