{"id":341828,"date":"2026-01-28T12:51:35","date_gmt":"2026-01-28T11:51:35","guid":{"rendered":"https:\/\/freakuence.nl\/product\/auralic-widder-mini\/"},"modified":"2026-04-10T09:09:12","modified_gmt":"2026-04-10T07:09:12","slug":"auralic-widder-mini","status":"publish","type":"product","link":"https:\/\/dev.freakuence.nl\/de\/produkt\/auralic-widder-mini\/","title":{"rendered":"AURALiC Widder Mini"},"content":{"rendered":"<div class=\"product-specifications-list\">\n<div class=\"specification-item row-header\"><span class=\"spec-content\"><strong>Beschreibung Freakuence!<\/strong><\/span><\/div>\n<div class=\"specification-item row-even\"><span class=\"spec-content\">Super Streamer! Wir sollten nicht zu viel dar\u00fcber schreiben&#8230; haben wir beschlossen. <\/span><\/div>\n<div class=\"specification-item row-odd\"><span class=\"spec-content\">Einzelhandelspreis: 499.00<\/span><\/div>\n<div class=\"specification-item row-header\"><span class=\"spec-content\"><strong>Details<\/strong><\/span><\/div>\n<div class=\"specification-item row-even\"><span class=\"spec-content\">Das Ger\u00e4t ist verf\u00e4rbt! Aber nat\u00fcrlich gut spielbar.  Siehe Fotos.<\/span><\/div>\n<div class=\"specification-item row-odd\"><span class=\"spec-content\">Auralic existiert nicht mehr! Seien Sie nicht beunruhigt, stellen Sie uns Ihre Fragen. <\/span><\/div>\n<div class=\"specification-item row-header\"><span class=\"spec-content\"><strong>Allgemeine Beschreibung<\/strong><\/span><\/div>\n<div class=\"specification-item row-even\"><span class=\"spec-content\">Der AURALiC Aries Mini ist ein vielseitiger Musikstreamer, der digitale Musikdateien kabellos an Ihr Audiosystem \u00fcbertr\u00e4gt. Mit dem eingebauten WiFi und einem Ethernet-Anschluss k\u00f6nnen Sie ganz einfach eine Verbindung zu Ihrem Heimnetzwerk herstellen und Musik von verschiedenen Quellen wie Netzwerkservern, Computern, USB-Laufwerken und sogar einer optionalen internen Festplatte abspielen.   <\/p>\n<p>Dank des eingebauten DAC (Digital-Analog-Wandler) k\u00f6nnen Sie den Aries Mini \u00fcber die Cinch-Ausg\u00e4nge direkt an Ihren Verst\u00e4rker oder Aktivlautsprecher anschlie\u00dfen. Wenn Sie einen externen DAC bevorzugen, bietet das Ger\u00e4t auch digitale Ausg\u00e4nge wie TOSLINK, koaxial und USB.   <\/p>\n<p>Der Aries Mini unterst\u00fctzt mehrere Streaming-Dienste, darunter TIDAL und Qobuz, und ist mit AirPlay und DLNA\/UPnP kompatibel, so dass Sie ganz einfach Musik von Ihrem Smartphone oder Tablet streamen k\u00f6nnen.  <\/p>\n<p>Mit der M\u00f6glichkeit, eine 2,5-Zoll-Festplatte oder eine SSD zu installieren, kann der Aries Mini als eigenst\u00e4ndiger Musikserver fungieren und bietet so zus\u00e4tzliche Flexibilit\u00e4t beim Speichern und Abspielen Ihrer Musiksammlung.<\/span><\/div>\n<div class=\"specification-item row-header\"><span class=\"spec-content\"><strong>Hintergrundinformationen<\/strong><\/span><\/div>\n<div class=\"specification-item row-even\"><span class=\"spec-content\">Der AURALiC Aries Mini wurde von Xuanqian Wang, Mitbegr\u00fcnder und Chefdesigner von AURALiC, entworfen. Der Streamer verwendet einen leistungsstarken Quad-Core-Prozessor und ist mit sorgf\u00e4ltig ausgew\u00e4hlten Audiokomponenten ausgestattet. Er verwendet die eigens entwickelte Lightning OS-Technologie f\u00fcr optimale Klangqualit\u00e4t. Das Geh\u00e4use ist kompakt, solide und zur Abschirmung gegen St\u00f6rungen aus Metall gefertigt.   <\/span><\/div>\n<div class=\"specification-item row-header\"><span class=\"spec-content\"><strong>Geschichte der Marke<\/strong><\/span><\/div>\n<div class=\"specification-item row-even\"><span class=\"spec-content\">AURALiC wurde 2009 von Wang Xuanqian und Yuan Wang gegr\u00fcndet, die sich bei einem Konzert in Berlin kennenlernten. Ihre gemeinsame Leidenschaft f\u00fcr Musik und hochwertige Klangwiedergabe f\u00fchrte zur Gr\u00fcndung des Unternehmens. AURALiC konzentriert sich auf das Design und die Entwicklung von Audioger\u00e4ten, die sich nahtlos in moderne Innenr\u00e4ume einf\u00fcgen und einfach zu bedienen sind. Das Ziel des Unternehmens ist es, dass die Benutzer die Vorteile digitaler Musikformate genie\u00dfen k\u00f6nnen, ohne die Komplexit\u00e4t herk\u00f6mmlicher Audioger\u00e4te in Kauf nehmen zu m\u00fcssen.    Im Jahr 2025 stellte das Unternehmen seine Aktivit\u00e4ten ein.<\/span><\/div>\n<\/div>\n","protected":false},"excerpt":{"rendered":"<p>Beschreibung Freakuence! Super Streamer! Wir sollten nicht zu viel dar\u00fcber schreiben&#8230; haben wir beschlossen. Einzelhandelspreis: 499.00 Details Das Ger\u00e4t ist verf\u00e4rbt! Aber nat\u00fcrlich gut spielbar. Siehe Fotos. Auralic existiert nicht mehr! Seien Sie nicht beunruhigt, stellen Sie uns Ihre Fragen. Allgemeine Beschreibung Der AURALiC Aries Mini ist ein vielseitiger Musikstreamer, der digitale Musikdateien kabellos an [&hellip;]<\/p>\n","protected":false},"featured_media":387405,"template":"","meta":{"_acf_changed":false,"inline_featured_image":false},"product_brand":[],"product_cat":[741,690],"product_tag":[534],"class_list":{"0":"post-341828","1":"product","2":"type-product","3":"status-publish","4":"has-post-thumbnail","6":"product_cat-luftschlangen","7":"product_cat-quellen","8":"product_tag-benutzt","9":"pa_kleur-weis","11":"first","12":"instock","13":"sold-individually","14":"purchasable","15":"product-type-simple"},"acf":{"website":true,"show_on_homepage":false,"brand_title":"AURALiC","product_type":"Aries Mini","color":"Wei\u00df","subcolor":"","reserved_status":"0"},"yoast_head":"<!-- This site is optimized with the Yoast SEO plugin v25.9 - https:\/\/yoast.com\/wordpress\/plugins\/seo\/ -->\n<title>AURALiC Widder Mini | Freakuence!<\/title>\n<meta name=\"description\" content=\"AURALiC Aries Mini: kompakter Netzwerkplayer mit eingebautem DAC, unterst\u00fctzt DSD256 und Streamingdienste. \u2713 Neue &amp; gebrauchte HiFi-Ger\u00e4te \u2713 Kundenbewertung: 4.9 von 5 \u2713 Inzahlungnahme \u2713 H\u00f6rprobe\" \/>\n<meta name=\"robots\" content=\"noindex, follow, max-snippet:-1, max-image-preview:large, max-video-preview:-1\" \/>\n<meta property=\"og:locale\" content=\"de_DE\" \/>\n<meta property=\"og:type\" content=\"article\" \/>\n<meta property=\"og:title\" content=\"AURALiC Widder Mini | Freakuence!\" \/>\n<meta property=\"og:description\" content=\"AURALiC Aries Mini: kompakter Netzwerkplayer mit eingebautem DAC, unterst\u00fctzt DSD256 und Streamingdienste. \u2713 Neue &amp; gebrauchte HiFi-Ger\u00e4te \u2713 Kundenbewertung: 4.9 von 5 \u2713 Inzahlungnahme \u2713 H\u00f6rprobe\" \/>\n<meta property=\"og:url\" content=\"https:\/\/dev.freakuence.nl\/de\/produkt\/auralic-widder-mini\/\" \/>\n<meta property=\"og:site_name\" content=\"Freakuence!\" \/>\n<meta property=\"article:modified_time\" content=\"2026-04-10T07:09:12+00:00\" \/>\n<meta property=\"og:image\" content=\"https:\/\/dev.freakuence.nl\/wp-content\/uploads\/2026\/04\/17696010840506-18814-IMG9282.jpg\" \/>\n\t<meta property=\"og:image:width\" content=\"1800\" \/>\n\t<meta property=\"og:image:height\" content=\"1200\" \/>\n\t<meta property=\"og:image:type\" content=\"image\/jpeg\" \/>\n<meta name=\"twitter:card\" content=\"summary_large_image\" \/>\n<script type=\"application\/ld+json\" class=\"yoast-schema-graph\">{\"@context\":\"https:\/\/schema.org\",\"@graph\":[{\"@type\":\"WebPage\",\"@id\":\"https:\/\/dev.freakuence.nl\/de\/produkt\/auralic-widder-mini\/\",\"url\":\"https:\/\/dev.freakuence.nl\/de\/produkt\/auralic-widder-mini\/\",\"name\":\"AURALiC Widder Mini | Freakuence!\",\"isPartOf\":{\"@id\":\"https:\/\/dev.freakuence.nl\/de\/#website\"},\"primaryImageOfPage\":{\"@id\":\"https:\/\/dev.freakuence.nl\/de\/produkt\/auralic-widder-mini\/#primaryimage\"},\"image\":{\"@id\":\"https:\/\/dev.freakuence.nl\/de\/produkt\/auralic-widder-mini\/#primaryimage\"},\"thumbnailUrl\":\"https:\/\/dev.freakuence.nl\/wp-content\/uploads\/2026\/04\/17696010840506-18814-IMG9282.jpg\",\"datePublished\":\"2026-01-28T11:51:35+00:00\",\"dateModified\":\"2026-04-10T07:09:12+00:00\",\"description\":\"AURALiC Aries Mini: kompakter Netzwerkplayer mit eingebautem DAC, unterst\u00fctzt DSD256 und Streamingdienste. \u2713 Neue & gebrauchte HiFi-Ger\u00e4te \u2713 Kundenbewertung: 4.9 von 5 \u2713 Inzahlungnahme \u2713 H\u00f6rprobe\",\"breadcrumb\":{\"@id\":\"https:\/\/dev.freakuence.nl\/de\/produkt\/auralic-widder-mini\/#breadcrumb\"},\"inLanguage\":\"de\",\"potentialAction\":[{\"@type\":\"ReadAction\",\"target\":[\"https:\/\/dev.freakuence.nl\/de\/produkt\/auralic-widder-mini\/\"]}]},{\"@type\":\"ImageObject\",\"inLanguage\":\"de\",\"@id\":\"https:\/\/dev.freakuence.nl\/de\/produkt\/auralic-widder-mini\/#primaryimage\",\"url\":\"https:\/\/dev.freakuence.nl\/wp-content\/uploads\/2026\/04\/17696010840506-18814-IMG9282.jpg\",\"contentUrl\":\"https:\/\/dev.freakuence.nl\/wp-content\/uploads\/2026\/04\/17696010840506-18814-IMG9282.jpg\",\"width\":1800,\"height\":1200},{\"@type\":\"BreadcrumbList\",\"@id\":\"https:\/\/dev.freakuence.nl\/de\/produkt\/auralic-widder-mini\/#breadcrumb\",\"itemListElement\":[{\"@type\":\"ListItem\",\"position\":1,\"name\":\"Startseite\",\"item\":\"https:\/\/dev.freakuence.nl\/de\/\"},{\"@type\":\"ListItem\",\"position\":2,\"name\":\"Produkte\",\"item\":\"https:\/\/dev.freakuence.nl\/de\/produkte\/\"},{\"@type\":\"ListItem\",\"position\":3,\"name\":\"AURALiC Aries Mini\"}]},{\"@type\":\"WebSite\",\"@id\":\"https:\/\/dev.freakuence.nl\/de\/#website\",\"url\":\"https:\/\/dev.freakuence.nl\/de\/\",\"name\":\"Freakuence!\",\"description\":\"Freakuence!\",\"publisher\":{\"@id\":\"https:\/\/dev.freakuence.nl\/de\/#organization\"},\"alternateName\":\"Freakuence\",\"potentialAction\":[{\"@type\":\"SearchAction\",\"target\":{\"@type\":\"EntryPoint\",\"urlTemplate\":\"https:\/\/dev.freakuence.nl\/de\/?s={search_term_string}\"},\"query-input\":{\"@type\":\"PropertyValueSpecification\",\"valueRequired\":true,\"valueName\":\"search_term_string\"}}],\"inLanguage\":\"de\"},{\"@type\":\"Organization\",\"@id\":\"https:\/\/dev.freakuence.nl\/de\/#organization\",\"name\":\"Freakuence!\",\"url\":\"https:\/\/dev.freakuence.nl\/de\/\",\"logo\":{\"@type\":\"ImageObject\",\"inLanguage\":\"de\",\"@id\":\"https:\/\/dev.freakuence.nl\/de\/#\/schema\/logo\/image\/\",\"url\":\"https:\/\/dev.freakuence.nl\/wp-content\/uploads\/2022\/05\/Brown_3_RGB_Freakuence-1.png\",\"contentUrl\":\"https:\/\/dev.freakuence.nl\/wp-content\/uploads\/2022\/05\/Brown_3_RGB_Freakuence-1.png\",\"width\":2560,\"height\":684,\"caption\":\"Freakuence!\"},\"image\":{\"@id\":\"https:\/\/dev.freakuence.nl\/de\/#\/schema\/logo\/image\/\"},\"sameAs\":[\"https:\/\/www.instagram.com\/freakuence_notorious_audio\/\"]}]}<\/script>\n<!-- \/ Yoast SEO plugin. -->","yoast_head_json":{"title":"AURALiC Widder Mini | Freakuence!","description":"AURALiC Aries Mini: kompakter Netzwerkplayer mit eingebautem DAC, unterst\u00fctzt DSD256 und Streamingdienste. \u2713 Neue & gebrauchte HiFi-Ger\u00e4te \u2713 Kundenbewertung: 4.9 von 5 \u2713 Inzahlungnahme \u2713 H\u00f6rprobe","robots":{"index":"noindex","follow":"follow","max-snippet":"max-snippet:-1","max-image-preview":"max-image-preview:large","max-video-preview":"max-video-preview:-1"},"og_locale":"de_DE","og_type":"article","og_title":"AURALiC Widder Mini | Freakuence!","og_description":"AURALiC Aries Mini: kompakter Netzwerkplayer mit eingebautem DAC, unterst\u00fctzt DSD256 und Streamingdienste. \u2713 Neue & gebrauchte HiFi-Ger\u00e4te \u2713 Kundenbewertung: 4.9 von 5 \u2713 Inzahlungnahme \u2713 H\u00f6rprobe","og_url":"https:\/\/dev.freakuence.nl\/de\/produkt\/auralic-widder-mini\/","og_site_name":"Freakuence!","article_modified_time":"2026-04-10T07:09:12+00:00","og_image":[{"width":1800,"height":1200,"url":"https:\/\/dev.freakuence.nl\/wp-content\/uploads\/2026\/04\/17696010840506-18814-IMG9282.jpg","type":"image\/jpeg"}],"twitter_card":"summary_large_image","schema":{"@context":"https:\/\/schema.org","@graph":[{"@type":"WebPage","@id":"https:\/\/dev.freakuence.nl\/de\/produkt\/auralic-widder-mini\/","url":"https:\/\/dev.freakuence.nl\/de\/produkt\/auralic-widder-mini\/","name":"AURALiC Widder Mini | Freakuence!","isPartOf":{"@id":"https:\/\/dev.freakuence.nl\/de\/#website"},"primaryImageOfPage":{"@id":"https:\/\/dev.freakuence.nl\/de\/produkt\/auralic-widder-mini\/#primaryimage"},"image":{"@id":"https:\/\/dev.freakuence.nl\/de\/produkt\/auralic-widder-mini\/#primaryimage"},"thumbnailUrl":"https:\/\/dev.freakuence.nl\/wp-content\/uploads\/2026\/04\/17696010840506-18814-IMG9282.jpg","datePublished":"2026-01-28T11:51:35+00:00","dateModified":"2026-04-10T07:09:12+00:00","description":"AURALiC Aries Mini: kompakter Netzwerkplayer mit eingebautem DAC, unterst\u00fctzt DSD256 und Streamingdienste. \u2713 Neue & gebrauchte HiFi-Ger\u00e4te \u2713 Kundenbewertung: 4.9 von 5 \u2713 Inzahlungnahme \u2713 H\u00f6rprobe","breadcrumb":{"@id":"https:\/\/dev.freakuence.nl\/de\/produkt\/auralic-widder-mini\/#breadcrumb"},"inLanguage":"de","potentialAction":[{"@type":"ReadAction","target":["https:\/\/dev.freakuence.nl\/de\/produkt\/auralic-widder-mini\/"]}]},{"@type":"ImageObject","inLanguage":"de","@id":"https:\/\/dev.freakuence.nl\/de\/produkt\/auralic-widder-mini\/#primaryimage","url":"https:\/\/dev.freakuence.nl\/wp-content\/uploads\/2026\/04\/17696010840506-18814-IMG9282.jpg","contentUrl":"https:\/\/dev.freakuence.nl\/wp-content\/uploads\/2026\/04\/17696010840506-18814-IMG9282.jpg","width":1800,"height":1200},{"@type":"BreadcrumbList","@id":"https:\/\/dev.freakuence.nl\/de\/produkt\/auralic-widder-mini\/#breadcrumb","itemListElement":[{"@type":"ListItem","position":1,"name":"Startseite","item":"https:\/\/dev.freakuence.nl\/de\/"},{"@type":"ListItem","position":2,"name":"Produkte","item":"https:\/\/dev.freakuence.nl\/de\/produkte\/"},{"@type":"ListItem","position":3,"name":"AURALiC Aries Mini"}]},{"@type":"WebSite","@id":"https:\/\/dev.freakuence.nl\/de\/#website","url":"https:\/\/dev.freakuence.nl\/de\/","name":"Freakuence!","description":"Freakuence!","publisher":{"@id":"https:\/\/dev.freakuence.nl\/de\/#organization"},"alternateName":"Freakuence","potentialAction":[{"@type":"SearchAction","target":{"@type":"EntryPoint","urlTemplate":"https:\/\/dev.freakuence.nl\/de\/?s={search_term_string}"},"query-input":{"@type":"PropertyValueSpecification","valueRequired":true,"valueName":"search_term_string"}}],"inLanguage":"de"},{"@type":"Organization","@id":"https:\/\/dev.freakuence.nl\/de\/#organization","name":"Freakuence!","url":"https:\/\/dev.freakuence.nl\/de\/","logo":{"@type":"ImageObject","inLanguage":"de","@id":"https:\/\/dev.freakuence.nl\/de\/#\/schema\/logo\/image\/","url":"https:\/\/dev.freakuence.nl\/wp-content\/uploads\/2022\/05\/Brown_3_RGB_Freakuence-1.png","contentUrl":"https:\/\/dev.freakuence.nl\/wp-content\/uploads\/2022\/05\/Brown_3_RGB_Freakuence-1.png","width":2560,"height":684,"caption":"Freakuence!"},"image":{"@id":"https:\/\/dev.freakuence.nl\/de\/#\/schema\/logo\/image\/"},"sameAs":["https:\/\/www.instagram.com\/freakuence_notorious_audio\/"]}]}},"_links":{"self":[{"href":"https:\/\/dev.freakuence.nl\/de\/wp-json\/wp\/v2\/product\/341828","targetHints":{"allow":["GET"]}}],"collection":[{"href":"https:\/\/dev.freakuence.nl\/de\/wp-json\/wp\/v2\/product"}],"about":[{"href":"https:\/\/dev.freakuence.nl\/de\/wp-json\/wp\/v2\/types\/product"}],"wp:featuredmedia":[{"embeddable":true,"href":"https:\/\/dev.freakuence.nl\/de\/wp-json\/wp\/v2\/media\/387405"}],"wp:attachment":[{"href":"https:\/\/dev.freakuence.nl\/de\/wp-json\/wp\/v2\/media?parent=341828"}],"wp:term":[{"taxonomy":"product_brand","embeddable":true,"href":"https:\/\/dev.freakuence.nl\/de\/wp-json\/wp\/v2\/product_brand?post=341828"},{"taxonomy":"product_cat","embeddable":true,"href":"https:\/\/dev.freakuence.nl\/de\/wp-json\/wp\/v2\/product_cat?post=341828"},{"taxonomy":"product_tag","embeddable":true,"href":"https:\/\/dev.freakuence.nl\/de\/wp-json\/wp\/v2\/product_tag?post=341828"}],"curies":[{"name":"wp","href":"https:\/\/api.w.org\/{rel}","templated":true}]}}