{"id":341831,"date":"2026-01-28T12:54:48","date_gmt":"2026-01-28T11:54:48","guid":{"rendered":"https:\/\/freakuence.nl\/product\/sbooster-botw-pp-eco-mkii-15-16v\/"},"modified":"2026-04-08T11:45:29","modified_gmt":"2026-04-08T09:45:29","slug":"sbooster-botw-pp-eco-mkii-15-16v","status":"publish","type":"product","link":"https:\/\/dev.freakuence.nl\/de\/produkt\/sbooster-botw-pp-eco-mkii-15-16v\/","title":{"rendered":"SBooster BOTW P&amp;P ECO 15-16V (MKI)"},"content":{"rendered":"<div class=\"product-specifications-list\">\n<div class=\"specification-item row-header\"><span class=\"spec-content\"><strong>Beschreibung Freakuence!<\/strong><\/span><\/div>\n<div class=\"specification-item row-even\"><span class=\"spec-content\">Der SBooster BOTW P&amp;P ECO 15-16V (MKI) ist ein externes lineares Netzteil, das Ihr Standard-Schaltnetzteil ersetzt. Das Ergebnis ist eine sauberere Stromversorgung, die die Leistung Ihrer Audioger\u00e4te verbessert. Die Anwender stellen fest, dass das Stereobild breiter und tiefer wird, so dass Instrumente besser zu erkennen sind. Au\u00dferdem wird die Klarheit verbessert, ohne dabei klinisch zu klingen.   <\/span><\/div>\n<div class=\"specification-item row-header\"><span class=\"spec-content\"><strong>Details<\/strong><\/span><\/div>\n<div class=\"specification-item row-even\"><span class=\"spec-content\">Sie suchen ein anderes Modell aus der aktuellen Serie der Marke? Schicken Sie uns eine Nachricht!  Wir m\u00f6chten, dass es Spa\u00df macht.<\/span><\/div>\n<div class=\"specification-item row-header\"><span class=\"spec-content\"><strong>Allgemeine Beschreibung<\/strong><\/span><\/div>\n<div class=\"specification-item row-even\"><span class=\"spec-content\">Das SBooster BOTW P&amp;P ECO 15-16V (MKI) ist ein hochwertiges lineares Netzteil, das die Leistung Ihrer Audioger\u00e4te optimiert. Wenn Sie das Standard-Schaltnetzteil durch dieses lineare Netzteil ersetzen, verbessert sich die Klangwiedergabe mit einem klareren Klangbild und mehr Details im Sound. <\/p>\n<p>Dieses Netzteil ist mit einer Vielzahl von Audioger\u00e4ten kompatibel, darunter Musikstreamer und Digital-Analog-Wandler. Mit seiner stabilen und sauberen Stromversorgung tr\u00e4gt der SBooster BOTW P&amp;P ECO 15-16V (MKI) zu einem genaueren Stereobild und einem dynamischeren Klang bei. <\/p>\n<p>M\u00f6chten Sie selbst erleben, wie der SBooster BOTW P&amp;P ECO 15-16V (MKI) die Klangqualit\u00e4t Ihres Systems verbessern kann? Vereinbaren Sie eine H\u00f6rsitzung in unserem H\u00f6rraum oder kontaktieren Sie uns, um die M\u00f6glichkeiten zu besprechen. <\/span><\/div>\n<div class=\"specification-item row-header\"><span class=\"spec-content\"><strong>Hintergrundinformationen<\/strong><\/span><\/div>\n<div class=\"specification-item row-even\"><span class=\"spec-content\">Der SBooster BOTW P&amp;P ECO 15-16V (MKI) wurde entwickelt, um Audiokomponenten mit einer sauberen und stabilen Stromversorgung zu versorgen und so die Klangqualit\u00e4t zu verbessern. Das Ger\u00e4t verwendet hochwertige Komponenten wie spezielle Audiokabel und Kondensatoren, um Audio-Vibrationen und elektromagnetische St\u00f6rungen zu minimieren. Das robuste Aluminiumgeh\u00e4use tr\u00e4gt sowohl zur Haltbarkeit als auch zum minimalistischen Design bei. Die Produktion erfolgt in den Niederlanden unter Verwendung lokaler und hochwertiger Materialien.   <\/span><\/div>\n<div class=\"specification-item row-header\"><span class=\"spec-content\"><strong>Geschichte der Marke<\/strong><\/span><\/div>\n<div class=\"specification-item row-even\"><span class=\"spec-content\">SBooster wurde 2008 in den Niederlanden gegr\u00fcndet. Die Marke entwickelt und produziert lineare Stromversorgungen und Zubeh\u00f6r f\u00fcr DC-betriebene Ger\u00e4te. Seit 2015 bietet SBooster nur noch Produkte an, die unter eigenem Namen entwickelt und hergestellt werden. Alle Produkte werden in Zusammenarbeit mit europ\u00e4ischen Spezialisten entwickelt. Die t\u00e4gliche Produktion findet in den Niederlanden statt. SBooster arbeitet ausschlie\u00dflich mit europ\u00e4ischen Komponentenlieferanten zusammen. Die Marke bietet Ersatznetzteile f\u00fcr verschiedene g\u00e4ngige Netzverst\u00e4rker und andere Gleichstromger\u00e4te an. Bei der Entwicklung der Produkte steht die Stabilit\u00e4t des Netzteils im Mittelpunkt.       <\/span><\/div>\n<\/div>\n","protected":false},"excerpt":{"rendered":"<p>Beschreibung Freakuence! Der SBooster BOTW P&amp;P ECO 15-16V (MKI) ist ein externes lineares Netzteil, das Ihr Standard-Schaltnetzteil ersetzt. Das Ergebnis ist eine sauberere Stromversorgung, die die Leistung Ihrer Audioger\u00e4te verbessert. Die Anwender stellen fest, dass das Stereobild breiter und tiefer wird, so dass Instrumente besser zu erkennen sind. Au\u00dferdem wird die Klarheit verbessert, ohne dabei [&hellip;]<\/p>\n","protected":false},"featured_media":380269,"template":"","meta":{"_acf_changed":false,"inline_featured_image":false},"product_brand":[],"product_cat":[547,696],"product_tag":[534],"class_list":{"0":"post-341831","1":"product","2":"type-product","3":"status-publish","4":"has-post-thumbnail","6":"product_cat-lineare-stromversorgung","7":"product_cat-verbesserungen","8":"product_tag-benutzt","9":"pa_kleur-chrom","11":"first","12":"instock","13":"sold-individually","14":"purchasable","15":"product-type-simple"},"acf":{"website":true,"show_on_homepage":false,"brand_title":"SBooster","product_type":"BOTW P&P ECO 15-16V (MKI)","color":"Chrom","subcolor":"","reserved_status":"0"},"yoast_head":"<!-- This site is optimized with the Yoast SEO plugin v25.9 - https:\/\/yoast.com\/wordpress\/plugins\/seo\/ -->\n<title>SBooster BOTW P&amp;P ECO 15-16V (MKI) | Freakuence!<\/title>\n<meta name=\"description\" content=\"Sbooster BOTW P&amp;P ECO 15-16V verbessert Ihr Audioerlebnis mit sauberer Leistung und effizienter Performance. \u2713 Neue &amp; gebrauchte HiFi-Ger\u00e4te \u2713 Kundenbewertung: 4.9 von 5 \u2713 Inzahlungnahme \u2713 H\u00f6rprobe\" \/>\n<meta name=\"robots\" content=\"noindex, follow, max-snippet:-1, max-image-preview:large, max-video-preview:-1\" \/>\n<meta property=\"og:locale\" content=\"de_DE\" \/>\n<meta property=\"og:type\" content=\"article\" \/>\n<meta property=\"og:title\" content=\"SBooster BOTW P&amp;P ECO 15-16V (MKI) | Freakuence!\" \/>\n<meta property=\"og:description\" content=\"Sbooster BOTW P&amp;P ECO 15-16V verbessert Ihr Audioerlebnis mit sauberer Leistung und effizienter Performance. \u2713 Neue &amp; gebrauchte HiFi-Ger\u00e4te \u2713 Kundenbewertung: 4.9 von 5 \u2713 Inzahlungnahme \u2713 H\u00f6rprobe\" \/>\n<meta property=\"og:url\" content=\"https:\/\/dev.freakuence.nl\/de\/produkt\/sbooster-botw-pp-eco-mkii-15-16v\/\" \/>\n<meta property=\"og:site_name\" content=\"Freakuence!\" \/>\n<meta property=\"article:modified_time\" content=\"2026-04-08T09:45:29+00:00\" \/>\n<meta property=\"og:image\" content=\"https:\/\/dev.freakuence.nl\/wp-content\/uploads\/2026\/04\/17696012793465-16132-IMG9294.jpg\" \/>\n\t<meta property=\"og:image:width\" content=\"1800\" \/>\n\t<meta property=\"og:image:height\" content=\"1200\" \/>\n\t<meta property=\"og:image:type\" content=\"image\/jpeg\" \/>\n<meta name=\"twitter:card\" content=\"summary_large_image\" \/>\n<script type=\"application\/ld+json\" class=\"yoast-schema-graph\">{\"@context\":\"https:\/\/schema.org\",\"@graph\":[{\"@type\":\"WebPage\",\"@id\":\"https:\/\/dev.freakuence.nl\/de\/produkt\/sbooster-botw-pp-eco-mkii-15-16v\/\",\"url\":\"https:\/\/dev.freakuence.nl\/de\/produkt\/sbooster-botw-pp-eco-mkii-15-16v\/\",\"name\":\"SBooster BOTW P&amp;P ECO 15-16V (MKI) | Freakuence!\",\"isPartOf\":{\"@id\":\"https:\/\/dev.freakuence.nl\/de\/#website\"},\"primaryImageOfPage\":{\"@id\":\"https:\/\/dev.freakuence.nl\/de\/produkt\/sbooster-botw-pp-eco-mkii-15-16v\/#primaryimage\"},\"image\":{\"@id\":\"https:\/\/dev.freakuence.nl\/de\/produkt\/sbooster-botw-pp-eco-mkii-15-16v\/#primaryimage\"},\"thumbnailUrl\":\"https:\/\/dev.freakuence.nl\/wp-content\/uploads\/2026\/04\/17696012793465-16132-IMG9294.jpg\",\"datePublished\":\"2026-01-28T11:54:48+00:00\",\"dateModified\":\"2026-04-08T09:45:29+00:00\",\"description\":\"Sbooster BOTW P&P ECO 15-16V verbessert Ihr Audioerlebnis mit sauberer Leistung und effizienter Performance. \u2713 Neue & gebrauchte HiFi-Ger\u00e4te \u2713 Kundenbewertung: 4.9 von 5 \u2713 Inzahlungnahme \u2713 H\u00f6rprobe\",\"breadcrumb\":{\"@id\":\"https:\/\/dev.freakuence.nl\/de\/produkt\/sbooster-botw-pp-eco-mkii-15-16v\/#breadcrumb\"},\"inLanguage\":\"de\",\"potentialAction\":[{\"@type\":\"ReadAction\",\"target\":[\"https:\/\/dev.freakuence.nl\/de\/produkt\/sbooster-botw-pp-eco-mkii-15-16v\/\"]}]},{\"@type\":\"ImageObject\",\"inLanguage\":\"de\",\"@id\":\"https:\/\/dev.freakuence.nl\/de\/produkt\/sbooster-botw-pp-eco-mkii-15-16v\/#primaryimage\",\"url\":\"https:\/\/dev.freakuence.nl\/wp-content\/uploads\/2026\/04\/17696012793465-16132-IMG9294.jpg\",\"contentUrl\":\"https:\/\/dev.freakuence.nl\/wp-content\/uploads\/2026\/04\/17696012793465-16132-IMG9294.jpg\",\"width\":1800,\"height\":1200},{\"@type\":\"BreadcrumbList\",\"@id\":\"https:\/\/dev.freakuence.nl\/de\/produkt\/sbooster-botw-pp-eco-mkii-15-16v\/#breadcrumb\",\"itemListElement\":[{\"@type\":\"ListItem\",\"position\":1,\"name\":\"Startseite\",\"item\":\"https:\/\/dev.freakuence.nl\/de\/\"},{\"@type\":\"ListItem\",\"position\":2,\"name\":\"Produkte\",\"item\":\"https:\/\/dev.freakuence.nl\/de\/produkte\/\"},{\"@type\":\"ListItem\",\"position\":3,\"name\":\"SBooster BOTW P&amp;P ECO 15-16V (MKI)\"}]},{\"@type\":\"WebSite\",\"@id\":\"https:\/\/dev.freakuence.nl\/de\/#website\",\"url\":\"https:\/\/dev.freakuence.nl\/de\/\",\"name\":\"Freakuence!\",\"description\":\"Freakuence!\",\"publisher\":{\"@id\":\"https:\/\/dev.freakuence.nl\/de\/#organization\"},\"alternateName\":\"Freakuence\",\"potentialAction\":[{\"@type\":\"SearchAction\",\"target\":{\"@type\":\"EntryPoint\",\"urlTemplate\":\"https:\/\/dev.freakuence.nl\/de\/?s={search_term_string}\"},\"query-input\":{\"@type\":\"PropertyValueSpecification\",\"valueRequired\":true,\"valueName\":\"search_term_string\"}}],\"inLanguage\":\"de\"},{\"@type\":\"Organization\",\"@id\":\"https:\/\/dev.freakuence.nl\/de\/#organization\",\"name\":\"Freakuence!\",\"url\":\"https:\/\/dev.freakuence.nl\/de\/\",\"logo\":{\"@type\":\"ImageObject\",\"inLanguage\":\"de\",\"@id\":\"https:\/\/dev.freakuence.nl\/de\/#\/schema\/logo\/image\/\",\"url\":\"https:\/\/dev.freakuence.nl\/wp-content\/uploads\/2022\/05\/Brown_3_RGB_Freakuence-1.png\",\"contentUrl\":\"https:\/\/dev.freakuence.nl\/wp-content\/uploads\/2022\/05\/Brown_3_RGB_Freakuence-1.png\",\"width\":2560,\"height\":684,\"caption\":\"Freakuence!\"},\"image\":{\"@id\":\"https:\/\/dev.freakuence.nl\/de\/#\/schema\/logo\/image\/\"},\"sameAs\":[\"https:\/\/www.instagram.com\/freakuence_notorious_audio\/\"]}]}<\/script>\n<!-- \/ Yoast SEO plugin. -->","yoast_head_json":{"title":"SBooster BOTW P&amp;P ECO 15-16V (MKI) | Freakuence!","description":"Sbooster BOTW P&P ECO 15-16V verbessert Ihr Audioerlebnis mit sauberer Leistung und effizienter Performance. \u2713 Neue & gebrauchte HiFi-Ger\u00e4te \u2713 Kundenbewertung: 4.9 von 5 \u2713 Inzahlungnahme \u2713 H\u00f6rprobe","robots":{"index":"noindex","follow":"follow","max-snippet":"max-snippet:-1","max-image-preview":"max-image-preview:large","max-video-preview":"max-video-preview:-1"},"og_locale":"de_DE","og_type":"article","og_title":"SBooster BOTW P&amp;P ECO 15-16V (MKI) | Freakuence!","og_description":"Sbooster BOTW P&P ECO 15-16V verbessert Ihr Audioerlebnis mit sauberer Leistung und effizienter Performance. \u2713 Neue & gebrauchte HiFi-Ger\u00e4te \u2713 Kundenbewertung: 4.9 von 5 \u2713 Inzahlungnahme \u2713 H\u00f6rprobe","og_url":"https:\/\/dev.freakuence.nl\/de\/produkt\/sbooster-botw-pp-eco-mkii-15-16v\/","og_site_name":"Freakuence!","article_modified_time":"2026-04-08T09:45:29+00:00","og_image":[{"width":1800,"height":1200,"url":"https:\/\/dev.freakuence.nl\/wp-content\/uploads\/2026\/04\/17696012793465-16132-IMG9294.jpg","type":"image\/jpeg"}],"twitter_card":"summary_large_image","schema":{"@context":"https:\/\/schema.org","@graph":[{"@type":"WebPage","@id":"https:\/\/dev.freakuence.nl\/de\/produkt\/sbooster-botw-pp-eco-mkii-15-16v\/","url":"https:\/\/dev.freakuence.nl\/de\/produkt\/sbooster-botw-pp-eco-mkii-15-16v\/","name":"SBooster BOTW P&amp;P ECO 15-16V (MKI) | Freakuence!","isPartOf":{"@id":"https:\/\/dev.freakuence.nl\/de\/#website"},"primaryImageOfPage":{"@id":"https:\/\/dev.freakuence.nl\/de\/produkt\/sbooster-botw-pp-eco-mkii-15-16v\/#primaryimage"},"image":{"@id":"https:\/\/dev.freakuence.nl\/de\/produkt\/sbooster-botw-pp-eco-mkii-15-16v\/#primaryimage"},"thumbnailUrl":"https:\/\/dev.freakuence.nl\/wp-content\/uploads\/2026\/04\/17696012793465-16132-IMG9294.jpg","datePublished":"2026-01-28T11:54:48+00:00","dateModified":"2026-04-08T09:45:29+00:00","description":"Sbooster BOTW P&P ECO 15-16V verbessert Ihr Audioerlebnis mit sauberer Leistung und effizienter Performance. \u2713 Neue & gebrauchte HiFi-Ger\u00e4te \u2713 Kundenbewertung: 4.9 von 5 \u2713 Inzahlungnahme \u2713 H\u00f6rprobe","breadcrumb":{"@id":"https:\/\/dev.freakuence.nl\/de\/produkt\/sbooster-botw-pp-eco-mkii-15-16v\/#breadcrumb"},"inLanguage":"de","potentialAction":[{"@type":"ReadAction","target":["https:\/\/dev.freakuence.nl\/de\/produkt\/sbooster-botw-pp-eco-mkii-15-16v\/"]}]},{"@type":"ImageObject","inLanguage":"de","@id":"https:\/\/dev.freakuence.nl\/de\/produkt\/sbooster-botw-pp-eco-mkii-15-16v\/#primaryimage","url":"https:\/\/dev.freakuence.nl\/wp-content\/uploads\/2026\/04\/17696012793465-16132-IMG9294.jpg","contentUrl":"https:\/\/dev.freakuence.nl\/wp-content\/uploads\/2026\/04\/17696012793465-16132-IMG9294.jpg","width":1800,"height":1200},{"@type":"BreadcrumbList","@id":"https:\/\/dev.freakuence.nl\/de\/produkt\/sbooster-botw-pp-eco-mkii-15-16v\/#breadcrumb","itemListElement":[{"@type":"ListItem","position":1,"name":"Startseite","item":"https:\/\/dev.freakuence.nl\/de\/"},{"@type":"ListItem","position":2,"name":"Produkte","item":"https:\/\/dev.freakuence.nl\/de\/produkte\/"},{"@type":"ListItem","position":3,"name":"SBooster BOTW P&amp;P ECO 15-16V (MKI)"}]},{"@type":"WebSite","@id":"https:\/\/dev.freakuence.nl\/de\/#website","url":"https:\/\/dev.freakuence.nl\/de\/","name":"Freakuence!","description":"Freakuence!","publisher":{"@id":"https:\/\/dev.freakuence.nl\/de\/#organization"},"alternateName":"Freakuence","potentialAction":[{"@type":"SearchAction","target":{"@type":"EntryPoint","urlTemplate":"https:\/\/dev.freakuence.nl\/de\/?s={search_term_string}"},"query-input":{"@type":"PropertyValueSpecification","valueRequired":true,"valueName":"search_term_string"}}],"inLanguage":"de"},{"@type":"Organization","@id":"https:\/\/dev.freakuence.nl\/de\/#organization","name":"Freakuence!","url":"https:\/\/dev.freakuence.nl\/de\/","logo":{"@type":"ImageObject","inLanguage":"de","@id":"https:\/\/dev.freakuence.nl\/de\/#\/schema\/logo\/image\/","url":"https:\/\/dev.freakuence.nl\/wp-content\/uploads\/2022\/05\/Brown_3_RGB_Freakuence-1.png","contentUrl":"https:\/\/dev.freakuence.nl\/wp-content\/uploads\/2022\/05\/Brown_3_RGB_Freakuence-1.png","width":2560,"height":684,"caption":"Freakuence!"},"image":{"@id":"https:\/\/dev.freakuence.nl\/de\/#\/schema\/logo\/image\/"},"sameAs":["https:\/\/www.instagram.com\/freakuence_notorious_audio\/"]}]}},"_links":{"self":[{"href":"https:\/\/dev.freakuence.nl\/de\/wp-json\/wp\/v2\/product\/341831","targetHints":{"allow":["GET"]}}],"collection":[{"href":"https:\/\/dev.freakuence.nl\/de\/wp-json\/wp\/v2\/product"}],"about":[{"href":"https:\/\/dev.freakuence.nl\/de\/wp-json\/wp\/v2\/types\/product"}],"wp:featuredmedia":[{"embeddable":true,"href":"https:\/\/dev.freakuence.nl\/de\/wp-json\/wp\/v2\/media\/380269"}],"wp:attachment":[{"href":"https:\/\/dev.freakuence.nl\/de\/wp-json\/wp\/v2\/media?parent=341831"}],"wp:term":[{"taxonomy":"product_brand","embeddable":true,"href":"https:\/\/dev.freakuence.nl\/de\/wp-json\/wp\/v2\/product_brand?post=341831"},{"taxonomy":"product_cat","embeddable":true,"href":"https:\/\/dev.freakuence.nl\/de\/wp-json\/wp\/v2\/product_cat?post=341831"},{"taxonomy":"product_tag","embeddable":true,"href":"https:\/\/dev.freakuence.nl\/de\/wp-json\/wp\/v2\/product_tag?post=341831"}],"curies":[{"name":"wp","href":"https:\/\/api.w.org\/{rel}","templated":true}]}}