{"id":341840,"date":"2026-01-28T13:07:21","date_gmt":"2026-01-28T12:07:21","guid":{"rendered":"https:\/\/freakuence.nl\/product\/lyngdorf-sda-2400\/"},"modified":"2026-04-10T09:08:08","modified_gmt":"2026-04-10T07:08:08","slug":"lyngdorf-sda-2400","status":"publish","type":"product","link":"https:\/\/dev.freakuence.nl\/de\/produkt\/lyngdorf-sda-2400\/","title":{"rendered":"Lyngdorf SDA-2400"},"content":{"rendered":"<div class=\"product-specifications-list\">\n<div class=\"specification-item row-header\"><span class=\"spec-content\"><strong>Beschreibung Freakuence!<\/strong><\/span><\/div>\n<div class=\"specification-item row-even\"><span class=\"spec-content\">Leistungsstarker 400-Watt-Verst\u00e4rker von Lyngdorf. Spielt kultiviert und kontrolliert. Ger\u00e4umiges Stereobild.  <\/span><\/div>\n<div class=\"specification-item row-odd\"><span class=\"spec-content\">Ladenpreis: 2999.00<\/span><\/div>\n<div class=\"specification-item row-header\"><span class=\"spec-content\"><strong>Allgemeine Beschreibung<\/strong><\/span><\/div>\n<div class=\"specification-item row-even\"><span class=\"spec-content\">Der Lyngdorf SDA-2400 ist ein vielseitiger Stereo-Leistungsverst\u00e4rker, der sowohl analoge als auch digitale Eing\u00e4nge bietet, so dass er sich leicht in eine Vielzahl von Audiosystemen integrieren l\u00e4sst. Durch die Kombination von optischen und koaxialen Digitaleing\u00e4ngen mit traditionellen symmetrischen und unsymmetrischen Analogeing\u00e4ngen kann dieser Verst\u00e4rker nahtlos an eine Vielzahl von Quellen angeschlossen werden, von Vorverst\u00e4rkern bis hin zu Media-Playern und Streaming-Ger\u00e4ten.   <\/p>\n<p>Eine praktische Funktion ist der automatische Standby-Modus: Wenn kein Signal erkannt wird, schaltet sich der Verst\u00e4rker aus, um Energie zu sparen. Sobald wieder ein Signal ankommt, schaltet er sich automatisch ein.  Bei Systemen mit einem 12-V-Trigger-Ausgang kann der SDA-2400 auch \u00fcber diesen Trigger gesteuert werden, was die Synchronisation mit anderen Ger\u00e4ten erm\u00f6glicht.  <\/p>\n<p>Lyngdorf ist bekannt f\u00fcr seine digitale Verst\u00e4rkertechnologie, und der SDA-2400 ist ein gutes Beispiel daf\u00fcr. Der Verst\u00e4rker verwendet Pulsweitenmodulation (PWM) mit einer patentierten Technologie zur Optimierung der Schaltgeschwindigkeit. Mit einer festen Schaltgeschwindigkeit von 390 kHz und minimaler R\u00fcckkopplungskontrolle sorgt dies f\u00fcr eine niedrige und lineare Verzerrung und damit f\u00fcr eine saubere und dynamische Klangwiedergabe.  <\/span><\/div>\n<div class=\"specification-item row-header\"><span class=\"spec-content\"><strong>Hintergrundinformationen<\/strong><\/span><\/div>\n<div class=\"specification-item row-even\"><span class=\"spec-content\">Der Lyngdorf SDA-2400 ist ein leistungsstarker digitaler Stereo-Endverst\u00e4rker, bei dessen Entwicklung der Schwerpunkt auf maximaler Signalintegrit\u00e4t und minimalem Rauschen lag. Das Design, das auf dem Know-how des Designers Peter Lyngdorf basiert, verwendet fortschrittliche Class-D-Technologie, sorgf\u00e4ltig ausgew\u00e4hlte Komponenten und extrem kurze Signalwege. Das solide Aluminiumgeh\u00e4use eliminiert Resonanzen und bietet elektrischen Schutz.  <\/span><\/div>\n<div class=\"specification-item row-header\"><span class=\"spec-content\"><strong>Geschichte der Marke<\/strong><\/span><\/div>\n<div class=\"specification-item row-even\"><span class=\"spec-content\">Lyngdorf wurde 2005 von Peter Lyngdorf in D\u00e4nemark gegr\u00fcndet. Die Marke ist Teil von SL Audio A\/S, mit Sitz in Skive. Peter Lyngdorf begann seine Aktivit\u00e4ten in der Audiowelt in den 1980er Jahren. Im Jahr 2005 brachte Lyngdorf den ersten vollst\u00e4ndig digitalen Verst\u00e4rker, den Lyngdorf TDAI-2200, auf den Markt. Die Marke entwickelte auch RoomPerfect, ein Raumkorrektursystem, das die Klangleistung \u00fcber Messungen an den Raum anpasst. Lyngdorf hat mehrere Produkte auf den Markt gebracht, darunter den MP-50 Surround-Prozessor, die TDAI-Verst\u00e4rkerserie und den CD-2 CD-Player. Die Produkte werden in D\u00e4nemark entworfen und entwickelt und verwenden digitale Signalverarbeitung. Lyngdorf widmet sich der Entwicklung von Klangl\u00f6sungen f\u00fcr den Einsatz in Systemen, die sowohl in privaten als auch in professionellen Umgebungen verwendet werden k\u00f6nnen.       <\/span><\/div>\n<\/div>\n","protected":false},"excerpt":{"rendered":"<p>Beschreibung Freakuence! Leistungsstarker 400-Watt-Verst\u00e4rker von Lyngdorf. Spielt kultiviert und kontrolliert. Ger\u00e4umiges Stereobild. Ladenpreis: 2999.00 Allgemeine Beschreibung Der Lyngdorf SDA-2400 ist ein vielseitiger Stereo-Leistungsverst\u00e4rker, der sowohl analoge als auch digitale Eing\u00e4nge bietet, so dass er sich leicht in eine Vielzahl von Audiosystemen integrieren l\u00e4sst. Durch die Kombination von optischen und koaxialen Digitaleing\u00e4ngen mit traditionellen symmetrischen und [&hellip;]<\/p>\n","protected":false},"featured_media":387361,"template":"","meta":{"_acf_changed":false,"inline_featured_image":false},"product_brand":[],"product_cat":[751,750,532],"product_tag":[534],"class_list":{"0":"post-341840","1":"product","2":"type-product","3":"status-publish","4":"has-post-thumbnail","6":"product_cat-klasse-d-verstarker","7":"product_cat-leistungsverstarker","8":"product_cat-verstarker","9":"product_tag-benutzt","10":"pa_kleur-schwarz","12":"first","13":"instock","14":"sold-individually","15":"purchasable","16":"product-type-simple"},"acf":{"website":true,"show_on_homepage":false,"brand_title":"Lyngdorf","product_type":"SDA-2400","color":"Schwarz","subcolor":"","reserved_status":"0"},"_links":{"self":[{"href":"https:\/\/dev.freakuence.nl\/de\/wp-json\/wp\/v2\/product\/341840","targetHints":{"allow":["GET"]}}],"collection":[{"href":"https:\/\/dev.freakuence.nl\/de\/wp-json\/wp\/v2\/product"}],"about":[{"href":"https:\/\/dev.freakuence.nl\/de\/wp-json\/wp\/v2\/types\/product"}],"wp:featuredmedia":[{"embeddable":true,"href":"https:\/\/dev.freakuence.nl\/de\/wp-json\/wp\/v2\/media\/387361"}],"wp:attachment":[{"href":"https:\/\/dev.freakuence.nl\/de\/wp-json\/wp\/v2\/media?parent=341840"}],"wp:term":[{"taxonomy":"product_brand","embeddable":true,"href":"https:\/\/dev.freakuence.nl\/de\/wp-json\/wp\/v2\/product_brand?post=341840"},{"taxonomy":"product_cat","embeddable":true,"href":"https:\/\/dev.freakuence.nl\/de\/wp-json\/wp\/v2\/product_cat?post=341840"},{"taxonomy":"product_tag","embeddable":true,"href":"https:\/\/dev.freakuence.nl\/de\/wp-json\/wp\/v2\/product_tag?post=341840"}],"curies":[{"name":"wp","href":"https:\/\/api.w.org\/{rel}","templated":true}]}}