{"id":341927,"date":"2026-01-29T10:15:48","date_gmt":"2026-01-29T09:15:48","guid":{"rendered":"https:\/\/freakuence.nl\/product\/nuprime-evolution-dac-2\/"},"modified":"2026-03-09T13:16:30","modified_gmt":"2026-03-09T12:16:30","slug":"nuprime-evolution-dac-2","status":"publish","type":"product","link":"https:\/\/dev.freakuence.nl\/de\/produkt\/nuprime-evolution-dac-2\/","title":{"rendered":"NuPrime Evolution DAC 2"},"content":{"rendered":"<div class=\"product-specifications-list\">\n<div class=\"specification-item row-header\"><span class=\"spec-content\"><strong>Beschreibung Freakuence!<\/strong><\/span><\/div>\n<div class=\"specification-item row-even\"><span class=\"spec-content\">Kraft und Ruhe. Nicht viele Menschen sind mit dem gro\u00dfen Dac von NuPrime vertraut. Aber wir k\u00f6nnen Ihnen sagen, dass er es ernst meint. Wir stellen ihn regelm\u00e4\u00dfig bei unseren H\u00f6rsitzungen hier rein. Ein warmer und angenehmer Dac ohne jede H\u00e4rte. Wir lassen Sie gerne einige andere Exemplare neben ihm h\u00f6ren.     <\/span><\/div>\n<div class=\"specification-item row-odd\"><span class=\"spec-content\">Einzelhandelspreis: 3.695,00<\/span><\/div>\n<div class=\"specification-item row-header\"><span class=\"spec-content\"><strong>Allgemeine Beschreibung<\/strong><\/span><\/div>\n<div class=\"specification-item row-even\"><span class=\"spec-content\">Dieses Ger\u00e4t verf\u00fcgt \u00fcber neun digitale und zwei analoge Eing\u00e4nge, darunter USB Typ B 2.0 Hi-Speed, zwei IIS\/DSD, zwei koaxiale, zwei optische, einen AES\/EBU und einen Erweiterungsanschluss f\u00fcr Bluetooth. Die analogen Ausg\u00e4nge umfassen sowohl unsymmetrische RCA als auch symmetrische XLR. Er unterst\u00fctzt PCM bis zu 768 kHz, DSD bis zu DSD512 und MQA. Das Netzteil verwendet C-Core-Transformatoren und eine Kondensatorbank mit etwa 60.000 uF. Das Ger\u00e4t verf\u00fcgt \u00fcber einen Vorverst\u00e4rker der Referenzklasse mit MUSES8820 und MUSES72320V Komponenten. Ein optionales Erweiterungsmodul f\u00fcr Streaming ist erh\u00e4ltlich.     <\/span><\/div>\n<div class=\"specification-item row-header\"><span class=\"spec-content\"><strong>Hintergrundinformationen<\/strong><\/span><\/div>\n<div class=\"specification-item row-even\"><span class=\"spec-content\">Der NuPrime Evolution DAC 2 wurde vom NuPrime-Team mit dem Fokus auf ultimative Aufl\u00f6sung und Dynamik entwickelt. Er verwendet einen ESS Sabre DAC (ES9038PRO), diskrete Schaltungen mit extrem niedrigem Rauschen und eine JFET-Eingangsstufe. Die fortschrittliche Stromversorgung mit mehreren Spannungsschienen und linearen Reglern minimiert das Rauschen. Das Vollaluminium-Geh\u00e4use d\u00e4mpft effektiv Vibrationen. Entwicklung unter der Leitung von Ingenieur Jason Lim.    <\/span><\/div>\n<div class=\"specification-item row-header\"><span class=\"spec-content\"><strong>Geschichte der Marke<\/strong><\/span><\/div>\n<div class=\"specification-item row-even\"><span class=\"spec-content\">NuPrime wurde 2014 von Jason Lim, dem ehemaligen Mitbegr\u00fcnder von NuForce, gegr\u00fcndet. Das Unternehmen konzentriert sich auf die Entwicklung hochwertiger Audioger\u00e4te. Im Jahr 2015 stellte NuPrime den IDA-16 vor, einen Vollverst\u00e4rker mit DAC-Funktionalit\u00e4t. Im Jahr 2017 erweiterte das Unternehmen seine Produktlinie um die Evolution-Serie, zu der auch die Mono-Endstufe Evolution One geh\u00f6rt. 2018 f\u00fchrte NuPrime die AMG-Serie mit Produkten wie dem Stereo-Endverst\u00e4rker AMG STA ein. Im Jahr 2020 f\u00fchrte das Unternehmen die Omnia-Serie ein, die sich auf drahtlose Streaming-L\u00f6sungen konzentriert. NuPrime erweitert sein Sortiment weiterhin um verschiedene Audioger\u00e4te.      <\/span><\/div>\n<\/div>\n","protected":false},"excerpt":{"rendered":"<p>Beschreibung Freakuence! Kraft und Ruhe. Nicht viele Menschen sind mit dem gro\u00dfen Dac von NuPrime vertraut. Aber wir k\u00f6nnen Ihnen sagen, dass er es ernst meint. Wir stellen ihn regelm\u00e4\u00dfig bei unseren H\u00f6rsitzungen hier rein. Ein warmer und angenehmer Dac ohne jede H\u00e4rte. Wir lassen Sie gerne einige andere Exemplare neben ihm h\u00f6ren. Einzelhandelspreis: 3.695,00 [&hellip;]<\/p>\n","protected":false},"featured_media":352472,"template":"","meta":{"_acf_changed":false,"inline_featured_image":false},"product_brand":[],"product_cat":[549],"product_tag":[534],"class_list":{"0":"post-341927","1":"product","2":"type-product","3":"status-publish","4":"has-post-thumbnail","6":"product_cat-dac-streamer","7":"product_tag-benutzt","8":"pa_kleur-schwarz","10":"first","11":"outofstock","12":"sold-individually","13":"purchasable","14":"product-type-simple"},"acf":{"website":true,"show_on_homepage":false,"brand_title":"NuPrime","product_type":"Evolution DAC 2","color":"Schwarz","subcolor":"","reserved_status":"1"},"yoast_head":"<!-- This site is optimized with the Yoast SEO plugin v25.9 - https:\/\/yoast.com\/wordpress\/plugins\/seo\/ -->\n<title>NuPrime Evolution DAC 2 | Freakuence!<\/title>\n<meta name=\"robots\" content=\"noindex, follow, max-snippet:-1, max-image-preview:large, max-video-preview:-1\" \/>\n<meta property=\"og:locale\" content=\"de_DE\" \/>\n<meta property=\"og:type\" content=\"article\" \/>\n<meta property=\"og:title\" content=\"NuPrime Evolution DAC 2 | Freakuence!\" \/>\n<meta property=\"og:description\" content=\"Beschreibung Freakuence! Kraft und Ruhe. Nicht viele Menschen sind mit dem gro\u00dfen Dac von NuPrime vertraut. Aber wir k\u00f6nnen Ihnen sagen, dass er es ernst meint. Wir stellen ihn regelm\u00e4\u00dfig bei unseren H\u00f6rsitzungen hier rein. Ein warmer und angenehmer Dac ohne jede H\u00e4rte. Wir lassen Sie gerne einige andere Exemplare neben ihm h\u00f6ren. Einzelhandelspreis: 3.695,00 [&hellip;]\" \/>\n<meta property=\"og:url\" content=\"https:\/\/dev.freakuence.nl\/de\/produkt\/nuprime-evolution-dac-2\/\" \/>\n<meta property=\"og:site_name\" content=\"Freakuence!\" \/>\n<meta property=\"article:modified_time\" content=\"2026-03-09T12:16:30+00:00\" \/>\n<meta property=\"og:image\" content=\"https:\/\/dev.freakuence.nl\/wp-content\/uploads\/2026\/01\/17696781322230-18930-IMG9325.jpg\" \/>\n\t<meta property=\"og:image:width\" content=\"1800\" \/>\n\t<meta property=\"og:image:height\" content=\"1200\" \/>\n\t<meta property=\"og:image:type\" content=\"image\/jpeg\" \/>\n<meta name=\"twitter:card\" content=\"summary_large_image\" \/>\n<script type=\"application\/ld+json\" class=\"yoast-schema-graph\">{\"@context\":\"https:\/\/schema.org\",\"@graph\":[{\"@type\":\"WebPage\",\"@id\":\"https:\/\/dev.freakuence.nl\/de\/produkt\/nuprime-evolution-dac-2\/\",\"url\":\"https:\/\/dev.freakuence.nl\/de\/produkt\/nuprime-evolution-dac-2\/\",\"name\":\"NuPrime Evolution DAC 2 | Freakuence!\",\"isPartOf\":{\"@id\":\"https:\/\/dev.freakuence.nl\/de\/#website\"},\"primaryImageOfPage\":{\"@id\":\"https:\/\/dev.freakuence.nl\/de\/produkt\/nuprime-evolution-dac-2\/#primaryimage\"},\"image\":{\"@id\":\"https:\/\/dev.freakuence.nl\/de\/produkt\/nuprime-evolution-dac-2\/#primaryimage\"},\"thumbnailUrl\":\"https:\/\/dev.freakuence.nl\/wp-content\/uploads\/2026\/01\/17696781322230-18930-IMG9325.jpg\",\"datePublished\":\"2026-01-29T09:15:48+00:00\",\"dateModified\":\"2026-03-09T12:16:30+00:00\",\"breadcrumb\":{\"@id\":\"https:\/\/dev.freakuence.nl\/de\/produkt\/nuprime-evolution-dac-2\/#breadcrumb\"},\"inLanguage\":\"de\",\"potentialAction\":[{\"@type\":\"ReadAction\",\"target\":[\"https:\/\/dev.freakuence.nl\/de\/produkt\/nuprime-evolution-dac-2\/\"]}]},{\"@type\":\"ImageObject\",\"inLanguage\":\"de\",\"@id\":\"https:\/\/dev.freakuence.nl\/de\/produkt\/nuprime-evolution-dac-2\/#primaryimage\",\"url\":\"https:\/\/dev.freakuence.nl\/wp-content\/uploads\/2026\/01\/17696781322230-18930-IMG9325.jpg\",\"contentUrl\":\"https:\/\/dev.freakuence.nl\/wp-content\/uploads\/2026\/01\/17696781322230-18930-IMG9325.jpg\",\"width\":1800,\"height\":1200},{\"@type\":\"BreadcrumbList\",\"@id\":\"https:\/\/dev.freakuence.nl\/de\/produkt\/nuprime-evolution-dac-2\/#breadcrumb\",\"itemListElement\":[{\"@type\":\"ListItem\",\"position\":1,\"name\":\"Startseite\",\"item\":\"https:\/\/dev.freakuence.nl\/de\/\"},{\"@type\":\"ListItem\",\"position\":2,\"name\":\"Produkte\",\"item\":\"https:\/\/dev.freakuence.nl\/de\/produkte\/\"},{\"@type\":\"ListItem\",\"position\":3,\"name\":\"NuPrime Evolution DAC 2\"}]},{\"@type\":\"WebSite\",\"@id\":\"https:\/\/dev.freakuence.nl\/de\/#website\",\"url\":\"https:\/\/dev.freakuence.nl\/de\/\",\"name\":\"Freakuence!\",\"description\":\"Freakuence!\",\"publisher\":{\"@id\":\"https:\/\/dev.freakuence.nl\/de\/#organization\"},\"alternateName\":\"Freakuence\",\"potentialAction\":[{\"@type\":\"SearchAction\",\"target\":{\"@type\":\"EntryPoint\",\"urlTemplate\":\"https:\/\/dev.freakuence.nl\/de\/?s={search_term_string}\"},\"query-input\":{\"@type\":\"PropertyValueSpecification\",\"valueRequired\":true,\"valueName\":\"search_term_string\"}}],\"inLanguage\":\"de\"},{\"@type\":\"Organization\",\"@id\":\"https:\/\/dev.freakuence.nl\/de\/#organization\",\"name\":\"Freakuence!\",\"url\":\"https:\/\/dev.freakuence.nl\/de\/\",\"logo\":{\"@type\":\"ImageObject\",\"inLanguage\":\"de\",\"@id\":\"https:\/\/dev.freakuence.nl\/de\/#\/schema\/logo\/image\/\",\"url\":\"https:\/\/dev.freakuence.nl\/wp-content\/uploads\/2022\/05\/Brown_3_RGB_Freakuence-1.png\",\"contentUrl\":\"https:\/\/dev.freakuence.nl\/wp-content\/uploads\/2022\/05\/Brown_3_RGB_Freakuence-1.png\",\"width\":2560,\"height\":684,\"caption\":\"Freakuence!\"},\"image\":{\"@id\":\"https:\/\/dev.freakuence.nl\/de\/#\/schema\/logo\/image\/\"},\"sameAs\":[\"https:\/\/www.instagram.com\/freakuence_notorious_audio\/\"]}]}<\/script>\n<!-- \/ Yoast SEO plugin. -->","yoast_head_json":{"title":"NuPrime Evolution DAC 2 | Freakuence!","robots":{"index":"noindex","follow":"follow","max-snippet":"max-snippet:-1","max-image-preview":"max-image-preview:large","max-video-preview":"max-video-preview:-1"},"og_locale":"de_DE","og_type":"article","og_title":"NuPrime Evolution DAC 2 | Freakuence!","og_description":"Beschreibung Freakuence! Kraft und Ruhe. Nicht viele Menschen sind mit dem gro\u00dfen Dac von NuPrime vertraut. Aber wir k\u00f6nnen Ihnen sagen, dass er es ernst meint. Wir stellen ihn regelm\u00e4\u00dfig bei unseren H\u00f6rsitzungen hier rein. Ein warmer und angenehmer Dac ohne jede H\u00e4rte. Wir lassen Sie gerne einige andere Exemplare neben ihm h\u00f6ren. Einzelhandelspreis: 3.695,00 [&hellip;]","og_url":"https:\/\/dev.freakuence.nl\/de\/produkt\/nuprime-evolution-dac-2\/","og_site_name":"Freakuence!","article_modified_time":"2026-03-09T12:16:30+00:00","og_image":[{"width":1800,"height":1200,"url":"https:\/\/dev.freakuence.nl\/wp-content\/uploads\/2026\/01\/17696781322230-18930-IMG9325.jpg","type":"image\/jpeg"}],"twitter_card":"summary_large_image","schema":{"@context":"https:\/\/schema.org","@graph":[{"@type":"WebPage","@id":"https:\/\/dev.freakuence.nl\/de\/produkt\/nuprime-evolution-dac-2\/","url":"https:\/\/dev.freakuence.nl\/de\/produkt\/nuprime-evolution-dac-2\/","name":"NuPrime Evolution DAC 2 | Freakuence!","isPartOf":{"@id":"https:\/\/dev.freakuence.nl\/de\/#website"},"primaryImageOfPage":{"@id":"https:\/\/dev.freakuence.nl\/de\/produkt\/nuprime-evolution-dac-2\/#primaryimage"},"image":{"@id":"https:\/\/dev.freakuence.nl\/de\/produkt\/nuprime-evolution-dac-2\/#primaryimage"},"thumbnailUrl":"https:\/\/dev.freakuence.nl\/wp-content\/uploads\/2026\/01\/17696781322230-18930-IMG9325.jpg","datePublished":"2026-01-29T09:15:48+00:00","dateModified":"2026-03-09T12:16:30+00:00","breadcrumb":{"@id":"https:\/\/dev.freakuence.nl\/de\/produkt\/nuprime-evolution-dac-2\/#breadcrumb"},"inLanguage":"de","potentialAction":[{"@type":"ReadAction","target":["https:\/\/dev.freakuence.nl\/de\/produkt\/nuprime-evolution-dac-2\/"]}]},{"@type":"ImageObject","inLanguage":"de","@id":"https:\/\/dev.freakuence.nl\/de\/produkt\/nuprime-evolution-dac-2\/#primaryimage","url":"https:\/\/dev.freakuence.nl\/wp-content\/uploads\/2026\/01\/17696781322230-18930-IMG9325.jpg","contentUrl":"https:\/\/dev.freakuence.nl\/wp-content\/uploads\/2026\/01\/17696781322230-18930-IMG9325.jpg","width":1800,"height":1200},{"@type":"BreadcrumbList","@id":"https:\/\/dev.freakuence.nl\/de\/produkt\/nuprime-evolution-dac-2\/#breadcrumb","itemListElement":[{"@type":"ListItem","position":1,"name":"Startseite","item":"https:\/\/dev.freakuence.nl\/de\/"},{"@type":"ListItem","position":2,"name":"Produkte","item":"https:\/\/dev.freakuence.nl\/de\/produkte\/"},{"@type":"ListItem","position":3,"name":"NuPrime Evolution DAC 2"}]},{"@type":"WebSite","@id":"https:\/\/dev.freakuence.nl\/de\/#website","url":"https:\/\/dev.freakuence.nl\/de\/","name":"Freakuence!","description":"Freakuence!","publisher":{"@id":"https:\/\/dev.freakuence.nl\/de\/#organization"},"alternateName":"Freakuence","potentialAction":[{"@type":"SearchAction","target":{"@type":"EntryPoint","urlTemplate":"https:\/\/dev.freakuence.nl\/de\/?s={search_term_string}"},"query-input":{"@type":"PropertyValueSpecification","valueRequired":true,"valueName":"search_term_string"}}],"inLanguage":"de"},{"@type":"Organization","@id":"https:\/\/dev.freakuence.nl\/de\/#organization","name":"Freakuence!","url":"https:\/\/dev.freakuence.nl\/de\/","logo":{"@type":"ImageObject","inLanguage":"de","@id":"https:\/\/dev.freakuence.nl\/de\/#\/schema\/logo\/image\/","url":"https:\/\/dev.freakuence.nl\/wp-content\/uploads\/2022\/05\/Brown_3_RGB_Freakuence-1.png","contentUrl":"https:\/\/dev.freakuence.nl\/wp-content\/uploads\/2022\/05\/Brown_3_RGB_Freakuence-1.png","width":2560,"height":684,"caption":"Freakuence!"},"image":{"@id":"https:\/\/dev.freakuence.nl\/de\/#\/schema\/logo\/image\/"},"sameAs":["https:\/\/www.instagram.com\/freakuence_notorious_audio\/"]}]}},"_links":{"self":[{"href":"https:\/\/dev.freakuence.nl\/de\/wp-json\/wp\/v2\/product\/341927","targetHints":{"allow":["GET"]}}],"collection":[{"href":"https:\/\/dev.freakuence.nl\/de\/wp-json\/wp\/v2\/product"}],"about":[{"href":"https:\/\/dev.freakuence.nl\/de\/wp-json\/wp\/v2\/types\/product"}],"wp:featuredmedia":[{"embeddable":true,"href":"https:\/\/dev.freakuence.nl\/de\/wp-json\/wp\/v2\/media\/352472"}],"wp:attachment":[{"href":"https:\/\/dev.freakuence.nl\/de\/wp-json\/wp\/v2\/media?parent=341927"}],"wp:term":[{"taxonomy":"product_brand","embeddable":true,"href":"https:\/\/dev.freakuence.nl\/de\/wp-json\/wp\/v2\/product_brand?post=341927"},{"taxonomy":"product_cat","embeddable":true,"href":"https:\/\/dev.freakuence.nl\/de\/wp-json\/wp\/v2\/product_cat?post=341927"},{"taxonomy":"product_tag","embeddable":true,"href":"https:\/\/dev.freakuence.nl\/de\/wp-json\/wp\/v2\/product_tag?post=341927"}],"curies":[{"name":"wp","href":"https:\/\/api.w.org\/{rel}","templated":true}]}}