{"id":342104,"date":"2026-01-29T10:50:43","date_gmt":"2026-01-29T09:50:43","guid":{"rendered":"https:\/\/freakuence.nl\/product\/proac-antwort-d-fuenfundzwanzig\/"},"modified":"2026-04-10T11:21:47","modified_gmt":"2026-04-10T09:21:47","slug":"proac-antwort-d-fuenfundzwanzig","status":"publish","type":"product","link":"https:\/\/dev.freakuence.nl\/de\/produkt\/proac-antwort-d-fuenfundzwanzig\/","title":{"rendered":"ProAc Antwort D F\u00fcnfundzwanzig"},"content":{"rendered":"<div class=\"product-specifications-list\">\n<div class=\"specification-item row-header\"><span class=\"spec-content\"><strong>Beschreibung Freakuence!<\/strong><\/span><\/div>\n<div class=\"specification-item row-even\"><span class=\"spec-content\">ProAc, nicht allzu gro\u00df und bekannt in den Niederlanden, aber ein Teil unseres Audio-Herzens ist hier. Bei der Arbeit, wunderbar warm und nat\u00fcrlich, mit einem Mitteltonbereich, der so offen und weitr\u00e4umig ist, dass man die Musiker kitzeln kann. Seine F\u00e4higkeit, subtile Nuancen und Dynamik zu vermitteln, macht ihn zu einem sehr angenehmen Begleiter. Wir erhalten oft Kommentare aus Italia, wenn wir die Marke im Gesch\u00e4ft haben. Seien Sie ihnen einen Schritt voraus!    <\/span><\/div>\n<div class=\"specification-item row-header\"><span class=\"spec-content\"><strong>Details<\/strong><\/span><\/div>\n<div class=\"specification-item row-even\"><span class=\"spec-content\">Nein, die Schr\u00e4nke sind nicht mehr so sch\u00f6n, aber wir haben sie trotzdem nicht abgelehnt und sie in den Laden kommen lassen.<\/span><\/div>\n<div class=\"specification-item row-header\"><span class=\"spec-content\"><strong>Allgemeine Beschreibung<\/strong><\/span><\/div>\n<div class=\"specification-item row-even\"><span class=\"spec-content\">Der ProAc Response D Twenty Five ist ein Standlautsprecher, der f\u00fcr seine nat\u00fcrliche und detaillierte Klangwiedergabe bekannt ist. Mit einem sorgf\u00e4ltig entworfenen Geh\u00e4use und hochwertigen Komponenten liefert dieser Lautsprecher eine breite Klangb\u00fchne mit beeindruckender Tiefe. Die Basswiedergabe ist straff und kontrolliert, w\u00e4hrend der Mitteltonbereich klar und ausdrucksstark ist, was zu einem beeindruckenden H\u00f6rerlebnis f\u00fchrt. Die H\u00f6hen sind raffiniert und detailliert, ohne bei l\u00e4ngerem H\u00f6ren scharf zu werden oder zu erm\u00fcden. Durch die Kombination von durchdachtem Design und Handwerkskunst bietet der Response D Twenty Five eine ausgewogene und musikalische Wiedergabe, die sich f\u00fcr eine Vielzahl von Musikgenres eignet. Dieser Lautsprecher ist eine ausgezeichnete Wahl f\u00fcr Liebhaber, die ein authentisches und intensives Musikerlebnis suchen.     <\/span><\/div>\n<div class=\"specification-item row-header\"><span class=\"spec-content\"><strong>Hintergrundinformationen<\/strong><\/span><\/div>\n<div class=\"specification-item row-even\"><span class=\"spec-content\">Der ProAc Response D Twenty Five wurde von Stewart Tyler, dem Gr\u00fcnder von ProAc, entworfen. Der Lautsprecher steht im Einklang mit seiner Philosophie der nat\u00fcrlichen, musikalischen Wiedergabe. Er verwendete einen speziell f\u00fcr ProAc entwickelten Mittel-\/Tieft\u00f6ner mit Kevlar-Membran, kombiniert mit einem ma\u00dfgeschneiderten Kalottenhocht\u00f6ner. Das Geh\u00e4use ist sorgf\u00e4ltig von innen ged\u00e4mpft, mit Echtholz furniert und in Gro\u00dfbritannien handgefertigt. Die interne Verkabelung stammt von ausgew\u00e4hlten High-End-Lieferanten, die sich auf eine minimale Signalverschmutzung konzentrieren.    <\/span><\/div>\n<div class=\"specification-item row-header\"><span class=\"spec-content\"><strong>Geschichte der Marke<\/strong><\/span><\/div>\n<div class=\"specification-item row-even\"><span class=\"spec-content\">ProAc ist eine britische Marke, die f\u00fcr ihre hochwertigen Lautsprecher bekannt ist. Sie wurde 1979 von Stewart Tyler gegr\u00fcndet, der zuvor an der Entwicklung von Lautsprechern f\u00fcr den professionellen Markt beteiligt war. ProAc konzentriert sich speziell auf den Heimanwendermarkt und hat im Laufe der Jahre eine breite Palette von Lautsprechermodellen entwickelt.  <\/p>\n<p>Die Lautsprecher von ProAc werden in Gro\u00dfbritannien handgefertigt, wobei viel Wert auf Details und Klangqualit\u00e4t gelegt wird. Die Marke ist bekannt f\u00fcr die Verwendung spezieller Komponenten und hochwertiger Materialien, die zu ihrem Ruf f\u00fcr Langlebigkeit und Leistung beitragen. <\/p>\n<p>Im Laufe der Jahre hat ProAc mehrere Modelle auf den Markt gebracht, die von Regal- bis zu Standlautsprechern reichen. Die Marke hat sich immer darauf konzentriert, einen nat\u00fcrlichen Klang zu liefern, was sie bei Audioenthusiasten auf der ganzen Welt so beliebt macht. <\/span><\/div>\n<\/div>\n","protected":false},"excerpt":{"rendered":"<p>Beschreibung Freakuence! ProAc, nicht allzu gro\u00df und bekannt in den Niederlanden, aber ein Teil unseres Audio-Herzens ist hier. Bei der Arbeit, wunderbar warm und nat\u00fcrlich, mit einem Mitteltonbereich, der so offen und weitr\u00e4umig ist, dass man die Musiker kitzeln kann. Seine F\u00e4higkeit, subtile Nuancen und Dynamik zu vermitteln, macht ihn zu einem sehr angenehmen Begleiter. [&hellip;]<\/p>\n","protected":false},"featured_media":387789,"template":"","meta":{"_acf_changed":false,"inline_featured_image":false},"product_brand":[],"product_cat":[704,542],"product_tag":[534],"class_list":{"0":"post-342104","1":"product","2":"type-product","3":"status-publish","4":"has-post-thumbnail","6":"product_cat-kolumne-lautsprecher","7":"product_cat-redner","8":"product_tag-benutzt","9":"pa_kleur-braun","11":"first","12":"instock","13":"sold-individually","14":"purchasable","15":"product-type-simple"},"acf":{"website":true,"show_on_homepage":false,"brand_title":"ProAc","product_type":"Response D Twenty Five","color":"Braun","subcolor":"","reserved_status":"0"},"_links":{"self":[{"href":"https:\/\/dev.freakuence.nl\/de\/wp-json\/wp\/v2\/product\/342104","targetHints":{"allow":["GET"]}}],"collection":[{"href":"https:\/\/dev.freakuence.nl\/de\/wp-json\/wp\/v2\/product"}],"about":[{"href":"https:\/\/dev.freakuence.nl\/de\/wp-json\/wp\/v2\/types\/product"}],"wp:featuredmedia":[{"embeddable":true,"href":"https:\/\/dev.freakuence.nl\/de\/wp-json\/wp\/v2\/media\/387789"}],"wp:attachment":[{"href":"https:\/\/dev.freakuence.nl\/de\/wp-json\/wp\/v2\/media?parent=342104"}],"wp:term":[{"taxonomy":"product_brand","embeddable":true,"href":"https:\/\/dev.freakuence.nl\/de\/wp-json\/wp\/v2\/product_brand?post=342104"},{"taxonomy":"product_cat","embeddable":true,"href":"https:\/\/dev.freakuence.nl\/de\/wp-json\/wp\/v2\/product_cat?post=342104"},{"taxonomy":"product_tag","embeddable":true,"href":"https:\/\/dev.freakuence.nl\/de\/wp-json\/wp\/v2\/product_tag?post=342104"}],"curies":[{"name":"wp","href":"https:\/\/api.w.org\/{rel}","templated":true}]}}