{"id":342191,"date":"2026-01-29T11:10:49","date_gmt":"2026-01-29T10:10:49","guid":{"rendered":"https:\/\/freakuence.nl\/product\/kef-referenzmodell-eins\/"},"modified":"2026-04-10T11:09:24","modified_gmt":"2026-04-10T09:09:24","slug":"kef-referenzmodell-eins","status":"publish","type":"product","link":"https:\/\/dev.freakuence.nl\/de\/produkt\/kef-referenzmodell-eins\/","title":{"rendered":"KEF Referenzmodell Eins"},"content":{"rendered":"<div class=\"product-specifications-list\">\n<div class=\"specification-item row-header\"><span class=\"spec-content\"><strong>Beschreibung Freakuence!<\/strong><\/span><\/div>\n<div class=\"specification-item row-even\"><span class=\"spec-content\">Toppers! Wirklich. K\u00f6stlich abgewertet in Gulden UND Euro, bleibt ein Berg von Musik in einer Preisklasse \u00fcbrig, f\u00fcr die Sie heute nicht einmal ein Set aus dem unteren Segment neu kaufen w\u00fcrden. Wer ist jetzt verr\u00fcckt? Wir denken.     \ud83d\ude42<\/span><\/div>\n<div class=\"specification-item row-header\"><span class=\"spec-content\"><strong>Allgemeine Beschreibung<\/strong><\/span><\/div>\n<div class=\"specification-item row-even\"><span class=\"spec-content\">Das KEF Reference Model One ist ein Drei-Wege-Standlautsprecher, der f\u00fcr seine pr\u00e4zise Klangwiedergabe bekannt ist.  <\/p>\n<p>Das Design kombiniert einen 160 mm Uni-Q-Treiber, der einen Mittel- und einen Hocht\u00f6ner integriert, mit einer internen 160 mm Pulp-Conus-Basseinheit.  <\/p>\n<p>Diese Konfiguration gew\u00e4hrleistet eine koh\u00e4rente und detaillierte Audiowiedergabe \u00fcber den gesamten Frequenzbereich.  <\/p>\n<p>Das Geh\u00e4use wurde entwickelt, um Resonanzen zu minimieren und die Klangqualit\u00e4t zu optimieren.  <\/p>\n<p>Mit seinem zeitlosen Design und seiner hochwertigen Konstruktion ist das KEF Reference Model One eine solide Wahl f\u00fcr Liebhaber von hochwertigem Audio.<\/span><\/div>\n<div class=\"specification-item row-header\"><span class=\"spec-content\"><strong>Hintergrundinformationen<\/strong><\/span><\/div>\n<div class=\"specification-item row-even\"><span class=\"spec-content\">Das KEF Reference Model One wurde in den 1990er Jahren als High-End-Drei-Wege-Standlautsprecher mit Uni-Q-Koaxialtreiber-Technologie unter der Leitung von Laurie Fincham entwickelt. Das Geh\u00e4use wurde intern verst\u00e4rkt, um Resonanzen zu minimieren, und es wurden sorgf\u00e4ltig ausgew\u00e4hlte Materialien wie massive MDF-Platten verwendet. Die interne Verkabelung war von hoher Qualit\u00e4t und wurde f\u00fcr maximale Transparenz abgestimmt. Die Treiber wurden f\u00fcr eine optimale Leistung von Hand aufeinander abgestimmt.   <\/span><\/div>\n<div class=\"specification-item row-header\"><span class=\"spec-content\"><strong>Geschichte der Marke<\/strong><\/span><\/div>\n<div class=\"specification-item row-even\"><span class=\"spec-content\">KEF wurde 1961 in Maidstone, Kent, vom ehemaligen BBC-Ringmaster Raymond Cooke gegr\u00fcndet. Der Name leitet sich von Kent Engineering &amp; Foundry ab, dem Ort, an dem sich der erste Firmensitz befand. In den Anfangsjahren entwickelte das Unternehmen Produkte aus synthetischen Materialien und mathematischen Modellen. 1973 f\u00fchrte KEF das Reference-Konzept ein, bei dem jedes Paar von Systemen elektronisch aufeinander abgestimmt wurde. In den 1980er Jahren setzte KEF digitale Technologien ein, um die Produktion zu optimieren. Im Jahr 1988 wurde das erste computergest\u00fctzte akustische Messsystem eingesetzt. Die Uni-Q-Treibertechnologie wurde 1988 eingef\u00fchrt und seitdem in mehreren Modellen eingesetzt. KEF hat mit externen Designern zusammengearbeitet, darunter Ross Lovegrove. Im Jahr 2011 wurde der Blade ver\u00f6ffentlicht, das erste Modell, das auf dem Single-Point-Source-Konzept basiert. KEF hat weltweit Niederlassungen, unter anderem in Hongkong, Deutschland, Frankreich, Japan und den USA. Der Hauptsitz und die Abteilung f\u00fcr akustische Forschung befinden sich in Maidstone.          <\/span><\/div>\n<\/div>\n","protected":false},"excerpt":{"rendered":"<p>Beschreibung Freakuence! Toppers! Wirklich. K\u00f6stlich abgewertet in Gulden UND Euro, bleibt ein Berg von Musik in einer Preisklasse \u00fcbrig, f\u00fcr die Sie heute nicht einmal ein Set aus dem unteren Segment neu kaufen w\u00fcrden. Wer ist jetzt verr\u00fcckt? Wir denken. \ud83d\ude42 Allgemeine Beschreibung Das KEF Reference Model One ist ein Drei-Wege-Standlautsprecher, der f\u00fcr seine pr\u00e4zise [&hellip;]<\/p>\n","protected":false},"featured_media":387486,"template":"","meta":{"_acf_changed":false,"inline_featured_image":false},"product_brand":[],"product_cat":[704,542],"product_tag":[534],"class_list":{"0":"post-342191","1":"product","2":"type-product","3":"status-publish","4":"has-post-thumbnail","6":"product_cat-kolumne-lautsprecher","7":"product_cat-redner","8":"product_tag-benutzt","9":"pa_kleur-schwarz","11":"first","12":"instock","13":"sold-individually","14":"purchasable","15":"product-type-simple"},"acf":{"website":true,"show_on_homepage":false,"brand_title":"KEF","product_type":"Reference Model One","color":"Schwarz","subcolor":"","reserved_status":"0"},"_links":{"self":[{"href":"https:\/\/dev.freakuence.nl\/de\/wp-json\/wp\/v2\/product\/342191","targetHints":{"allow":["GET"]}}],"collection":[{"href":"https:\/\/dev.freakuence.nl\/de\/wp-json\/wp\/v2\/product"}],"about":[{"href":"https:\/\/dev.freakuence.nl\/de\/wp-json\/wp\/v2\/types\/product"}],"wp:featuredmedia":[{"embeddable":true,"href":"https:\/\/dev.freakuence.nl\/de\/wp-json\/wp\/v2\/media\/387486"}],"wp:attachment":[{"href":"https:\/\/dev.freakuence.nl\/de\/wp-json\/wp\/v2\/media?parent=342191"}],"wp:term":[{"taxonomy":"product_brand","embeddable":true,"href":"https:\/\/dev.freakuence.nl\/de\/wp-json\/wp\/v2\/product_brand?post=342191"},{"taxonomy":"product_cat","embeddable":true,"href":"https:\/\/dev.freakuence.nl\/de\/wp-json\/wp\/v2\/product_cat?post=342191"},{"taxonomy":"product_tag","embeddable":true,"href":"https:\/\/dev.freakuence.nl\/de\/wp-json\/wp\/v2\/product_tag?post=342191"}],"curies":[{"name":"wp","href":"https:\/\/api.w.org\/{rel}","templated":true}]}}