{"id":344145,"date":"2026-02-05T13:52:47","date_gmt":"2026-02-05T12:52:47","guid":{"rendered":"https:\/\/freakuence.nl\/product\/kanton-3-dc\/"},"modified":"2026-02-05T13:52:47","modified_gmt":"2026-02-05T12:52:47","slug":"kanton-3-dc","status":"publish","type":"product","link":"https:\/\/dev.freakuence.nl\/de\/produkt\/kanton-3-dc\/","title":{"rendered":"Kanton 3 DC"},"content":{"rendered":"<div class=\"product-specifications-list\">\n<div class=\"specification-item row-header\"><span class=\"spec-content\"><strong>Allgemeine Beschreibung<\/strong><\/span><\/div>\n<div class=\"specification-item row-even\"><span class=\"spec-content\">Mit dem grauen Philips DST2020\/80 B\u00fcgeleisen der 2000er Serie k\u00f6nnen Sie m\u00fchelos Ihre gesamte W\u00e4sche b\u00fcgeln. Es setzt kraftvollen Dampf frei und geht effektiv gegen Knitterfalten vor. Au\u00dferdem gleitet die Keramiksohle reibungslos \u00fcber alle b\u00fcgelbaren Stoffe.  <\/span><\/div>\n<\/div>\n","protected":false},"excerpt":{"rendered":"<p>Allgemeine Beschreibung Mit dem grauen Philips DST2020\/80 B\u00fcgeleisen der 2000er Serie k\u00f6nnen Sie m\u00fchelos Ihre gesamte W\u00e4sche b\u00fcgeln. Es setzt kraftvollen Dampf frei und geht effektiv gegen Knitterfalten vor. Au\u00dferdem gleitet die Keramiksohle reibungslos \u00fcber alle b\u00fcgelbaren Stoffe.<\/p>\n","protected":false},"featured_media":352153,"template":"","meta":{"_acf_changed":false,"inline_featured_image":false},"product_brand":[],"product_cat":[917],"product_tag":[],"class_list":{"0":"post-344145","1":"product","2":"type-product","3":"status-publish","4":"has-post-thumbnail","6":"product_cat-alle-producten","8":"first","9":"instock","10":"sold-individually","11":"taxable","12":"shipping-taxable","13":"purchasable","14":"product-type-simple"},"acf":{"website":true,"show_on_homepage":false,"brand_title":"Canton","product_type":"3 DC","color":"","subcolor":"","reserved_status":"0"},"_links":{"self":[{"href":"https:\/\/dev.freakuence.nl\/de\/wp-json\/wp\/v2\/product\/344145","targetHints":{"allow":["GET"]}}],"collection":[{"href":"https:\/\/dev.freakuence.nl\/de\/wp-json\/wp\/v2\/product"}],"about":[{"href":"https:\/\/dev.freakuence.nl\/de\/wp-json\/wp\/v2\/types\/product"}],"wp:featuredmedia":[{"embeddable":true,"href":"https:\/\/dev.freakuence.nl\/de\/wp-json\/wp\/v2\/media\/352153"}],"wp:attachment":[{"href":"https:\/\/dev.freakuence.nl\/de\/wp-json\/wp\/v2\/media?parent=344145"}],"wp:term":[{"taxonomy":"product_brand","embeddable":true,"href":"https:\/\/dev.freakuence.nl\/de\/wp-json\/wp\/v2\/product_brand?post=344145"},{"taxonomy":"product_cat","embeddable":true,"href":"https:\/\/dev.freakuence.nl\/de\/wp-json\/wp\/v2\/product_cat?post=344145"},{"taxonomy":"product_tag","embeddable":true,"href":"https:\/\/dev.freakuence.nl\/de\/wp-json\/wp\/v2\/product_tag?post=344145"}],"curies":[{"name":"wp","href":"https:\/\/api.w.org\/{rel}","templated":true}]}}