{"id":344161,"date":"2026-02-05T13:50:30","date_gmt":"2026-02-05T12:50:30","guid":{"rendered":"https:\/\/freakuence.nl\/product\/hegel-h400-2\/"},"modified":"2026-04-08T20:16:53","modified_gmt":"2026-04-08T18:16:53","slug":"hegel-h400-2","status":"publish","type":"product","link":"https:\/\/dev.freakuence.nl\/de\/produkt\/hegel-h400-2\/","title":{"rendered":"Hegel H400"},"content":{"rendered":"<div class=\"product-specifications-list\">\n<div class=\"specification-item row-header\"><span class=\"spec-content\"><strong>Beschreibung Freakuence!<\/strong><\/span><\/div>\n<div class=\"specification-item row-even\"><span class=\"spec-content\">Optisch zur\u00fcckhaltender Verst\u00e4rker, aber \u00fcppig in der Wiedergabe. Makellos, egal wie leise oder laut. Die Kontrolle der tiefen Frequenzen ist hervorragend. Die Mitten und H\u00f6hen sind sauber und voller Informationen. Kommen Sie f\u00fcr eine Vorf\u00fchrung vorbei.    <\/span><\/div>\n<div class=\"specification-item row-odd\"><span class=\"spec-content\">Ladenpreis: 6995.00<\/span><\/div>\n<div class=\"specification-item row-header\"><span class=\"spec-content\"><strong>Details<\/strong><\/span><\/div>\n<div class=\"specification-item row-even\"><span class=\"spec-content\">Ausstellungsdemo vom Importeur. Ausstellungsmodelle haben kaum oder gar keine Betriebsstunden (auf einem Messestand k\u00f6nnen nicht alle Produkte gleichzeitig eingeschaltet sein), werden aus der Verpackung genommen, ausgestellt und dann oft direkt an unseren Shop geschickt. Mit der vollen offiziellen Herstellergarantie!  <\/span><\/div>\n<div class=\"specification-item row-odd\"><span class=\"spec-content\">Wir sind gerne bereit, damit zu handeln. Schicken Sie uns bitte alles, was Sie zur Verf\u00fcgung haben, wir werden gerne pr\u00fcfen, ob wir es in den Shop stellen k\u00f6nnen. <\/span><\/div>\n<div class=\"specification-item row-even\"><span class=\"spec-content\">Sie suchen ein anderes Modell aus der aktuellen Serie der Marke? Schicken Sie uns eine Nachricht!  Wir m\u00f6chten, dass es Spa\u00df macht.<\/span><\/div>\n<div class=\"specification-item row-header\"><span class=\"spec-content\"><strong>Allgemeine Beschreibung<\/strong><\/span><\/div>\n<div class=\"specification-item row-even\"><span class=\"spec-content\">Dieser Verst\u00e4rker bietet mit seinen einzigartigen Funktionen einen ganzheitlichen Ansatz f\u00fcr das Musikerlebnis. Mit einem Leistungsverst\u00e4rker, der 2&#215;250 Watt an 8 Ohm liefert, bietet er eine kraftvolle Leistung in einer Vielzahl von Situationen. Ein wichtiges technisches Merkmal ist die patentierte SoundEngine2-Technologie, die Verzerrungen minimiert und f\u00fcr einen reinen Klang sorgt. Dieses System ist mit einer Reihe von Anschlussm\u00f6glichkeiten ausgestattet, einschlie\u00dflich optischer, koaxialer und digitaler Eing\u00e4nge, und bietet Unterst\u00fctzung f\u00fcr Apple AirPlay2 und UPnP-Streaming. Es verf\u00fcgt au\u00dferdem \u00fcber USB-Eing\u00e4nge, die hochaufl\u00f6sende Audiosignale unterst\u00fctzen. Die platzsparende Konstruktion und die diskrete Pr\u00e4sentation sorgen f\u00fcr eine einfache Nutzung in verschiedenen Umgebungen. Er wird mit einer Fernbedienung geliefert und ber\u00fccksichtigt die heutigen digitalen Anforderungen. Einer seiner herausragenden Aspekte ist der symmetrische Analogeingang, der Vielseitigkeit beim Anschluss verschiedener Musikl\u00f6sungen bietet. Diese Art von Technologie wurde entwickelt, um sowohl analogen als auch digitalen Sound in ausgewogener Weise zu verarbeiten, ohne die musikalische Integrit\u00e4t zu beeintr\u00e4chtigen.        <\/span><\/div>\n<div class=\"specification-item row-header\"><span class=\"spec-content\"><strong>Hintergrundinformationen<\/strong><\/span><\/div>\n<div class=\"specification-item row-even\"><span class=\"spec-content\">Der Hegel H400 wurde unter der Leitung von Bent Holter, dem Gr\u00fcnder und Chefingenieur von Hegel Music Systems, entwickelt. Der Vollverst\u00e4rker kombiniert die DualAmp-Technologie mit DualPower f\u00fcr minimale Verzerrung und maximale Dynamik. Er verf\u00fcgt \u00fcber hochspezialisierte Netzteile, ma\u00dfgeschneiderte Ringkerntransformatoren und Hegels eigene SoundEngine-Technologie. Das Geh\u00e4use besteht aus geb\u00fcrstetem Aluminium, das f\u00fcr zus\u00e4tzliche Steifigkeit und geringe Resonanz CNC-gefr\u00e4st wurde. Die interne Verkabelung wurde sorgf\u00e4ltig f\u00fcr optimale Signaltransparenz und geringes Rauschen ausgew\u00e4hlt.    <\/span><\/div>\n<div class=\"specification-item row-header\"><span class=\"spec-content\"><strong>Geschichte der Marke<\/strong><\/span><\/div>\n<div class=\"specification-item row-even\"><span class=\"spec-content\">Hegel wurde in den sp\u00e4ten 1980er Jahren von Bent Holter in Norwegen gegr\u00fcndet. Im Rahmen seiner Abschlussarbeit an der Technischen Universit\u00e4t Trondheim entwickelte er eine L\u00f6sung zur Reduzierung von Verzerrungen in Transistorverst\u00e4rkern. Dies f\u00fchrte zu der Technologie, die sp\u00e4ter als SoundEngine bekannt wurde. Im Jahr 1988 wurde der Name Hegel erstmals f\u00fcr einen Verst\u00e4rker verwendet. In den 1990er Jahren brachte das Unternehmen mehrere CD-Player und Verst\u00e4rker heraus. Im Jahr 1996 wurde der erste vollsymmetrische Verst\u00e4rker vorgestellt. Um 2004 begann die Marke mit der Entwicklung von DA-Wandlern. Sp\u00e4ter wurden die Produkte mit Netzwerkfunktionen ausgestattet, um die digitale Musikwiedergabe zu unterst\u00fctzen. Hegel vermarktet ausschlie\u00dflich seine eigene Elektronik und entwickelt sowohl das Schaltungsdesign als auch die notwendige Software selbst. Das Unternehmen betreibt den internationalen Vertrieb seiner Produkte von Norwegen aus.         <\/span><\/div>\n<\/div>\n","protected":false},"excerpt":{"rendered":"<p>Beschreibung Freakuence! Optisch zur\u00fcckhaltender Verst\u00e4rker, aber \u00fcppig in der Wiedergabe. Makellos, egal wie leise oder laut. Die Kontrolle der tiefen Frequenzen ist hervorragend. Die Mitten und H\u00f6hen sind sauber und voller Informationen. Kommen Sie f\u00fcr eine Vorf\u00fchrung vorbei. Ladenpreis: 6995.00 Details Ausstellungsdemo vom Importeur. Ausstellungsmodelle haben kaum oder gar keine Betriebsstunden (auf einem Messestand k\u00f6nnen [&hellip;]<\/p>\n","protected":false},"featured_media":386125,"template":"","meta":{"_acf_changed":false,"inline_featured_image":false},"product_brand":[],"product_cat":[774,744,532],"product_tag":[555],"class_list":{"0":"post-344161","1":"product","2":"type-product","3":"status-publish","4":"has-post-thumbnail","6":"product_cat-klasse-a-a-b-stereo-verstarker","7":"product_cat-stereo-verstarker","8":"product_cat-verstarker","9":"product_tag-demo","10":"pa_kleur-schwarz","12":"first","13":"instock","14":"sold-individually","15":"purchasable","16":"product-type-simple"},"acf":{"website":true,"show_on_homepage":false,"brand_title":"Hegel","product_type":"H400","color":"Schwarz","subcolor":"","reserved_status":"0"},"_links":{"self":[{"href":"https:\/\/dev.freakuence.nl\/de\/wp-json\/wp\/v2\/product\/344161","targetHints":{"allow":["GET"]}}],"collection":[{"href":"https:\/\/dev.freakuence.nl\/de\/wp-json\/wp\/v2\/product"}],"about":[{"href":"https:\/\/dev.freakuence.nl\/de\/wp-json\/wp\/v2\/types\/product"}],"wp:featuredmedia":[{"embeddable":true,"href":"https:\/\/dev.freakuence.nl\/de\/wp-json\/wp\/v2\/media\/386125"}],"wp:attachment":[{"href":"https:\/\/dev.freakuence.nl\/de\/wp-json\/wp\/v2\/media?parent=344161"}],"wp:term":[{"taxonomy":"product_brand","embeddable":true,"href":"https:\/\/dev.freakuence.nl\/de\/wp-json\/wp\/v2\/product_brand?post=344161"},{"taxonomy":"product_cat","embeddable":true,"href":"https:\/\/dev.freakuence.nl\/de\/wp-json\/wp\/v2\/product_cat?post=344161"},{"taxonomy":"product_tag","embeddable":true,"href":"https:\/\/dev.freakuence.nl\/de\/wp-json\/wp\/v2\/product_tag?post=344161"}],"curies":[{"name":"wp","href":"https:\/\/api.w.org\/{rel}","templated":true}]}}