{"id":344167,"date":"2026-02-05T13:50:02","date_gmt":"2026-02-05T12:50:02","guid":{"rendered":"https:\/\/freakuence.nl\/product\/audioquest-yukon-xlr-150cm-demo\/"},"modified":"2026-03-10T06:18:01","modified_gmt":"2026-03-10T05:18:01","slug":"audioquest-yukon-xlr-150cm-demo","status":"publish","type":"product","link":"https:\/\/dev.freakuence.nl\/de\/produkt\/audioquest-yukon-xlr-150cm-demo\/","title":{"rendered":"AudioQuest Yukon XLR 150cm DEMO"},"content":{"rendered":"<div class=\"product-specifications-list\">\n<div class=\"specification-item row-header\"><span class=\"spec-content\"><strong>Beschreibung Freakuence!<\/strong><\/span><\/div>\n<div class=\"specification-item row-even\"><span class=\"spec-content\">Mit den richtigen Kabeln in Ihrem Setup werden Sie feststellen, dass Details in der Musik klarer hervortreten und die Dynamik nat\u00fcrlicher r\u00fcberkommt. Es ist, als ob Ihre Lieblingstitel einen neuen Anstrich erhalten, ohne dass Sie etwas an Ihrer Ausr\u00fcstung \u00e4ndern m\u00fcssen. <\/span><\/div>\n<div class=\"specification-item row-odd\"><span class=\"spec-content\">Einzelhandelspreis: 729.00<\/span><\/div>\n<div class=\"specification-item row-header\"><span class=\"spec-content\"><strong>Details<\/strong><\/span><\/div>\n<div class=\"specification-item row-even\"><span class=\"spec-content\">Das ist Ihre Chance, endlich Demomaterial aus dem coolsten Laden des Universums zu bekommen. Ja! Aus diesem Grund eigentlich viel mehr wert als der Neupreis, aber wir werden uns zur\u00fcckhalten. Nur f\u00fcr H\u00f6rsessions mit unseren Besuchern verwendet, hatte also keinen privaten Besitzer. <\/span><\/div>\n<div class=\"specification-item row-odd\"><span class=\"spec-content\">Sie suchen ein anderes Modell aus der aktuellen Serie der Marke? Schicken Sie uns eine Nachricht!  Wir m\u00f6chten, dass es Spa\u00df macht.<\/span><\/div>\n<div class=\"specification-item row-even\"><span class=\"spec-content\">Mehrwertsteuer-Produkt. Unternehmer, Menschen au\u00dferhalb der EU, nutzen den Vorteil. <\/span><\/div>\n<div class=\"specification-item row-header\"><span class=\"spec-content\"><strong>Allgemeine Beschreibung<\/strong><\/span><\/div>\n<div class=\"specification-item row-even\"><span class=\"spec-content\">Das AudioQuest Yukon XLR ist ein symmetrisches Verbindungskabel, das f\u00fcr eine klare und pr\u00e4zise Klangwiedergabe sorgt. Mit hochwertigen Materialien und einer durchdachten Konstruktion sorgt dieses Kabel f\u00fcr eine zuverl\u00e4ssige Verbindung zwischen Ihren Audioger\u00e4ten. Das Yukon XLR eignet sich f\u00fcr verschiedene Anwendungen, z.B. f\u00fcr die Verbindung von Vorverst\u00e4rkern mit Verst\u00e4rkern oder von Studiomonitoren mit Mischpulten. Das Kabel ist 150 cm lang und bietet damit gen\u00fcgend Flexibilit\u00e4t f\u00fcr verschiedene Setups. Als Vorf\u00fchrmodell wurde dieses Kabel bereits benutzt, befindet sich aber noch in einem hervorragenden Zustand, um Ihr Audioerlebnis zu verbessern.    <\/span><\/div>\n<div class=\"specification-item row-header\"><span class=\"spec-content\"><strong>Hintergrundinformationen<\/strong><\/span><\/div>\n<div class=\"specification-item row-even\"><span class=\"spec-content\">Das AudioQuest Yukon XLR ist mit massiven Perfect-Surface Copper+ (PSC+) Leitern ausgestattet, die f\u00fcr au\u00dfergew\u00f6hnliche Reinheit und weichen, detaillierten Klang sorgen. Das Kabel verf\u00fcgt \u00fcber eine dreieckige Geometrie und eine Isolierung aus gesch\u00e4umtem Polyethylen zur Minimierung von HF-Interferenzen. Das auf Kohlenstoff basierende Noise-Dissipation System (NDS) verhindert Verzerrungen, die durch Hochfrequenzrauschen verursacht werden. Entwickelt von Bill Low, dem Gr\u00fcnder von AudioQuest, der an die Minimierung von Verzerrungen auf jeder Ebene glaubt.   <\/span><\/div>\n<div class=\"specification-item row-header\"><span class=\"spec-content\"><strong>Geschichte der Marke<\/strong><\/span><\/div>\n<div class=\"specification-item row-even\"><span class=\"spec-content\">AudioQuest wurde 1980 von William E. Low in Kalifornien, USA, gegr\u00fcndet. Die Marke begann mit der manuellen Konfektionierung von Kabeln nach speziellen Designmethoden, die auf der Minimierung von Verzerrungen basieren. Seitdem hat AudioQuest eine Produktlinie entwickelt, die Interlink-Kabel, Lautsprecherkabel, Digital- und Netzwerkkabel, Netzprodukte und tragbares Zubeh\u00f6r umfasst. Das Unternehmen hat von Anfang an auf die Verwendung von gerichteten Kabeln und massiven Leitern gesetzt. Im Jahr 2012 stellte AudioQuest den DragonFly vor, einen USB-DAC. Die Produktentwicklung findet in den Vereinigten Staaten statt, w\u00e4hrend die Produktion teilweise in China und anderswo erfolgt. AudioQuest verfolgt eine Philosophie, bei der Materialauswahl, Geometrie und Verarbeitung einen direkten Einfluss auf die Leistung der Kabel haben.      <\/span><\/div>\n<\/div>\n","protected":false},"excerpt":{"rendered":"<p>Beschreibung Freakuence! Mit den richtigen Kabeln in Ihrem Setup werden Sie feststellen, dass Details in der Musik klarer hervortreten und die Dynamik nat\u00fcrlicher r\u00fcberkommt. Es ist, als ob Ihre Lieblingstitel einen neuen Anstrich erhalten, ohne dass Sie etwas an Ihrer Ausr\u00fcstung \u00e4ndern m\u00fcssen. Einzelhandelspreis: 729.00 Details Das ist Ihre Chance, endlich Demomaterial aus dem coolsten [&hellip;]<\/p>\n","protected":false},"featured_media":346733,"template":"","meta":{"_acf_changed":false,"inline_featured_image":false},"product_brand":[],"product_cat":[917],"product_tag":[],"class_list":{"0":"post-344167","1":"product","2":"type-product","3":"status-publish","4":"has-post-thumbnail","6":"product_cat-alle-producten","7":"pa_kleur-schwarz","9":"first","10":"instock","11":"sold-individually","12":"taxable","13":"shipping-taxable","14":"purchasable","15":"product-type-simple"},"acf":{"website":true,"show_on_homepage":false,"brand_title":"AudioQuest","product_type":"Yukon XLR 150cm DEMO","color":"Schwarz","subcolor":"","reserved_status":"0"},"_links":{"self":[{"href":"https:\/\/dev.freakuence.nl\/de\/wp-json\/wp\/v2\/product\/344167","targetHints":{"allow":["GET"]}}],"collection":[{"href":"https:\/\/dev.freakuence.nl\/de\/wp-json\/wp\/v2\/product"}],"about":[{"href":"https:\/\/dev.freakuence.nl\/de\/wp-json\/wp\/v2\/types\/product"}],"wp:featuredmedia":[{"embeddable":true,"href":"https:\/\/dev.freakuence.nl\/de\/wp-json\/wp\/v2\/media\/346733"}],"wp:attachment":[{"href":"https:\/\/dev.freakuence.nl\/de\/wp-json\/wp\/v2\/media?parent=344167"}],"wp:term":[{"taxonomy":"product_brand","embeddable":true,"href":"https:\/\/dev.freakuence.nl\/de\/wp-json\/wp\/v2\/product_brand?post=344167"},{"taxonomy":"product_cat","embeddable":true,"href":"https:\/\/dev.freakuence.nl\/de\/wp-json\/wp\/v2\/product_cat?post=344167"},{"taxonomy":"product_tag","embeddable":true,"href":"https:\/\/dev.freakuence.nl\/de\/wp-json\/wp\/v2\/product_tag?post=344167"}],"curies":[{"name":"wp","href":"https:\/\/api.w.org\/{rel}","templated":true}]}}