{"id":344175,"date":"2026-02-05T13:48:51","date_gmt":"2026-02-05T12:48:51","guid":{"rendered":"https:\/\/freakuence.nl\/product\/audioquest-thunderbird-xlr-150cm\/"},"modified":"2026-03-10T06:18:10","modified_gmt":"2026-03-10T05:18:10","slug":"audioquest-thunderbird-xlr-150cm","status":"publish","type":"product","link":"https:\/\/dev.freakuence.nl\/de\/produkt\/audioquest-thunderbird-xlr-150cm\/","title":{"rendered":"AudioQuest Thunderbird XLR 150cm"},"content":{"rendered":"<div class=\"product-specifications-list\">\n<div class=\"specification-item row-header\"><span class=\"spec-content\"><strong>Beschreibung Freakuence!<\/strong><\/span><\/div>\n<div class=\"specification-item row-even\"><span class=\"spec-content\">Diese Kabel liefern eine transparente und nat\u00fcrliche Wiedergabe mit einer breiten und tiefen Klangb\u00fchne. Die H\u00f6hen sind klar, ohne scharf zu sein, w\u00e4hrend die B\u00e4sse straff und kontrolliert bleiben. Die mittleren Frequenzen werden detailliert und nuanciert wiedergegeben, was zu einer ausgewogenen und realistischen Pr\u00e4sentation f\u00fchrt.  <\/span><\/div>\n<div class=\"specification-item row-odd\"><span class=\"spec-content\">Ladenpreis: 5.549,00<\/span><\/div>\n<div class=\"specification-item row-header\"><span class=\"spec-content\"><strong>Details<\/strong><\/span><\/div>\n<div class=\"specification-item row-even\"><span class=\"spec-content\">Das ist Ihre Chance, endlich Demomaterial aus dem coolsten Laden des Universums zu bekommen. Ja! Aus diesem Grund eigentlich viel mehr wert als der Neupreis, aber wir werden uns zur\u00fcckhalten. Nur f\u00fcr H\u00f6rsessions mit unseren Besuchern verwendet, hatte also keinen privaten Besitzer. <\/span><\/div>\n<div class=\"specification-item row-odd\"><span class=\"spec-content\">Sie suchen ein anderes Modell aus der aktuellen Serie der Marke? Schicken Sie uns eine Nachricht!  Wir m\u00f6chten, dass es Spa\u00df macht.<\/span><\/div>\n<div class=\"specification-item row-even\"><span class=\"spec-content\">Mehrwertsteuer-Produkt. Unternehmer, Menschen au\u00dferhalb der EU, nutzen den Vorteil. <\/span><\/div>\n<div class=\"specification-item row-header\"><span class=\"spec-content\"><strong>Allgemeine Beschreibung<\/strong><\/span><\/div>\n<div class=\"specification-item row-even\"><span class=\"spec-content\">Der AudioQuest Thunderbird XLR von<\/span><\/div>\n<div class=\"specification-item row-odd\"><span class=\"spec-content\">ist ein hochwertiges analoges Verbindungskabel, das Audiophilen ein unvergleichliches H\u00f6rerlebnis bietet. Durch die Verwendung von Perfect-Surface Copper+ (PSC+) Leitern wird die Signalverzerrung minimiert und die Klangreinheit maximiert. Das Kabel verwendet eine ZERO-Tech-Geometrie, die eine lineare und breitbandige Rauschunterdr\u00fcckung gew\u00e4hrleistet. Dar\u00fcber hinaus ist das Thunderbird mit dem 72V Dielectric-Bias System (DBS) ausgestattet, das dielektrisches Rauschen reduziert und die Signalintegrit\u00e4t erh\u00e4lt. Die FEP Air-Tube-Isolierung tr\u00e4gt zu minimalen Signalst\u00f6rungen bei, w\u00e4hrend das Level 6 Noise-Dissipation System, das ein Kohlenstoff-\/Graphengeflecht und gerichtete Leiter umfasst, hochfrequentes Rauschen effektiv unterdr\u00fcckt. Das Kabel verf\u00fcgt \u00fcber hochwertige XLR-Anschl\u00fcsse mit Hanging-Silver- \u00fcber Red-Copper-Steckern und verkupferten HF-drainierenden Trommeln, die zu einer optimalen Signal\u00fcbertragung und Haltbarkeit beitragen. Mit diesen Eigenschaften bietet das AudioQuest Thunderbird XLR eine au\u00dfergew\u00f6hnliche Klangqualit\u00e4t f\u00fcr anspruchsvolle H\u00f6rer.      <\/span><\/div>\n<div class=\"specification-item row-header\"><span class=\"spec-content\"><strong>Hintergrundinformationen<\/strong><\/span><\/div>\n<div class=\"specification-item row-even\"><span class=\"spec-content\">Das AudioQuest Thunderbird XLR ist ein High-End-Verbindungskabel, das von dem Team unter der Leitung von Bill Low entwickelt wurde. Das Kabel verwendet massive PSC+ (Perfect-Surface Copper+) Leiter, um Verzerrungen zu minimieren, und das patentierte Dialectric-Bias System (DBS) f\u00fcr ein stabiles elektrisches Feld. Dank des Carbon\/Layered Noise-Dissipation System werden HF-St\u00f6rungen wirksam unterdr\u00fcckt. Die Herstellung und Auswahl der Materialien erfolgt mit hoher Pr\u00e4zision in den USA.   <\/span><\/div>\n<div class=\"specification-item row-header\"><span class=\"spec-content\"><strong>Geschichte der Marke<\/strong><\/span><\/div>\n<div class=\"specification-item row-even\"><span class=\"spec-content\">AudioQuest wurde 1980 von William E. Low in Kalifornien, USA, gegr\u00fcndet. Die Marke begann mit der manuellen Konfektionierung von Kabeln nach speziellen Designmethoden, die auf der Minimierung von Verzerrungen basieren. Seitdem hat AudioQuest eine Produktlinie entwickelt, die Interlink-Kabel, Lautsprecherkabel, Digital- und Netzwerkkabel, Netzprodukte und tragbares Zubeh\u00f6r umfasst. Das Unternehmen hat von Anfang an auf die Verwendung von gerichteten Kabeln und massiven Leitern gesetzt. Im Jahr 2012 stellte AudioQuest den DragonFly vor, einen USB-DAC. Die Produktentwicklung findet in den Vereinigten Staaten statt, w\u00e4hrend die Produktion teilweise in China und anderswo erfolgt. AudioQuest verfolgt eine Philosophie, bei der Materialauswahl, Geometrie und Verarbeitung einen direkten Einfluss auf die Leistung der Kabel haben.      <\/span><\/div>\n<\/div>\n","protected":false},"excerpt":{"rendered":"<p>Beschreibung Freakuence! Diese Kabel liefern eine transparente und nat\u00fcrliche Wiedergabe mit einer breiten und tiefen Klangb\u00fchne. Die H\u00f6hen sind klar, ohne scharf zu sein, w\u00e4hrend die B\u00e4sse straff und kontrolliert bleiben. Die mittleren Frequenzen werden detailliert und nuanciert wiedergegeben, was zu einer ausgewogenen und realistischen Pr\u00e4sentation f\u00fchrt. Ladenpreis: 5.549,00 Details Das ist Ihre Chance, endlich [&hellip;]<\/p>\n","protected":false},"featured_media":346791,"template":"","meta":{"_acf_changed":false,"inline_featured_image":false},"product_brand":[],"product_cat":[917],"product_tag":[],"class_list":{"0":"post-344175","1":"product","2":"type-product","3":"status-publish","4":"has-post-thumbnail","6":"product_cat-alle-producten","7":"pa_kleur-schwarz","9":"first","10":"instock","11":"sold-individually","12":"taxable","13":"shipping-taxable","14":"purchasable","15":"product-type-simple"},"acf":{"website":true,"show_on_homepage":false,"brand_title":"AudioQuest","product_type":"Thunderbird XLR 150cm","color":"Schwarz","subcolor":"","reserved_status":"0"},"_links":{"self":[{"href":"https:\/\/dev.freakuence.nl\/de\/wp-json\/wp\/v2\/product\/344175","targetHints":{"allow":["GET"]}}],"collection":[{"href":"https:\/\/dev.freakuence.nl\/de\/wp-json\/wp\/v2\/product"}],"about":[{"href":"https:\/\/dev.freakuence.nl\/de\/wp-json\/wp\/v2\/types\/product"}],"wp:featuredmedia":[{"embeddable":true,"href":"https:\/\/dev.freakuence.nl\/de\/wp-json\/wp\/v2\/media\/346791"}],"wp:attachment":[{"href":"https:\/\/dev.freakuence.nl\/de\/wp-json\/wp\/v2\/media?parent=344175"}],"wp:term":[{"taxonomy":"product_brand","embeddable":true,"href":"https:\/\/dev.freakuence.nl\/de\/wp-json\/wp\/v2\/product_brand?post=344175"},{"taxonomy":"product_cat","embeddable":true,"href":"https:\/\/dev.freakuence.nl\/de\/wp-json\/wp\/v2\/product_cat?post=344175"},{"taxonomy":"product_tag","embeddable":true,"href":"https:\/\/dev.freakuence.nl\/de\/wp-json\/wp\/v2\/product_tag?post=344175"}],"curies":[{"name":"wp","href":"https:\/\/api.w.org\/{rel}","templated":true}]}}