{"id":344180,"date":"2026-02-05T13:48:27","date_gmt":"2026-02-05T12:48:27","guid":{"rendered":"https:\/\/freakuence.nl\/product\/audioquest-schwarze-schoenheit-xlr-150cm\/"},"modified":"2026-03-10T06:18:14","modified_gmt":"2026-03-10T05:18:14","slug":"audioquest-schwarze-schoenheit-xlr-150cm","status":"publish","type":"product","link":"https:\/\/dev.freakuence.nl\/de\/produkt\/audioquest-schwarze-schoenheit-xlr-150cm\/","title":{"rendered":"AudioQuest Schwarze Sch\u00f6nheit XLR 150cm"},"content":{"rendered":"<div class=\"product-specifications-list\">\n<div class=\"specification-item row-header\"><span class=\"spec-content\"><strong>Beschreibung Freakuence!<\/strong><\/span><\/div>\n<div class=\"specification-item row-even\"><span class=\"spec-content\">Dieses Kabel liefert einen neutralen und transparenten Klang, ohne unerw\u00fcnschtes Rauschen oder Verzerrungen. Hochreines Kupfer und eine fortschrittliche Abschirmung sorgen f\u00fcr eine klare und detaillierte Wiedergabe. Die versilberten, kaltverschwei\u00dften Stecker tragen zu einer optimalen Signal\u00fcbertragung bei.  <\/span><\/div>\n<div class=\"specification-item row-odd\"><span class=\"spec-content\">Ladenpreis: 1.259,00<\/span><\/div>\n<div class=\"specification-item row-header\"><span class=\"spec-content\"><strong>Details<\/strong><\/span><\/div>\n<div class=\"specification-item row-even\"><span class=\"spec-content\">Der Preis enth\u00e4lt die Mehrwertsteuer. Unternehmer, nutzen Sie den Vorteil. <\/span><\/div>\n<div class=\"specification-item row-odd\"><span class=\"spec-content\">Das ist Ihre Chance, endlich Demomaterial aus dem coolsten Laden des Universums zu bekommen. Ja! Aus diesem Grund eigentlich viel mehr wert als der Neupreis, aber wir werden uns zur\u00fcckhalten. Nur f\u00fcr H\u00f6rsessions mit unseren Besuchern verwendet, hatte also keinen privaten Besitzer. <\/span><\/div>\n<div class=\"specification-item row-even\"><span class=\"spec-content\">Sie suchen ein anderes Modell aus der aktuellen Serie der Marke? Schicken Sie uns eine Nachricht!  Wir m\u00f6chten, dass es Spa\u00df macht.<\/span><\/div>\n<div class=\"specification-item row-odd\"><span class=\"spec-content\">Mehrwertsteuer-Produkt. Unternehmer, Menschen au\u00dferhalb der EU, nutzen den Vorteil. <\/span><\/div>\n<div class=\"specification-item row-header\"><span class=\"spec-content\"><strong>Allgemeine Beschreibung<\/strong><\/span><\/div>\n<div class=\"specification-item row-even\"><span class=\"spec-content\">Das AudioQuest Black Beauty 150-cm-XLR-Kabel wurde entwickelt, um eine hochwertige Verbindung zwischen Audioger\u00e4ten herzustellen. Mit seinen massiven Perfect-Surface Copper+ (PSC+) Leitern und der Richtungssteuerung tr\u00e4gt dieses Kabel dazu bei, Verzerrungen zu minimieren und Hochfrequenzrauschen effizient abzuleiten. Die Kombination aus einem Kohlenstoff-\/Graphengeflecht und 0,5% versilberten HF-Dr\u00e4hten tr\u00e4gt zu einer klaren und nat\u00fcrlichen Klangwiedergabe bei. Das Kupfergeh\u00e4use und die versilberten roten Kupferstecker sorgen f\u00fcr eine zuverl\u00e4ssige Signal\u00fcbertragung. Mit einer L\u00e4nge von 150 cm bietet dieses Kabel gen\u00fcgend Flexibilit\u00e4t f\u00fcr verschiedene Setups.    <\/span><\/div>\n<div class=\"specification-item row-header\"><span class=\"spec-content\"><strong>Hintergrundinformationen<\/strong><\/span><\/div>\n<div class=\"specification-item row-even\"><span class=\"spec-content\">Das AudioQuest Black Beauty XLR wurde nach der &#8222;Zero-Tech&#8220;-Philosophie von Garth Powell entwickelt, die sich auf den reinen Signaltransport ohne St\u00f6rungen konzentriert. Diese Verbindung verwendet massive Perfect-Surface Silver (PSS)-Leiter f\u00fcr maximale Leitf\u00e4higkeit und minimale Verzerrung. Das 72V DBS-System stabilisiert die dielektrische Umgebung f\u00fcr einen konsistenten Klang. Die Anschl\u00fcsse sind kaltgeschwei\u00dft und versilbert, um eine optimale Leitf\u00e4higkeit zu gew\u00e4hrleisten. Die Produktion wird streng kontrolliert, um beste Ergebnisse zu erzielen.    <\/span><\/div>\n<div class=\"specification-item row-header\"><span class=\"spec-content\"><strong>Geschichte der Marke<\/strong><\/span><\/div>\n<div class=\"specification-item row-even\"><span class=\"spec-content\">AudioQuest wurde 1980 von William E. Low in Kalifornien, USA, gegr\u00fcndet. Die Marke begann mit der manuellen Konfektionierung von Kabeln nach speziellen Designmethoden, die auf der Minimierung von Verzerrungen basieren. Seitdem hat AudioQuest eine Produktlinie entwickelt, die Interlink-Kabel, Lautsprecherkabel, Digital- und Netzwerkkabel, Netzprodukte und tragbares Zubeh\u00f6r umfasst. Das Unternehmen hat von Anfang an auf die Verwendung von gerichteten Kabeln und massiven Leitern gesetzt. Im Jahr 2012 stellte AudioQuest den DragonFly vor, einen USB-DAC. Die Produktentwicklung findet in den Vereinigten Staaten statt, w\u00e4hrend die Produktion teilweise in China und anderswo erfolgt. AudioQuest verfolgt eine Philosophie, bei der Materialauswahl, Geometrie und Verarbeitung einen direkten Einfluss auf die Leistung der Kabel haben.      <\/span><\/div>\n<\/div>\n","protected":false},"excerpt":{"rendered":"<p>Beschreibung Freakuence! Dieses Kabel liefert einen neutralen und transparenten Klang, ohne unerw\u00fcnschtes Rauschen oder Verzerrungen. Hochreines Kupfer und eine fortschrittliche Abschirmung sorgen f\u00fcr eine klare und detaillierte Wiedergabe. Die versilberten, kaltverschwei\u00dften Stecker tragen zu einer optimalen Signal\u00fcbertragung bei. Ladenpreis: 1.259,00 Details Der Preis enth\u00e4lt die Mehrwertsteuer. Unternehmer, nutzen Sie den Vorteil. Das ist Ihre Chance, [&hellip;]<\/p>\n","protected":false},"featured_media":346826,"template":"","meta":{"_acf_changed":false,"inline_featured_image":false},"product_brand":[],"product_cat":[917],"product_tag":[],"class_list":{"0":"post-344180","1":"product","2":"type-product","3":"status-publish","4":"has-post-thumbnail","6":"product_cat-alle-producten","7":"pa_kleur-schwarz","9":"first","10":"instock","11":"sold-individually","12":"taxable","13":"shipping-taxable","14":"purchasable","15":"product-type-simple"},"acf":{"website":true,"show_on_homepage":false,"brand_title":"AudioQuest","product_type":"Black Beauty XLR 150cm","color":"Schwarz","subcolor":"","reserved_status":"0"},"_links":{"self":[{"href":"https:\/\/dev.freakuence.nl\/de\/wp-json\/wp\/v2\/product\/344180","targetHints":{"allow":["GET"]}}],"collection":[{"href":"https:\/\/dev.freakuence.nl\/de\/wp-json\/wp\/v2\/product"}],"about":[{"href":"https:\/\/dev.freakuence.nl\/de\/wp-json\/wp\/v2\/types\/product"}],"wp:featuredmedia":[{"embeddable":true,"href":"https:\/\/dev.freakuence.nl\/de\/wp-json\/wp\/v2\/media\/346826"}],"wp:attachment":[{"href":"https:\/\/dev.freakuence.nl\/de\/wp-json\/wp\/v2\/media?parent=344180"}],"wp:term":[{"taxonomy":"product_brand","embeddable":true,"href":"https:\/\/dev.freakuence.nl\/de\/wp-json\/wp\/v2\/product_brand?post=344180"},{"taxonomy":"product_cat","embeddable":true,"href":"https:\/\/dev.freakuence.nl\/de\/wp-json\/wp\/v2\/product_cat?post=344180"},{"taxonomy":"product_tag","embeddable":true,"href":"https:\/\/dev.freakuence.nl\/de\/wp-json\/wp\/v2\/product_tag?post=344180"}],"curies":[{"name":"wp","href":"https:\/\/api.w.org\/{rel}","templated":true}]}}