{"id":344285,"date":"2026-02-05T14:22:25","date_gmt":"2026-02-05T13:22:25","guid":{"rendered":"https:\/\/freakuence.nl\/product\/kef-r3-meta-2\/"},"modified":"2026-04-11T15:37:54","modified_gmt":"2026-04-11T13:37:54","slug":"kef-r3-meta-2","status":"publish","type":"product","link":"https:\/\/dev.freakuence.nl\/de\/produkt\/kef-r3-meta-2\/","title":{"rendered":"KEF R3 Meta"},"content":{"rendered":"<div class=\"product-specifications-list\">\n<div class=\"specification-item row-header\"><span class=\"spec-content\"><strong>Beschreibung Freakuence!<\/strong><\/span><\/div>\n<div class=\"specification-item row-even\"><span class=\"spec-content\">Hochbelastbare Monitore aus der feinen R-Linie von KEF. Sie spielen mit viel Tiefdruck und \u00dcberzeugung, mit einem korrekten und musikalischen Mitteltonbereich. Die R-Linie spielt mit erstaunlich wenig Verzerrung.  <\/span><\/div>\n<div class=\"specification-item row-odd\"><span class=\"spec-content\">Ladenpreis: 2450.00<\/span><\/div>\n<div class=\"specification-item row-header\"><span class=\"spec-content\"><strong>Details<\/strong><\/span><\/div>\n<div class=\"specification-item row-even\"><span class=\"spec-content\">Vom H\u00e4ndler oder Importeur als Vorf\u00fchrmodell genutzt. Nat\u00fcrlich hatten die Vorf\u00fchrmodelle keinen privaten Besitzer und werden mit voller Herstellergarantie geliefert. <\/span><\/div>\n<div class=\"specification-item row-odd\"><span class=\"spec-content\">Sie suchen ein anderes Modell aus der aktuellen Serie der Marke oder eine andere Farbe dieses Modells? Schicken Sie uns eine Nachricht mit Ihrem m\u00f6glichen Inzahlungnahme-Wunsch! Wir w\u00fcrden gerne etwas Sch\u00f6nes daraus machen.  <\/span><\/div>\n<div class=\"specification-item row-header\"><span class=\"spec-content\"><strong>Allgemeine Beschreibung<\/strong><\/span><\/div>\n<div class=\"specification-item row-even\"><span class=\"spec-content\">Der KEF R3 Meta ist ein Drei-Wege-Regallautsprecher, der durch seine Klangqualit\u00e4t und sein Design besticht. Mit der Uni-Q\u00ae Treiberanordnung der 12. Generation und der Metamaterial Absorption Technology (MAT\u2122) liefert dieser Lautsprecher einen klaren und nat\u00fcrlichen Klang. Der Hybrid-Tieft\u00f6ner aus Aluminium sorgt f\u00fcr straffe und kontrollierte B\u00e4sse. Dank des Uni-Q\u00ae-Designs wird der Klang gleichm\u00e4\u00dfig verteilt, was zu einem breiteren Sweet Spot f\u00fchrt. Der R3 Meta ist in verschiedenen Ausf\u00fchrungen erh\u00e4ltlich, darunter Hochglanzschwarz, Hochglanzwei\u00df, Walnuss und eine spezielle Indigo-Hochglanz-Edition. Mit seiner kompakten Gr\u00f6\u00dfe und Vielseitigkeit ist der R3 Meta sowohl f\u00fcr Musik- als auch f\u00fcr Heimkinoanwendungen geeignet.     <\/span><\/div>\n<div class=\"specification-item row-header\"><span class=\"spec-content\"><strong>Hintergrundinformationen<\/strong><\/span><\/div>\n<div class=\"specification-item row-even\"><span class=\"spec-content\">Der KEF R3 Meta wurde gem\u00e4\u00df der akustischen Philosophie von KEF entwickelt: klarer, pr\u00e4ziser Klang mit minimaler Verzerrung. Der Lautsprecher verf\u00fcgt \u00fcber die neueste Uni-Q-Treiberanordnung mit Metamaterial-Absorptionstechnologie (MAT), die unerw\u00fcnschte Resonanzen bis zu 99 % absorbiert. Das Geh\u00e4use ist mit Constrained Layer Damping f\u00fcr reduzierte Vibrationen verst\u00e4rkt. Entwickelt vom Akustik-Team von KEF unter der Leitung von Jack Oclee-Brown.   <\/span><\/div>\n<div class=\"specification-item row-header\"><span class=\"spec-content\"><strong>Geschichte der Marke<\/strong><\/span><\/div>\n<div class=\"specification-item row-even\"><span class=\"spec-content\">KEF wurde 1961 in Maidstone, Kent, vom ehemaligen BBC-Ringmaster Raymond Cooke gegr\u00fcndet. Der Name leitet sich von Kent Engineering &amp; Foundry ab, dem Ort, an dem sich der erste Firmensitz befand. In den Anfangsjahren entwickelte das Unternehmen Produkte aus synthetischen Materialien und mathematischen Modellen. 1973 f\u00fchrte KEF das Reference-Konzept ein, bei dem jedes Paar von Systemen elektronisch aufeinander abgestimmt wurde. In den 1980er Jahren setzte KEF digitale Technologien ein, um die Produktion zu optimieren. Im Jahr 1988 wurde das erste computergest\u00fctzte akustische Messsystem eingesetzt. Die Uni-Q-Treibertechnologie wurde 1988 eingef\u00fchrt und seitdem in mehreren Modellen eingesetzt. KEF hat mit externen Designern zusammengearbeitet, darunter Ross Lovegrove. Im Jahr 2011 wurde der Blade ver\u00f6ffentlicht, das erste Modell, das auf dem Single-Point-Source-Konzept basiert. KEF hat weltweit Niederlassungen, unter anderem in Hongkong, Deutschland, Frankreich, Japan und den USA. Der Hauptsitz und die Abteilung f\u00fcr akustische Forschung befinden sich in Maidstone.          <\/span><\/div>\n<\/div>\n","protected":false},"excerpt":{"rendered":"<p>Beschreibung Freakuence! Hochbelastbare Monitore aus der feinen R-Linie von KEF. Sie spielen mit viel Tiefdruck und \u00dcberzeugung, mit einem korrekten und musikalischen Mitteltonbereich. Die R-Linie spielt mit erstaunlich wenig Verzerrung. Ladenpreis: 2450.00 Details Vom H\u00e4ndler oder Importeur als Vorf\u00fchrmodell genutzt. Nat\u00fcrlich hatten die Vorf\u00fchrmodelle keinen privaten Besitzer und werden mit voller Herstellergarantie geliefert. Sie suchen [&hellip;]<\/p>\n","protected":false},"featured_media":398648,"template":"","meta":{"_acf_changed":false,"inline_featured_image":false},"product_brand":[],"product_cat":[708,542],"product_tag":[555],"class_list":{"0":"post-344285","1":"product","2":"type-product","3":"status-publish","4":"has-post-thumbnail","6":"product_cat-bucherregal-lautsprecher","7":"product_cat-redner","8":"product_tag-demo","9":"pa_kleur-blau","11":"first","12":"instock","13":"sold-individually","14":"taxable","15":"shipping-taxable","16":"purchasable","17":"product-type-simple"},"acf":{"website":true,"show_on_homepage":false,"brand_title":"KEF","product_type":"R3 Meta","color":"Blau","subcolor":"Indigo","reserved_status":"0"},"_links":{"self":[{"href":"https:\/\/dev.freakuence.nl\/de\/wp-json\/wp\/v2\/product\/344285","targetHints":{"allow":["GET"]}}],"collection":[{"href":"https:\/\/dev.freakuence.nl\/de\/wp-json\/wp\/v2\/product"}],"about":[{"href":"https:\/\/dev.freakuence.nl\/de\/wp-json\/wp\/v2\/types\/product"}],"wp:featuredmedia":[{"embeddable":true,"href":"https:\/\/dev.freakuence.nl\/de\/wp-json\/wp\/v2\/media\/398648"}],"wp:attachment":[{"href":"https:\/\/dev.freakuence.nl\/de\/wp-json\/wp\/v2\/media?parent=344285"}],"wp:term":[{"taxonomy":"product_brand","embeddable":true,"href":"https:\/\/dev.freakuence.nl\/de\/wp-json\/wp\/v2\/product_brand?post=344285"},{"taxonomy":"product_cat","embeddable":true,"href":"https:\/\/dev.freakuence.nl\/de\/wp-json\/wp\/v2\/product_cat?post=344285"},{"taxonomy":"product_tag","embeddable":true,"href":"https:\/\/dev.freakuence.nl\/de\/wp-json\/wp\/v2\/product_tag?post=344285"}],"curies":[{"name":"wp","href":"https:\/\/api.w.org\/{rel}","templated":true}]}}