{"id":344780,"date":"2026-02-06T15:27:30","date_gmt":"2026-02-06T14:27:30","guid":{"rendered":"https:\/\/freakuence.nl\/product\/triode-leuchtend-84\/"},"modified":"2026-03-10T06:22:43","modified_gmt":"2026-03-10T05:22:43","slug":"triode-leuchtend-84","status":"publish","type":"product","link":"https:\/\/dev.freakuence.nl\/de\/produkt\/triode-leuchtend-84\/","title":{"rendered":"TRIODE Leuchtend 84"},"content":{"rendered":"<div class=\"product-specifications-list\">\n<div class=\"specification-item row-header\"><span class=\"spec-content\"><strong>Beschreibung Freakuence!<\/strong><\/span><\/div>\n<div class=\"specification-item row-even\"><span class=\"spec-content\">Wundersch\u00f6n! Passt auf jedes M\u00f6belst\u00fcck. Nicht gro\u00df, aber schwer. Das verspricht etwas, dachten wir hier. Und ja, schalten Sie ihn ein und sofort gab es Musik. Schon beim Kaltstart, aber sp\u00e4ter nat\u00fcrlich viel kraftvoller und voller. Die R\u00f6hren verzaubern.      <\/span><\/div>\n<div class=\"specification-item row-odd\"><span class=\"spec-content\">Einzelhandelspreis: 2.250,00<\/span><\/div>\n<div class=\"specification-item row-header\"><span class=\"spec-content\"><strong>Allgemeine Beschreibung<\/strong><\/span><\/div>\n<div class=\"specification-item row-even\"><span class=\"spec-content\">Der TRIODE Luminous 84 ist ein integrierter R\u00f6hrenverst\u00e4rker, der EL84-R\u00f6hren in einer Class-AB-Push-Pull-Konfiguration verwendet. Mit einer Ausgangsleistung von 11 Watt pro Kanal liefert dieser Verst\u00e4rker eine warme und detaillierte Klangwiedergabe.   <\/p>\n<p>Der Frequenzbereich reicht von 17Hz bis 70kHz und sorgt f\u00fcr einen satten und vollen Klang \u00fcber das gesamte Spektrum. Das Signal-Rausch-Verh\u00e4ltnis von 79 dB tr\u00e4gt zu einem klaren und sauberen H\u00f6rerlebnis bei.   <\/p>\n<p>Mit drei RCA-Line-Eing\u00e4ngen und einem MM-Phono-Eingang ist der Luminous 84 vielseitig beim Anschluss verschiedener Audioquellen. Au\u00dferdem gibt es einen 6,3 mm Kopfh\u00f6reranschluss f\u00fcr pers\u00f6nliche H\u00f6rsessions.   <\/p>\n<p>Das kompakte Design mit Abmessungen von 305 x 255 x 170 mm und einem Gewicht von 11,4 kg macht es einfach, den Verst\u00e4rker in verschiedene Setups zu integrieren. Die mitgelieferte R\u00f6hrenabdeckung bietet zus\u00e4tzlichen Schutz und tr\u00e4gt zur Langlebigkeit des Ger\u00e4ts bei. <\/span><\/div>\n<div class=\"specification-item row-header\"><span class=\"spec-content\"><strong>Hintergrundinformationen<\/strong><\/span><\/div>\n<div class=\"specification-item row-even\"><span class=\"spec-content\">Der TRIODE Luminous 84 ist ein handgefertigter integrierter R\u00f6hrenverst\u00e4rker aus Japan, entworfen von Junichiro Yamazaki. Der Verst\u00e4rker verwendet EL84-Leistungsr\u00f6hren und zeichnet sich durch seine Musikalit\u00e4t und seinen nat\u00fcrlichen Klang aus. Es werden nur hochwertige Komponenten wie Tamura-Transformatoren, Kiwame-Widerst\u00e4nde und Vishay-Kondensatoren verwendet. Die interne Verdrahtung erfolgt vollst\u00e4ndig von Hand im Punkt-zu-Punkt-Stil f\u00fcr einen kurzen Signalweg und maximale Reinheit. Das Geh\u00e4use besteht aus geb\u00fcrstetem Aluminium und Holz, wobei der Schwerpunkt auf zeitlosem japanischem Design und Solidit\u00e4t liegt.    <\/span><\/div>\n<div class=\"specification-item row-header\"><span class=\"spec-content\"><strong>Geschichte der Marke<\/strong><\/span><\/div>\n<div class=\"specification-item row-even\"><span class=\"spec-content\">erz\u00e4hlte Junichi Yamazaki: Als der Strom eingeschaltet wurde, begann der Gl\u00fchfaden der Vakuumr\u00f6hre, die aus dem Hauptgeh\u00e4use ragte, schwach zu leuchten. Ich lie\u00df die Nadel auf die Platte fallen und w\u00e4hrend ich in das Licht des R\u00f6hrenverst\u00e4rkers starrte, war ich berauscht von der Musik, die durch den Raum floss. Der Klang des damals unter Audiophilen beliebten R\u00f6hrenverst\u00e4rkers war sanft und hatte eine tiefe musikalische Textur, und das war in der Vergangenheit der Hauptcharakter des Verst\u00e4rkers. Seit den 1970er Jahren sind Transistorverst\u00e4rker, die die Vorteile einer hohen Leistung und geringer Kosten haben, zum Mainstream geworden, und das Image teurer R\u00f6hrenverst\u00e4rker hat sich als teures Produkt f\u00fcr Enthusiasten etabliert. In einer solchen \u00c4ra entwickelte Triode eine Reihe von erschwinglichen R\u00f6hrenverst\u00e4rkern im Bereich von 100.000 Yen [verwenden Sie einen Kursdeckel] und begann, die Aufmerksamkeit anderer Fans als Enthusiasten auf sich zu ziehen.    <\/span><\/div>\n<\/div>\n","protected":false},"excerpt":{"rendered":"<p>Beschreibung Freakuence! Wundersch\u00f6n! Passt auf jedes M\u00f6belst\u00fcck. Nicht gro\u00df, aber schwer. Das verspricht etwas, dachten wir hier. Und ja, schalten Sie ihn ein und sofort gab es Musik. Schon beim Kaltstart, aber sp\u00e4ter nat\u00fcrlich viel kraftvoller und voller. Die R\u00f6hren verzaubern. Einzelhandelspreis: 2.250,00 Allgemeine Beschreibung Der TRIODE Luminous 84 ist ein integrierter R\u00f6hrenverst\u00e4rker, der EL84-R\u00f6hren [&hellip;]<\/p>\n","protected":false},"featured_media":374946,"template":"","meta":{"_acf_changed":false,"inline_featured_image":false},"product_brand":[],"product_cat":[557,532],"product_tag":[534],"class_list":{"0":"post-344780","1":"product","2":"type-product","3":"status-publish","4":"has-post-thumbnail","6":"product_cat-rohrenverstarker","7":"product_cat-verstarker","8":"product_tag-benutzt","9":"pa_kleur-silber","11":"first","12":"instock","13":"sold-individually","14":"purchasable","15":"product-type-simple"},"acf":{"website":true,"show_on_homepage":false,"brand_title":"TRIODE","product_type":"Luminous 84","color":"Silber","subcolor":"","reserved_status":"1"},"_links":{"self":[{"href":"https:\/\/dev.freakuence.nl\/de\/wp-json\/wp\/v2\/product\/344780","targetHints":{"allow":["GET"]}}],"collection":[{"href":"https:\/\/dev.freakuence.nl\/de\/wp-json\/wp\/v2\/product"}],"about":[{"href":"https:\/\/dev.freakuence.nl\/de\/wp-json\/wp\/v2\/types\/product"}],"wp:featuredmedia":[{"embeddable":true,"href":"https:\/\/dev.freakuence.nl\/de\/wp-json\/wp\/v2\/media\/374946"}],"wp:attachment":[{"href":"https:\/\/dev.freakuence.nl\/de\/wp-json\/wp\/v2\/media?parent=344780"}],"wp:term":[{"taxonomy":"product_brand","embeddable":true,"href":"https:\/\/dev.freakuence.nl\/de\/wp-json\/wp\/v2\/product_brand?post=344780"},{"taxonomy":"product_cat","embeddable":true,"href":"https:\/\/dev.freakuence.nl\/de\/wp-json\/wp\/v2\/product_cat?post=344780"},{"taxonomy":"product_tag","embeddable":true,"href":"https:\/\/dev.freakuence.nl\/de\/wp-json\/wp\/v2\/product_tag?post=344780"}],"curies":[{"name":"wp","href":"https:\/\/api.w.org\/{rel}","templated":true}]}}