{"id":344789,"date":"2026-02-06T15:32:13","date_gmt":"2026-02-06T14:32:13","guid":{"rendered":"https:\/\/freakuence.nl\/product\/isoakustik-gaia-iii-2\/"},"modified":"2026-02-07T15:55:44","modified_gmt":"2026-02-07T14:55:44","slug":"isoakustik-gaia-iii-2","status":"publish","type":"product","link":"https:\/\/dev.freakuence.nl\/de\/produkt\/isoakustik-gaia-iii-2\/","title":{"rendered":"IsoAkustik Gaia III"},"content":{"rendered":"<div class=\"product-specifications-list\">\n<div class=\"specification-item row-header\"><span class=\"spec-content\"><strong>Beschreibung Freakuence!<\/strong><\/span><\/div>\n<div class=\"specification-item row-even\"><span class=\"spec-content\">Mit diesen F\u00fc\u00dfen unter Ihren Lautsprechern wird das tiefe Ende straffer und die Wiedergabe klarer. Details kommen besser zur Geltung und das Stereobild gewinnt an Tiefe. Eine subtile Verbesserung mit einem deutlich sp\u00fcrbaren Effekt.  <\/span><\/div>\n<div class=\"specification-item row-odd\"><span class=\"spec-content\">Ladenpreis: 478.00<\/span><\/div>\n<div class=\"specification-item row-header\"><span class=\"spec-content\"><strong>Allgemeine Beschreibung<\/strong><\/span><\/div>\n<div class=\"specification-item row-even\"><span class=\"spec-content\">Die IsoAcoustics GAIA III Isolationsf\u00fc\u00dfe wurden entwickelt, um die Leistung von Standlautsprechern und Subwoofern zu verbessern. Sie tragen dazu bei, strukturelle Vibrationen und interne Reflektionen zu reduzieren, was zu einem klareren und offeneren Klang f\u00fchrt. Der GAIA III ist f\u00fcr Lautsprecher und Subwoofer bis zu 32 kg geeignet und wird mit mehreren Gewindeadaptern f\u00fcr eine einfache Installation geliefert.  <\/span><\/div>\n<div class=\"specification-item row-header\"><span class=\"spec-content\"><strong>Hintergrundinformationen<\/strong><\/span><\/div>\n<div class=\"specification-item row-even\"><span class=\"spec-content\">Der IsoAcoustics Gaia III wurde von dem Ingenieur Dave Morrison entwickelt, dem Mitbegr\u00fcnder der Marke und ehemaligen Mitarbeiter des kanadischen Senders CBC. Die Gaia III kombiniert ein pr\u00e4zisionsgefertigtes Edelstahlgeh\u00e4use mit einem internen D\u00e4mpfungssystem, das Vibrationen isoliert und so eine reinere Wiedergabe erm\u00f6glicht. Die Standf\u00fc\u00dfe sorgen f\u00fcr eine optimale Trennung zwischen Lautsprecher und Boden und sind f\u00fcr Lautsprecher mit einem Gewicht von bis zu 32 kg pro St\u00fcck geeignet.  <\/span><\/div>\n<div class=\"specification-item row-header\"><span class=\"spec-content\"><strong>Geschichte der Marke<\/strong><\/span><\/div>\n<div class=\"specification-item row-even\"><span class=\"spec-content\">IsoAcoustics Inc. produziert und vertreibt seit Januar 2012 Isolationsprodukte f\u00fcr die Audioindustrie. Die patentierte IsoAcoustics-Technologie basiert auf jahrelanger Erfahrung bei der Planung und dem Bau von Radio- und Fernsehstudios. Die treibende Kraft ist Dave Morrison, der fast 20 Jahre lang eng in die Planung und den Bau von Radio- und Fernsehstudios bei der Canadian Broadcasting Corporation eingebunden war. Dave Morrison war Teil des Designteams, das sich der Herausforderung stellte, das gr\u00f6\u00dfte Multimediazentrum der Welt in Toronto zu bauen: mehr als 1,72 Millionen Quadratmeter, mit Aufnahmestudios f\u00fcr Theater, Musik und Kammermusikensembles, Spezialeffekten, Radio- und Fernsehsendungen. Die Entkopplung auf hohem Niveau f\u00fchrt zu einer genaueren Wiedergabe&#8230; wir lieben es!     <\/span><\/div>\n<\/div>\n","protected":false},"excerpt":{"rendered":"<p>Beschreibung Freakuence! Mit diesen F\u00fc\u00dfen unter Ihren Lautsprechern wird das tiefe Ende straffer und die Wiedergabe klarer. Details kommen besser zur Geltung und das Stereobild gewinnt an Tiefe. Eine subtile Verbesserung mit einem deutlich sp\u00fcrbaren Effekt. Ladenpreis: 478.00 Allgemeine Beschreibung Die IsoAcoustics GAIA III Isolationsf\u00fc\u00dfe wurden entwickelt, um die Leistung von Standlautsprechern und Subwoofern zu [&hellip;]<\/p>\n","protected":false},"featured_media":0,"template":"","meta":{"_acf_changed":false,"inline_featured_image":false},"product_brand":[],"product_cat":[345],"product_tag":[],"class_list":{"0":"post-344789","1":"product","2":"type-product","3":"status-publish","5":"product_cat-speakers","7":"first","8":"instock","9":"sold-individually","10":"purchasable","11":"product-type-simple"},"acf":{"website":true,"show_on_homepage":false,"brand_title":"IsoAcoustics","product_type":"Gaia III","color":"Chrom","subcolor":"","reserved_status":"1"},"_links":{"self":[{"href":"https:\/\/dev.freakuence.nl\/de\/wp-json\/wp\/v2\/product\/344789","targetHints":{"allow":["GET"]}}],"collection":[{"href":"https:\/\/dev.freakuence.nl\/de\/wp-json\/wp\/v2\/product"}],"about":[{"href":"https:\/\/dev.freakuence.nl\/de\/wp-json\/wp\/v2\/types\/product"}],"wp:attachment":[{"href":"https:\/\/dev.freakuence.nl\/de\/wp-json\/wp\/v2\/media?parent=344789"}],"wp:term":[{"taxonomy":"product_brand","embeddable":true,"href":"https:\/\/dev.freakuence.nl\/de\/wp-json\/wp\/v2\/product_brand?post=344789"},{"taxonomy":"product_cat","embeddable":true,"href":"https:\/\/dev.freakuence.nl\/de\/wp-json\/wp\/v2\/product_cat?post=344789"},{"taxonomy":"product_tag","embeddable":true,"href":"https:\/\/dev.freakuence.nl\/de\/wp-json\/wp\/v2\/product_tag?post=344789"}],"curies":[{"name":"wp","href":"https:\/\/api.w.org\/{rel}","templated":true}]}}