{"id":344958,"date":"2026-02-06T16:17:16","date_gmt":"2026-02-06T15:17:16","guid":{"rendered":"https:\/\/freakuence.nl\/product\/naim-nap-200-dr\/"},"modified":"2026-04-10T15:14:05","modified_gmt":"2026-04-10T13:14:05","slug":"naim-nap-200-dr","status":"publish","type":"product","link":"https:\/\/dev.freakuence.nl\/de\/produkt\/naim-nap-200-dr\/","title":{"rendered":"Naim NAP 200 DR"},"content":{"rendered":"<div class=\"product-specifications-list\">\n<div class=\"specification-item row-header\"><span class=\"spec-content\"><strong>Beschreibung Freakuence!<\/strong><\/span><\/div>\n<div class=\"specification-item row-even\"><span class=\"spec-content\">70 stabile Watt pro Kanal, an 8 Ohm. Starke Endstufe in einem schlanken Geh\u00e4use. Ein sehr runder, weicher Klang, ohne die Liebe zum Detail zu verlieren.  <\/span><\/div>\n<div class=\"specification-item row-header\"><span class=\"spec-content\"><strong>Details<\/strong><\/span><\/div>\n<div class=\"specification-item row-even\"><span class=\"spec-content\">Leider nicht wie neu! Ein Unfall liegt in einer kleinen Ecke. Siehe Fotos.<\/span><\/div>\n<div class=\"specification-item row-odd\"><span class=\"spec-content\">Machen Sie sich keine Sorgen! Wir bieten eine sehr gute 12-monatige Garantie auf gebrauchte Produkte. <\/span><\/div>\n<div class=\"specification-item row-header\"><span class=\"spec-content\"><strong>Allgemeine Beschreibung<\/strong><\/span><\/div>\n<div class=\"specification-item row-even\"><span class=\"spec-content\">Dieser Verst\u00e4rker liefert 70 Watt pro Kanal an 8 Ohm und verf\u00fcgt \u00fcber die DR-Technologie von Naim f\u00fcr eine stabile und gleichm\u00e4\u00dfige Stromversorgung. Zum Design geh\u00f6ren eine reaktionsschnelle K\u00fchlrippe und symmetrische XLR-Anschl\u00fcsse. Das Geh\u00e4use ist aus eloxiertem Aluminium gefertigt, was seine Leistung noch erh\u00f6ht. Dieser Verst\u00e4rker wurde von Naim Audio entwickelt und ist f\u00fcr seine musikalische Pr\u00e4zision und Zuverl\u00e4ssigkeit bekannt.   <\/span><\/div>\n<div class=\"specification-item row-header\"><span class=\"spec-content\"><strong>Hintergrundinformationen<\/strong><\/span><\/div>\n<div class=\"specification-item row-even\"><span class=\"spec-content\">Der Naim NAP 200 DR-Verst\u00e4rker wurde gem\u00e4\u00df der Kernphilosophie von Naim entwickelt: Musikalit\u00e4t \u00fcber alles. Der von Naim-Ingenieur Steve Sells entworfene Verst\u00e4rker enth\u00e4lt die Technologie des NAP 500 und verwendet ein speziell entwickeltes DR-Netzteil (Discrete Regulator) f\u00fcr optimale Stabilit\u00e4t. Das Geh\u00e4use besteht aus schwerem Aluminium f\u00fcr Abschirmung und W\u00e4rmemanagement. Alles wird in Salisbury, England, von Hand zusammengebaut.   <\/span><\/div>\n<div class=\"specification-item row-header\"><span class=\"spec-content\"><strong>Geschichte der Marke<\/strong><\/span><\/div>\n<div class=\"specification-item row-even\"><span class=\"spec-content\">Naim Audio wurde 1973 von Julian Vereker gegr\u00fcndet, einem britischen Ingenieur mit einer Leidenschaft f\u00fcr Elektronik und Musik. 1985 erhielt das Unternehmen zum ersten Mal den prestigetr\u00e4chtigen Queen&#8217;s Award, eine Auszeichnung, die sp\u00e4ter noch zweimal verliehen wurde. 1991 stellte das Unternehmen seinen ersten CD-Player, den CDS, mit einem zweiteiligen Geh\u00e4use f\u00fcr eine verbesserte Leistung vor. Im Jahr 2000 wurde der kultige NAP 500 Verst\u00e4rker auf den Markt gebracht, gefolgt von der Entwicklung des Statement Verst\u00e4rkersystems im Jahr 2014, einem Meilenstein in der Entwicklung des Unternehmens.   <\/span><\/div>\n<\/div>\n","protected":false},"excerpt":{"rendered":"<p>Beschreibung Freakuence! 70 stabile Watt pro Kanal, an 8 Ohm. Starke Endstufe in einem schlanken Geh\u00e4use. Ein sehr runder, weicher Klang, ohne die Liebe zum Detail zu verlieren. Details Leider nicht wie neu! Ein Unfall liegt in einer kleinen Ecke. Siehe Fotos. Machen Sie sich keine Sorgen! Wir bieten eine sehr gute 12-monatige Garantie auf [&hellip;]<\/p>\n","protected":false},"featured_media":390648,"template":"","meta":{"_acf_changed":false,"inline_featured_image":false},"product_brand":[],"product_cat":[769,750,532],"product_tag":[534],"class_list":{"0":"post-344958","1":"product","2":"type-product","3":"status-publish","4":"has-post-thumbnail","6":"product_cat-klasse-a-klasse-a-b","7":"product_cat-leistungsverstarker","8":"product_cat-verstarker","9":"product_tag-benutzt","10":"pa_kleur-schwarz","12":"first","13":"instock","14":"sold-individually","15":"purchasable","16":"product-type-simple"},"acf":{"website":true,"show_on_homepage":false,"brand_title":"Naim","product_type":"NAP 200 DR","color":"Schwarz","subcolor":"","reserved_status":"0"},"yoast_head":"<!-- This site is optimized with the Yoast SEO plugin v25.9 - https:\/\/yoast.com\/wordpress\/plugins\/seo\/ -->\n<title>Naim NAP 200 DR | Freakuence!<\/title>\n<meta name=\"description\" content=\"Naim NAP 200 DR: 70W pro Kanal, leistungsstarker 300VA Transformator, internes Netzteil f\u00fcr Naim Vorverst\u00e4rker. \u2713 Neue &amp; gebrauchte HiFi-Ger\u00e4te \u2713 Kundenbewertung: 4.9 von 5 \u2713 Inzahlungnahme \u2713 H\u00f6rprobe\" \/>\n<meta name=\"robots\" content=\"noindex, follow, max-snippet:-1, max-image-preview:large, max-video-preview:-1\" \/>\n<meta property=\"og:locale\" content=\"de_DE\" \/>\n<meta property=\"og:type\" content=\"article\" \/>\n<meta property=\"og:title\" content=\"Naim NAP 200 DR | Freakuence!\" \/>\n<meta property=\"og:description\" content=\"Naim NAP 200 DR: 70W pro Kanal, leistungsstarker 300VA Transformator, internes Netzteil f\u00fcr Naim Vorverst\u00e4rker. \u2713 Neue &amp; gebrauchte HiFi-Ger\u00e4te \u2713 Kundenbewertung: 4.9 von 5 \u2713 Inzahlungnahme \u2713 H\u00f6rprobe\" \/>\n<meta property=\"og:url\" content=\"https:\/\/dev.freakuence.nl\/de\/produkt\/naim-nap-200-dr\/\" \/>\n<meta property=\"og:site_name\" content=\"Freakuence!\" \/>\n<meta property=\"article:modified_time\" content=\"2026-04-10T13:14:05+00:00\" \/>\n<meta property=\"og:image\" content=\"https:\/\/dev.freakuence.nl\/wp-content\/uploads\/2026\/04\/17703910190142-18910-IMG0271.jpg\" \/>\n\t<meta property=\"og:image:width\" content=\"1800\" \/>\n\t<meta property=\"og:image:height\" content=\"1200\" \/>\n\t<meta property=\"og:image:type\" content=\"image\/jpeg\" \/>\n<meta name=\"twitter:card\" content=\"summary_large_image\" \/>\n<script type=\"application\/ld+json\" class=\"yoast-schema-graph\">{\"@context\":\"https:\/\/schema.org\",\"@graph\":[{\"@type\":\"WebPage\",\"@id\":\"https:\/\/dev.freakuence.nl\/de\/produkt\/naim-nap-200-dr\/\",\"url\":\"https:\/\/dev.freakuence.nl\/de\/produkt\/naim-nap-200-dr\/\",\"name\":\"Naim NAP 200 DR | Freakuence!\",\"isPartOf\":{\"@id\":\"https:\/\/dev.freakuence.nl\/de\/#website\"},\"primaryImageOfPage\":{\"@id\":\"https:\/\/dev.freakuence.nl\/de\/produkt\/naim-nap-200-dr\/#primaryimage\"},\"image\":{\"@id\":\"https:\/\/dev.freakuence.nl\/de\/produkt\/naim-nap-200-dr\/#primaryimage\"},\"thumbnailUrl\":\"https:\/\/dev.freakuence.nl\/wp-content\/uploads\/2026\/04\/17703910190142-18910-IMG0271.jpg\",\"datePublished\":\"2026-02-06T15:17:16+00:00\",\"dateModified\":\"2026-04-10T13:14:05+00:00\",\"description\":\"Naim NAP 200 DR: 70W pro Kanal, leistungsstarker 300VA Transformator, internes Netzteil f\u00fcr Naim Vorverst\u00e4rker. \u2713 Neue & gebrauchte HiFi-Ger\u00e4te \u2713 Kundenbewertung: 4.9 von 5 \u2713 Inzahlungnahme \u2713 H\u00f6rprobe\",\"breadcrumb\":{\"@id\":\"https:\/\/dev.freakuence.nl\/de\/produkt\/naim-nap-200-dr\/#breadcrumb\"},\"inLanguage\":\"de\",\"potentialAction\":[{\"@type\":\"ReadAction\",\"target\":[\"https:\/\/dev.freakuence.nl\/de\/produkt\/naim-nap-200-dr\/\"]}]},{\"@type\":\"ImageObject\",\"inLanguage\":\"de\",\"@id\":\"https:\/\/dev.freakuence.nl\/de\/produkt\/naim-nap-200-dr\/#primaryimage\",\"url\":\"https:\/\/dev.freakuence.nl\/wp-content\/uploads\/2026\/04\/17703910190142-18910-IMG0271.jpg\",\"contentUrl\":\"https:\/\/dev.freakuence.nl\/wp-content\/uploads\/2026\/04\/17703910190142-18910-IMG0271.jpg\",\"width\":1800,\"height\":1200},{\"@type\":\"BreadcrumbList\",\"@id\":\"https:\/\/dev.freakuence.nl\/de\/produkt\/naim-nap-200-dr\/#breadcrumb\",\"itemListElement\":[{\"@type\":\"ListItem\",\"position\":1,\"name\":\"Startseite\",\"item\":\"https:\/\/dev.freakuence.nl\/de\/\"},{\"@type\":\"ListItem\",\"position\":2,\"name\":\"Produkte\",\"item\":\"https:\/\/dev.freakuence.nl\/de\/produkte\/\"},{\"@type\":\"ListItem\",\"position\":3,\"name\":\"Naim NAP 200 DR\"}]},{\"@type\":\"WebSite\",\"@id\":\"https:\/\/dev.freakuence.nl\/de\/#website\",\"url\":\"https:\/\/dev.freakuence.nl\/de\/\",\"name\":\"Freakuence!\",\"description\":\"Freakuence!\",\"publisher\":{\"@id\":\"https:\/\/dev.freakuence.nl\/de\/#organization\"},\"alternateName\":\"Freakuence\",\"potentialAction\":[{\"@type\":\"SearchAction\",\"target\":{\"@type\":\"EntryPoint\",\"urlTemplate\":\"https:\/\/dev.freakuence.nl\/de\/?s={search_term_string}\"},\"query-input\":{\"@type\":\"PropertyValueSpecification\",\"valueRequired\":true,\"valueName\":\"search_term_string\"}}],\"inLanguage\":\"de\"},{\"@type\":\"Organization\",\"@id\":\"https:\/\/dev.freakuence.nl\/de\/#organization\",\"name\":\"Freakuence!\",\"url\":\"https:\/\/dev.freakuence.nl\/de\/\",\"logo\":{\"@type\":\"ImageObject\",\"inLanguage\":\"de\",\"@id\":\"https:\/\/dev.freakuence.nl\/de\/#\/schema\/logo\/image\/\",\"url\":\"https:\/\/dev.freakuence.nl\/wp-content\/uploads\/2022\/05\/Brown_3_RGB_Freakuence-1.png\",\"contentUrl\":\"https:\/\/dev.freakuence.nl\/wp-content\/uploads\/2022\/05\/Brown_3_RGB_Freakuence-1.png\",\"width\":2560,\"height\":684,\"caption\":\"Freakuence!\"},\"image\":{\"@id\":\"https:\/\/dev.freakuence.nl\/de\/#\/schema\/logo\/image\/\"},\"sameAs\":[\"https:\/\/www.instagram.com\/freakuence_notorious_audio\/\"]}]}<\/script>\n<!-- \/ Yoast SEO plugin. -->","yoast_head_json":{"title":"Naim NAP 200 DR | Freakuence!","description":"Naim NAP 200 DR: 70W pro Kanal, leistungsstarker 300VA Transformator, internes Netzteil f\u00fcr Naim Vorverst\u00e4rker. \u2713 Neue & gebrauchte HiFi-Ger\u00e4te \u2713 Kundenbewertung: 4.9 von 5 \u2713 Inzahlungnahme \u2713 H\u00f6rprobe","robots":{"index":"noindex","follow":"follow","max-snippet":"max-snippet:-1","max-image-preview":"max-image-preview:large","max-video-preview":"max-video-preview:-1"},"og_locale":"de_DE","og_type":"article","og_title":"Naim NAP 200 DR | Freakuence!","og_description":"Naim NAP 200 DR: 70W pro Kanal, leistungsstarker 300VA Transformator, internes Netzteil f\u00fcr Naim Vorverst\u00e4rker. \u2713 Neue & gebrauchte HiFi-Ger\u00e4te \u2713 Kundenbewertung: 4.9 von 5 \u2713 Inzahlungnahme \u2713 H\u00f6rprobe","og_url":"https:\/\/dev.freakuence.nl\/de\/produkt\/naim-nap-200-dr\/","og_site_name":"Freakuence!","article_modified_time":"2026-04-10T13:14:05+00:00","og_image":[{"width":1800,"height":1200,"url":"https:\/\/dev.freakuence.nl\/wp-content\/uploads\/2026\/04\/17703910190142-18910-IMG0271.jpg","type":"image\/jpeg"}],"twitter_card":"summary_large_image","schema":{"@context":"https:\/\/schema.org","@graph":[{"@type":"WebPage","@id":"https:\/\/dev.freakuence.nl\/de\/produkt\/naim-nap-200-dr\/","url":"https:\/\/dev.freakuence.nl\/de\/produkt\/naim-nap-200-dr\/","name":"Naim NAP 200 DR | Freakuence!","isPartOf":{"@id":"https:\/\/dev.freakuence.nl\/de\/#website"},"primaryImageOfPage":{"@id":"https:\/\/dev.freakuence.nl\/de\/produkt\/naim-nap-200-dr\/#primaryimage"},"image":{"@id":"https:\/\/dev.freakuence.nl\/de\/produkt\/naim-nap-200-dr\/#primaryimage"},"thumbnailUrl":"https:\/\/dev.freakuence.nl\/wp-content\/uploads\/2026\/04\/17703910190142-18910-IMG0271.jpg","datePublished":"2026-02-06T15:17:16+00:00","dateModified":"2026-04-10T13:14:05+00:00","description":"Naim NAP 200 DR: 70W pro Kanal, leistungsstarker 300VA Transformator, internes Netzteil f\u00fcr Naim Vorverst\u00e4rker. \u2713 Neue & gebrauchte HiFi-Ger\u00e4te \u2713 Kundenbewertung: 4.9 von 5 \u2713 Inzahlungnahme \u2713 H\u00f6rprobe","breadcrumb":{"@id":"https:\/\/dev.freakuence.nl\/de\/produkt\/naim-nap-200-dr\/#breadcrumb"},"inLanguage":"de","potentialAction":[{"@type":"ReadAction","target":["https:\/\/dev.freakuence.nl\/de\/produkt\/naim-nap-200-dr\/"]}]},{"@type":"ImageObject","inLanguage":"de","@id":"https:\/\/dev.freakuence.nl\/de\/produkt\/naim-nap-200-dr\/#primaryimage","url":"https:\/\/dev.freakuence.nl\/wp-content\/uploads\/2026\/04\/17703910190142-18910-IMG0271.jpg","contentUrl":"https:\/\/dev.freakuence.nl\/wp-content\/uploads\/2026\/04\/17703910190142-18910-IMG0271.jpg","width":1800,"height":1200},{"@type":"BreadcrumbList","@id":"https:\/\/dev.freakuence.nl\/de\/produkt\/naim-nap-200-dr\/#breadcrumb","itemListElement":[{"@type":"ListItem","position":1,"name":"Startseite","item":"https:\/\/dev.freakuence.nl\/de\/"},{"@type":"ListItem","position":2,"name":"Produkte","item":"https:\/\/dev.freakuence.nl\/de\/produkte\/"},{"@type":"ListItem","position":3,"name":"Naim NAP 200 DR"}]},{"@type":"WebSite","@id":"https:\/\/dev.freakuence.nl\/de\/#website","url":"https:\/\/dev.freakuence.nl\/de\/","name":"Freakuence!","description":"Freakuence!","publisher":{"@id":"https:\/\/dev.freakuence.nl\/de\/#organization"},"alternateName":"Freakuence","potentialAction":[{"@type":"SearchAction","target":{"@type":"EntryPoint","urlTemplate":"https:\/\/dev.freakuence.nl\/de\/?s={search_term_string}"},"query-input":{"@type":"PropertyValueSpecification","valueRequired":true,"valueName":"search_term_string"}}],"inLanguage":"de"},{"@type":"Organization","@id":"https:\/\/dev.freakuence.nl\/de\/#organization","name":"Freakuence!","url":"https:\/\/dev.freakuence.nl\/de\/","logo":{"@type":"ImageObject","inLanguage":"de","@id":"https:\/\/dev.freakuence.nl\/de\/#\/schema\/logo\/image\/","url":"https:\/\/dev.freakuence.nl\/wp-content\/uploads\/2022\/05\/Brown_3_RGB_Freakuence-1.png","contentUrl":"https:\/\/dev.freakuence.nl\/wp-content\/uploads\/2022\/05\/Brown_3_RGB_Freakuence-1.png","width":2560,"height":684,"caption":"Freakuence!"},"image":{"@id":"https:\/\/dev.freakuence.nl\/de\/#\/schema\/logo\/image\/"},"sameAs":["https:\/\/www.instagram.com\/freakuence_notorious_audio\/"]}]}},"_links":{"self":[{"href":"https:\/\/dev.freakuence.nl\/de\/wp-json\/wp\/v2\/product\/344958","targetHints":{"allow":["GET"]}}],"collection":[{"href":"https:\/\/dev.freakuence.nl\/de\/wp-json\/wp\/v2\/product"}],"about":[{"href":"https:\/\/dev.freakuence.nl\/de\/wp-json\/wp\/v2\/types\/product"}],"wp:featuredmedia":[{"embeddable":true,"href":"https:\/\/dev.freakuence.nl\/de\/wp-json\/wp\/v2\/media\/390648"}],"wp:attachment":[{"href":"https:\/\/dev.freakuence.nl\/de\/wp-json\/wp\/v2\/media?parent=344958"}],"wp:term":[{"taxonomy":"product_brand","embeddable":true,"href":"https:\/\/dev.freakuence.nl\/de\/wp-json\/wp\/v2\/product_brand?post=344958"},{"taxonomy":"product_cat","embeddable":true,"href":"https:\/\/dev.freakuence.nl\/de\/wp-json\/wp\/v2\/product_cat?post=344958"},{"taxonomy":"product_tag","embeddable":true,"href":"https:\/\/dev.freakuence.nl\/de\/wp-json\/wp\/v2\/product_tag?post=344958"}],"curies":[{"name":"wp","href":"https:\/\/api.w.org\/{rel}","templated":true}]}}