{"id":347455,"date":"2026-02-09T12:43:10","date_gmt":"2026-02-09T11:43:10","guid":{"rendered":"https:\/\/freakuence.nl\/product\/neat-momentum-sx5i\/"},"modified":"2026-04-10T15:17:42","modified_gmt":"2026-04-10T13:17:42","slug":"neat-momentum-sx5i","status":"publish","type":"product","link":"https:\/\/dev.freakuence.nl\/de\/produkt\/neat-momentum-sx5i\/","title":{"rendered":"Neat Momentum SX5i"},"content":{"rendered":"<div class=\"product-specifications-list\">\n<div class=\"specification-item row-header\"><span class=\"spec-content\"><strong>Beschreibung Freakuence!<\/strong><\/span><\/div>\n<div class=\"specification-item row-even\"><span class=\"spec-content\">Wundersch\u00f6n gebaute Schr\u00e4nke, wie wir finden. Klassischer Look. Und was f\u00fcr ein Vergn\u00fcgen, sie zu h\u00f6ren. Achten Sie auf die Platzierung und Sie erhalten ein wahnsinnig dichtes und holografisches Bild. Diese Dinger k\u00f6nnen eine Menge bewirken. Eine k\u00fchne Bilanz. Nicht jeder zeitgen\u00f6ssische Verst\u00e4rker wird sie gl\u00fccklich machen, aber wir denken das gerne.     <\/span><\/div>\n<div class=\"specification-item row-header\"><span class=\"spec-content\"><strong>Allgemeine Beschreibung<\/strong><\/span><\/div>\n<div class=\"specification-item row-even\"><span class=\"spec-content\">Der Neat Momentum SX5i ist ein Standlautsprecher, der ein isobarisches 2,5-Wege-Bassreflexsystem verwendet. Dieses System umfasst vier Lautsprecher pro Geh\u00e4use, darunter zwei 6,5-Zoll-Tieft\u00f6ner in einer integrierten Subwoofer-Konfiguration.  <\/p>\n<p>Der obere Teil des Geh\u00e4uses ist vom Subwoofer abgetrennt und enth\u00e4lt einen Tief-\/Mittelt\u00f6ner und einen SXT-Hocht\u00f6ner. Die Treiber wurden speziell f\u00fcr Neat Acoustics entwickelt und die Frequenzweichen sind mit hochwertigen Komponenten handverdrahtet.  <\/p>\n<p>Das Momentum SX5i kann mit dem Neat Feet Kit aufger\u00fcstet werden, das f\u00fcr zus\u00e4tzliche Stabilit\u00e4t und eine saubere Pr\u00e4sentation sorgt.<\/span><\/div>\n<div class=\"specification-item row-header\"><span class=\"spec-content\"><strong>Hintergrundinformationen<\/strong><\/span><\/div>\n<div class=\"specification-item row-even\"><span class=\"spec-content\">Der vom Neat-Gr\u00fcnder Bob Surgeoner entworfene Neat Momentum SX5i kombiniert ein schlankes Standgeh\u00e4use mit modernster Technologie. Der Hocht\u00f6ner ist ein True-Band-Design, das einen detaillierten Hochtonbereich gew\u00e4hrleistet, w\u00e4hrend die einzigartige &#8218;isobarische&#8216; Basswiedergabe tiefe und kontrollierte B\u00e4sse liefert. Die internen Kabel werden sorgf\u00e4ltig ausgew\u00e4hlt, und jeder Lautsprecher wird in Gro\u00dfbritannien von Hand zusammengebaut.  <\/span><\/div>\n<div class=\"specification-item row-header\"><span class=\"spec-content\"><strong>Geschichte der Marke<\/strong><\/span><\/div>\n<div class=\"specification-item row-even\"><span class=\"spec-content\">Neat wurde 1989 von Bob Surgeoner gegr\u00fcndet, der zu diesem Zeitpunkt bereits \u00fcber jahrelange Erfahrung in den Bereichen Aufnahme, Performance und Musikproduktion verf\u00fcgte. Das erste Lautsprechermodell der Marke war die Petite. Dieses Modell wurde mit einer speziellen Kombination aus Treibern, Geh\u00e4usedesign und Frequenzweichen-Konfiguration entwickelt. Im Jahr 1991 wurde die Petite auf der Heathrow Hi-Fi Show vorgestellt und kam dann offiziell auf den Markt. Die Lautsprecher werden in Gro\u00dfbritannien hergestellt. In den folgenden Jahren entwickelte die Marke mehrere Modelle, darunter isobare Konfigurationen, bei denen spezielle Einheiten f\u00fcr die Tieftonwiedergabe verwendet werden. F\u00fcr mehrere Modelle verwendet Neat handgefertigte Hocht\u00f6ner und elektronische Komponenten. Architektur und Konfiguration werden f\u00fcr jedes Modell auf die akustischen Eigenschaften wie die Energieverteilung im Raum und das Timing zugeschnitten. Alle Modelle werden von Hand gefertigt, wobei der gesamte Design- und Herstellungsprozess in Teesdale, County Durham, stattfindet.        <\/span><\/div>\n<\/div>\n","protected":false},"excerpt":{"rendered":"<p>Beschreibung Freakuence! Wundersch\u00f6n gebaute Schr\u00e4nke, wie wir finden. Klassischer Look. Und was f\u00fcr ein Vergn\u00fcgen, sie zu h\u00f6ren. Achten Sie auf die Platzierung und Sie erhalten ein wahnsinnig dichtes und holografisches Bild. Diese Dinger k\u00f6nnen eine Menge bewirken. Eine k\u00fchne Bilanz. Nicht jeder zeitgen\u00f6ssische Verst\u00e4rker wird sie gl\u00fccklich machen, aber wir denken das gerne. Allgemeine [&hellip;]<\/p>\n","protected":false},"featured_media":391041,"template":"","meta":{"_acf_changed":false,"inline_featured_image":false},"product_brand":[],"product_cat":[704,542],"product_tag":[534],"class_list":{"0":"post-347455","1":"product","2":"type-product","3":"status-publish","4":"has-post-thumbnail","6":"product_cat-kolumne-lautsprecher","7":"product_cat-redner","8":"product_tag-benutzt","9":"pa_kleur-braun","11":"first","12":"instock","13":"sold-individually","14":"purchasable","15":"product-type-simple"},"acf":{"website":true,"show_on_homepage":false,"brand_title":"Neat","product_type":"Momentum SX5i","color":"Braun","subcolor":"","reserved_status":"0"},"yoast_head":"<!-- This site is optimized with the Yoast SEO plugin v25.9 - https:\/\/yoast.com\/wordpress\/plugins\/seo\/ -->\n<title>Neat Momentum SX5i | Freakuence!<\/title>\n<meta name=\"description\" content=\"Neat Momentum SX5i Standlautsprecher mit isobarischem 2,5-Wege-Bassreflex f\u00fcr tiefe, dynamische B\u00e4sse und klare H\u00f6hen. \u2713 Neue &amp; gebrauchte HiFi-Ger\u00e4te \u2713 Kundenbewertung: 4.9 von 5 \u2713 H\u00f6rprobe buchen!\" \/>\n<meta name=\"robots\" content=\"noindex, follow, max-snippet:-1, max-image-preview:large, max-video-preview:-1\" \/>\n<meta property=\"og:locale\" content=\"de_DE\" \/>\n<meta property=\"og:type\" content=\"article\" \/>\n<meta property=\"og:title\" content=\"Neat Momentum SX5i | Freakuence!\" \/>\n<meta property=\"og:description\" content=\"Neat Momentum SX5i Standlautsprecher mit isobarischem 2,5-Wege-Bassreflex f\u00fcr tiefe, dynamische B\u00e4sse und klare H\u00f6hen. \u2713 Neue &amp; gebrauchte HiFi-Ger\u00e4te \u2713 Kundenbewertung: 4.9 von 5 \u2713 H\u00f6rprobe buchen!\" \/>\n<meta property=\"og:url\" content=\"https:\/\/dev.freakuence.nl\/de\/produkt\/neat-momentum-sx5i\/\" \/>\n<meta property=\"og:site_name\" content=\"Freakuence!\" \/>\n<meta property=\"article:modified_time\" content=\"2026-04-10T13:17:42+00:00\" \/>\n<meta property=\"og:image\" content=\"https:\/\/dev.freakuence.nl\/wp-content\/uploads\/2026\/04\/17706373632806-18960-IMG0547-scaled.jpg\" \/>\n\t<meta property=\"og:image:width\" content=\"1200\" \/>\n\t<meta property=\"og:image:height\" content=\"1800\" \/>\n\t<meta property=\"og:image:type\" content=\"image\/jpeg\" \/>\n<meta name=\"twitter:card\" content=\"summary_large_image\" \/>\n<script type=\"application\/ld+json\" class=\"yoast-schema-graph\">{\"@context\":\"https:\/\/schema.org\",\"@graph\":[{\"@type\":\"WebPage\",\"@id\":\"https:\/\/dev.freakuence.nl\/de\/produkt\/neat-momentum-sx5i\/\",\"url\":\"https:\/\/dev.freakuence.nl\/de\/produkt\/neat-momentum-sx5i\/\",\"name\":\"Neat Momentum SX5i | Freakuence!\",\"isPartOf\":{\"@id\":\"https:\/\/dev.freakuence.nl\/de\/#website\"},\"primaryImageOfPage\":{\"@id\":\"https:\/\/dev.freakuence.nl\/de\/produkt\/neat-momentum-sx5i\/#primaryimage\"},\"image\":{\"@id\":\"https:\/\/dev.freakuence.nl\/de\/produkt\/neat-momentum-sx5i\/#primaryimage\"},\"thumbnailUrl\":\"https:\/\/dev.freakuence.nl\/wp-content\/uploads\/2026\/04\/17706373632806-18960-IMG0547-scaled.jpg\",\"datePublished\":\"2026-02-09T11:43:10+00:00\",\"dateModified\":\"2026-04-10T13:17:42+00:00\",\"description\":\"Neat Momentum SX5i Standlautsprecher mit isobarischem 2,5-Wege-Bassreflex f\u00fcr tiefe, dynamische B\u00e4sse und klare H\u00f6hen. \u2713 Neue & gebrauchte HiFi-Ger\u00e4te \u2713 Kundenbewertung: 4.9 von 5 \u2713 H\u00f6rprobe buchen!\",\"breadcrumb\":{\"@id\":\"https:\/\/dev.freakuence.nl\/de\/produkt\/neat-momentum-sx5i\/#breadcrumb\"},\"inLanguage\":\"de\",\"potentialAction\":[{\"@type\":\"ReadAction\",\"target\":[\"https:\/\/dev.freakuence.nl\/de\/produkt\/neat-momentum-sx5i\/\"]}]},{\"@type\":\"ImageObject\",\"inLanguage\":\"de\",\"@id\":\"https:\/\/dev.freakuence.nl\/de\/produkt\/neat-momentum-sx5i\/#primaryimage\",\"url\":\"https:\/\/dev.freakuence.nl\/wp-content\/uploads\/2026\/04\/17706373632806-18960-IMG0547-scaled.jpg\",\"contentUrl\":\"https:\/\/dev.freakuence.nl\/wp-content\/uploads\/2026\/04\/17706373632806-18960-IMG0547-scaled.jpg\",\"width\":1200,\"height\":1800},{\"@type\":\"BreadcrumbList\",\"@id\":\"https:\/\/dev.freakuence.nl\/de\/produkt\/neat-momentum-sx5i\/#breadcrumb\",\"itemListElement\":[{\"@type\":\"ListItem\",\"position\":1,\"name\":\"Startseite\",\"item\":\"https:\/\/dev.freakuence.nl\/de\/\"},{\"@type\":\"ListItem\",\"position\":2,\"name\":\"Produkte\",\"item\":\"https:\/\/dev.freakuence.nl\/de\/produkte\/\"},{\"@type\":\"ListItem\",\"position\":3,\"name\":\"Neat Momentum SX5i\"}]},{\"@type\":\"WebSite\",\"@id\":\"https:\/\/dev.freakuence.nl\/de\/#website\",\"url\":\"https:\/\/dev.freakuence.nl\/de\/\",\"name\":\"Freakuence!\",\"description\":\"Freakuence!\",\"publisher\":{\"@id\":\"https:\/\/dev.freakuence.nl\/de\/#organization\"},\"alternateName\":\"Freakuence\",\"potentialAction\":[{\"@type\":\"SearchAction\",\"target\":{\"@type\":\"EntryPoint\",\"urlTemplate\":\"https:\/\/dev.freakuence.nl\/de\/?s={search_term_string}\"},\"query-input\":{\"@type\":\"PropertyValueSpecification\",\"valueRequired\":true,\"valueName\":\"search_term_string\"}}],\"inLanguage\":\"de\"},{\"@type\":\"Organization\",\"@id\":\"https:\/\/dev.freakuence.nl\/de\/#organization\",\"name\":\"Freakuence!\",\"url\":\"https:\/\/dev.freakuence.nl\/de\/\",\"logo\":{\"@type\":\"ImageObject\",\"inLanguage\":\"de\",\"@id\":\"https:\/\/dev.freakuence.nl\/de\/#\/schema\/logo\/image\/\",\"url\":\"https:\/\/dev.freakuence.nl\/wp-content\/uploads\/2022\/05\/Brown_3_RGB_Freakuence-1.png\",\"contentUrl\":\"https:\/\/dev.freakuence.nl\/wp-content\/uploads\/2022\/05\/Brown_3_RGB_Freakuence-1.png\",\"width\":2560,\"height\":684,\"caption\":\"Freakuence!\"},\"image\":{\"@id\":\"https:\/\/dev.freakuence.nl\/de\/#\/schema\/logo\/image\/\"},\"sameAs\":[\"https:\/\/www.instagram.com\/freakuence_notorious_audio\/\"]}]}<\/script>\n<!-- \/ Yoast SEO plugin. -->","yoast_head_json":{"title":"Neat Momentum SX5i | Freakuence!","description":"Neat Momentum SX5i Standlautsprecher mit isobarischem 2,5-Wege-Bassreflex f\u00fcr tiefe, dynamische B\u00e4sse und klare H\u00f6hen. \u2713 Neue & gebrauchte HiFi-Ger\u00e4te \u2713 Kundenbewertung: 4.9 von 5 \u2713 H\u00f6rprobe buchen!","robots":{"index":"noindex","follow":"follow","max-snippet":"max-snippet:-1","max-image-preview":"max-image-preview:large","max-video-preview":"max-video-preview:-1"},"og_locale":"de_DE","og_type":"article","og_title":"Neat Momentum SX5i | Freakuence!","og_description":"Neat Momentum SX5i Standlautsprecher mit isobarischem 2,5-Wege-Bassreflex f\u00fcr tiefe, dynamische B\u00e4sse und klare H\u00f6hen. \u2713 Neue & gebrauchte HiFi-Ger\u00e4te \u2713 Kundenbewertung: 4.9 von 5 \u2713 H\u00f6rprobe buchen!","og_url":"https:\/\/dev.freakuence.nl\/de\/produkt\/neat-momentum-sx5i\/","og_site_name":"Freakuence!","article_modified_time":"2026-04-10T13:17:42+00:00","og_image":[{"width":1200,"height":1800,"url":"https:\/\/dev.freakuence.nl\/wp-content\/uploads\/2026\/04\/17706373632806-18960-IMG0547-scaled.jpg","type":"image\/jpeg"}],"twitter_card":"summary_large_image","schema":{"@context":"https:\/\/schema.org","@graph":[{"@type":"WebPage","@id":"https:\/\/dev.freakuence.nl\/de\/produkt\/neat-momentum-sx5i\/","url":"https:\/\/dev.freakuence.nl\/de\/produkt\/neat-momentum-sx5i\/","name":"Neat Momentum SX5i | Freakuence!","isPartOf":{"@id":"https:\/\/dev.freakuence.nl\/de\/#website"},"primaryImageOfPage":{"@id":"https:\/\/dev.freakuence.nl\/de\/produkt\/neat-momentum-sx5i\/#primaryimage"},"image":{"@id":"https:\/\/dev.freakuence.nl\/de\/produkt\/neat-momentum-sx5i\/#primaryimage"},"thumbnailUrl":"https:\/\/dev.freakuence.nl\/wp-content\/uploads\/2026\/04\/17706373632806-18960-IMG0547-scaled.jpg","datePublished":"2026-02-09T11:43:10+00:00","dateModified":"2026-04-10T13:17:42+00:00","description":"Neat Momentum SX5i Standlautsprecher mit isobarischem 2,5-Wege-Bassreflex f\u00fcr tiefe, dynamische B\u00e4sse und klare H\u00f6hen. \u2713 Neue & gebrauchte HiFi-Ger\u00e4te \u2713 Kundenbewertung: 4.9 von 5 \u2713 H\u00f6rprobe buchen!","breadcrumb":{"@id":"https:\/\/dev.freakuence.nl\/de\/produkt\/neat-momentum-sx5i\/#breadcrumb"},"inLanguage":"de","potentialAction":[{"@type":"ReadAction","target":["https:\/\/dev.freakuence.nl\/de\/produkt\/neat-momentum-sx5i\/"]}]},{"@type":"ImageObject","inLanguage":"de","@id":"https:\/\/dev.freakuence.nl\/de\/produkt\/neat-momentum-sx5i\/#primaryimage","url":"https:\/\/dev.freakuence.nl\/wp-content\/uploads\/2026\/04\/17706373632806-18960-IMG0547-scaled.jpg","contentUrl":"https:\/\/dev.freakuence.nl\/wp-content\/uploads\/2026\/04\/17706373632806-18960-IMG0547-scaled.jpg","width":1200,"height":1800},{"@type":"BreadcrumbList","@id":"https:\/\/dev.freakuence.nl\/de\/produkt\/neat-momentum-sx5i\/#breadcrumb","itemListElement":[{"@type":"ListItem","position":1,"name":"Startseite","item":"https:\/\/dev.freakuence.nl\/de\/"},{"@type":"ListItem","position":2,"name":"Produkte","item":"https:\/\/dev.freakuence.nl\/de\/produkte\/"},{"@type":"ListItem","position":3,"name":"Neat Momentum SX5i"}]},{"@type":"WebSite","@id":"https:\/\/dev.freakuence.nl\/de\/#website","url":"https:\/\/dev.freakuence.nl\/de\/","name":"Freakuence!","description":"Freakuence!","publisher":{"@id":"https:\/\/dev.freakuence.nl\/de\/#organization"},"alternateName":"Freakuence","potentialAction":[{"@type":"SearchAction","target":{"@type":"EntryPoint","urlTemplate":"https:\/\/dev.freakuence.nl\/de\/?s={search_term_string}"},"query-input":{"@type":"PropertyValueSpecification","valueRequired":true,"valueName":"search_term_string"}}],"inLanguage":"de"},{"@type":"Organization","@id":"https:\/\/dev.freakuence.nl\/de\/#organization","name":"Freakuence!","url":"https:\/\/dev.freakuence.nl\/de\/","logo":{"@type":"ImageObject","inLanguage":"de","@id":"https:\/\/dev.freakuence.nl\/de\/#\/schema\/logo\/image\/","url":"https:\/\/dev.freakuence.nl\/wp-content\/uploads\/2022\/05\/Brown_3_RGB_Freakuence-1.png","contentUrl":"https:\/\/dev.freakuence.nl\/wp-content\/uploads\/2022\/05\/Brown_3_RGB_Freakuence-1.png","width":2560,"height":684,"caption":"Freakuence!"},"image":{"@id":"https:\/\/dev.freakuence.nl\/de\/#\/schema\/logo\/image\/"},"sameAs":["https:\/\/www.instagram.com\/freakuence_notorious_audio\/"]}]}},"_links":{"self":[{"href":"https:\/\/dev.freakuence.nl\/de\/wp-json\/wp\/v2\/product\/347455","targetHints":{"allow":["GET"]}}],"collection":[{"href":"https:\/\/dev.freakuence.nl\/de\/wp-json\/wp\/v2\/product"}],"about":[{"href":"https:\/\/dev.freakuence.nl\/de\/wp-json\/wp\/v2\/types\/product"}],"wp:featuredmedia":[{"embeddable":true,"href":"https:\/\/dev.freakuence.nl\/de\/wp-json\/wp\/v2\/media\/391041"}],"wp:attachment":[{"href":"https:\/\/dev.freakuence.nl\/de\/wp-json\/wp\/v2\/media?parent=347455"}],"wp:term":[{"taxonomy":"product_brand","embeddable":true,"href":"https:\/\/dev.freakuence.nl\/de\/wp-json\/wp\/v2\/product_brand?post=347455"},{"taxonomy":"product_cat","embeddable":true,"href":"https:\/\/dev.freakuence.nl\/de\/wp-json\/wp\/v2\/product_cat?post=347455"},{"taxonomy":"product_tag","embeddable":true,"href":"https:\/\/dev.freakuence.nl\/de\/wp-json\/wp\/v2\/product_tag?post=347455"}],"curies":[{"name":"wp","href":"https:\/\/api.w.org\/{rel}","templated":true}]}}