{"id":348462,"date":"2026-02-12T13:35:06","date_gmt":"2026-02-12T12:35:06","guid":{"rendered":"https:\/\/freakuence.nl\/product\/jb-audio-peacock-monitor\/"},"modified":"2026-02-25T10:49:02","modified_gmt":"2026-02-25T09:49:02","slug":"jb-audio-peacock-monitor","status":"publish","type":"product","link":"https:\/\/dev.freakuence.nl\/de\/produkt\/jb-audio-peacock-monitor\/","title":{"rendered":"J&amp;B Audio Peacock Monitor"},"content":{"rendered":"<div class=\"product-specifications-list\">\n<div class=\"specification-item row-header\"><span class=\"spec-content\"><strong>Beschreibung Freakuence!<\/strong><\/span><\/div>\n<div class=\"specification-item row-even\"><span class=\"spec-content\">Sch\u00f6ne Boxen, sch\u00f6ne Ger\u00e4te, sch\u00f6ne B\u00fchne. Jede Menge Playback, ein absolutes Schn\u00e4ppchen. Es ist nichts dar\u00fcber zu finden, nur fr\u00fchere Anzeigen auf dem Gebrauchtmarkt. Warum also eintauschen? Weil wir sehr neugierig waren.    <\/span><\/div>\n<div class=\"specification-item row-odd\"><span class=\"spec-content\">Einzelhandelspreis: 5.000,00<\/span><\/div>\n<div class=\"specification-item row-header\"><span class=\"spec-content\"><strong>Details<\/strong><\/span><\/div>\n<div class=\"specification-item row-even\"><span class=\"spec-content\">Die R\u00e4nder wurden professionell ersetzt, da sie mit der Zeit austrocknen. Diese Exemplare k\u00f6nnen wieder viele Jahre lang halten. <\/span><\/div>\n<\/div>\n","protected":false},"excerpt":{"rendered":"<p>Beschreibung Freakuence! Sch\u00f6ne Boxen, sch\u00f6ne Ger\u00e4te, sch\u00f6ne B\u00fchne. Jede Menge Playback, ein absolutes Schn\u00e4ppchen. Es ist nichts dar\u00fcber zu finden, nur fr\u00fchere Anzeigen auf dem Gebrauchtmarkt. Warum also eintauschen? Weil wir sehr neugierig waren. Einzelhandelspreis: 5.000,00 Details Die R\u00e4nder wurden professionell ersetzt, da sie mit der Zeit austrocknen. Diese Exemplare k\u00f6nnen wieder viele Jahre lang [&hellip;]<\/p>\n","protected":false},"featured_media":366901,"template":"","meta":{"_acf_changed":false,"inline_featured_image":false},"product_brand":[],"product_cat":[542],"product_tag":[534],"class_list":{"0":"post-348462","1":"product","2":"type-product","3":"status-publish","4":"has-post-thumbnail","6":"product_cat-redner","7":"product_tag-benutzt","8":"pa_kleur-braun","10":"first","11":"instock","12":"sold-individually","13":"purchasable","14":"product-type-simple"},"acf":{"website":true,"show_on_homepage":false,"brand_title":"J&B Audio","product_type":"Pauw Monitor","color":"Braun","subcolor":"","reserved_status":"0"},"_links":{"self":[{"href":"https:\/\/dev.freakuence.nl\/de\/wp-json\/wp\/v2\/product\/348462","targetHints":{"allow":["GET"]}}],"collection":[{"href":"https:\/\/dev.freakuence.nl\/de\/wp-json\/wp\/v2\/product"}],"about":[{"href":"https:\/\/dev.freakuence.nl\/de\/wp-json\/wp\/v2\/types\/product"}],"wp:featuredmedia":[{"embeddable":true,"href":"https:\/\/dev.freakuence.nl\/de\/wp-json\/wp\/v2\/media\/366901"}],"wp:attachment":[{"href":"https:\/\/dev.freakuence.nl\/de\/wp-json\/wp\/v2\/media?parent=348462"}],"wp:term":[{"taxonomy":"product_brand","embeddable":true,"href":"https:\/\/dev.freakuence.nl\/de\/wp-json\/wp\/v2\/product_brand?post=348462"},{"taxonomy":"product_cat","embeddable":true,"href":"https:\/\/dev.freakuence.nl\/de\/wp-json\/wp\/v2\/product_cat?post=348462"},{"taxonomy":"product_tag","embeddable":true,"href":"https:\/\/dev.freakuence.nl\/de\/wp-json\/wp\/v2\/product_tag?post=348462"}],"curies":[{"name":"wp","href":"https:\/\/api.w.org\/{rel}","templated":true}]}}