{"id":348567,"date":"2026-02-12T13:45:55","date_gmt":"2026-02-12T12:45:55","guid":{"rendered":"https:\/\/freakuence.nl\/product\/meister-drei-3\/"},"modified":"2026-04-10T15:46:01","modified_gmt":"2026-04-10T13:46:01","slug":"meister-drei-3","status":"publish","type":"product","link":"https:\/\/dev.freakuence.nl\/de\/produkt\/meister-drei-3\/","title":{"rendered":"Meister Drei"},"content":{"rendered":"<div class=\"product-specifications-list\">\n<div class=\"specification-item row-header\"><span class=\"spec-content\"><strong>Beschreibung Freakuence!<\/strong><\/span><\/div>\n<div class=\"specification-item row-even\"><span class=\"spec-content\">Schrecklich aussehende Monitore auf den Originalst\u00e4ndern. Bei Monitoren m\u00fcssen Sie in die Musik hineingesogen werden, und ja, das tun diese Boxen sehr gut. \u00c4u\u00dferst pr\u00e4zise und ein wahres Vergn\u00fcgen beim Zuh\u00f6ren. Der Wahnsinn der Gr\u00f6\u00dfe!    \ud83d\ude42<\/span><\/div>\n<div class=\"specification-item row-odd\"><span class=\"spec-content\">Ladenpreis: 3000.00<\/span><\/div>\n<div class=\"specification-item row-header\"><span class=\"spec-content\"><strong>Details<\/strong><\/span><\/div>\n<div class=\"specification-item row-even\"><span class=\"spec-content\">Besch\u00e4digung, siehe Fotos dazu!<\/span><\/div>\n<div class=\"specification-item row-header\"><span class=\"spec-content\"><strong>Allgemeine Beschreibung<\/strong><\/span><\/div>\n<div class=\"specification-item row-even\"><span class=\"spec-content\">Der Master Three ist ein Lautsprecher von Dynamic Solutions. Mit einer Impedanz von 8 Ohm und einer Empfindlichkeit von 89 dB bei 1 Watt\/1 Meter ist dieser Lautsprecher f\u00fcr verschiedene Audio-Setups geeignet. Dank des Regal-Designs kann der Lautsprecher auf verschiedenen Oberfl\u00e4chen aufgestellt werden. Die Lackierung in RAL 5004 verleiht dem Lautsprecher einen besonderen Look.   <\/span><\/div>\n<div class=\"specification-item row-header\"><span class=\"spec-content\"><strong>Geschichte der Marke<\/strong><\/span><\/div>\n<div class=\"specification-item row-even\"><span class=\"spec-content\">Master wurde 1973 gegr\u00fcndet und hat sich seither eine solide Position im Bereich hochwertiger Soundanlagen erarbeitet. Die Gr\u00fcnder der Marke begannen ihre Reise mit der Vision, Soundsysteme zu entwickeln, die sowohl qualitativ hochwertig als auch technisch fortschrittlich sind. Im Laufe der Jahre hat sich Master auf die Produktion und Entwicklung von Ger\u00e4ten konzentriert, die den Anforderungen von Tontechnik-Profis und Enthusiasten gleicherma\u00dfen gerecht werden. Obwohl sich die ersten Entw\u00fcrfe auf die grundlegenden Aspekte der Klangwiedergabe konzentrierten, wurde die Marke schnell f\u00fcr ihre gr\u00fcndliche Herangehensweise an Klangqualit\u00e4t und technische Pr\u00e4zision ber\u00fchmt. Ohne sich auf kommerzielle Aspekte zu konzentrieren, hat Master seine Produktpalette im Laufe der Jahre verfeinert, immer mit einem starken Fokus auf interne Entwicklungsprozesse.    <\/span><\/div>\n<\/div>\n","protected":false},"excerpt":{"rendered":"<p>Beschreibung Freakuence! Schrecklich aussehende Monitore auf den Originalst\u00e4ndern. Bei Monitoren m\u00fcssen Sie in die Musik hineingesogen werden, und ja, das tun diese Boxen sehr gut. \u00c4u\u00dferst pr\u00e4zise und ein wahres Vergn\u00fcgen beim Zuh\u00f6ren. Der Wahnsinn der Gr\u00f6\u00dfe! \ud83d\ude42 Ladenpreis: 3000.00 Details Besch\u00e4digung, siehe Fotos dazu! Allgemeine Beschreibung Der Master Three ist ein Lautsprecher von Dynamic [&hellip;]<\/p>\n","protected":false},"featured_media":391364,"template":"","meta":{"_acf_changed":false,"inline_featured_image":false},"product_brand":[],"product_cat":[708,542],"product_tag":[534],"class_list":{"0":"post-348567","1":"product","2":"type-product","3":"status-publish","4":"has-post-thumbnail","6":"product_cat-bucherregal-lautsprecher","7":"product_cat-redner","8":"product_tag-benutzt","9":"pa_kleur-blau","11":"first","12":"instock","13":"sold-individually","14":"purchasable","15":"product-type-simple"},"acf":{"website":true,"show_on_homepage":false,"brand_title":"Master","product_type":"Three","color":"Blau","subcolor":"","reserved_status":"0"},"_links":{"self":[{"href":"https:\/\/dev.freakuence.nl\/de\/wp-json\/wp\/v2\/product\/348567","targetHints":{"allow":["GET"]}}],"collection":[{"href":"https:\/\/dev.freakuence.nl\/de\/wp-json\/wp\/v2\/product"}],"about":[{"href":"https:\/\/dev.freakuence.nl\/de\/wp-json\/wp\/v2\/types\/product"}],"wp:featuredmedia":[{"embeddable":true,"href":"https:\/\/dev.freakuence.nl\/de\/wp-json\/wp\/v2\/media\/391364"}],"wp:attachment":[{"href":"https:\/\/dev.freakuence.nl\/de\/wp-json\/wp\/v2\/media?parent=348567"}],"wp:term":[{"taxonomy":"product_brand","embeddable":true,"href":"https:\/\/dev.freakuence.nl\/de\/wp-json\/wp\/v2\/product_brand?post=348567"},{"taxonomy":"product_cat","embeddable":true,"href":"https:\/\/dev.freakuence.nl\/de\/wp-json\/wp\/v2\/product_cat?post=348567"},{"taxonomy":"product_tag","embeddable":true,"href":"https:\/\/dev.freakuence.nl\/de\/wp-json\/wp\/v2\/product_tag?post=348567"}],"curies":[{"name":"wp","href":"https:\/\/api.w.org\/{rel}","templated":true}]}}