{"id":348576,"date":"2026-02-12T13:53:43","date_gmt":"2026-02-12T12:53:43","guid":{"rendered":"https:\/\/freakuence.nl\/product\/devore-fidelity-o-baby\/"},"modified":"2026-04-08T18:34:50","modified_gmt":"2026-04-08T16:34:50","slug":"devore-fidelity-o-baby","status":"publish","type":"product","link":"https:\/\/dev.freakuence.nl\/de\/produkt\/devore-fidelity-o-baby\/","title":{"rendered":"DeVore Fidelity O\/Baby"},"content":{"rendered":"<div class=\"product-specifications-list\">\n<div class=\"specification-item row-header\"><span class=\"spec-content\"><strong>Beschreibung Freakuence!<\/strong><\/span><\/div>\n<div class=\"specification-item row-even\"><span class=\"spec-content\">Achtung! Trotz seines Namens ist das O\/Baby extrem ausgereift. Die Abbildung ist giga, die B\u00e4sse werden Sie verwirren. Der Mitteltonbereich ist echt, besonders verf\u00fchrerisch. Wir denken, dass er besonders gut ist.    <\/span><\/div>\n<div class=\"specification-item row-odd\"><span class=\"spec-content\">Ladenpreis: 6875.00<\/span><\/div>\n<div class=\"specification-item row-header\"><span class=\"spec-content\"><strong>Details<\/strong><\/span><\/div>\n<div class=\"specification-item row-even\"><span class=\"spec-content\">Das ist Ihre Chance, endlich Demomaterial aus dem coolsten Laden der Welt zu bekommen. Ja! Aus diesem Grund eigentlich viel mehr wert als der Neupreis, aber wir werden uns zur\u00fcckhalten. Nur f\u00fcr H\u00f6rsessions mit unseren Besuchern verwendet, hatte also keinen privaten Besitzer. <\/span><\/div>\n<div class=\"specification-item row-odd\"><span class=\"spec-content\">Einschlie\u00dflich der Trib\u00fcnen.<\/span><\/div>\n<div class=\"specification-item row-even\"><span class=\"spec-content\">Wir sind gerne bereit, damit zu handeln. Schicken Sie uns bitte alles, was Sie zur Verf\u00fcgung haben, wir werden gerne pr\u00fcfen, ob wir es in den Shop stellen k\u00f6nnen. <\/span><\/div>\n<div class=\"specification-item row-header\"><span class=\"spec-content\"><strong>Allgemeine Beschreibung<\/strong><\/span><\/div>\n<div class=\"specification-item row-even\"><span class=\"spec-content\">Der DeVore Fidelity O\/Baby ist ein kompakter Lautsprecher, der die Essenz des gr\u00f6\u00dferen O\/96 verk\u00f6rpert. Mit einer Breite von 37,5 cm und einer H\u00f6he von 58,5 cm ohne St\u00e4nder passt er m\u00fchelos in eine Vielzahl von R\u00e4umen.  Das Design umfasst einen 19-mm-Textilkalotten-Hocht\u00f6ner, der in einem dezenten, in die Frontplatte eingelassenen Horn untergebracht ist, und einen 178-mm-Tieft\u00f6ner aus unbeschichtetem deutschen Papier, \u00e4hnlich wie beim O\/96 und O\/Reference.  <\/p>\n<p>Das O\/Baby liefert einen offenen und r\u00e4umlichen Klang mit einer f\u00fcr seine Gr\u00f6\u00dfe \u00fcberraschend tiefen Basswiedergabe. Die Abstimmung der Komponenten sorgt f\u00fcr ein nat\u00fcrliches und immersives H\u00f6rerlebnis.  Der Lautsprecher ist so konzipiert, dass er sich leicht in verschiedene Aufstellungen integrieren l\u00e4sst und f\u00fcr eine Vielzahl von Musikgenres geeignet ist.  <\/p>\n<p>Optional ist ein massiver Eichenst\u00e4nder erh\u00e4ltlich, der nicht nur die \u00c4sthetik erg\u00e4nzt, sondern auch zur optimalen Platzierung und Leistung des Lautsprechers beitr\u00e4gt.<\/span><\/div>\n<div class=\"specification-item row-header\"><span class=\"spec-content\"><strong>Hintergrundinformationen<\/strong><\/span><\/div>\n<div class=\"specification-item row-even\"><span class=\"spec-content\">Der O\/Baby von DeVore Fidelity wurde von John DeVore als kompakte Version des Lautsprechers O\/96 entwickelt. Es handelt sich um einen Zwei-Wege-Lautsprecher mit einem 7-Zoll-Papier-Tieft\u00f6ner und einem Seidenkalotten-Hocht\u00f6ner, die beide f\u00fcr dieses Geh\u00e4use angepasst wurden. Das Geh\u00e4use besteht aus Birkensperrholz mit Walnussfurnier und wurde in Brooklyn vollst\u00e4ndig von Hand gefertigt. Die interne Verkabelung ist von hoher Qualit\u00e4t und sorgf\u00e4ltig auf maximale Koh\u00e4renz abgestimmt. Die Philosophie dreht sich um nat\u00fcrlichen Klang und Effizienz mit einem Design, das problemlos von R\u00f6hrenverst\u00e4rkern angetrieben werden kann.    <\/span><\/div>\n<div class=\"specification-item row-header\"><span class=\"spec-content\"><strong>Geschichte der Marke<\/strong><\/span><\/div>\n<div class=\"specification-item row-even\"><span class=\"spec-content\">DeVore Fidelity wurde im Jahr 2000 von John DeVore in Brooklyn, New York, gegr\u00fcndet. Die Marke entwickelt und fertigt Lautsprecher, die speziell f\u00fcr die Zusammenarbeit mit R\u00f6hrenverst\u00e4rkern konzipiert sind. Die Designs werden gr\u00f6\u00dftenteils in Handarbeit in einer Werkstatt in der Brooklyn Navy Yard hergestellt. Dabei verwendet DeVore Fidelity Materialien wie Furniere, die im eigenen Haus verlegt und veredelt werden. Die Lautsprecher der Marke verwenden hauseigene oder exklusiv f\u00fcr DeVore hergestellte Treiber. Jedes Modell wird umfangreichen H\u00f6rtests und Abstimmungen in einem eigens daf\u00fcr eingerichteten H\u00f6rraum unterzogen. Alle Modelle werden am selben Ort entworfen, gebaut, getestet und verpackt. DeVore Fidelity verfolgt einen Produktansatz, bei dem jedes Modell individuell entwickelt wird und nicht nach einem festen System von Produktserien oder Generationen.       <\/span><\/div>\n<\/div>\n","protected":false},"excerpt":{"rendered":"<p>Beschreibung Freakuence! Achtung! Trotz seines Namens ist das O\/Baby extrem ausgereift. Die Abbildung ist giga, die B\u00e4sse werden Sie verwirren. Der Mitteltonbereich ist echt, besonders verf\u00fchrerisch. Wir denken, dass er besonders gut ist. Ladenpreis: 6875.00 Details Das ist Ihre Chance, endlich Demomaterial aus dem coolsten Laden der Welt zu bekommen. Ja! Aus diesem Grund eigentlich [&hellip;]<\/p>\n","protected":false},"featured_media":383636,"template":"","meta":{"_acf_changed":false,"inline_featured_image":false},"product_brand":[],"product_cat":[704,542],"product_tag":[571],"class_list":{"0":"post-348576","1":"product","2":"type-product","3":"status-publish","4":"has-post-thumbnail","6":"product_cat-kolumne-lautsprecher","7":"product_cat-redner","8":"product_tag-freakdemo","9":"pa_kleur-braun","11":"first","12":"instock","13":"sold-individually","14":"taxable","15":"shipping-taxable","16":"purchasable","17":"product-type-simple"},"acf":{"website":true,"show_on_homepage":false,"brand_title":"DeVore Fidelity","product_type":"O\/Baby","color":"Braun","subcolor":"Wei\u00dfe Eiche","reserved_status":"0"},"yoast_head":"<!-- This site is optimized with the Yoast SEO plugin v25.9 - https:\/\/yoast.com\/wordpress\/plugins\/seo\/ -->\n<title>DeVore Fidelity O\/Baby | Freakuence!<\/title>\n<meta name=\"description\" content=\"DeVore Fidelity O\/Baby: kompakter Lautsprecher mit gro\u00dfem Klang und nat\u00fcrlichem Ton. \u2713 Neue &amp; gebrauchte HiFi-Ger\u00e4te \u2713 Kundenbewertung: 4.9 von 5 \u2713 H\u00f6rprobe buchen!\" \/>\n<meta name=\"robots\" content=\"noindex, follow, max-snippet:-1, max-image-preview:large, max-video-preview:-1\" \/>\n<meta property=\"og:locale\" content=\"de_DE\" \/>\n<meta property=\"og:type\" content=\"article\" \/>\n<meta property=\"og:title\" content=\"DeVore Fidelity O\/Baby | Freakuence!\" \/>\n<meta property=\"og:description\" content=\"DeVore Fidelity O\/Baby: kompakter Lautsprecher mit gro\u00dfem Klang und nat\u00fcrlichem Ton. \u2713 Neue &amp; gebrauchte HiFi-Ger\u00e4te \u2713 Kundenbewertung: 4.9 von 5 \u2713 H\u00f6rprobe buchen!\" \/>\n<meta property=\"og:url\" content=\"https:\/\/dev.freakuence.nl\/de\/produkt\/devore-fidelity-o-baby\/\" \/>\n<meta property=\"og:site_name\" content=\"Freakuence!\" \/>\n<meta property=\"article:modified_time\" content=\"2026-04-08T16:34:50+00:00\" \/>\n<meta property=\"og:image\" content=\"https:\/\/dev.freakuence.nl\/wp-content\/uploads\/2026\/04\/17708074817298-17924-IMG0785.jpg\" \/>\n\t<meta property=\"og:image:width\" content=\"1800\" \/>\n\t<meta property=\"og:image:height\" content=\"1200\" \/>\n\t<meta property=\"og:image:type\" content=\"image\/jpeg\" \/>\n<meta name=\"twitter:card\" content=\"summary_large_image\" \/>\n<script type=\"application\/ld+json\" class=\"yoast-schema-graph\">{\"@context\":\"https:\/\/schema.org\",\"@graph\":[{\"@type\":\"WebPage\",\"@id\":\"https:\/\/dev.freakuence.nl\/de\/produkt\/devore-fidelity-o-baby\/\",\"url\":\"https:\/\/dev.freakuence.nl\/de\/produkt\/devore-fidelity-o-baby\/\",\"name\":\"DeVore Fidelity O\/Baby | Freakuence!\",\"isPartOf\":{\"@id\":\"https:\/\/dev.freakuence.nl\/de\/#website\"},\"primaryImageOfPage\":{\"@id\":\"https:\/\/dev.freakuence.nl\/de\/produkt\/devore-fidelity-o-baby\/#primaryimage\"},\"image\":{\"@id\":\"https:\/\/dev.freakuence.nl\/de\/produkt\/devore-fidelity-o-baby\/#primaryimage\"},\"thumbnailUrl\":\"https:\/\/dev.freakuence.nl\/wp-content\/uploads\/2026\/04\/17708074817298-17924-IMG0785.jpg\",\"datePublished\":\"2026-02-12T12:53:43+00:00\",\"dateModified\":\"2026-04-08T16:34:50+00:00\",\"description\":\"DeVore Fidelity O\/Baby: kompakter Lautsprecher mit gro\u00dfem Klang und nat\u00fcrlichem Ton. \u2713 Neue & gebrauchte HiFi-Ger\u00e4te \u2713 Kundenbewertung: 4.9 von 5 \u2713 H\u00f6rprobe buchen!\",\"breadcrumb\":{\"@id\":\"https:\/\/dev.freakuence.nl\/de\/produkt\/devore-fidelity-o-baby\/#breadcrumb\"},\"inLanguage\":\"de\",\"potentialAction\":[{\"@type\":\"ReadAction\",\"target\":[\"https:\/\/dev.freakuence.nl\/de\/produkt\/devore-fidelity-o-baby\/\"]}]},{\"@type\":\"ImageObject\",\"inLanguage\":\"de\",\"@id\":\"https:\/\/dev.freakuence.nl\/de\/produkt\/devore-fidelity-o-baby\/#primaryimage\",\"url\":\"https:\/\/dev.freakuence.nl\/wp-content\/uploads\/2026\/04\/17708074817298-17924-IMG0785.jpg\",\"contentUrl\":\"https:\/\/dev.freakuence.nl\/wp-content\/uploads\/2026\/04\/17708074817298-17924-IMG0785.jpg\",\"width\":1800,\"height\":1200},{\"@type\":\"BreadcrumbList\",\"@id\":\"https:\/\/dev.freakuence.nl\/de\/produkt\/devore-fidelity-o-baby\/#breadcrumb\",\"itemListElement\":[{\"@type\":\"ListItem\",\"position\":1,\"name\":\"Startseite\",\"item\":\"https:\/\/dev.freakuence.nl\/de\/\"},{\"@type\":\"ListItem\",\"position\":2,\"name\":\"Produkte\",\"item\":\"https:\/\/dev.freakuence.nl\/de\/produkte\/\"},{\"@type\":\"ListItem\",\"position\":3,\"name\":\"DeVore Fidelity O\/Baby\"}]},{\"@type\":\"WebSite\",\"@id\":\"https:\/\/dev.freakuence.nl\/de\/#website\",\"url\":\"https:\/\/dev.freakuence.nl\/de\/\",\"name\":\"Freakuence!\",\"description\":\"Freakuence!\",\"publisher\":{\"@id\":\"https:\/\/dev.freakuence.nl\/de\/#organization\"},\"alternateName\":\"Freakuence\",\"potentialAction\":[{\"@type\":\"SearchAction\",\"target\":{\"@type\":\"EntryPoint\",\"urlTemplate\":\"https:\/\/dev.freakuence.nl\/de\/?s={search_term_string}\"},\"query-input\":{\"@type\":\"PropertyValueSpecification\",\"valueRequired\":true,\"valueName\":\"search_term_string\"}}],\"inLanguage\":\"de\"},{\"@type\":\"Organization\",\"@id\":\"https:\/\/dev.freakuence.nl\/de\/#organization\",\"name\":\"Freakuence!\",\"url\":\"https:\/\/dev.freakuence.nl\/de\/\",\"logo\":{\"@type\":\"ImageObject\",\"inLanguage\":\"de\",\"@id\":\"https:\/\/dev.freakuence.nl\/de\/#\/schema\/logo\/image\/\",\"url\":\"https:\/\/dev.freakuence.nl\/wp-content\/uploads\/2022\/05\/Brown_3_RGB_Freakuence-1.png\",\"contentUrl\":\"https:\/\/dev.freakuence.nl\/wp-content\/uploads\/2022\/05\/Brown_3_RGB_Freakuence-1.png\",\"width\":2560,\"height\":684,\"caption\":\"Freakuence!\"},\"image\":{\"@id\":\"https:\/\/dev.freakuence.nl\/de\/#\/schema\/logo\/image\/\"},\"sameAs\":[\"https:\/\/www.instagram.com\/freakuence_notorious_audio\/\"]}]}<\/script>\n<!-- \/ Yoast SEO plugin. -->","yoast_head_json":{"title":"DeVore Fidelity O\/Baby | Freakuence!","description":"DeVore Fidelity O\/Baby: kompakter Lautsprecher mit gro\u00dfem Klang und nat\u00fcrlichem Ton. \u2713 Neue & gebrauchte HiFi-Ger\u00e4te \u2713 Kundenbewertung: 4.9 von 5 \u2713 H\u00f6rprobe buchen!","robots":{"index":"noindex","follow":"follow","max-snippet":"max-snippet:-1","max-image-preview":"max-image-preview:large","max-video-preview":"max-video-preview:-1"},"og_locale":"de_DE","og_type":"article","og_title":"DeVore Fidelity O\/Baby | Freakuence!","og_description":"DeVore Fidelity O\/Baby: kompakter Lautsprecher mit gro\u00dfem Klang und nat\u00fcrlichem Ton. \u2713 Neue & gebrauchte HiFi-Ger\u00e4te \u2713 Kundenbewertung: 4.9 von 5 \u2713 H\u00f6rprobe buchen!","og_url":"https:\/\/dev.freakuence.nl\/de\/produkt\/devore-fidelity-o-baby\/","og_site_name":"Freakuence!","article_modified_time":"2026-04-08T16:34:50+00:00","og_image":[{"width":1800,"height":1200,"url":"https:\/\/dev.freakuence.nl\/wp-content\/uploads\/2026\/04\/17708074817298-17924-IMG0785.jpg","type":"image\/jpeg"}],"twitter_card":"summary_large_image","schema":{"@context":"https:\/\/schema.org","@graph":[{"@type":"WebPage","@id":"https:\/\/dev.freakuence.nl\/de\/produkt\/devore-fidelity-o-baby\/","url":"https:\/\/dev.freakuence.nl\/de\/produkt\/devore-fidelity-o-baby\/","name":"DeVore Fidelity O\/Baby | Freakuence!","isPartOf":{"@id":"https:\/\/dev.freakuence.nl\/de\/#website"},"primaryImageOfPage":{"@id":"https:\/\/dev.freakuence.nl\/de\/produkt\/devore-fidelity-o-baby\/#primaryimage"},"image":{"@id":"https:\/\/dev.freakuence.nl\/de\/produkt\/devore-fidelity-o-baby\/#primaryimage"},"thumbnailUrl":"https:\/\/dev.freakuence.nl\/wp-content\/uploads\/2026\/04\/17708074817298-17924-IMG0785.jpg","datePublished":"2026-02-12T12:53:43+00:00","dateModified":"2026-04-08T16:34:50+00:00","description":"DeVore Fidelity O\/Baby: kompakter Lautsprecher mit gro\u00dfem Klang und nat\u00fcrlichem Ton. \u2713 Neue & gebrauchte HiFi-Ger\u00e4te \u2713 Kundenbewertung: 4.9 von 5 \u2713 H\u00f6rprobe buchen!","breadcrumb":{"@id":"https:\/\/dev.freakuence.nl\/de\/produkt\/devore-fidelity-o-baby\/#breadcrumb"},"inLanguage":"de","potentialAction":[{"@type":"ReadAction","target":["https:\/\/dev.freakuence.nl\/de\/produkt\/devore-fidelity-o-baby\/"]}]},{"@type":"ImageObject","inLanguage":"de","@id":"https:\/\/dev.freakuence.nl\/de\/produkt\/devore-fidelity-o-baby\/#primaryimage","url":"https:\/\/dev.freakuence.nl\/wp-content\/uploads\/2026\/04\/17708074817298-17924-IMG0785.jpg","contentUrl":"https:\/\/dev.freakuence.nl\/wp-content\/uploads\/2026\/04\/17708074817298-17924-IMG0785.jpg","width":1800,"height":1200},{"@type":"BreadcrumbList","@id":"https:\/\/dev.freakuence.nl\/de\/produkt\/devore-fidelity-o-baby\/#breadcrumb","itemListElement":[{"@type":"ListItem","position":1,"name":"Startseite","item":"https:\/\/dev.freakuence.nl\/de\/"},{"@type":"ListItem","position":2,"name":"Produkte","item":"https:\/\/dev.freakuence.nl\/de\/produkte\/"},{"@type":"ListItem","position":3,"name":"DeVore Fidelity O\/Baby"}]},{"@type":"WebSite","@id":"https:\/\/dev.freakuence.nl\/de\/#website","url":"https:\/\/dev.freakuence.nl\/de\/","name":"Freakuence!","description":"Freakuence!","publisher":{"@id":"https:\/\/dev.freakuence.nl\/de\/#organization"},"alternateName":"Freakuence","potentialAction":[{"@type":"SearchAction","target":{"@type":"EntryPoint","urlTemplate":"https:\/\/dev.freakuence.nl\/de\/?s={search_term_string}"},"query-input":{"@type":"PropertyValueSpecification","valueRequired":true,"valueName":"search_term_string"}}],"inLanguage":"de"},{"@type":"Organization","@id":"https:\/\/dev.freakuence.nl\/de\/#organization","name":"Freakuence!","url":"https:\/\/dev.freakuence.nl\/de\/","logo":{"@type":"ImageObject","inLanguage":"de","@id":"https:\/\/dev.freakuence.nl\/de\/#\/schema\/logo\/image\/","url":"https:\/\/dev.freakuence.nl\/wp-content\/uploads\/2022\/05\/Brown_3_RGB_Freakuence-1.png","contentUrl":"https:\/\/dev.freakuence.nl\/wp-content\/uploads\/2022\/05\/Brown_3_RGB_Freakuence-1.png","width":2560,"height":684,"caption":"Freakuence!"},"image":{"@id":"https:\/\/dev.freakuence.nl\/de\/#\/schema\/logo\/image\/"},"sameAs":["https:\/\/www.instagram.com\/freakuence_notorious_audio\/"]}]}},"_links":{"self":[{"href":"https:\/\/dev.freakuence.nl\/de\/wp-json\/wp\/v2\/product\/348576","targetHints":{"allow":["GET"]}}],"collection":[{"href":"https:\/\/dev.freakuence.nl\/de\/wp-json\/wp\/v2\/product"}],"about":[{"href":"https:\/\/dev.freakuence.nl\/de\/wp-json\/wp\/v2\/types\/product"}],"wp:featuredmedia":[{"embeddable":true,"href":"https:\/\/dev.freakuence.nl\/de\/wp-json\/wp\/v2\/media\/383636"}],"wp:attachment":[{"href":"https:\/\/dev.freakuence.nl\/de\/wp-json\/wp\/v2\/media?parent=348576"}],"wp:term":[{"taxonomy":"product_brand","embeddable":true,"href":"https:\/\/dev.freakuence.nl\/de\/wp-json\/wp\/v2\/product_brand?post=348576"},{"taxonomy":"product_cat","embeddable":true,"href":"https:\/\/dev.freakuence.nl\/de\/wp-json\/wp\/v2\/product_cat?post=348576"},{"taxonomy":"product_tag","embeddable":true,"href":"https:\/\/dev.freakuence.nl\/de\/wp-json\/wp\/v2\/product_tag?post=348576"}],"curies":[{"name":"wp","href":"https:\/\/api.w.org\/{rel}","templated":true}]}}