{"id":355634,"date":"2026-02-27T09:43:16","date_gmt":"2026-02-27T08:43:16","guid":{"rendered":"https:\/\/freakuence.nl\/product\/merrill-audio-element-116-2\/"},"modified":"2026-04-10T15:47:28","modified_gmt":"2026-04-10T13:47:28","slug":"merrill-audio-element-116-2","status":"publish","type":"product","link":"https:\/\/dev.freakuence.nl\/de\/produkt\/merrill-audio-element-116-2\/","title":{"rendered":"Merrill Audio Element 116"},"content":{"rendered":"<div class=\"product-specifications-list\">\n<div class=\"specification-item row-header\"><span class=\"spec-content\"><strong>Beschreibung Freakuence!<\/strong><\/span><\/div>\n<div class=\"specification-item row-even\"><span class=\"spec-content\">Perlen! Sehr stabil. Und schnell sind sie auch noch. Das Timing ist erhaben. Auch die Positionierung ist sehr genau.     Und wundervoll voll im Klang.<\/span><\/div>\n<div class=\"specification-item row-odd\"><span class=\"spec-content\">Ladenpreis: 27000.00<\/span><\/div>\n<div class=\"specification-item row-header\"><span class=\"spec-content\"><strong>Details<\/strong><\/span><\/div>\n<div class=\"specification-item row-even\"><span class=\"spec-content\">Sie sind auf IsoAcoustics-D\u00e4mpfern montiert. Einige kleinere Verschmutzungen, siehe Fotos! <\/span><\/div>\n<div class=\"specification-item row-header\"><span class=\"spec-content\"><strong>Allgemeine Beschreibung<\/strong><\/span><\/div>\n<div class=\"specification-item row-even\"><span class=\"spec-content\">Die Merrill Audio Element 116 Monoblock-Leistungsverst\u00e4rker kombinieren fortschrittliche Technologie mit elegantem Design. Sie verwenden Galliumnitrid-Transistoren (GaN), die f\u00fcr ihre Geschwindigkeit und Effizienz bekannt sind. Dies f\u00fchrt zu einer detaillierten und pr\u00e4zisen Wiedergabe von Musik. Das r\u00fcckkopplungsfreie Design tr\u00e4gt zu einem transparenten und nat\u00fcrlichen Klang bei. Das Geh\u00e4use ist in hochgl\u00e4nzendem Nickel mit ros\u00e9goldenen Akzenten gehalten, was f\u00fcr einen eleganten Look sorgt. Die Verst\u00e4rker verf\u00fcgen \u00fcber hochwertige Komponenten, wie rhodinierte Stromanschl\u00fcsse und Lautsprecheranschl\u00fcsse aus reinem Kupfer. Sie sind f\u00fcr den Betrieb einer breiten Palette von Lautsprechern ausgelegt und bieten eine kraftvolle und kontrollierte Klangwiedergabe. Die Element 116 Verst\u00e4rker eignen sich f\u00fcr H\u00f6rer, die eine Kombination aus technischer Raffinesse und \u00e4sthetischem Reiz suchen.       <\/span><\/div>\n<div class=\"specification-item row-header\"><span class=\"spec-content\"><strong>Hintergrundinformationen<\/strong><\/span><\/div>\n<div class=\"specification-item row-even\"><span class=\"spec-content\">Das Merrill Audio Element 116 wurde mit Blick auf maximale Transparenz und Geschwindigkeit entwickelt und verwendet die propriet\u00e4re ZXOL-Verst\u00e4rkerplattform ohne globale R\u00fcckkopplung. Das Designteam unter der Leitung von Merrill Wettasinghe entschied sich f\u00fcr extrem schnelle GaN FET-Transistoren und eine vollst\u00e4ndig symmetrische Architektur. Das Geh\u00e4use besteht aus massivem Aluminium f\u00fcr optimale Abschirmung und Vibrationsd\u00e4mpfung.  <\/span><\/div>\n<div class=\"specification-item row-header\"><span class=\"spec-content\"><strong>Geschichte der Marke<\/strong><\/span><\/div>\n<div class=\"specification-item row-even\"><span class=\"spec-content\">Merrill Audio wurde 2011 von Merrill Wettasinghe in New Jersey, USA, gegr\u00fcndet. Bevor er Merrill Audio gr\u00fcndete, arbeitete Wettasinghe als Ingenieur bei Unternehmen wie Hewlett-Packard und Sun Microsystems. Merrill Audio hat eine Reihe von Produkten entwickelt, darunter Monobl\u00f6cke, Stereoverst\u00e4rker und Vorverst\u00e4rker. Das Unternehmen verwendet u.a. GaN-Transistoren, aus massivem Aluminium gefr\u00e4ste Chassis und transformatorlose Netzteile. Mehrere Modelle der Marke tragen Bezeichnungen wie Element 118, Element 116 und Element 114. Die Produkte von Merrill Audio werden in den Vereinigten Staaten hergestellt. Das Unternehmen nennt Phasenkoh\u00e4renz, Geschwindigkeit und niedrige Rauschpegel als Designziele f\u00fcr seine Elektronik.      <\/span><\/div>\n<\/div>\n","protected":false},"excerpt":{"rendered":"<p>Beschreibung Freakuence! Perlen! Sehr stabil. Und schnell sind sie auch noch. Das Timing ist erhaben. Auch die Positionierung ist sehr genau. Und wundervoll voll im Klang. Ladenpreis: 27000.00 Details Sie sind auf IsoAcoustics-D\u00e4mpfern montiert. Einige kleinere Verschmutzungen, siehe Fotos! Allgemeine Beschreibung Die Merrill Audio Element 116 Monoblock-Leistungsverst\u00e4rker kombinieren fortschrittliche Technologie mit elegantem Design. Sie verwenden [&hellip;]<\/p>\n","protected":false},"featured_media":374874,"template":"","meta":{"_acf_changed":false,"inline_featured_image":false},"product_brand":[],"product_cat":[769,750,532],"product_tag":[534],"class_list":{"0":"post-355634","1":"product","2":"type-product","3":"status-publish","4":"has-post-thumbnail","6":"product_cat-klasse-a-klasse-a-b","7":"product_cat-leistungsverstarker","8":"product_cat-verstarker","9":"product_tag-benutzt","11":"first","12":"instock","13":"sold-individually","14":"purchasable","15":"product-type-simple"},"acf":{"website":true,"show_on_homepage":false,"brand_title":"Merrill Audio","product_type":"Element 116","color":"","subcolor":"","reserved_status":"0"},"_links":{"self":[{"href":"https:\/\/dev.freakuence.nl\/de\/wp-json\/wp\/v2\/product\/355634","targetHints":{"allow":["GET"]}}],"collection":[{"href":"https:\/\/dev.freakuence.nl\/de\/wp-json\/wp\/v2\/product"}],"about":[{"href":"https:\/\/dev.freakuence.nl\/de\/wp-json\/wp\/v2\/types\/product"}],"wp:featuredmedia":[{"embeddable":true,"href":"https:\/\/dev.freakuence.nl\/de\/wp-json\/wp\/v2\/media\/374874"}],"wp:attachment":[{"href":"https:\/\/dev.freakuence.nl\/de\/wp-json\/wp\/v2\/media?parent=355634"}],"wp:term":[{"taxonomy":"product_brand","embeddable":true,"href":"https:\/\/dev.freakuence.nl\/de\/wp-json\/wp\/v2\/product_brand?post=355634"},{"taxonomy":"product_cat","embeddable":true,"href":"https:\/\/dev.freakuence.nl\/de\/wp-json\/wp\/v2\/product_cat?post=355634"},{"taxonomy":"product_tag","embeddable":true,"href":"https:\/\/dev.freakuence.nl\/de\/wp-json\/wp\/v2\/product_tag?post=355634"}],"curies":[{"name":"wp","href":"https:\/\/api.w.org\/{rel}","templated":true}]}}