{"id":355830,"date":"2026-02-27T10:47:15","date_gmt":"2026-02-27T09:47:15","guid":{"rendered":"https:\/\/freakuence.nl\/product\/synthese-roma-510-ac-unterschrift\/"},"modified":"2026-04-10T15:48:23","modified_gmt":"2026-04-10T13:48:23","slug":"synthese-roma-510-ac-unterschrift","status":"publish","type":"product","link":"https:\/\/dev.freakuence.nl\/de\/produkt\/synthese-roma-510-ac-unterschrift\/","title":{"rendered":"Synthese Roma 510 AC Unterschrift"},"content":{"rendered":"<div class=\"product-specifications-list\">\n<div class=\"specification-item row-header\"><span class=\"spec-content\"><strong>Beschreibung Freakuence!<\/strong><\/span><\/div>\n<div class=\"specification-item row-even\"><span class=\"spec-content\">Der Synthesis Roma 510 AC Signature liefert eine warme und nat\u00fcrliche Wiedergabe mit einer breiten und tiefen Klangb\u00fchne. Die Mitten sind satt und detailliert, w\u00e4hrend die H\u00f6hen klar und weich klingen. Die Dynamik ist lebendig und reaktionsschnell und sorgt f\u00fcr ein intensives Erlebnis. Die Tieftonwiedergabe ist straff und kontrolliert, ohne \u00fcberm\u00e4chtig zu sein. All dies macht ihn zu einer ausgezeichneten Wahl f\u00fcr Liebhaber verschiedener Musikstile.    <\/span><\/div>\n<div class=\"specification-item row-odd\"><span class=\"spec-content\">Ladenpreis: 6150.00<\/span><\/div>\n<div class=\"specification-item row-header\"><span class=\"spec-content\"><strong>Details<\/strong><\/span><\/div>\n<div class=\"specification-item row-even\"><span class=\"spec-content\">Das Ger\u00e4t ist vom Januar 2026 und wurde hier Mitte Februar in Zahlung gegeben.<\/span><\/div>\n<div class=\"specification-item row-header\"><span class=\"spec-content\"><strong>Allgemeine Beschreibung<\/strong><\/span><\/div>\n<div class=\"specification-item row-even\"><span class=\"spec-content\">Der Synthesis Roma 510 AC Signature ist ein integrierter R\u00f6hrenverst\u00e4rker, der italienische Handwerkskunst mit hochwertiger Audioleistung verbindet. Mit einer Push-Pull-Konfiguration von KT88-R\u00f6hren liefert dieser Verst\u00e4rker ein kraftvolles und dynamisches Klangbild, das sich durch Details und ein breites Stereobild auszeichnet.  <\/p>\n<p>Dieser Verst\u00e4rker ist sowohl mit RCA- und XLR-Eing\u00e4ngen als auch mit einem Phonoeingang ausgestattet, der sowohl f\u00fcr MM- als auch f\u00fcr MC-Elemente geeignet ist und somit vielseitige Anschlussm\u00f6glichkeiten bietet. Die Verwendung von Ringkerntransformatoren tr\u00e4gt zu einer effizienten Stromversorgung bei und minimiert Interferenzen, was zu einer reinen Klangwiedergabe f\u00fchrt.  <\/p>\n<p>Mit dem Synthesis Roma 510 AC Signature erhalten Sie einen Verst\u00e4rker, der Ihre Musiksammlung zum Leben erweckt. Vereinbaren Sie einen H\u00f6rtermin und \u00fcberzeugen Sie sich selbst von der beeindruckenden Dynamik und dem detaillierten Klangbild. <\/span><\/div>\n<div class=\"specification-item row-header\"><span class=\"spec-content\"><strong>Hintergrundinformationen<\/strong><\/span><\/div>\n<div class=\"specification-item row-even\"><span class=\"spec-content\">Der Synthesis Roma 510 AC Signature ist ein integrierter R\u00f6hrenverst\u00e4rker, der f\u00fcr seinen warmen und dynamischen Klang bekannt ist. Von Synthesis-Ingenieuren entwickelt, verk\u00f6rpert dieser Verst\u00e4rker die italienische Leidenschaft f\u00fcr Musik und Handwerkskunst. Das Geh\u00e4use ist aus robusten Materialien gefertigt und mit einem eleganten Finish versehen. Hochwertige Komponenten wie EL34-Leistungsr\u00f6hren und ECC88-Vorstufenr\u00f6hren sorgen f\u00fcr einen klaren und kraftvollen Klang. Die interne Verkabelung wird von Hand vorgenommen, um minimale Signalverluste und einen reinen Klang zu gew\u00e4hrleisten. Die Produktionsmethoden kombinieren traditionelle Techniken mit innovativen Technologien, um eine optimale Leistung zu gew\u00e4hrleisten.     <\/span><\/div>\n<div class=\"specification-item row-header\"><span class=\"spec-content\"><strong>Geschichte der Marke<\/strong><\/span><\/div>\n<div class=\"specification-item row-even\"><span class=\"spec-content\">Synthesis Art in Music wurde 1992 von Luigi Lorenzon gegr\u00fcndet. Das Unternehmen hat seinen Sitz in Morrovalle, Italien, in der Via Vanvitelli 14\/A. Synthesis stellt mehrere Produktlinien her, darunter die Roma-, Action-, Metropolis- und FCO-Serien, sowie Zubeh\u00f6r wie Netzkabel. Alle Produkte werden in Italien handgefertigt.   <\/span><\/div>\n<\/div>\n","protected":false},"excerpt":{"rendered":"<p>Beschreibung Freakuence! Der Synthesis Roma 510 AC Signature liefert eine warme und nat\u00fcrliche Wiedergabe mit einer breiten und tiefen Klangb\u00fchne. Die Mitten sind satt und detailliert, w\u00e4hrend die H\u00f6hen klar und weich klingen. Die Dynamik ist lebendig und reaktionsschnell und sorgt f\u00fcr ein intensives Erlebnis. Die Tieftonwiedergabe ist straff und kontrolliert, ohne \u00fcberm\u00e4chtig zu sein. [&hellip;]<\/p>\n","protected":false},"featured_media":391419,"template":"","meta":{"_acf_changed":false,"inline_featured_image":false},"product_brand":[],"product_cat":[557,744,532],"product_tag":[534],"class_list":{"0":"post-355830","1":"product","2":"type-product","3":"status-publish","4":"has-post-thumbnail","6":"product_cat-rohrenverstarker","7":"product_cat-stereo-verstarker","8":"product_cat-verstarker","9":"product_tag-benutzt","10":"pa_kleur-schwarz","12":"first","13":"instock","14":"sold-individually","15":"purchasable","16":"product-type-simple"},"acf":{"website":true,"show_on_homepage":false,"brand_title":"Synthesis","product_type":"Roma 510 AC Signature","color":"Schwarz","subcolor":"","reserved_status":"0"},"yoast_head":"<!-- This site is optimized with the Yoast SEO plugin v25.9 - https:\/\/yoast.com\/wordpress\/plugins\/seo\/ -->\n<title>Synthese Roma 510 AC Unterschrift | Freakuence!<\/title>\n<meta name=\"description\" content=\"Synthesis Roma 510AC Signature: 80W R\u00f6hrenverst\u00e4rker mit KT88 R\u00f6hren, XLR Eingang und MM\/MC Phono. \u2713 Neues &amp; Gebrauchtes HiFi \u2713 Kundenbewertung: 4.9 von 5 \u2713 Inzahlungnahme \u2713 H\u00f6rprobe\" \/>\n<meta name=\"robots\" content=\"noindex, follow, max-snippet:-1, max-image-preview:large, max-video-preview:-1\" \/>\n<meta property=\"og:locale\" content=\"de_DE\" \/>\n<meta property=\"og:type\" content=\"article\" \/>\n<meta property=\"og:title\" content=\"Synthese Roma 510 AC Unterschrift | Freakuence!\" \/>\n<meta property=\"og:description\" content=\"Synthesis Roma 510AC Signature: 80W R\u00f6hrenverst\u00e4rker mit KT88 R\u00f6hren, XLR Eingang und MM\/MC Phono. \u2713 Neues &amp; Gebrauchtes HiFi \u2713 Kundenbewertung: 4.9 von 5 \u2713 Inzahlungnahme \u2713 H\u00f6rprobe\" \/>\n<meta property=\"og:url\" content=\"https:\/\/dev.freakuence.nl\/de\/produkt\/synthese-roma-510-ac-unterschrift\/\" \/>\n<meta property=\"og:site_name\" content=\"Freakuence!\" \/>\n<meta property=\"article:modified_time\" content=\"2026-04-10T13:48:23+00:00\" \/>\n<meta property=\"og:image\" content=\"https:\/\/dev.freakuence.nl\/wp-content\/uploads\/2026\/04\/17721891176682-19042-IMG1845.jpg\" \/>\n\t<meta property=\"og:image:width\" content=\"1800\" \/>\n\t<meta property=\"og:image:height\" content=\"1200\" \/>\n\t<meta property=\"og:image:type\" content=\"image\/jpeg\" \/>\n<meta name=\"twitter:card\" content=\"summary_large_image\" \/>\n<script type=\"application\/ld+json\" class=\"yoast-schema-graph\">{\"@context\":\"https:\/\/schema.org\",\"@graph\":[{\"@type\":\"WebPage\",\"@id\":\"https:\/\/dev.freakuence.nl\/de\/produkt\/synthese-roma-510-ac-unterschrift\/\",\"url\":\"https:\/\/dev.freakuence.nl\/de\/produkt\/synthese-roma-510-ac-unterschrift\/\",\"name\":\"Synthese Roma 510 AC Unterschrift | Freakuence!\",\"isPartOf\":{\"@id\":\"https:\/\/dev.freakuence.nl\/de\/#website\"},\"primaryImageOfPage\":{\"@id\":\"https:\/\/dev.freakuence.nl\/de\/produkt\/synthese-roma-510-ac-unterschrift\/#primaryimage\"},\"image\":{\"@id\":\"https:\/\/dev.freakuence.nl\/de\/produkt\/synthese-roma-510-ac-unterschrift\/#primaryimage\"},\"thumbnailUrl\":\"https:\/\/dev.freakuence.nl\/wp-content\/uploads\/2026\/04\/17721891176682-19042-IMG1845.jpg\",\"datePublished\":\"2026-02-27T09:47:15+00:00\",\"dateModified\":\"2026-04-10T13:48:23+00:00\",\"description\":\"Synthesis Roma 510AC Signature: 80W R\u00f6hrenverst\u00e4rker mit KT88 R\u00f6hren, XLR Eingang und MM\/MC Phono. \u2713 Neues & Gebrauchtes HiFi \u2713 Kundenbewertung: 4.9 von 5 \u2713 Inzahlungnahme \u2713 H\u00f6rprobe\",\"breadcrumb\":{\"@id\":\"https:\/\/dev.freakuence.nl\/de\/produkt\/synthese-roma-510-ac-unterschrift\/#breadcrumb\"},\"inLanguage\":\"de\",\"potentialAction\":[{\"@type\":\"ReadAction\",\"target\":[\"https:\/\/dev.freakuence.nl\/de\/produkt\/synthese-roma-510-ac-unterschrift\/\"]}]},{\"@type\":\"ImageObject\",\"inLanguage\":\"de\",\"@id\":\"https:\/\/dev.freakuence.nl\/de\/produkt\/synthese-roma-510-ac-unterschrift\/#primaryimage\",\"url\":\"https:\/\/dev.freakuence.nl\/wp-content\/uploads\/2026\/04\/17721891176682-19042-IMG1845.jpg\",\"contentUrl\":\"https:\/\/dev.freakuence.nl\/wp-content\/uploads\/2026\/04\/17721891176682-19042-IMG1845.jpg\",\"width\":1800,\"height\":1200},{\"@type\":\"BreadcrumbList\",\"@id\":\"https:\/\/dev.freakuence.nl\/de\/produkt\/synthese-roma-510-ac-unterschrift\/#breadcrumb\",\"itemListElement\":[{\"@type\":\"ListItem\",\"position\":1,\"name\":\"Startseite\",\"item\":\"https:\/\/dev.freakuence.nl\/de\/\"},{\"@type\":\"ListItem\",\"position\":2,\"name\":\"Produkte\",\"item\":\"https:\/\/dev.freakuence.nl\/de\/produkte\/\"},{\"@type\":\"ListItem\",\"position\":3,\"name\":\"Synthesis Roma 510 AC Signature\"}]},{\"@type\":\"WebSite\",\"@id\":\"https:\/\/dev.freakuence.nl\/de\/#website\",\"url\":\"https:\/\/dev.freakuence.nl\/de\/\",\"name\":\"Freakuence!\",\"description\":\"Freakuence!\",\"publisher\":{\"@id\":\"https:\/\/dev.freakuence.nl\/de\/#organization\"},\"alternateName\":\"Freakuence\",\"potentialAction\":[{\"@type\":\"SearchAction\",\"target\":{\"@type\":\"EntryPoint\",\"urlTemplate\":\"https:\/\/dev.freakuence.nl\/de\/?s={search_term_string}\"},\"query-input\":{\"@type\":\"PropertyValueSpecification\",\"valueRequired\":true,\"valueName\":\"search_term_string\"}}],\"inLanguage\":\"de\"},{\"@type\":\"Organization\",\"@id\":\"https:\/\/dev.freakuence.nl\/de\/#organization\",\"name\":\"Freakuence!\",\"url\":\"https:\/\/dev.freakuence.nl\/de\/\",\"logo\":{\"@type\":\"ImageObject\",\"inLanguage\":\"de\",\"@id\":\"https:\/\/dev.freakuence.nl\/de\/#\/schema\/logo\/image\/\",\"url\":\"https:\/\/dev.freakuence.nl\/wp-content\/uploads\/2022\/05\/Brown_3_RGB_Freakuence-1.png\",\"contentUrl\":\"https:\/\/dev.freakuence.nl\/wp-content\/uploads\/2022\/05\/Brown_3_RGB_Freakuence-1.png\",\"width\":2560,\"height\":684,\"caption\":\"Freakuence!\"},\"image\":{\"@id\":\"https:\/\/dev.freakuence.nl\/de\/#\/schema\/logo\/image\/\"},\"sameAs\":[\"https:\/\/www.instagram.com\/freakuence_notorious_audio\/\"]}]}<\/script>\n<!-- \/ Yoast SEO plugin. -->","yoast_head_json":{"title":"Synthese Roma 510 AC Unterschrift | Freakuence!","description":"Synthesis Roma 510AC Signature: 80W R\u00f6hrenverst\u00e4rker mit KT88 R\u00f6hren, XLR Eingang und MM\/MC Phono. \u2713 Neues & Gebrauchtes HiFi \u2713 Kundenbewertung: 4.9 von 5 \u2713 Inzahlungnahme \u2713 H\u00f6rprobe","robots":{"index":"noindex","follow":"follow","max-snippet":"max-snippet:-1","max-image-preview":"max-image-preview:large","max-video-preview":"max-video-preview:-1"},"og_locale":"de_DE","og_type":"article","og_title":"Synthese Roma 510 AC Unterschrift | Freakuence!","og_description":"Synthesis Roma 510AC Signature: 80W R\u00f6hrenverst\u00e4rker mit KT88 R\u00f6hren, XLR Eingang und MM\/MC Phono. \u2713 Neues & Gebrauchtes HiFi \u2713 Kundenbewertung: 4.9 von 5 \u2713 Inzahlungnahme \u2713 H\u00f6rprobe","og_url":"https:\/\/dev.freakuence.nl\/de\/produkt\/synthese-roma-510-ac-unterschrift\/","og_site_name":"Freakuence!","article_modified_time":"2026-04-10T13:48:23+00:00","og_image":[{"width":1800,"height":1200,"url":"https:\/\/dev.freakuence.nl\/wp-content\/uploads\/2026\/04\/17721891176682-19042-IMG1845.jpg","type":"image\/jpeg"}],"twitter_card":"summary_large_image","schema":{"@context":"https:\/\/schema.org","@graph":[{"@type":"WebPage","@id":"https:\/\/dev.freakuence.nl\/de\/produkt\/synthese-roma-510-ac-unterschrift\/","url":"https:\/\/dev.freakuence.nl\/de\/produkt\/synthese-roma-510-ac-unterschrift\/","name":"Synthese Roma 510 AC Unterschrift | Freakuence!","isPartOf":{"@id":"https:\/\/dev.freakuence.nl\/de\/#website"},"primaryImageOfPage":{"@id":"https:\/\/dev.freakuence.nl\/de\/produkt\/synthese-roma-510-ac-unterschrift\/#primaryimage"},"image":{"@id":"https:\/\/dev.freakuence.nl\/de\/produkt\/synthese-roma-510-ac-unterschrift\/#primaryimage"},"thumbnailUrl":"https:\/\/dev.freakuence.nl\/wp-content\/uploads\/2026\/04\/17721891176682-19042-IMG1845.jpg","datePublished":"2026-02-27T09:47:15+00:00","dateModified":"2026-04-10T13:48:23+00:00","description":"Synthesis Roma 510AC Signature: 80W R\u00f6hrenverst\u00e4rker mit KT88 R\u00f6hren, XLR Eingang und MM\/MC Phono. \u2713 Neues & Gebrauchtes HiFi \u2713 Kundenbewertung: 4.9 von 5 \u2713 Inzahlungnahme \u2713 H\u00f6rprobe","breadcrumb":{"@id":"https:\/\/dev.freakuence.nl\/de\/produkt\/synthese-roma-510-ac-unterschrift\/#breadcrumb"},"inLanguage":"de","potentialAction":[{"@type":"ReadAction","target":["https:\/\/dev.freakuence.nl\/de\/produkt\/synthese-roma-510-ac-unterschrift\/"]}]},{"@type":"ImageObject","inLanguage":"de","@id":"https:\/\/dev.freakuence.nl\/de\/produkt\/synthese-roma-510-ac-unterschrift\/#primaryimage","url":"https:\/\/dev.freakuence.nl\/wp-content\/uploads\/2026\/04\/17721891176682-19042-IMG1845.jpg","contentUrl":"https:\/\/dev.freakuence.nl\/wp-content\/uploads\/2026\/04\/17721891176682-19042-IMG1845.jpg","width":1800,"height":1200},{"@type":"BreadcrumbList","@id":"https:\/\/dev.freakuence.nl\/de\/produkt\/synthese-roma-510-ac-unterschrift\/#breadcrumb","itemListElement":[{"@type":"ListItem","position":1,"name":"Startseite","item":"https:\/\/dev.freakuence.nl\/de\/"},{"@type":"ListItem","position":2,"name":"Produkte","item":"https:\/\/dev.freakuence.nl\/de\/produkte\/"},{"@type":"ListItem","position":3,"name":"Synthesis Roma 510 AC Signature"}]},{"@type":"WebSite","@id":"https:\/\/dev.freakuence.nl\/de\/#website","url":"https:\/\/dev.freakuence.nl\/de\/","name":"Freakuence!","description":"Freakuence!","publisher":{"@id":"https:\/\/dev.freakuence.nl\/de\/#organization"},"alternateName":"Freakuence","potentialAction":[{"@type":"SearchAction","target":{"@type":"EntryPoint","urlTemplate":"https:\/\/dev.freakuence.nl\/de\/?s={search_term_string}"},"query-input":{"@type":"PropertyValueSpecification","valueRequired":true,"valueName":"search_term_string"}}],"inLanguage":"de"},{"@type":"Organization","@id":"https:\/\/dev.freakuence.nl\/de\/#organization","name":"Freakuence!","url":"https:\/\/dev.freakuence.nl\/de\/","logo":{"@type":"ImageObject","inLanguage":"de","@id":"https:\/\/dev.freakuence.nl\/de\/#\/schema\/logo\/image\/","url":"https:\/\/dev.freakuence.nl\/wp-content\/uploads\/2022\/05\/Brown_3_RGB_Freakuence-1.png","contentUrl":"https:\/\/dev.freakuence.nl\/wp-content\/uploads\/2022\/05\/Brown_3_RGB_Freakuence-1.png","width":2560,"height":684,"caption":"Freakuence!"},"image":{"@id":"https:\/\/dev.freakuence.nl\/de\/#\/schema\/logo\/image\/"},"sameAs":["https:\/\/www.instagram.com\/freakuence_notorious_audio\/"]}]}},"_links":{"self":[{"href":"https:\/\/dev.freakuence.nl\/de\/wp-json\/wp\/v2\/product\/355830","targetHints":{"allow":["GET"]}}],"collection":[{"href":"https:\/\/dev.freakuence.nl\/de\/wp-json\/wp\/v2\/product"}],"about":[{"href":"https:\/\/dev.freakuence.nl\/de\/wp-json\/wp\/v2\/types\/product"}],"wp:featuredmedia":[{"embeddable":true,"href":"https:\/\/dev.freakuence.nl\/de\/wp-json\/wp\/v2\/media\/391419"}],"wp:attachment":[{"href":"https:\/\/dev.freakuence.nl\/de\/wp-json\/wp\/v2\/media?parent=355830"}],"wp:term":[{"taxonomy":"product_brand","embeddable":true,"href":"https:\/\/dev.freakuence.nl\/de\/wp-json\/wp\/v2\/product_brand?post=355830"},{"taxonomy":"product_cat","embeddable":true,"href":"https:\/\/dev.freakuence.nl\/de\/wp-json\/wp\/v2\/product_cat?post=355830"},{"taxonomy":"product_tag","embeddable":true,"href":"https:\/\/dev.freakuence.nl\/de\/wp-json\/wp\/v2\/product_tag?post=355830"}],"curies":[{"name":"wp","href":"https:\/\/api.w.org\/{rel}","templated":true}]}}