{"id":359065,"date":"2026-03-06T13:47:21","date_gmt":"2026-03-06T12:47:21","guid":{"rendered":"https:\/\/freakuence.nl\/product\/pink-faun-roehrenverstaerker-1x50-2\/"},"modified":"2026-04-10T15:46:58","modified_gmt":"2026-04-10T13:46:58","slug":"pink-faun-roehrenverstaerker-1x50-2","status":"publish","type":"product","link":"https:\/\/dev.freakuence.nl\/de\/produkt\/pink-faun-roehrenverstaerker-1x50-2\/","title":{"rendered":"Pink Faun R\u00f6hrenverst\u00e4rker 1&#215;50"},"content":{"rendered":"<div class=\"product-specifications-list\">\n<div class=\"specification-item row-header\"><span class=\"spec-content\"><strong>Beschreibung Freakuence!<\/strong><\/span><\/div>\n<div class=\"specification-item row-even\"><span class=\"spec-content\">Zwei m\u00e4chtige und voll bewaffnete Musikfregatten. Gewalt, aber in Form von Musikalit\u00e4t. Diese R\u00f6hrenverst\u00e4rker wurden in kleinen St\u00fcckzahlen gebaut und werden daher selten angeboten. Sehr kraftvoll! Sch\u00f6n abgerundet.    <\/span><\/div>\n<div class=\"specification-item row-header\"><span class=\"spec-content\"><strong>Details<\/strong><\/span><\/div>\n<div class=\"specification-item row-even\"><span class=\"spec-content\">Besch\u00e4digung, siehe Fotos dazu!<\/span><\/div>\n<div class=\"specification-item row-header\"><span class=\"spec-content\"><strong>Allgemeine Beschreibung<\/strong><\/span><\/div>\n<div class=\"specification-item row-even\"><span class=\"spec-content\">Der Pink Faun Tube Amp 1&#215;50 ist ein Mono-R\u00f6hrenverst\u00e4rker, der f\u00fcr seine musikalische Leistung und Handwerkskunst bekannt ist. Mit seinem ausgewogenen Design liefert dieser Verst\u00e4rker eine warme und detaillierte Klangwiedergabe. Der Tube Amp 1&#215;50 ist handgefertigt und verwendet hochwertige Komponenten, die zu seiner Zuverl\u00e4ssigkeit und Langlebigkeit beitragen. Dieser Verst\u00e4rker ist so konzipiert, dass er nahtlos mit verschiedenen Lautsprechersystemen zusammenarbeitet und sich daher f\u00fcr unterschiedliche H\u00f6rumgebungen eignet. Die Kombination aus traditioneller R\u00f6hrentechnologie und sorgf\u00e4ltig ausgew\u00e4hlten Materialien f\u00fchrt zu einem authentischen und eindringlichen H\u00f6rerlebnis.    <\/span><\/div>\n<div class=\"specification-item row-header\"><span class=\"spec-content\"><strong>Geschichte der Marke<\/strong><\/span><\/div>\n<div class=\"specification-item row-even\"><span class=\"spec-content\">Pink Faun ist ein niederl\u00e4ndisches Unternehmen, das sich heute ausschlie\u00dflich auf die digitale Musikwiedergabe mit einem analogen Ansatz konzentriert. Das Unternehmen entwirft digitale Musikger\u00e4te als analoge Komponenten und kombiniert so die technischen Vorteile der digitalen Dom\u00e4ne mit der Musikalit\u00e4t der analogen. Ziel von Pink Faun ist es, Musikdateien aus einer kontrollierten digitalen Umgebung analog \u00fcber Lautsprecher oder Kopfh\u00f6rer wiederzugeben. Das Unternehmen hat seinen Sitz in Wageningen in den Niederlanden.   <\/span><\/div>\n<\/div>\n","protected":false},"excerpt":{"rendered":"<p>Beschreibung Freakuence! Zwei m\u00e4chtige und voll bewaffnete Musikfregatten. Gewalt, aber in Form von Musikalit\u00e4t. Diese R\u00f6hrenverst\u00e4rker wurden in kleinen St\u00fcckzahlen gebaut und werden daher selten angeboten. Sehr kraftvoll! Sch\u00f6n abgerundet. Details Besch\u00e4digung, siehe Fotos dazu! Allgemeine Beschreibung Der Pink Faun Tube Amp 1&#215;50 ist ein Mono-R\u00f6hrenverst\u00e4rker, der f\u00fcr seine musikalische Leistung und Handwerkskunst bekannt ist. [&hellip;]<\/p>\n","protected":false},"featured_media":391601,"template":"","meta":{"_acf_changed":false,"inline_featured_image":false},"product_brand":[],"product_cat":[557,744,532],"product_tag":[534],"class_list":{"0":"post-359065","1":"product","2":"type-product","3":"status-publish","4":"has-post-thumbnail","6":"product_cat-rohrenverstarker","7":"product_cat-stereo-verstarker","8":"product_cat-verstarker","9":"product_tag-benutzt","10":"pa_kleur-schwarz","12":"first","13":"instock","14":"sold-individually","15":"purchasable","16":"product-type-simple"},"acf":{"website":true,"show_on_homepage":false,"brand_title":"Pink Faun","product_type":"Tube Amp 1x50","color":"Schwarz","subcolor":"","reserved_status":"0"},"yoast_head":"<!-- This site is optimized with the Yoast SEO plugin v25.9 - https:\/\/yoast.com\/wordpress\/plugins\/seo\/ -->\n<title>Pink Faun R\u00f6hrenverst\u00e4rker 1x50 | Freakuence!<\/title>\n<meta name=\"description\" content=\"Pink Faun Tube Amp 1x50: leistungsstarker R\u00f6hrenverst\u00e4rker mit warmem, musikalischem Klang. \u2713 Neue &amp; gebrauchte HiFi-Ger\u00e4te \u2713 Kundenbewertung: 4.9 von 5 \u2713 Inzahlungnahme \u2713 H\u00f6rprobe\" \/>\n<meta name=\"robots\" content=\"noindex, follow, max-snippet:-1, max-image-preview:large, max-video-preview:-1\" \/>\n<meta property=\"og:locale\" content=\"de_DE\" \/>\n<meta property=\"og:type\" content=\"article\" \/>\n<meta property=\"og:title\" content=\"Pink Faun R\u00f6hrenverst\u00e4rker 1x50 | Freakuence!\" \/>\n<meta property=\"og:description\" content=\"Pink Faun Tube Amp 1x50: leistungsstarker R\u00f6hrenverst\u00e4rker mit warmem, musikalischem Klang. \u2713 Neue &amp; gebrauchte HiFi-Ger\u00e4te \u2713 Kundenbewertung: 4.9 von 5 \u2713 Inzahlungnahme \u2713 H\u00f6rprobe\" \/>\n<meta property=\"og:url\" content=\"https:\/\/dev.freakuence.nl\/de\/produkt\/pink-faun-roehrenverstaerker-1x50-2\/\" \/>\n<meta property=\"og:site_name\" content=\"Freakuence!\" \/>\n<meta property=\"article:modified_time\" content=\"2026-04-10T13:46:58+00:00\" \/>\n<meta property=\"og:image\" content=\"https:\/\/dev.freakuence.nl\/wp-content\/uploads\/2026\/04\/17728025116670-19075-IMG2001.jpg\" \/>\n\t<meta property=\"og:image:width\" content=\"1800\" \/>\n\t<meta property=\"og:image:height\" content=\"1200\" \/>\n\t<meta property=\"og:image:type\" content=\"image\/jpeg\" \/>\n<meta name=\"twitter:card\" content=\"summary_large_image\" \/>\n<script type=\"application\/ld+json\" class=\"yoast-schema-graph\">{\"@context\":\"https:\/\/schema.org\",\"@graph\":[{\"@type\":\"WebPage\",\"@id\":\"https:\/\/dev.freakuence.nl\/de\/produkt\/pink-faun-roehrenverstaerker-1x50-2\/\",\"url\":\"https:\/\/dev.freakuence.nl\/de\/produkt\/pink-faun-roehrenverstaerker-1x50-2\/\",\"name\":\"Pink Faun R\u00f6hrenverst\u00e4rker 1x50 | Freakuence!\",\"isPartOf\":{\"@id\":\"https:\/\/dev.freakuence.nl\/de\/#website\"},\"primaryImageOfPage\":{\"@id\":\"https:\/\/dev.freakuence.nl\/de\/produkt\/pink-faun-roehrenverstaerker-1x50-2\/#primaryimage\"},\"image\":{\"@id\":\"https:\/\/dev.freakuence.nl\/de\/produkt\/pink-faun-roehrenverstaerker-1x50-2\/#primaryimage\"},\"thumbnailUrl\":\"https:\/\/dev.freakuence.nl\/wp-content\/uploads\/2026\/04\/17728025116670-19075-IMG2001.jpg\",\"datePublished\":\"2026-03-06T12:47:21+00:00\",\"dateModified\":\"2026-04-10T13:46:58+00:00\",\"description\":\"Pink Faun Tube Amp 1x50: leistungsstarker R\u00f6hrenverst\u00e4rker mit warmem, musikalischem Klang. \u2713 Neue & gebrauchte HiFi-Ger\u00e4te \u2713 Kundenbewertung: 4.9 von 5 \u2713 Inzahlungnahme \u2713 H\u00f6rprobe\",\"breadcrumb\":{\"@id\":\"https:\/\/dev.freakuence.nl\/de\/produkt\/pink-faun-roehrenverstaerker-1x50-2\/#breadcrumb\"},\"inLanguage\":\"de\",\"potentialAction\":[{\"@type\":\"ReadAction\",\"target\":[\"https:\/\/dev.freakuence.nl\/de\/produkt\/pink-faun-roehrenverstaerker-1x50-2\/\"]}]},{\"@type\":\"ImageObject\",\"inLanguage\":\"de\",\"@id\":\"https:\/\/dev.freakuence.nl\/de\/produkt\/pink-faun-roehrenverstaerker-1x50-2\/#primaryimage\",\"url\":\"https:\/\/dev.freakuence.nl\/wp-content\/uploads\/2026\/04\/17728025116670-19075-IMG2001.jpg\",\"contentUrl\":\"https:\/\/dev.freakuence.nl\/wp-content\/uploads\/2026\/04\/17728025116670-19075-IMG2001.jpg\",\"width\":1800,\"height\":1200},{\"@type\":\"BreadcrumbList\",\"@id\":\"https:\/\/dev.freakuence.nl\/de\/produkt\/pink-faun-roehrenverstaerker-1x50-2\/#breadcrumb\",\"itemListElement\":[{\"@type\":\"ListItem\",\"position\":1,\"name\":\"Startseite\",\"item\":\"https:\/\/dev.freakuence.nl\/de\/\"},{\"@type\":\"ListItem\",\"position\":2,\"name\":\"Produkte\",\"item\":\"https:\/\/dev.freakuence.nl\/de\/produkte\/\"},{\"@type\":\"ListItem\",\"position\":3,\"name\":\"Pink Faun Tube Amp 1x50\"}]},{\"@type\":\"WebSite\",\"@id\":\"https:\/\/dev.freakuence.nl\/de\/#website\",\"url\":\"https:\/\/dev.freakuence.nl\/de\/\",\"name\":\"Freakuence!\",\"description\":\"Freakuence!\",\"publisher\":{\"@id\":\"https:\/\/dev.freakuence.nl\/de\/#organization\"},\"alternateName\":\"Freakuence\",\"potentialAction\":[{\"@type\":\"SearchAction\",\"target\":{\"@type\":\"EntryPoint\",\"urlTemplate\":\"https:\/\/dev.freakuence.nl\/de\/?s={search_term_string}\"},\"query-input\":{\"@type\":\"PropertyValueSpecification\",\"valueRequired\":true,\"valueName\":\"search_term_string\"}}],\"inLanguage\":\"de\"},{\"@type\":\"Organization\",\"@id\":\"https:\/\/dev.freakuence.nl\/de\/#organization\",\"name\":\"Freakuence!\",\"url\":\"https:\/\/dev.freakuence.nl\/de\/\",\"logo\":{\"@type\":\"ImageObject\",\"inLanguage\":\"de\",\"@id\":\"https:\/\/dev.freakuence.nl\/de\/#\/schema\/logo\/image\/\",\"url\":\"https:\/\/dev.freakuence.nl\/wp-content\/uploads\/2022\/05\/Brown_3_RGB_Freakuence-1.png\",\"contentUrl\":\"https:\/\/dev.freakuence.nl\/wp-content\/uploads\/2022\/05\/Brown_3_RGB_Freakuence-1.png\",\"width\":2560,\"height\":684,\"caption\":\"Freakuence!\"},\"image\":{\"@id\":\"https:\/\/dev.freakuence.nl\/de\/#\/schema\/logo\/image\/\"},\"sameAs\":[\"https:\/\/www.instagram.com\/freakuence_notorious_audio\/\"]}]}<\/script>\n<!-- \/ Yoast SEO plugin. -->","yoast_head_json":{"title":"Pink Faun R\u00f6hrenverst\u00e4rker 1x50 | Freakuence!","description":"Pink Faun Tube Amp 1x50: leistungsstarker R\u00f6hrenverst\u00e4rker mit warmem, musikalischem Klang. \u2713 Neue & gebrauchte HiFi-Ger\u00e4te \u2713 Kundenbewertung: 4.9 von 5 \u2713 Inzahlungnahme \u2713 H\u00f6rprobe","robots":{"index":"noindex","follow":"follow","max-snippet":"max-snippet:-1","max-image-preview":"max-image-preview:large","max-video-preview":"max-video-preview:-1"},"og_locale":"de_DE","og_type":"article","og_title":"Pink Faun R\u00f6hrenverst\u00e4rker 1x50 | Freakuence!","og_description":"Pink Faun Tube Amp 1x50: leistungsstarker R\u00f6hrenverst\u00e4rker mit warmem, musikalischem Klang. \u2713 Neue & gebrauchte HiFi-Ger\u00e4te \u2713 Kundenbewertung: 4.9 von 5 \u2713 Inzahlungnahme \u2713 H\u00f6rprobe","og_url":"https:\/\/dev.freakuence.nl\/de\/produkt\/pink-faun-roehrenverstaerker-1x50-2\/","og_site_name":"Freakuence!","article_modified_time":"2026-04-10T13:46:58+00:00","og_image":[{"width":1800,"height":1200,"url":"https:\/\/dev.freakuence.nl\/wp-content\/uploads\/2026\/04\/17728025116670-19075-IMG2001.jpg","type":"image\/jpeg"}],"twitter_card":"summary_large_image","schema":{"@context":"https:\/\/schema.org","@graph":[{"@type":"WebPage","@id":"https:\/\/dev.freakuence.nl\/de\/produkt\/pink-faun-roehrenverstaerker-1x50-2\/","url":"https:\/\/dev.freakuence.nl\/de\/produkt\/pink-faun-roehrenverstaerker-1x50-2\/","name":"Pink Faun R\u00f6hrenverst\u00e4rker 1x50 | Freakuence!","isPartOf":{"@id":"https:\/\/dev.freakuence.nl\/de\/#website"},"primaryImageOfPage":{"@id":"https:\/\/dev.freakuence.nl\/de\/produkt\/pink-faun-roehrenverstaerker-1x50-2\/#primaryimage"},"image":{"@id":"https:\/\/dev.freakuence.nl\/de\/produkt\/pink-faun-roehrenverstaerker-1x50-2\/#primaryimage"},"thumbnailUrl":"https:\/\/dev.freakuence.nl\/wp-content\/uploads\/2026\/04\/17728025116670-19075-IMG2001.jpg","datePublished":"2026-03-06T12:47:21+00:00","dateModified":"2026-04-10T13:46:58+00:00","description":"Pink Faun Tube Amp 1x50: leistungsstarker R\u00f6hrenverst\u00e4rker mit warmem, musikalischem Klang. \u2713 Neue & gebrauchte HiFi-Ger\u00e4te \u2713 Kundenbewertung: 4.9 von 5 \u2713 Inzahlungnahme \u2713 H\u00f6rprobe","breadcrumb":{"@id":"https:\/\/dev.freakuence.nl\/de\/produkt\/pink-faun-roehrenverstaerker-1x50-2\/#breadcrumb"},"inLanguage":"de","potentialAction":[{"@type":"ReadAction","target":["https:\/\/dev.freakuence.nl\/de\/produkt\/pink-faun-roehrenverstaerker-1x50-2\/"]}]},{"@type":"ImageObject","inLanguage":"de","@id":"https:\/\/dev.freakuence.nl\/de\/produkt\/pink-faun-roehrenverstaerker-1x50-2\/#primaryimage","url":"https:\/\/dev.freakuence.nl\/wp-content\/uploads\/2026\/04\/17728025116670-19075-IMG2001.jpg","contentUrl":"https:\/\/dev.freakuence.nl\/wp-content\/uploads\/2026\/04\/17728025116670-19075-IMG2001.jpg","width":1800,"height":1200},{"@type":"BreadcrumbList","@id":"https:\/\/dev.freakuence.nl\/de\/produkt\/pink-faun-roehrenverstaerker-1x50-2\/#breadcrumb","itemListElement":[{"@type":"ListItem","position":1,"name":"Startseite","item":"https:\/\/dev.freakuence.nl\/de\/"},{"@type":"ListItem","position":2,"name":"Produkte","item":"https:\/\/dev.freakuence.nl\/de\/produkte\/"},{"@type":"ListItem","position":3,"name":"Pink Faun Tube Amp 1x50"}]},{"@type":"WebSite","@id":"https:\/\/dev.freakuence.nl\/de\/#website","url":"https:\/\/dev.freakuence.nl\/de\/","name":"Freakuence!","description":"Freakuence!","publisher":{"@id":"https:\/\/dev.freakuence.nl\/de\/#organization"},"alternateName":"Freakuence","potentialAction":[{"@type":"SearchAction","target":{"@type":"EntryPoint","urlTemplate":"https:\/\/dev.freakuence.nl\/de\/?s={search_term_string}"},"query-input":{"@type":"PropertyValueSpecification","valueRequired":true,"valueName":"search_term_string"}}],"inLanguage":"de"},{"@type":"Organization","@id":"https:\/\/dev.freakuence.nl\/de\/#organization","name":"Freakuence!","url":"https:\/\/dev.freakuence.nl\/de\/","logo":{"@type":"ImageObject","inLanguage":"de","@id":"https:\/\/dev.freakuence.nl\/de\/#\/schema\/logo\/image\/","url":"https:\/\/dev.freakuence.nl\/wp-content\/uploads\/2022\/05\/Brown_3_RGB_Freakuence-1.png","contentUrl":"https:\/\/dev.freakuence.nl\/wp-content\/uploads\/2022\/05\/Brown_3_RGB_Freakuence-1.png","width":2560,"height":684,"caption":"Freakuence!"},"image":{"@id":"https:\/\/dev.freakuence.nl\/de\/#\/schema\/logo\/image\/"},"sameAs":["https:\/\/www.instagram.com\/freakuence_notorious_audio\/"]}]}},"_links":{"self":[{"href":"https:\/\/dev.freakuence.nl\/de\/wp-json\/wp\/v2\/product\/359065","targetHints":{"allow":["GET"]}}],"collection":[{"href":"https:\/\/dev.freakuence.nl\/de\/wp-json\/wp\/v2\/product"}],"about":[{"href":"https:\/\/dev.freakuence.nl\/de\/wp-json\/wp\/v2\/types\/product"}],"wp:featuredmedia":[{"embeddable":true,"href":"https:\/\/dev.freakuence.nl\/de\/wp-json\/wp\/v2\/media\/391601"}],"wp:attachment":[{"href":"https:\/\/dev.freakuence.nl\/de\/wp-json\/wp\/v2\/media?parent=359065"}],"wp:term":[{"taxonomy":"product_brand","embeddable":true,"href":"https:\/\/dev.freakuence.nl\/de\/wp-json\/wp\/v2\/product_brand?post=359065"},{"taxonomy":"product_cat","embeddable":true,"href":"https:\/\/dev.freakuence.nl\/de\/wp-json\/wp\/v2\/product_cat?post=359065"},{"taxonomy":"product_tag","embeddable":true,"href":"https:\/\/dev.freakuence.nl\/de\/wp-json\/wp\/v2\/product_tag?post=359065"}],"curies":[{"name":"wp","href":"https:\/\/api.w.org\/{rel}","templated":true}]}}