{"id":359507,"date":"2026-03-06T14:04:46","date_gmt":"2026-03-06T13:04:46","guid":{"rendered":"https:\/\/freakuence.nl\/product\/lebendige-klaenge-audio-warp-1\/"},"modified":"2026-04-08T14:46:02","modified_gmt":"2026-04-08T12:46:02","slug":"lebendige-klaenge-audio-warp-1","status":"publish","type":"product","link":"https:\/\/dev.freakuence.nl\/de\/produkt\/lebendige-klaenge-audio-warp-1\/","title":{"rendered":"Lebendige Kl\u00e4nge Audio Warp 1"},"content":{"rendered":"<div class=\"product-specifications-list\">\n<div class=\"specification-item row-header\"><span class=\"spec-content\"><strong>Beschreibung Freakuence!<\/strong><\/span><\/div>\n<div class=\"specification-item row-even\"><span class=\"spec-content\">Was ist das schon wieder? Leistung in einem kleinen Geh\u00e4use. Die Warp 1 \u00fcberbr\u00fcckt die Br\u00fccke ohne zus\u00e4tzliche F\u00e4rbung oder \u00fcberm\u00e4\u00dfige W\u00e4rme. Seine Klarheit und Detailwiedergabe sind sofort ersichtlich; subtile Nuancen. Der Bass ist straff und kraftvoll, aber nie \u00fcbertrieben, und die mittleren und hohen Frequenzen sind kristallklar, ohne scharf zu wirken.<\/span><\/div>\n<div class=\"specification-item row-header\"><span class=\"spec-content\"><strong>Allgemeine Beschreibung<\/strong><\/span><\/div>\n<div class=\"specification-item row-even\"><span class=\"spec-content\">Der Living Sounds Audio Warp 1 ist ein Stereo-Endverst\u00e4rker, der ein kraftvolles und detailliertes Klangbild liefert. Mit einer Leistung von 150 Watt pro Kanal an 8 Ohm und 250 Watt an 4 Ohm bietet dieser Verst\u00e4rker genug Power f\u00fcr eine Vielzahl von Lautsprechersystemen.  <\/p>\n<p>Dank der fortschrittlichen Class-D-Technologie sorgt der Warp 1 f\u00fcr eine pr\u00e4zise Musikwiedergabe mit einem breiten Stereobild und einer dynamischen Reaktion. Der Verst\u00e4rker ist sowohl mit symmetrischen als auch mit unsymmetrischen Eing\u00e4ngen ausgestattet und bietet somit Flexibilit\u00e4t beim Anschluss verschiedener Audioquellen.  <\/p>\n<p>M\u00f6chten Sie sich selbst von der Leistung des Living Sounds Audio Warp 1 \u00fcberzeugen? Vereinbaren Sie eine H\u00f6rsitzung in unserem H\u00f6rraum oder kontaktieren Sie uns, um die Inzahlungnahme zu besprechen. <\/span><\/div>\n<div class=\"specification-item row-header\"><span class=\"spec-content\"><strong>Hintergrundinformationen<\/strong><\/span><\/div>\n<div class=\"specification-item row-even\"><span class=\"spec-content\">Living Sounds Audio (LSA) stellt mit dem Warp 1 einen modernen Verst\u00e4rker vor, der Design und Leistung in sich vereint. Entwickelt von erfahrenen Ingenieuren, legt LSA den Fokus auf hochwertige Audioqualit\u00e4t mit einem einfachen Design. Der Warp 1 verwendet sorgf\u00e4ltig ausgew\u00e4hlte Komponenten, darunter audiophile Kondensatoren und Widerst\u00e4nde, um einen reinen Klang zu gew\u00e4hrleisten. Das Geh\u00e4use ist aus robustem Aluminium gefertigt, das nicht nur langlebig ist, sondern auch unerw\u00fcnschte Vibrationen reduziert. Das interne Design zielt auf einen m\u00f6glichst kurzen Signalweg ab, wobei die interne Verkabelung strengen Qualit\u00e4tsstandards unterliegt. Diese Philosophie des &#8222;weniger ist mehr&#8220; tr\u00e4gt dazu bei, die musikalische Genauigkeit und Dynamik zu erhalten.     <\/span><\/div>\n<div class=\"specification-item row-header\"><span class=\"spec-content\"><strong>Geschichte der Marke<\/strong><\/span><\/div>\n<div class=\"specification-item row-even\"><span class=\"spec-content\">Das von Mark Schifter gegr\u00fcndete Unternehmen Living Sounds Audio (LSA) hat sich in den letzten Jahren mit seinen unverwechselbaren Audioger\u00e4ten einen Namen gemacht. Das Unternehmen mit Sitz in den Vereinigten Staaten konzentriert sich auf die Entwicklung und Herstellung hochwertiger Produkte. LSA kombiniert traditionelle Produktionsmethoden mit modernen Technologien, was zu einer breiten Palette von Produkten gef\u00fchrt hat, die weltweit Aufmerksamkeit erregt haben. Die Marke ist bestrebt, ein Gleichgewicht zwischen visuellem Design und technischer Leistung herzustellen. LSA hat eine betr\u00e4chtliche Anzahl von Modellen in verschiedenen Preisklassen auf den Markt gebracht. Ihre Liebe zum Detail und die Verwendung sorgf\u00e4ltig ausgew\u00e4hlter Materialien spielen bei der Produktentwicklung eine entscheidende Rolle. Ihr Ansatz hat zu mehreren Kooperationen mit anderen Marken in der Branche gef\u00fchrt, was zu ihrem Ruf beigetragen hat.      <\/span><\/div>\n<\/div>\n","protected":false},"excerpt":{"rendered":"<p>Beschreibung Freakuence! Was ist das schon wieder? Leistung in einem kleinen Geh\u00e4use. Die Warp 1 \u00fcberbr\u00fcckt die Br\u00fccke ohne zus\u00e4tzliche F\u00e4rbung oder \u00fcberm\u00e4\u00dfige W\u00e4rme. Seine Klarheit und Detailwiedergabe sind sofort ersichtlich; subtile Nuancen. Der Bass ist straff und kraftvoll, aber nie \u00fcbertrieben, und die mittleren und hohen Frequenzen sind kristallklar, ohne scharf zu wirken. Allgemeine [&hellip;]<\/p>\n","protected":false},"featured_media":380688,"template":"","meta":{"_acf_changed":false,"inline_featured_image":false},"product_brand":[],"product_cat":[769,750,532],"product_tag":[534],"class_list":{"0":"post-359507","1":"product","2":"type-product","3":"status-publish","4":"has-post-thumbnail","6":"product_cat-klasse-a-klasse-a-b","7":"product_cat-leistungsverstarker","8":"product_cat-verstarker","9":"product_tag-benutzt","10":"pa_kleur-schwarz","12":"first","13":"instock","14":"sold-individually","15":"purchasable","16":"product-type-simple"},"acf":{"website":true,"show_on_homepage":false,"brand_title":"Living Sounds Audio","product_type":"Warp 1","color":"Schwarz","subcolor":"","reserved_status":"0"},"yoast_head":"<!-- This site is optimized with the Yoast SEO plugin v25.9 - https:\/\/yoast.com\/wordpress\/plugins\/seo\/ -->\n<title>Lebendige Kl\u00e4nge Audio Warp 1 | Freakuence!<\/title>\n<meta name=\"description\" content=\"Living Sounds Audio Warp 1: leistungsstarke, energieeffiziente Endstufe mit hervorragenden Bewertungen. \u2713 Neue &amp; gebrauchte HiFi-Ger\u00e4te \u2713 Kundenbewertung: 4.9 von 5 \u2713 Inzahlungnahme \u2713 H\u00f6rprobe\" \/>\n<meta name=\"robots\" content=\"noindex, follow, max-snippet:-1, max-image-preview:large, max-video-preview:-1\" \/>\n<meta property=\"og:locale\" content=\"de_DE\" \/>\n<meta property=\"og:type\" content=\"article\" \/>\n<meta property=\"og:title\" content=\"Lebendige Kl\u00e4nge Audio Warp 1 | Freakuence!\" \/>\n<meta property=\"og:description\" content=\"Living Sounds Audio Warp 1: leistungsstarke, energieeffiziente Endstufe mit hervorragenden Bewertungen. \u2713 Neue &amp; gebrauchte HiFi-Ger\u00e4te \u2713 Kundenbewertung: 4.9 von 5 \u2713 Inzahlungnahme \u2713 H\u00f6rprobe\" \/>\n<meta property=\"og:url\" content=\"https:\/\/dev.freakuence.nl\/de\/produkt\/lebendige-klaenge-audio-warp-1\/\" \/>\n<meta property=\"og:site_name\" content=\"Freakuence!\" \/>\n<meta property=\"article:modified_time\" content=\"2026-04-08T12:46:02+00:00\" \/>\n<meta property=\"og:image\" content=\"https:\/\/dev.freakuence.nl\/wp-content\/uploads\/2026\/04\/17726416058553-16318-IMG2295.jpg\" \/>\n\t<meta property=\"og:image:width\" content=\"1800\" \/>\n\t<meta property=\"og:image:height\" content=\"1200\" \/>\n\t<meta property=\"og:image:type\" content=\"image\/jpeg\" \/>\n<meta name=\"twitter:card\" content=\"summary_large_image\" \/>\n<script type=\"application\/ld+json\" class=\"yoast-schema-graph\">{\"@context\":\"https:\/\/schema.org\",\"@graph\":[{\"@type\":\"WebPage\",\"@id\":\"https:\/\/dev.freakuence.nl\/de\/produkt\/lebendige-klaenge-audio-warp-1\/\",\"url\":\"https:\/\/dev.freakuence.nl\/de\/produkt\/lebendige-klaenge-audio-warp-1\/\",\"name\":\"Lebendige Kl\u00e4nge Audio Warp 1 | Freakuence!\",\"isPartOf\":{\"@id\":\"https:\/\/dev.freakuence.nl\/de\/#website\"},\"primaryImageOfPage\":{\"@id\":\"https:\/\/dev.freakuence.nl\/de\/produkt\/lebendige-klaenge-audio-warp-1\/#primaryimage\"},\"image\":{\"@id\":\"https:\/\/dev.freakuence.nl\/de\/produkt\/lebendige-klaenge-audio-warp-1\/#primaryimage\"},\"thumbnailUrl\":\"https:\/\/dev.freakuence.nl\/wp-content\/uploads\/2026\/04\/17726416058553-16318-IMG2295.jpg\",\"datePublished\":\"2026-03-06T13:04:46+00:00\",\"dateModified\":\"2026-04-08T12:46:02+00:00\",\"description\":\"Living Sounds Audio Warp 1: leistungsstarke, energieeffiziente Endstufe mit hervorragenden Bewertungen. \u2713 Neue & gebrauchte HiFi-Ger\u00e4te \u2713 Kundenbewertung: 4.9 von 5 \u2713 Inzahlungnahme \u2713 H\u00f6rprobe\",\"breadcrumb\":{\"@id\":\"https:\/\/dev.freakuence.nl\/de\/produkt\/lebendige-klaenge-audio-warp-1\/#breadcrumb\"},\"inLanguage\":\"de\",\"potentialAction\":[{\"@type\":\"ReadAction\",\"target\":[\"https:\/\/dev.freakuence.nl\/de\/produkt\/lebendige-klaenge-audio-warp-1\/\"]}]},{\"@type\":\"ImageObject\",\"inLanguage\":\"de\",\"@id\":\"https:\/\/dev.freakuence.nl\/de\/produkt\/lebendige-klaenge-audio-warp-1\/#primaryimage\",\"url\":\"https:\/\/dev.freakuence.nl\/wp-content\/uploads\/2026\/04\/17726416058553-16318-IMG2295.jpg\",\"contentUrl\":\"https:\/\/dev.freakuence.nl\/wp-content\/uploads\/2026\/04\/17726416058553-16318-IMG2295.jpg\",\"width\":1800,\"height\":1200},{\"@type\":\"BreadcrumbList\",\"@id\":\"https:\/\/dev.freakuence.nl\/de\/produkt\/lebendige-klaenge-audio-warp-1\/#breadcrumb\",\"itemListElement\":[{\"@type\":\"ListItem\",\"position\":1,\"name\":\"Startseite\",\"item\":\"https:\/\/dev.freakuence.nl\/de\/\"},{\"@type\":\"ListItem\",\"position\":2,\"name\":\"Produkte\",\"item\":\"https:\/\/dev.freakuence.nl\/de\/produkte\/\"},{\"@type\":\"ListItem\",\"position\":3,\"name\":\"Living Sounds Audio Warp 1\"}]},{\"@type\":\"WebSite\",\"@id\":\"https:\/\/dev.freakuence.nl\/de\/#website\",\"url\":\"https:\/\/dev.freakuence.nl\/de\/\",\"name\":\"Freakuence!\",\"description\":\"Freakuence!\",\"publisher\":{\"@id\":\"https:\/\/dev.freakuence.nl\/de\/#organization\"},\"alternateName\":\"Freakuence\",\"potentialAction\":[{\"@type\":\"SearchAction\",\"target\":{\"@type\":\"EntryPoint\",\"urlTemplate\":\"https:\/\/dev.freakuence.nl\/de\/?s={search_term_string}\"},\"query-input\":{\"@type\":\"PropertyValueSpecification\",\"valueRequired\":true,\"valueName\":\"search_term_string\"}}],\"inLanguage\":\"de\"},{\"@type\":\"Organization\",\"@id\":\"https:\/\/dev.freakuence.nl\/de\/#organization\",\"name\":\"Freakuence!\",\"url\":\"https:\/\/dev.freakuence.nl\/de\/\",\"logo\":{\"@type\":\"ImageObject\",\"inLanguage\":\"de\",\"@id\":\"https:\/\/dev.freakuence.nl\/de\/#\/schema\/logo\/image\/\",\"url\":\"https:\/\/dev.freakuence.nl\/wp-content\/uploads\/2022\/05\/Brown_3_RGB_Freakuence-1.png\",\"contentUrl\":\"https:\/\/dev.freakuence.nl\/wp-content\/uploads\/2022\/05\/Brown_3_RGB_Freakuence-1.png\",\"width\":2560,\"height\":684,\"caption\":\"Freakuence!\"},\"image\":{\"@id\":\"https:\/\/dev.freakuence.nl\/de\/#\/schema\/logo\/image\/\"},\"sameAs\":[\"https:\/\/www.instagram.com\/freakuence_notorious_audio\/\"]}]}<\/script>\n<!-- \/ Yoast SEO plugin. -->","yoast_head_json":{"title":"Lebendige Kl\u00e4nge Audio Warp 1 | Freakuence!","description":"Living Sounds Audio Warp 1: leistungsstarke, energieeffiziente Endstufe mit hervorragenden Bewertungen. \u2713 Neue & gebrauchte HiFi-Ger\u00e4te \u2713 Kundenbewertung: 4.9 von 5 \u2713 Inzahlungnahme \u2713 H\u00f6rprobe","robots":{"index":"noindex","follow":"follow","max-snippet":"max-snippet:-1","max-image-preview":"max-image-preview:large","max-video-preview":"max-video-preview:-1"},"og_locale":"de_DE","og_type":"article","og_title":"Lebendige Kl\u00e4nge Audio Warp 1 | Freakuence!","og_description":"Living Sounds Audio Warp 1: leistungsstarke, energieeffiziente Endstufe mit hervorragenden Bewertungen. \u2713 Neue & gebrauchte HiFi-Ger\u00e4te \u2713 Kundenbewertung: 4.9 von 5 \u2713 Inzahlungnahme \u2713 H\u00f6rprobe","og_url":"https:\/\/dev.freakuence.nl\/de\/produkt\/lebendige-klaenge-audio-warp-1\/","og_site_name":"Freakuence!","article_modified_time":"2026-04-08T12:46:02+00:00","og_image":[{"width":1800,"height":1200,"url":"https:\/\/dev.freakuence.nl\/wp-content\/uploads\/2026\/04\/17726416058553-16318-IMG2295.jpg","type":"image\/jpeg"}],"twitter_card":"summary_large_image","schema":{"@context":"https:\/\/schema.org","@graph":[{"@type":"WebPage","@id":"https:\/\/dev.freakuence.nl\/de\/produkt\/lebendige-klaenge-audio-warp-1\/","url":"https:\/\/dev.freakuence.nl\/de\/produkt\/lebendige-klaenge-audio-warp-1\/","name":"Lebendige Kl\u00e4nge Audio Warp 1 | Freakuence!","isPartOf":{"@id":"https:\/\/dev.freakuence.nl\/de\/#website"},"primaryImageOfPage":{"@id":"https:\/\/dev.freakuence.nl\/de\/produkt\/lebendige-klaenge-audio-warp-1\/#primaryimage"},"image":{"@id":"https:\/\/dev.freakuence.nl\/de\/produkt\/lebendige-klaenge-audio-warp-1\/#primaryimage"},"thumbnailUrl":"https:\/\/dev.freakuence.nl\/wp-content\/uploads\/2026\/04\/17726416058553-16318-IMG2295.jpg","datePublished":"2026-03-06T13:04:46+00:00","dateModified":"2026-04-08T12:46:02+00:00","description":"Living Sounds Audio Warp 1: leistungsstarke, energieeffiziente Endstufe mit hervorragenden Bewertungen. \u2713 Neue & gebrauchte HiFi-Ger\u00e4te \u2713 Kundenbewertung: 4.9 von 5 \u2713 Inzahlungnahme \u2713 H\u00f6rprobe","breadcrumb":{"@id":"https:\/\/dev.freakuence.nl\/de\/produkt\/lebendige-klaenge-audio-warp-1\/#breadcrumb"},"inLanguage":"de","potentialAction":[{"@type":"ReadAction","target":["https:\/\/dev.freakuence.nl\/de\/produkt\/lebendige-klaenge-audio-warp-1\/"]}]},{"@type":"ImageObject","inLanguage":"de","@id":"https:\/\/dev.freakuence.nl\/de\/produkt\/lebendige-klaenge-audio-warp-1\/#primaryimage","url":"https:\/\/dev.freakuence.nl\/wp-content\/uploads\/2026\/04\/17726416058553-16318-IMG2295.jpg","contentUrl":"https:\/\/dev.freakuence.nl\/wp-content\/uploads\/2026\/04\/17726416058553-16318-IMG2295.jpg","width":1800,"height":1200},{"@type":"BreadcrumbList","@id":"https:\/\/dev.freakuence.nl\/de\/produkt\/lebendige-klaenge-audio-warp-1\/#breadcrumb","itemListElement":[{"@type":"ListItem","position":1,"name":"Startseite","item":"https:\/\/dev.freakuence.nl\/de\/"},{"@type":"ListItem","position":2,"name":"Produkte","item":"https:\/\/dev.freakuence.nl\/de\/produkte\/"},{"@type":"ListItem","position":3,"name":"Living Sounds Audio Warp 1"}]},{"@type":"WebSite","@id":"https:\/\/dev.freakuence.nl\/de\/#website","url":"https:\/\/dev.freakuence.nl\/de\/","name":"Freakuence!","description":"Freakuence!","publisher":{"@id":"https:\/\/dev.freakuence.nl\/de\/#organization"},"alternateName":"Freakuence","potentialAction":[{"@type":"SearchAction","target":{"@type":"EntryPoint","urlTemplate":"https:\/\/dev.freakuence.nl\/de\/?s={search_term_string}"},"query-input":{"@type":"PropertyValueSpecification","valueRequired":true,"valueName":"search_term_string"}}],"inLanguage":"de"},{"@type":"Organization","@id":"https:\/\/dev.freakuence.nl\/de\/#organization","name":"Freakuence!","url":"https:\/\/dev.freakuence.nl\/de\/","logo":{"@type":"ImageObject","inLanguage":"de","@id":"https:\/\/dev.freakuence.nl\/de\/#\/schema\/logo\/image\/","url":"https:\/\/dev.freakuence.nl\/wp-content\/uploads\/2022\/05\/Brown_3_RGB_Freakuence-1.png","contentUrl":"https:\/\/dev.freakuence.nl\/wp-content\/uploads\/2022\/05\/Brown_3_RGB_Freakuence-1.png","width":2560,"height":684,"caption":"Freakuence!"},"image":{"@id":"https:\/\/dev.freakuence.nl\/de\/#\/schema\/logo\/image\/"},"sameAs":["https:\/\/www.instagram.com\/freakuence_notorious_audio\/"]}]}},"_links":{"self":[{"href":"https:\/\/dev.freakuence.nl\/de\/wp-json\/wp\/v2\/product\/359507","targetHints":{"allow":["GET"]}}],"collection":[{"href":"https:\/\/dev.freakuence.nl\/de\/wp-json\/wp\/v2\/product"}],"about":[{"href":"https:\/\/dev.freakuence.nl\/de\/wp-json\/wp\/v2\/types\/product"}],"wp:featuredmedia":[{"embeddable":true,"href":"https:\/\/dev.freakuence.nl\/de\/wp-json\/wp\/v2\/media\/380688"}],"wp:attachment":[{"href":"https:\/\/dev.freakuence.nl\/de\/wp-json\/wp\/v2\/media?parent=359507"}],"wp:term":[{"taxonomy":"product_brand","embeddable":true,"href":"https:\/\/dev.freakuence.nl\/de\/wp-json\/wp\/v2\/product_brand?post=359507"},{"taxonomy":"product_cat","embeddable":true,"href":"https:\/\/dev.freakuence.nl\/de\/wp-json\/wp\/v2\/product_cat?post=359507"},{"taxonomy":"product_tag","embeddable":true,"href":"https:\/\/dev.freakuence.nl\/de\/wp-json\/wp\/v2\/product_tag?post=359507"}],"curies":[{"name":"wp","href":"https:\/\/api.w.org\/{rel}","templated":true}]}}