{"id":365101,"date":"2026-03-12T08:04:05","date_gmt":"2026-03-12T07:04:05","guid":{"rendered":"https:\/\/freakuence.nl\/product\/dummy-usb-kabel\/"},"modified":"2026-03-12T08:04:05","modified_gmt":"2026-03-12T07:04:05","slug":"dummy-usb-kabel","status":"publish","type":"product","link":"https:\/\/dev.freakuence.nl\/de\/produkt\/dummy-usb-kabel\/","title":{"rendered":"Dummy-USB-Kabel"},"content":{"rendered":"<div class=\"product-specifications-list\">\n<div class=\"specification-item row-header\"><span class=\"spec-content\"><strong>Allgemeine Beschreibung<\/strong><\/span><\/div>\n<div class=\"specification-item row-even\"><span class=\"spec-content\">Praktisches USB-Verl\u00e4ngerungskabel, geeignet f\u00fcr die Verwendung in oder unter einem Schreibtisch.<\/span><\/div>\n<div class=\"specification-item row-odd\"><span class=\"spec-content\">Ideal f\u00fcr den einfachen Anschluss von Ger\u00e4ten wie Telefon, Headset oder Zubeh\u00f6r, ohne st\u00e4ndig hinter den Computer oder Schreibtisch greifen zu m\u00fcssen.<\/span><\/div>\n<div class=\"specification-item row-even\"><span class=\"spec-content\">Das Kabel ist flexibel und eignet sich f\u00fcr den t\u00e4glichen Gebrauch in einem B\u00fcro oder Home Office.<\/span><\/div>\n<div class=\"specification-item row-odd\"><span class=\"spec-content\">Wird oft in Kombination mit Schreibtischen mit integrierten USB-Anschl\u00fcssen oder Kabeldurchf\u00fchrungen verwendet.<\/span><\/div>\n<div class=\"specification-item row-even\"><span class=\"spec-content\">\u2714 Geeignet zum Laden und f\u00fcr Daten<\/span><\/div>\n<div class=\"specification-item row-odd\"><span class=\"spec-content\">Gut versteckt auf oder unter dem Schreibtisch<\/span><\/div>\n<div class=\"specification-item row-even\"><span class=\"spec-content\">\u2714 Standard USB-Anschluss<\/span><\/div>\n<div class=\"specification-item row-odd\"><span class=\"spec-content\">Das Produkt ist neu und unbenutzt.<\/span><\/div>\n<div class=\"specification-item row-header\"><span class=\"spec-content\"><strong>Geschichte der Marke<\/strong><\/span><\/div>\n<div class=\"specification-item row-even\"><span class=\"spec-content\">Keine Marke.<\/span><\/div>\n<\/div>\n","protected":false},"excerpt":{"rendered":"<p>Allgemeine Beschreibung Praktisches USB-Verl\u00e4ngerungskabel, geeignet f\u00fcr die Verwendung in oder unter einem Schreibtisch. Ideal f\u00fcr den einfachen Anschluss von Ger\u00e4ten wie Telefon, Headset oder Zubeh\u00f6r, ohne st\u00e4ndig hinter den Computer oder Schreibtisch greifen zu m\u00fcssen. Das Kabel ist flexibel und eignet sich f\u00fcr den t\u00e4glichen Gebrauch in einem B\u00fcro oder Home Office. Wird oft in [&hellip;]<\/p>\n","protected":false},"featured_media":0,"template":"","meta":{"_acf_changed":false,"inline_featured_image":false},"product_brand":[],"product_cat":[345],"product_tag":[],"class_list":{"0":"post-365101","1":"product","2":"type-product","3":"status-publish","5":"product_cat-speakers","7":"first","8":"instock","9":"sold-individually","10":"taxable","11":"shipping-taxable","12":"purchasable","13":"product-type-simple"},"acf":{"website":true,"show_on_homepage":false,"brand_title":"Dummy","product_type":"USB kabel","color":"","subcolor":"","reserved_status":"0"},"yoast_head":"<!-- This site is optimized with the Yoast SEO plugin v25.9 - https:\/\/yoast.com\/wordpress\/plugins\/seo\/ -->\n<title>Dummy-USB-Kabel | Freakuence!<\/title>\n<meta name=\"robots\" content=\"noindex, follow, max-snippet:-1, max-image-preview:large, max-video-preview:-1\" \/>\n<meta property=\"og:locale\" content=\"de_DE\" \/>\n<meta property=\"og:type\" content=\"article\" \/>\n<meta property=\"og:title\" content=\"Dummy-USB-Kabel | Freakuence!\" \/>\n<meta property=\"og:description\" content=\"Allgemeine Beschreibung Praktisches USB-Verl\u00e4ngerungskabel, geeignet f\u00fcr die Verwendung in oder unter einem Schreibtisch. Ideal f\u00fcr den einfachen Anschluss von Ger\u00e4ten wie Telefon, Headset oder Zubeh\u00f6r, ohne st\u00e4ndig hinter den Computer oder Schreibtisch greifen zu m\u00fcssen. Das Kabel ist flexibel und eignet sich f\u00fcr den t\u00e4glichen Gebrauch in einem B\u00fcro oder Home Office. Wird oft in [&hellip;]\" \/>\n<meta property=\"og:url\" content=\"https:\/\/dev.freakuence.nl\/de\/produkt\/dummy-usb-kabel\/\" \/>\n<meta property=\"og:site_name\" content=\"Freakuence!\" \/>\n<meta name=\"twitter:card\" content=\"summary_large_image\" \/>\n<script type=\"application\/ld+json\" class=\"yoast-schema-graph\">{\"@context\":\"https:\/\/schema.org\",\"@graph\":[{\"@type\":\"WebPage\",\"@id\":\"https:\/\/dev.freakuence.nl\/de\/produkt\/dummy-usb-kabel\/\",\"url\":\"https:\/\/dev.freakuence.nl\/de\/produkt\/dummy-usb-kabel\/\",\"name\":\"Dummy-USB-Kabel | Freakuence!\",\"isPartOf\":{\"@id\":\"https:\/\/dev.freakuence.nl\/de\/#website\"},\"datePublished\":\"2026-03-12T07:04:05+00:00\",\"breadcrumb\":{\"@id\":\"https:\/\/dev.freakuence.nl\/de\/produkt\/dummy-usb-kabel\/#breadcrumb\"},\"inLanguage\":\"de\",\"potentialAction\":[{\"@type\":\"ReadAction\",\"target\":[\"https:\/\/dev.freakuence.nl\/de\/produkt\/dummy-usb-kabel\/\"]}]},{\"@type\":\"BreadcrumbList\",\"@id\":\"https:\/\/dev.freakuence.nl\/de\/produkt\/dummy-usb-kabel\/#breadcrumb\",\"itemListElement\":[{\"@type\":\"ListItem\",\"position\":1,\"name\":\"Startseite\",\"item\":\"https:\/\/dev.freakuence.nl\/de\/\"},{\"@type\":\"ListItem\",\"position\":2,\"name\":\"Produkte\",\"item\":\"https:\/\/dev.freakuence.nl\/de\/produkte\/\"},{\"@type\":\"ListItem\",\"position\":3,\"name\":\"Dummy USB kabel\"}]},{\"@type\":\"WebSite\",\"@id\":\"https:\/\/dev.freakuence.nl\/de\/#website\",\"url\":\"https:\/\/dev.freakuence.nl\/de\/\",\"name\":\"Freakuence!\",\"description\":\"Freakuence!\",\"publisher\":{\"@id\":\"https:\/\/dev.freakuence.nl\/de\/#organization\"},\"alternateName\":\"Freakuence\",\"potentialAction\":[{\"@type\":\"SearchAction\",\"target\":{\"@type\":\"EntryPoint\",\"urlTemplate\":\"https:\/\/dev.freakuence.nl\/de\/?s={search_term_string}\"},\"query-input\":{\"@type\":\"PropertyValueSpecification\",\"valueRequired\":true,\"valueName\":\"search_term_string\"}}],\"inLanguage\":\"de\"},{\"@type\":\"Organization\",\"@id\":\"https:\/\/dev.freakuence.nl\/de\/#organization\",\"name\":\"Freakuence!\",\"url\":\"https:\/\/dev.freakuence.nl\/de\/\",\"logo\":{\"@type\":\"ImageObject\",\"inLanguage\":\"de\",\"@id\":\"https:\/\/dev.freakuence.nl\/de\/#\/schema\/logo\/image\/\",\"url\":\"https:\/\/dev.freakuence.nl\/wp-content\/uploads\/2022\/05\/Brown_3_RGB_Freakuence-1.png\",\"contentUrl\":\"https:\/\/dev.freakuence.nl\/wp-content\/uploads\/2022\/05\/Brown_3_RGB_Freakuence-1.png\",\"width\":2560,\"height\":684,\"caption\":\"Freakuence!\"},\"image\":{\"@id\":\"https:\/\/dev.freakuence.nl\/de\/#\/schema\/logo\/image\/\"},\"sameAs\":[\"https:\/\/www.instagram.com\/freakuence_notorious_audio\/\"]}]}<\/script>\n<!-- \/ Yoast SEO plugin. -->","yoast_head_json":{"title":"Dummy-USB-Kabel | Freakuence!","robots":{"index":"noindex","follow":"follow","max-snippet":"max-snippet:-1","max-image-preview":"max-image-preview:large","max-video-preview":"max-video-preview:-1"},"og_locale":"de_DE","og_type":"article","og_title":"Dummy-USB-Kabel | Freakuence!","og_description":"Allgemeine Beschreibung Praktisches USB-Verl\u00e4ngerungskabel, geeignet f\u00fcr die Verwendung in oder unter einem Schreibtisch. Ideal f\u00fcr den einfachen Anschluss von Ger\u00e4ten wie Telefon, Headset oder Zubeh\u00f6r, ohne st\u00e4ndig hinter den Computer oder Schreibtisch greifen zu m\u00fcssen. Das Kabel ist flexibel und eignet sich f\u00fcr den t\u00e4glichen Gebrauch in einem B\u00fcro oder Home Office. Wird oft in [&hellip;]","og_url":"https:\/\/dev.freakuence.nl\/de\/produkt\/dummy-usb-kabel\/","og_site_name":"Freakuence!","twitter_card":"summary_large_image","schema":{"@context":"https:\/\/schema.org","@graph":[{"@type":"WebPage","@id":"https:\/\/dev.freakuence.nl\/de\/produkt\/dummy-usb-kabel\/","url":"https:\/\/dev.freakuence.nl\/de\/produkt\/dummy-usb-kabel\/","name":"Dummy-USB-Kabel | Freakuence!","isPartOf":{"@id":"https:\/\/dev.freakuence.nl\/de\/#website"},"datePublished":"2026-03-12T07:04:05+00:00","breadcrumb":{"@id":"https:\/\/dev.freakuence.nl\/de\/produkt\/dummy-usb-kabel\/#breadcrumb"},"inLanguage":"de","potentialAction":[{"@type":"ReadAction","target":["https:\/\/dev.freakuence.nl\/de\/produkt\/dummy-usb-kabel\/"]}]},{"@type":"BreadcrumbList","@id":"https:\/\/dev.freakuence.nl\/de\/produkt\/dummy-usb-kabel\/#breadcrumb","itemListElement":[{"@type":"ListItem","position":1,"name":"Startseite","item":"https:\/\/dev.freakuence.nl\/de\/"},{"@type":"ListItem","position":2,"name":"Produkte","item":"https:\/\/dev.freakuence.nl\/de\/produkte\/"},{"@type":"ListItem","position":3,"name":"Dummy USB kabel"}]},{"@type":"WebSite","@id":"https:\/\/dev.freakuence.nl\/de\/#website","url":"https:\/\/dev.freakuence.nl\/de\/","name":"Freakuence!","description":"Freakuence!","publisher":{"@id":"https:\/\/dev.freakuence.nl\/de\/#organization"},"alternateName":"Freakuence","potentialAction":[{"@type":"SearchAction","target":{"@type":"EntryPoint","urlTemplate":"https:\/\/dev.freakuence.nl\/de\/?s={search_term_string}"},"query-input":{"@type":"PropertyValueSpecification","valueRequired":true,"valueName":"search_term_string"}}],"inLanguage":"de"},{"@type":"Organization","@id":"https:\/\/dev.freakuence.nl\/de\/#organization","name":"Freakuence!","url":"https:\/\/dev.freakuence.nl\/de\/","logo":{"@type":"ImageObject","inLanguage":"de","@id":"https:\/\/dev.freakuence.nl\/de\/#\/schema\/logo\/image\/","url":"https:\/\/dev.freakuence.nl\/wp-content\/uploads\/2022\/05\/Brown_3_RGB_Freakuence-1.png","contentUrl":"https:\/\/dev.freakuence.nl\/wp-content\/uploads\/2022\/05\/Brown_3_RGB_Freakuence-1.png","width":2560,"height":684,"caption":"Freakuence!"},"image":{"@id":"https:\/\/dev.freakuence.nl\/de\/#\/schema\/logo\/image\/"},"sameAs":["https:\/\/www.instagram.com\/freakuence_notorious_audio\/"]}]}},"_links":{"self":[{"href":"https:\/\/dev.freakuence.nl\/de\/wp-json\/wp\/v2\/product\/365101","targetHints":{"allow":["GET"]}}],"collection":[{"href":"https:\/\/dev.freakuence.nl\/de\/wp-json\/wp\/v2\/product"}],"about":[{"href":"https:\/\/dev.freakuence.nl\/de\/wp-json\/wp\/v2\/types\/product"}],"wp:attachment":[{"href":"https:\/\/dev.freakuence.nl\/de\/wp-json\/wp\/v2\/media?parent=365101"}],"wp:term":[{"taxonomy":"product_brand","embeddable":true,"href":"https:\/\/dev.freakuence.nl\/de\/wp-json\/wp\/v2\/product_brand?post=365101"},{"taxonomy":"product_cat","embeddable":true,"href":"https:\/\/dev.freakuence.nl\/de\/wp-json\/wp\/v2\/product_cat?post=365101"},{"taxonomy":"product_tag","embeddable":true,"href":"https:\/\/dev.freakuence.nl\/de\/wp-json\/wp\/v2\/product_tag?post=365101"}],"curies":[{"name":"wp","href":"https:\/\/api.w.org\/{rel}","templated":true}]}}