{"id":365106,"date":"2026-03-12T09:20:06","date_gmt":"2026-03-12T08:20:06","guid":{"rendered":"https:\/\/freakuence.nl\/product\/vanderveen-ul40-s2p\/"},"modified":"2026-03-12T09:20:06","modified_gmt":"2026-03-12T08:20:06","slug":"vanderveen-ul40-s2p","status":"publish","type":"product","link":"https:\/\/dev.freakuence.nl\/de\/produkt\/vanderveen-ul40-s2p\/","title":{"rendered":"Vanderveen uL40-s2p"},"content":{"rendered":"<div class=\"product-specifications-list\">\n<div class=\"specification-item row-header\"><span class=\"spec-content\"><strong>Beschreibung Freakuence!<\/strong><\/span><\/div>\n<div class=\"specification-item row-even\"><span class=\"spec-content\">Fantasievolle Sache! Sich hinter den Ohren kratzen. Das Geld in der Tasche behalten. Mehr f\u00fcr weniger. Und noch mehr Aussagen und Gedanken dieser Art sind zutreffend. Dieses Ding macht Musik. Spielt mit Kraft und \u00dcberzeugung, und wann merkt man das am besten Bei einem gro\u00dfen Sinfonieorchester. Die Platine plus Komponenten sind brandneu, der Verst\u00e4rker wurde von einem liebevollen Stammkunden komplett \u00fcberholt. Top-Transformatoren! Diese von Vanderveen entworfenen Plitron-Transformatoren sind weltweit sehr gesch\u00e4tzt. Es wurden neue 6550er R\u00f6hren eingesetzt. Im Inneren hat L. Iefhebber Siltech Gold- und Silberdraht verwendet. F\u00fcr die Verbindungen auf der Platine wurde WBT-Silberlot verwendet. Ein TentLabs Audio-Bias-Regler (jetzt f\u00fcr die 6550 eingestellt). Der TentLab Bias-Regler kostet \u00fcber 200 Euro, der TentLabs E-Choke rund 60 Euro. Vom Rest ganz zu schweigen. Sie ist im Triodenmodus gebaut. Wie auch immer, \u00fcber den Rest schweigen wir lieber.      <\/span><\/div>\n<\/div>\n","protected":false},"excerpt":{"rendered":"<p>Beschreibung Freakuence! Fantasievolle Sache! Sich hinter den Ohren kratzen. Das Geld in der Tasche behalten. Mehr f\u00fcr weniger. Und noch mehr Aussagen und Gedanken dieser Art sind zutreffend. Dieses Ding macht Musik. Spielt mit Kraft und \u00dcberzeugung, und wann merkt man das am besten Bei einem gro\u00dfen Sinfonieorchester. Die Platine plus Komponenten sind brandneu, der [&hellip;]<\/p>\n","protected":false},"featured_media":0,"template":"","meta":{"_acf_changed":false,"inline_featured_image":false},"product_brand":[],"product_cat":[345],"product_tag":[],"class_list":{"0":"post-365106","1":"product","2":"type-product","3":"status-publish","5":"product_cat-speakers","7":"first","8":"instock","9":"sold-individually","10":"purchasable","11":"product-type-simple"},"acf":{"website":true,"show_on_homepage":false,"brand_title":"Vanderveen","product_type":"uL40-s2p","color":"","subcolor":"","reserved_status":"0"},"_links":{"self":[{"href":"https:\/\/dev.freakuence.nl\/de\/wp-json\/wp\/v2\/product\/365106","targetHints":{"allow":["GET"]}}],"collection":[{"href":"https:\/\/dev.freakuence.nl\/de\/wp-json\/wp\/v2\/product"}],"about":[{"href":"https:\/\/dev.freakuence.nl\/de\/wp-json\/wp\/v2\/types\/product"}],"wp:attachment":[{"href":"https:\/\/dev.freakuence.nl\/de\/wp-json\/wp\/v2\/media?parent=365106"}],"wp:term":[{"taxonomy":"product_brand","embeddable":true,"href":"https:\/\/dev.freakuence.nl\/de\/wp-json\/wp\/v2\/product_brand?post=365106"},{"taxonomy":"product_cat","embeddable":true,"href":"https:\/\/dev.freakuence.nl\/de\/wp-json\/wp\/v2\/product_cat?post=365106"},{"taxonomy":"product_tag","embeddable":true,"href":"https:\/\/dev.freakuence.nl\/de\/wp-json\/wp\/v2\/product_tag?post=365106"}],"curies":[{"name":"wp","href":"https:\/\/api.w.org\/{rel}","templated":true}]}}