{"id":367489,"date":"2026-03-19T13:27:09","date_gmt":"2026-03-19T12:27:09","guid":{"rendered":"https:\/\/freakuence.nl\/product\/rosso-fiorentino-volterra\/"},"modified":"2026-03-19T13:27:09","modified_gmt":"2026-03-19T12:27:09","slug":"rosso-fiorentino-volterra","status":"publish","type":"product","link":"https:\/\/dev.freakuence.nl\/de\/produkt\/rosso-fiorentino-volterra\/","title":{"rendered":"Rosso Fiorentino Volterra"},"content":{"rendered":"<div class=\"product-specifications-list\">\n<div class=\"specification-item row-header\"><span class=\"spec-content\"><strong>Beschreibung Freakuence!<\/strong><\/span><\/div>\n<div class=\"specification-item row-even\"><span class=\"spec-content\">Also gut, liebe H\u00f6rer! Wir sprechen hier von einem italienischen Standlautsprecher, der durch seine volle und kraftvolle Wiedergabe beeindruckt. Die Instrumente werden ohne k\u00fcnstliche Tricks r\u00e4umlich platziert, und selbst bei hoher Lautst\u00e4rke bleiben die H\u00f6hen angenehm f\u00fcr die Ohren. Der Bass ist straff und kontrolliert, so dass Sie sich keine Gedanken \u00fcber die Platzierung f\u00fcr eine saubere Wiedergabe machen m\u00fcssen. Die Dynamik ist ausgezeichnet, so dass sowohl klassische als auch Rocksongs zur Geltung kommen. Kurz gesagt, ein Lautsprecher, der Ihrer Musiksammlung gerecht wird.     <\/span><\/div>\n<div class=\"specification-item row-header\"><span class=\"spec-content\"><strong>Allgemeine Beschreibung<\/strong><\/span><\/div>\n<div class=\"specification-item row-even\"><span class=\"spec-content\">Der Rosso Fiorentino Volterra ist ein Standlautsprecher, der sich durch seine Klangwiedergabe und sein Design auszeichnet. Dieser Lautsprecher kombiniert ein Hybrid-Geh\u00e4usesystem mit einer 2,5-Wege-Konfiguration, was zu einem dynamischen und detaillierten Klangbild f\u00fchrt. Die Kombination aus einem 6,5-Zoll-Mitteltieft\u00f6ner und einem 8-Zoll-Tieft\u00f6ner sorgt f\u00fcr eine tiefe und kontrollierte Basswiedergabe, w\u00e4hrend der B\u00e4ndchen-\/Weichkalotten-Hocht\u00f6ner hohe Frequenzen bis zu 100 kHz pr\u00e4zise wiedergibt.    <\/p>\n<p>Das Design des Rosso Fiorentino Volterra ist nicht nur \u00e4sthetisch ansprechend, sondern auch funktional. Das Geh\u00e4use besteht aus einer Multimaterialkonstruktion mit HDF, Aluminium und viskoelastischen Polstern, um Resonanzen und Geh\u00e4useschwingungen zu minimieren. Dies tr\u00e4gt zu einem klaren und pr\u00e4zisen Stereobild bei, das die Musik bis ins kleinste Detail zum Leben erweckt.    <\/p>\n<p>M\u00f6chten Sie den Rosso Fiorentino Volterra selbst erleben? Vereinbaren Sie einen Termin f\u00fcr eine H\u00f6rsitzung in unserem H\u00f6rraum und entdecken Sie die au\u00dfergew\u00f6hnliche Klangqualit\u00e4t dieses Lautsprechers. <\/span><\/div>\n<div class=\"specification-item row-header\"><span class=\"spec-content\"><strong>Hintergrundinformationen<\/strong><\/span><\/div>\n<div class=\"specification-item row-even\"><span class=\"spec-content\">Die Volterra-Lautsprecher von Rosso Fiorentino verbinden italienische Eleganz mit modernster akustischer Technologie. Sie wurden von Francesco Rubenni, dem Gr\u00fcnder und Chefingenieur, entworfen und spiegeln seine Philosophie von hoher Pr\u00e4zision und musikalischer Authentizit\u00e4t wider. Das Geh\u00e4use ist aus hochwertigen H\u00f6lzern gefertigt, die sorgf\u00e4ltig nach ihren Resonanzeigenschaften ausgew\u00e4hlt und mit einem luxuri\u00f6sen Furnier \u00fcberzogen wurden. Die interne Verkabelung besteht aus reinem Kupfer f\u00fcr optimale Signalintegrit\u00e4t. Die internen Fertigungsprozesse garantieren eine strenge Kontrolle der Qualit\u00e4tsstandards und verwenden europ\u00e4ische Komponenten.    <\/span><\/div>\n<div class=\"specification-item row-header\"><span class=\"spec-content\"><strong>Geschichte der Marke<\/strong><\/span><\/div>\n<div class=\"specification-item row-even\"><span class=\"spec-content\">Rosso Fiorentino wurde 2006 in Florenz gegr\u00fcndet, einer Stadt mit einer reichen k\u00fcnstlerischen und kulturellen Geschichte. Die Marke ist nach dem ber\u00fchmten italienischen Maler Rosso Fiorentino benannt, einer Figur aus der Renaissancezeit. Das Engagement der Marke f\u00fcr Raffinesse und k\u00fcnstlerische Perfektion spiegelt sich in den von ihr entwickelten Produkten wider. Der Designprozess von Rosso Fiorentino ist tief in der florentinischen Tradition des Handwerks und der \u00e4sthetischen Werte verwurzelt. Jedes Produkt wird sorgf\u00e4ltig hergestellt, wobei sowohl den technischen als auch den \u00e4sthetischen Aspekten gro\u00dfe Aufmerksamkeit geschenkt wird. Die Auswahl hochwertiger Materialien und das Streben nach einem Gleichgewicht zwischen Tradition und modernen Techniken sind die Markenzeichen der Marke. Dieser Ansatz f\u00fchrt zu Produkten, die sowohl optisch als auch funktionell eine harmonische Einheit bilden und in der reichen kulturellen Tradition von Florenz verwurzelt sind.      <\/span><\/div>\n<\/div>\n","protected":false},"excerpt":{"rendered":"<p>Beschreibung Freakuence! Also gut, liebe H\u00f6rer! Wir sprechen hier von einem italienischen Standlautsprecher, der durch seine volle und kraftvolle Wiedergabe beeindruckt. Die Instrumente werden ohne k\u00fcnstliche Tricks r\u00e4umlich platziert, und selbst bei hoher Lautst\u00e4rke bleiben die H\u00f6hen angenehm f\u00fcr die Ohren. Der Bass ist straff und kontrolliert, so dass Sie sich keine Gedanken \u00fcber die [&hellip;]<\/p>\n","protected":false},"featured_media":367472,"template":"","meta":{"_acf_changed":false,"inline_featured_image":false},"product_brand":[],"product_cat":[542],"product_tag":[534],"class_list":{"0":"post-367489","1":"product","2":"type-product","3":"status-publish","4":"has-post-thumbnail","6":"product_cat-redner","7":"product_tag-benutzt","8":"pa_kleur-schwarz","10":"first","11":"instock","12":"sold-individually","13":"purchasable","14":"product-type-simple"},"acf":{"website":true,"show_on_homepage":false,"brand_title":"Rosso Fiorentino","product_type":"Volterra","color":"Schwarz","subcolor":"","reserved_status":"0"},"yoast_head":"<!-- This site is optimized with the Yoast SEO plugin v25.9 - https:\/\/yoast.com\/wordpress\/plugins\/seo\/ -->\n<title>Rosso Fiorentino Volterra | Freakuence!<\/title>\n<meta name=\"description\" content=\"Rosso Fiorentino Volterra: High-End-Lautsprecher mit offenem, detailliertem Klang und tiefen B\u00e4ssen. \u2713 Neue &amp; gebrauchte HiFi \u2713 Kundenbewertung: 4.9 von 5 \u2713 Inzahlungnahme \u2713 H\u00f6rprobe\" \/>\n<meta name=\"robots\" content=\"noindex, follow, max-snippet:-1, max-image-preview:large, max-video-preview:-1\" \/>\n<meta property=\"og:locale\" content=\"de_DE\" \/>\n<meta property=\"og:type\" content=\"article\" \/>\n<meta property=\"og:title\" content=\"Rosso Fiorentino Volterra | Freakuence!\" \/>\n<meta property=\"og:description\" content=\"Rosso Fiorentino Volterra: High-End-Lautsprecher mit offenem, detailliertem Klang und tiefen B\u00e4ssen. \u2713 Neue &amp; gebrauchte HiFi \u2713 Kundenbewertung: 4.9 von 5 \u2713 Inzahlungnahme \u2713 H\u00f6rprobe\" \/>\n<meta property=\"og:url\" content=\"https:\/\/dev.freakuence.nl\/de\/produkt\/rosso-fiorentino-volterra\/\" \/>\n<meta property=\"og:site_name\" content=\"Freakuence!\" \/>\n<meta property=\"og:image\" content=\"https:\/\/dev.freakuence.nl\/wp-content\/uploads\/2026\/03\/17738560260648-19169-IMG3310-scaled.jpg\" \/>\n\t<meta property=\"og:image:width\" content=\"1200\" \/>\n\t<meta property=\"og:image:height\" content=\"1800\" \/>\n\t<meta property=\"og:image:type\" content=\"image\/jpeg\" \/>\n<meta name=\"twitter:card\" content=\"summary_large_image\" \/>\n<script type=\"application\/ld+json\" class=\"yoast-schema-graph\">{\"@context\":\"https:\/\/schema.org\",\"@graph\":[{\"@type\":\"WebPage\",\"@id\":\"https:\/\/dev.freakuence.nl\/de\/produkt\/rosso-fiorentino-volterra\/\",\"url\":\"https:\/\/dev.freakuence.nl\/de\/produkt\/rosso-fiorentino-volterra\/\",\"name\":\"Rosso Fiorentino Volterra | Freakuence!\",\"isPartOf\":{\"@id\":\"https:\/\/dev.freakuence.nl\/de\/#website\"},\"primaryImageOfPage\":{\"@id\":\"https:\/\/dev.freakuence.nl\/de\/produkt\/rosso-fiorentino-volterra\/#primaryimage\"},\"image\":{\"@id\":\"https:\/\/dev.freakuence.nl\/de\/produkt\/rosso-fiorentino-volterra\/#primaryimage\"},\"thumbnailUrl\":\"https:\/\/dev.freakuence.nl\/wp-content\/uploads\/2026\/03\/17738560260648-19169-IMG3310-scaled.jpg\",\"datePublished\":\"2026-03-19T12:27:09+00:00\",\"description\":\"Rosso Fiorentino Volterra: High-End-Lautsprecher mit offenem, detailliertem Klang und tiefen B\u00e4ssen. \u2713 Neue & gebrauchte HiFi \u2713 Kundenbewertung: 4.9 von 5 \u2713 Inzahlungnahme \u2713 H\u00f6rprobe\",\"breadcrumb\":{\"@id\":\"https:\/\/dev.freakuence.nl\/de\/produkt\/rosso-fiorentino-volterra\/#breadcrumb\"},\"inLanguage\":\"de\",\"potentialAction\":[{\"@type\":\"ReadAction\",\"target\":[\"https:\/\/dev.freakuence.nl\/de\/produkt\/rosso-fiorentino-volterra\/\"]}]},{\"@type\":\"ImageObject\",\"inLanguage\":\"de\",\"@id\":\"https:\/\/dev.freakuence.nl\/de\/produkt\/rosso-fiorentino-volterra\/#primaryimage\",\"url\":\"https:\/\/dev.freakuence.nl\/wp-content\/uploads\/2026\/03\/17738560260648-19169-IMG3310-scaled.jpg\",\"contentUrl\":\"https:\/\/dev.freakuence.nl\/wp-content\/uploads\/2026\/03\/17738560260648-19169-IMG3310-scaled.jpg\",\"width\":1200,\"height\":1800},{\"@type\":\"BreadcrumbList\",\"@id\":\"https:\/\/dev.freakuence.nl\/de\/produkt\/rosso-fiorentino-volterra\/#breadcrumb\",\"itemListElement\":[{\"@type\":\"ListItem\",\"position\":1,\"name\":\"Startseite\",\"item\":\"https:\/\/dev.freakuence.nl\/de\/\"},{\"@type\":\"ListItem\",\"position\":2,\"name\":\"Produkte\",\"item\":\"https:\/\/dev.freakuence.nl\/de\/produkte\/\"},{\"@type\":\"ListItem\",\"position\":3,\"name\":\"Rosso Fiorentino Volterra\"}]},{\"@type\":\"WebSite\",\"@id\":\"https:\/\/dev.freakuence.nl\/de\/#website\",\"url\":\"https:\/\/dev.freakuence.nl\/de\/\",\"name\":\"Freakuence!\",\"description\":\"Freakuence!\",\"publisher\":{\"@id\":\"https:\/\/dev.freakuence.nl\/de\/#organization\"},\"alternateName\":\"Freakuence\",\"potentialAction\":[{\"@type\":\"SearchAction\",\"target\":{\"@type\":\"EntryPoint\",\"urlTemplate\":\"https:\/\/dev.freakuence.nl\/de\/?s={search_term_string}\"},\"query-input\":{\"@type\":\"PropertyValueSpecification\",\"valueRequired\":true,\"valueName\":\"search_term_string\"}}],\"inLanguage\":\"de\"},{\"@type\":\"Organization\",\"@id\":\"https:\/\/dev.freakuence.nl\/de\/#organization\",\"name\":\"Freakuence!\",\"url\":\"https:\/\/dev.freakuence.nl\/de\/\",\"logo\":{\"@type\":\"ImageObject\",\"inLanguage\":\"de\",\"@id\":\"https:\/\/dev.freakuence.nl\/de\/#\/schema\/logo\/image\/\",\"url\":\"https:\/\/dev.freakuence.nl\/wp-content\/uploads\/2022\/05\/Brown_3_RGB_Freakuence-1.png\",\"contentUrl\":\"https:\/\/dev.freakuence.nl\/wp-content\/uploads\/2022\/05\/Brown_3_RGB_Freakuence-1.png\",\"width\":2560,\"height\":684,\"caption\":\"Freakuence!\"},\"image\":{\"@id\":\"https:\/\/dev.freakuence.nl\/de\/#\/schema\/logo\/image\/\"},\"sameAs\":[\"https:\/\/www.instagram.com\/freakuence_notorious_audio\/\"]}]}<\/script>\n<!-- \/ Yoast SEO plugin. -->","yoast_head_json":{"title":"Rosso Fiorentino Volterra | Freakuence!","description":"Rosso Fiorentino Volterra: High-End-Lautsprecher mit offenem, detailliertem Klang und tiefen B\u00e4ssen. \u2713 Neue & gebrauchte HiFi \u2713 Kundenbewertung: 4.9 von 5 \u2713 Inzahlungnahme \u2713 H\u00f6rprobe","robots":{"index":"noindex","follow":"follow","max-snippet":"max-snippet:-1","max-image-preview":"max-image-preview:large","max-video-preview":"max-video-preview:-1"},"og_locale":"de_DE","og_type":"article","og_title":"Rosso Fiorentino Volterra | Freakuence!","og_description":"Rosso Fiorentino Volterra: High-End-Lautsprecher mit offenem, detailliertem Klang und tiefen B\u00e4ssen. \u2713 Neue & gebrauchte HiFi \u2713 Kundenbewertung: 4.9 von 5 \u2713 Inzahlungnahme \u2713 H\u00f6rprobe","og_url":"https:\/\/dev.freakuence.nl\/de\/produkt\/rosso-fiorentino-volterra\/","og_site_name":"Freakuence!","og_image":[{"width":1200,"height":1800,"url":"https:\/\/dev.freakuence.nl\/wp-content\/uploads\/2026\/03\/17738560260648-19169-IMG3310-scaled.jpg","type":"image\/jpeg"}],"twitter_card":"summary_large_image","schema":{"@context":"https:\/\/schema.org","@graph":[{"@type":"WebPage","@id":"https:\/\/dev.freakuence.nl\/de\/produkt\/rosso-fiorentino-volterra\/","url":"https:\/\/dev.freakuence.nl\/de\/produkt\/rosso-fiorentino-volterra\/","name":"Rosso Fiorentino Volterra | Freakuence!","isPartOf":{"@id":"https:\/\/dev.freakuence.nl\/de\/#website"},"primaryImageOfPage":{"@id":"https:\/\/dev.freakuence.nl\/de\/produkt\/rosso-fiorentino-volterra\/#primaryimage"},"image":{"@id":"https:\/\/dev.freakuence.nl\/de\/produkt\/rosso-fiorentino-volterra\/#primaryimage"},"thumbnailUrl":"https:\/\/dev.freakuence.nl\/wp-content\/uploads\/2026\/03\/17738560260648-19169-IMG3310-scaled.jpg","datePublished":"2026-03-19T12:27:09+00:00","description":"Rosso Fiorentino Volterra: High-End-Lautsprecher mit offenem, detailliertem Klang und tiefen B\u00e4ssen. \u2713 Neue & gebrauchte HiFi \u2713 Kundenbewertung: 4.9 von 5 \u2713 Inzahlungnahme \u2713 H\u00f6rprobe","breadcrumb":{"@id":"https:\/\/dev.freakuence.nl\/de\/produkt\/rosso-fiorentino-volterra\/#breadcrumb"},"inLanguage":"de","potentialAction":[{"@type":"ReadAction","target":["https:\/\/dev.freakuence.nl\/de\/produkt\/rosso-fiorentino-volterra\/"]}]},{"@type":"ImageObject","inLanguage":"de","@id":"https:\/\/dev.freakuence.nl\/de\/produkt\/rosso-fiorentino-volterra\/#primaryimage","url":"https:\/\/dev.freakuence.nl\/wp-content\/uploads\/2026\/03\/17738560260648-19169-IMG3310-scaled.jpg","contentUrl":"https:\/\/dev.freakuence.nl\/wp-content\/uploads\/2026\/03\/17738560260648-19169-IMG3310-scaled.jpg","width":1200,"height":1800},{"@type":"BreadcrumbList","@id":"https:\/\/dev.freakuence.nl\/de\/produkt\/rosso-fiorentino-volterra\/#breadcrumb","itemListElement":[{"@type":"ListItem","position":1,"name":"Startseite","item":"https:\/\/dev.freakuence.nl\/de\/"},{"@type":"ListItem","position":2,"name":"Produkte","item":"https:\/\/dev.freakuence.nl\/de\/produkte\/"},{"@type":"ListItem","position":3,"name":"Rosso Fiorentino Volterra"}]},{"@type":"WebSite","@id":"https:\/\/dev.freakuence.nl\/de\/#website","url":"https:\/\/dev.freakuence.nl\/de\/","name":"Freakuence!","description":"Freakuence!","publisher":{"@id":"https:\/\/dev.freakuence.nl\/de\/#organization"},"alternateName":"Freakuence","potentialAction":[{"@type":"SearchAction","target":{"@type":"EntryPoint","urlTemplate":"https:\/\/dev.freakuence.nl\/de\/?s={search_term_string}"},"query-input":{"@type":"PropertyValueSpecification","valueRequired":true,"valueName":"search_term_string"}}],"inLanguage":"de"},{"@type":"Organization","@id":"https:\/\/dev.freakuence.nl\/de\/#organization","name":"Freakuence!","url":"https:\/\/dev.freakuence.nl\/de\/","logo":{"@type":"ImageObject","inLanguage":"de","@id":"https:\/\/dev.freakuence.nl\/de\/#\/schema\/logo\/image\/","url":"https:\/\/dev.freakuence.nl\/wp-content\/uploads\/2022\/05\/Brown_3_RGB_Freakuence-1.png","contentUrl":"https:\/\/dev.freakuence.nl\/wp-content\/uploads\/2022\/05\/Brown_3_RGB_Freakuence-1.png","width":2560,"height":684,"caption":"Freakuence!"},"image":{"@id":"https:\/\/dev.freakuence.nl\/de\/#\/schema\/logo\/image\/"},"sameAs":["https:\/\/www.instagram.com\/freakuence_notorious_audio\/"]}]}},"_links":{"self":[{"href":"https:\/\/dev.freakuence.nl\/de\/wp-json\/wp\/v2\/product\/367489","targetHints":{"allow":["GET"]}}],"collection":[{"href":"https:\/\/dev.freakuence.nl\/de\/wp-json\/wp\/v2\/product"}],"about":[{"href":"https:\/\/dev.freakuence.nl\/de\/wp-json\/wp\/v2\/types\/product"}],"wp:featuredmedia":[{"embeddable":true,"href":"https:\/\/dev.freakuence.nl\/de\/wp-json\/wp\/v2\/media\/367472"}],"wp:attachment":[{"href":"https:\/\/dev.freakuence.nl\/de\/wp-json\/wp\/v2\/media?parent=367489"}],"wp:term":[{"taxonomy":"product_brand","embeddable":true,"href":"https:\/\/dev.freakuence.nl\/de\/wp-json\/wp\/v2\/product_brand?post=367489"},{"taxonomy":"product_cat","embeddable":true,"href":"https:\/\/dev.freakuence.nl\/de\/wp-json\/wp\/v2\/product_cat?post=367489"},{"taxonomy":"product_tag","embeddable":true,"href":"https:\/\/dev.freakuence.nl\/de\/wp-json\/wp\/v2\/product_tag?post=367489"}],"curies":[{"name":"wp","href":"https:\/\/api.w.org\/{rel}","templated":true}]}}