{"id":367533,"date":"2026-03-19T15:59:51","date_gmt":"2026-03-19T14:59:51","guid":{"rendered":"https:\/\/freakuence.nl\/product\/tad-me1-s-2\/"},"modified":"2026-03-19T15:59:51","modified_gmt":"2026-03-19T14:59:51","slug":"tad-me1-s-2","status":"publish","type":"product","link":"https:\/\/dev.freakuence.nl\/de\/produkt\/tad-me1-s-2\/","title":{"rendered":"TAD ME1 -S"},"content":{"rendered":"<div class=\"product-specifications-list\">\n<div class=\"specification-item row-header\"><span class=\"spec-content\"><strong>Beschreibung Freakuence!<\/strong><\/span><\/div>\n<div class=\"specification-item row-even\"><span class=\"spec-content\">Ein Monitor, aber mit raumf\u00fcllender Pracht. Beispiellose Geschwindigkeit&#8230; transparent und doch voll und reich in den Mitten, was sehr angenehm zu h\u00f6ren ist. <\/span><\/div>\n<div class=\"specification-item row-odd\"><span class=\"spec-content\">Ladenpreis: 17500.00<\/span><\/div>\n<div class=\"specification-item row-header\"><span class=\"spec-content\"><strong>Details<\/strong><\/span><\/div>\n<div class=\"specification-item row-even\"><span class=\"spec-content\">Besch\u00e4digung, siehe Fotos dazu!<\/span><\/div>\n<div class=\"specification-item row-header\"><span class=\"spec-content\"><strong>Allgemeine Beschreibung<\/strong><\/span><\/div>\n<div class=\"specification-item row-even\"><span class=\"spec-content\">Der TAD ME1-S ist ein kompakter Regallautsprecher, der f\u00fcr seine pr\u00e4zise Klangwiedergabe und seinen nat\u00fcrlichen Klang bekannt ist. Dank des Coherent Source Transducer (CST)-Treibers werden mittlere und hohe Frequenzen nahtlos kombiniert, was zu einem stabilen Klangbild und einer realistischen Klangwiedergabe f\u00fchrt. Der 16-cm-Tieft\u00f6ner mit einer mehrlagigen Aramid-Verbundmembran sorgt f\u00fcr eine satte und sanfte Wiedergabe der Mitten und Tiefen. Das Geh\u00e4use ist mit einem bi-direktionalen Aero-Dynamic Slot (ADS) Port ausgestattet, der trotz seiner kompakten Gr\u00f6\u00dfe nat\u00fcrliche und tiefe B\u00e4sse erzeugt.    Die TAD ME1-S ist in einer titansilbernen Ausf\u00fchrung erh\u00e4ltlich, die zu einem eleganten Look beitr\u00e4gt.<\/span><\/div>\n<div class=\"specification-item row-header\"><span class=\"spec-content\"><strong>Hintergrundinformationen<\/strong><\/span><\/div>\n<div class=\"specification-item row-even\"><span class=\"spec-content\">Der TAD ME1 wurde unter der Leitung von Andrew Jones entwickelt und verbindet japanische Pr\u00e4zision mit High-End-Akustik. Der kompakte Monitor verwendet den CST-Treiber (Coherent Source Transducer), der mittlere und hohe Frequenzen f\u00fcr ein perfektes Timing von einem einzigen Punkt aus wiedergibt. Das Geh\u00e4use ist aus gefr\u00e4stem Aluminium und Sperrholz gefertigt, um Resonanzen zu minimieren. Alle Teile werden in Japan von Hand zusammengebaut.   <\/span><\/div>\n<div class=\"specification-item row-header\"><span class=\"spec-content\"><strong>Geschichte der Marke<\/strong><\/span><\/div>\n<div class=\"specification-item row-even\"><span class=\"spec-content\">Technical Audio Devices Laboratories, Inc (TAD) wurde 1975 als Tochtergesellschaft der Pioneer Corporation gegr\u00fcndet. Das Unternehmen konzentrierte sich zun\u00e4chst auf die Entwicklung von professionellen Lautsprechersystemen und Komponenten. Im Jahr 1978 f\u00fchrte TAD den Lautsprecher TAD Model 2401 ein, der auch als &#8222;TAD Exclusive&#8220; bekannt ist. In den 1980er Jahren erweiterte TAD seine Produktlinie um Verst\u00e4rker und andere Audioger\u00e4te. Im Jahr 2007 wurde TAD zu einem unabh\u00e4ngigen Unternehmen, getrennt von der Pioneer Corporation. Seitdem hat das Unternehmen mehrere Audioger\u00e4te auf den Markt gebracht, darunter den CD-Player TAD-D600 im Jahr 2009 und den Lautsprecher TAD-CE1 im Jahr 2015. Der Hauptsitz von TAD befindet sich in Kawasaki, Japan.       <\/span><\/div>\n<\/div>\n","protected":false},"excerpt":{"rendered":"<p>Beschreibung Freakuence! Ein Monitor, aber mit raumf\u00fcllender Pracht. Beispiellose Geschwindigkeit&#8230; transparent und doch voll und reich in den Mitten, was sehr angenehm zu h\u00f6ren ist. Ladenpreis: 17500.00 Details Besch\u00e4digung, siehe Fotos dazu! Allgemeine Beschreibung Der TAD ME1-S ist ein kompakter Regallautsprecher, der f\u00fcr seine pr\u00e4zise Klangwiedergabe und seinen nat\u00fcrlichen Klang bekannt ist. Dank des Coherent [&hellip;]<\/p>\n","protected":false},"featured_media":367513,"template":"","meta":{"_acf_changed":false,"inline_featured_image":false},"product_brand":[],"product_cat":[542],"product_tag":[534],"class_list":{"0":"post-367533","1":"product","2":"type-product","3":"status-publish","4":"has-post-thumbnail","6":"product_cat-redner","7":"product_tag-benutzt","8":"pa_kleur-grau","10":"first","11":"instock","12":"sold-individually","13":"purchasable","14":"product-type-simple"},"acf":{"website":true,"show_on_homepage":false,"brand_title":"TAD","product_type":"ME1 -S","color":"Grau","subcolor":"","reserved_status":"0"},"yoast_head":"<!-- This site is optimized with the Yoast SEO plugin v25.9 - https:\/\/yoast.com\/wordpress\/plugins\/seo\/ -->\n<title>TAD ME1 -S | Freakuence!<\/title>\n<meta name=\"description\" content=\"TAD ME1-S: kompakter 3-Wege-Lautsprecher mit CST-Treiber und tiefer Basswiedergabe. \u2713 Neue &amp; gebrauchte HiFi-Ger\u00e4te \u2713 Kundenbewertung: 4.9 von 5 \u2713 Inzahlungnahme \u2713 H\u00f6rprobe\" \/>\n<meta name=\"robots\" content=\"noindex, follow, max-snippet:-1, max-image-preview:large, max-video-preview:-1\" \/>\n<meta property=\"og:locale\" content=\"de_DE\" \/>\n<meta property=\"og:type\" content=\"article\" \/>\n<meta property=\"og:title\" content=\"TAD ME1 -S | Freakuence!\" \/>\n<meta property=\"og:description\" content=\"TAD ME1-S: kompakter 3-Wege-Lautsprecher mit CST-Treiber und tiefer Basswiedergabe. \u2713 Neue &amp; gebrauchte HiFi-Ger\u00e4te \u2713 Kundenbewertung: 4.9 von 5 \u2713 Inzahlungnahme \u2713 H\u00f6rprobe\" \/>\n<meta property=\"og:url\" content=\"https:\/\/dev.freakuence.nl\/de\/produkt\/tad-me1-s-2\/\" \/>\n<meta property=\"og:site_name\" content=\"Freakuence!\" \/>\n<meta property=\"og:image\" content=\"https:\/\/dev.freakuence.nl\/wp-content\/uploads\/2026\/03\/17738567586068-19176-IMG3379-scaled.jpg\" \/>\n\t<meta property=\"og:image:width\" content=\"1200\" \/>\n\t<meta property=\"og:image:height\" content=\"1800\" \/>\n\t<meta property=\"og:image:type\" content=\"image\/jpeg\" \/>\n<meta name=\"twitter:card\" content=\"summary_large_image\" \/>\n<script type=\"application\/ld+json\" class=\"yoast-schema-graph\">{\"@context\":\"https:\/\/schema.org\",\"@graph\":[{\"@type\":\"WebPage\",\"@id\":\"https:\/\/dev.freakuence.nl\/de\/produkt\/tad-me1-s-2\/\",\"url\":\"https:\/\/dev.freakuence.nl\/de\/produkt\/tad-me1-s-2\/\",\"name\":\"TAD ME1 -S | Freakuence!\",\"isPartOf\":{\"@id\":\"https:\/\/dev.freakuence.nl\/de\/#website\"},\"primaryImageOfPage\":{\"@id\":\"https:\/\/dev.freakuence.nl\/de\/produkt\/tad-me1-s-2\/#primaryimage\"},\"image\":{\"@id\":\"https:\/\/dev.freakuence.nl\/de\/produkt\/tad-me1-s-2\/#primaryimage\"},\"thumbnailUrl\":\"https:\/\/dev.freakuence.nl\/wp-content\/uploads\/2026\/03\/17738567586068-19176-IMG3379-scaled.jpg\",\"datePublished\":\"2026-03-19T14:59:51+00:00\",\"description\":\"TAD ME1-S: kompakter 3-Wege-Lautsprecher mit CST-Treiber und tiefer Basswiedergabe. \u2713 Neue & gebrauchte HiFi-Ger\u00e4te \u2713 Kundenbewertung: 4.9 von 5 \u2713 Inzahlungnahme \u2713 H\u00f6rprobe\",\"breadcrumb\":{\"@id\":\"https:\/\/dev.freakuence.nl\/de\/produkt\/tad-me1-s-2\/#breadcrumb\"},\"inLanguage\":\"de\",\"potentialAction\":[{\"@type\":\"ReadAction\",\"target\":[\"https:\/\/dev.freakuence.nl\/de\/produkt\/tad-me1-s-2\/\"]}]},{\"@type\":\"ImageObject\",\"inLanguage\":\"de\",\"@id\":\"https:\/\/dev.freakuence.nl\/de\/produkt\/tad-me1-s-2\/#primaryimage\",\"url\":\"https:\/\/dev.freakuence.nl\/wp-content\/uploads\/2026\/03\/17738567586068-19176-IMG3379-scaled.jpg\",\"contentUrl\":\"https:\/\/dev.freakuence.nl\/wp-content\/uploads\/2026\/03\/17738567586068-19176-IMG3379-scaled.jpg\",\"width\":1200,\"height\":1800},{\"@type\":\"BreadcrumbList\",\"@id\":\"https:\/\/dev.freakuence.nl\/de\/produkt\/tad-me1-s-2\/#breadcrumb\",\"itemListElement\":[{\"@type\":\"ListItem\",\"position\":1,\"name\":\"Startseite\",\"item\":\"https:\/\/dev.freakuence.nl\/de\/\"},{\"@type\":\"ListItem\",\"position\":2,\"name\":\"Produkte\",\"item\":\"https:\/\/dev.freakuence.nl\/de\/produkte\/\"},{\"@type\":\"ListItem\",\"position\":3,\"name\":\"TAD ME1 -S\"}]},{\"@type\":\"WebSite\",\"@id\":\"https:\/\/dev.freakuence.nl\/de\/#website\",\"url\":\"https:\/\/dev.freakuence.nl\/de\/\",\"name\":\"Freakuence!\",\"description\":\"Freakuence!\",\"publisher\":{\"@id\":\"https:\/\/dev.freakuence.nl\/de\/#organization\"},\"alternateName\":\"Freakuence\",\"potentialAction\":[{\"@type\":\"SearchAction\",\"target\":{\"@type\":\"EntryPoint\",\"urlTemplate\":\"https:\/\/dev.freakuence.nl\/de\/?s={search_term_string}\"},\"query-input\":{\"@type\":\"PropertyValueSpecification\",\"valueRequired\":true,\"valueName\":\"search_term_string\"}}],\"inLanguage\":\"de\"},{\"@type\":\"Organization\",\"@id\":\"https:\/\/dev.freakuence.nl\/de\/#organization\",\"name\":\"Freakuence!\",\"url\":\"https:\/\/dev.freakuence.nl\/de\/\",\"logo\":{\"@type\":\"ImageObject\",\"inLanguage\":\"de\",\"@id\":\"https:\/\/dev.freakuence.nl\/de\/#\/schema\/logo\/image\/\",\"url\":\"https:\/\/dev.freakuence.nl\/wp-content\/uploads\/2022\/05\/Brown_3_RGB_Freakuence-1.png\",\"contentUrl\":\"https:\/\/dev.freakuence.nl\/wp-content\/uploads\/2022\/05\/Brown_3_RGB_Freakuence-1.png\",\"width\":2560,\"height\":684,\"caption\":\"Freakuence!\"},\"image\":{\"@id\":\"https:\/\/dev.freakuence.nl\/de\/#\/schema\/logo\/image\/\"},\"sameAs\":[\"https:\/\/www.instagram.com\/freakuence_notorious_audio\/\"]}]}<\/script>\n<!-- \/ Yoast SEO plugin. -->","yoast_head_json":{"title":"TAD ME1 -S | Freakuence!","description":"TAD ME1-S: kompakter 3-Wege-Lautsprecher mit CST-Treiber und tiefer Basswiedergabe. \u2713 Neue & gebrauchte HiFi-Ger\u00e4te \u2713 Kundenbewertung: 4.9 von 5 \u2713 Inzahlungnahme \u2713 H\u00f6rprobe","robots":{"index":"noindex","follow":"follow","max-snippet":"max-snippet:-1","max-image-preview":"max-image-preview:large","max-video-preview":"max-video-preview:-1"},"og_locale":"de_DE","og_type":"article","og_title":"TAD ME1 -S | Freakuence!","og_description":"TAD ME1-S: kompakter 3-Wege-Lautsprecher mit CST-Treiber und tiefer Basswiedergabe. \u2713 Neue & gebrauchte HiFi-Ger\u00e4te \u2713 Kundenbewertung: 4.9 von 5 \u2713 Inzahlungnahme \u2713 H\u00f6rprobe","og_url":"https:\/\/dev.freakuence.nl\/de\/produkt\/tad-me1-s-2\/","og_site_name":"Freakuence!","og_image":[{"width":1200,"height":1800,"url":"https:\/\/dev.freakuence.nl\/wp-content\/uploads\/2026\/03\/17738567586068-19176-IMG3379-scaled.jpg","type":"image\/jpeg"}],"twitter_card":"summary_large_image","schema":{"@context":"https:\/\/schema.org","@graph":[{"@type":"WebPage","@id":"https:\/\/dev.freakuence.nl\/de\/produkt\/tad-me1-s-2\/","url":"https:\/\/dev.freakuence.nl\/de\/produkt\/tad-me1-s-2\/","name":"TAD ME1 -S | Freakuence!","isPartOf":{"@id":"https:\/\/dev.freakuence.nl\/de\/#website"},"primaryImageOfPage":{"@id":"https:\/\/dev.freakuence.nl\/de\/produkt\/tad-me1-s-2\/#primaryimage"},"image":{"@id":"https:\/\/dev.freakuence.nl\/de\/produkt\/tad-me1-s-2\/#primaryimage"},"thumbnailUrl":"https:\/\/dev.freakuence.nl\/wp-content\/uploads\/2026\/03\/17738567586068-19176-IMG3379-scaled.jpg","datePublished":"2026-03-19T14:59:51+00:00","description":"TAD ME1-S: kompakter 3-Wege-Lautsprecher mit CST-Treiber und tiefer Basswiedergabe. \u2713 Neue & gebrauchte HiFi-Ger\u00e4te \u2713 Kundenbewertung: 4.9 von 5 \u2713 Inzahlungnahme \u2713 H\u00f6rprobe","breadcrumb":{"@id":"https:\/\/dev.freakuence.nl\/de\/produkt\/tad-me1-s-2\/#breadcrumb"},"inLanguage":"de","potentialAction":[{"@type":"ReadAction","target":["https:\/\/dev.freakuence.nl\/de\/produkt\/tad-me1-s-2\/"]}]},{"@type":"ImageObject","inLanguage":"de","@id":"https:\/\/dev.freakuence.nl\/de\/produkt\/tad-me1-s-2\/#primaryimage","url":"https:\/\/dev.freakuence.nl\/wp-content\/uploads\/2026\/03\/17738567586068-19176-IMG3379-scaled.jpg","contentUrl":"https:\/\/dev.freakuence.nl\/wp-content\/uploads\/2026\/03\/17738567586068-19176-IMG3379-scaled.jpg","width":1200,"height":1800},{"@type":"BreadcrumbList","@id":"https:\/\/dev.freakuence.nl\/de\/produkt\/tad-me1-s-2\/#breadcrumb","itemListElement":[{"@type":"ListItem","position":1,"name":"Startseite","item":"https:\/\/dev.freakuence.nl\/de\/"},{"@type":"ListItem","position":2,"name":"Produkte","item":"https:\/\/dev.freakuence.nl\/de\/produkte\/"},{"@type":"ListItem","position":3,"name":"TAD ME1 -S"}]},{"@type":"WebSite","@id":"https:\/\/dev.freakuence.nl\/de\/#website","url":"https:\/\/dev.freakuence.nl\/de\/","name":"Freakuence!","description":"Freakuence!","publisher":{"@id":"https:\/\/dev.freakuence.nl\/de\/#organization"},"alternateName":"Freakuence","potentialAction":[{"@type":"SearchAction","target":{"@type":"EntryPoint","urlTemplate":"https:\/\/dev.freakuence.nl\/de\/?s={search_term_string}"},"query-input":{"@type":"PropertyValueSpecification","valueRequired":true,"valueName":"search_term_string"}}],"inLanguage":"de"},{"@type":"Organization","@id":"https:\/\/dev.freakuence.nl\/de\/#organization","name":"Freakuence!","url":"https:\/\/dev.freakuence.nl\/de\/","logo":{"@type":"ImageObject","inLanguage":"de","@id":"https:\/\/dev.freakuence.nl\/de\/#\/schema\/logo\/image\/","url":"https:\/\/dev.freakuence.nl\/wp-content\/uploads\/2022\/05\/Brown_3_RGB_Freakuence-1.png","contentUrl":"https:\/\/dev.freakuence.nl\/wp-content\/uploads\/2022\/05\/Brown_3_RGB_Freakuence-1.png","width":2560,"height":684,"caption":"Freakuence!"},"image":{"@id":"https:\/\/dev.freakuence.nl\/de\/#\/schema\/logo\/image\/"},"sameAs":["https:\/\/www.instagram.com\/freakuence_notorious_audio\/"]}]}},"_links":{"self":[{"href":"https:\/\/dev.freakuence.nl\/de\/wp-json\/wp\/v2\/product\/367533","targetHints":{"allow":["GET"]}}],"collection":[{"href":"https:\/\/dev.freakuence.nl\/de\/wp-json\/wp\/v2\/product"}],"about":[{"href":"https:\/\/dev.freakuence.nl\/de\/wp-json\/wp\/v2\/types\/product"}],"wp:featuredmedia":[{"embeddable":true,"href":"https:\/\/dev.freakuence.nl\/de\/wp-json\/wp\/v2\/media\/367513"}],"wp:attachment":[{"href":"https:\/\/dev.freakuence.nl\/de\/wp-json\/wp\/v2\/media?parent=367533"}],"wp:term":[{"taxonomy":"product_brand","embeddable":true,"href":"https:\/\/dev.freakuence.nl\/de\/wp-json\/wp\/v2\/product_brand?post=367533"},{"taxonomy":"product_cat","embeddable":true,"href":"https:\/\/dev.freakuence.nl\/de\/wp-json\/wp\/v2\/product_cat?post=367533"},{"taxonomy":"product_tag","embeddable":true,"href":"https:\/\/dev.freakuence.nl\/de\/wp-json\/wp\/v2\/product_tag?post=367533"}],"curies":[{"name":"wp","href":"https:\/\/api.w.org\/{rel}","templated":true}]}}